{"id":460,"date":"2024-02-07T10:51:39","date_gmt":"2024-02-07T10:51:39","guid":{"rendered":"https:\/\/elektronscooters.com\/?post_type=product&#038;p=460"},"modified":"2026-01-30T09:06:56","modified_gmt":"2026-01-30T09:06:56","slug":"elektron-kinetik-pro-electric-scooter","status":"publish","type":"product","link":"https:\/\/elektronscooters.com\/sv\/produkt\/elektron-kinetik-pro-elektrisk-scooter\/","title":{"rendered":"Elektron Kinetik PRO Elektrisk skoter"},"content":{"rendered":"","protected":false},"excerpt":{"rendered":"<p><strong>Topphastighet och effekt:<\/strong> Uppn\u00e5r en topphastighet p\u00e5 60 km\/h, elektroniskt begr\u00e4nsad till 25 km\/h av s\u00e4kerhetssk\u00e4l, och drivs av ett robust dubbelmotorsystem med en m\u00e4rkeffekt p\u00e5 2000 W (2x 1000 W) och en toppeffekt p\u00e5 3120 W (2x 1560 W).<\/p>\n<p><strong>Maximal lutningskapacitet:<\/strong> Klarar lutningar p\u00e5 upp till 25\u00b0, vilket m\u00f6jligg\u00f6r m\u00e5ngsidig navigering i stadsmilj\u00f6.<\/p>\n<p><strong>Specifikationer f\u00f6r r\u00e4ckvidd och batteri:<\/strong> Erbjuder en maximal r\u00e4ckvidd p\u00e5 75 km p\u00e5 en enda laddning, med hj\u00e4lp av ett 20,8 Ah, 52V batteri. F\u00f6rv\u00e4ntad batteritid: 720 cykler med en kapacitet \u00f6ver 70%.<\/p>\n<p><strong>Enhanced Sine Wave Controller:<\/strong> Integrerad Sine Wave-styrenhet f\u00f6r tystare drift, snabbare acceleration, j\u00e4mnare marschfart, f\u00f6rb\u00e4ttrad kontroll och optimerad energieffektivitet.<\/p>\n<p><strong>Avancerad TFT-display:<\/strong> Den f\u00e4rgglada PRO TFT-matrissk\u00e4rmen ger omfattande k\u00f6rdata, inklusive hastighet, batteriniv\u00e5, realtidseffekt, styrenhetens temperatur, sp\u00e4nning, v\u00e4xel, omgivningstemperatur med mera, vilket f\u00f6rb\u00e4ttrar k\u00f6rupplevelsen med detaljerade insikter.<\/p>\n<p><strong>V\u00e4g D\u00e4ck:<\/strong> Utrustad med 10*3,0 tum CST uppbl\u00e5sbara slangl\u00f6sa d\u00e4ck, utformade f\u00f6r optimal v\u00e4ganv\u00e4ndning, vilket garanterar smidig k\u00f6rning genom stadslandskap.<\/p>\n<p><strong>Uppgraderat bromssystem:<\/strong> Hydrauliska skivbromsar fr\u00e5n NUTT med elektronisk bromsning ger \u00f6verl\u00e4gsen stoppkraft och \u00f6kad livsl\u00e4ngd f\u00f6r bromsbel\u00e4ggen. Hydrauliska skivbromsar kompletterade med elektronisk bromsning f\u00f6rb\u00e4ttrar s\u00e4kerheten och f\u00f6rl\u00e4nger livsl\u00e4ngden p\u00e5 bromsbel\u00e4ggen.<\/p>\n<p><strong>Vikt Specifikationer och m\u00e5tt:<\/strong> V\u00e4ger 30 kg, utformad f\u00f6r att transportera f\u00f6rare upp till 130 kg, med m\u00e5tten 130 x 69 x 131 (LWH) n\u00e4r den \u00e4r utf\u00e4lld.<\/p>\n<p><strong>Anslutningsm\u00f6jligheter och anpassning:<\/strong> Erbjuder appst\u00f6d f\u00f6r anpassning av RGB-omgivningsljus, inklusive blinkers, f\u00f6r personlig estetik och s\u00e4kerhet.<\/p>\n<p><strong>F\u00f6rb\u00e4ttrade s\u00e4kerhets\u00e5tg\u00e4rder:<\/strong> F\u00f6rutom NFC-l\u00e5set har PRO-modellen en extra PIN-kodsfunktion f\u00f6r \u00f6kat st\u00f6ldskydd.<\/p>\n<p><strong>Laddningstid och alternativ:<\/strong> Standardladdning inom 8-10 timmar, med m\u00f6jlighet att f\u00f6rkorta tiden till 4-5 timmar med hj\u00e4lp av en extra laddare.<\/p>\n<p><strong>Skydds\u00e5tg\u00e4rder f\u00f6r batteri och laddning:<\/strong>\u00a0Inneh\u00e5ller undersp\u00e4nningsskydd, \u00f6versp\u00e4nningsskydd, \u00f6verladdningsskydd, \u00f6verladdningsskydd och \u00f6verhettningsskydd f\u00f6r \u00f6kad s\u00e4kerhet och batteriets livsl\u00e4ngd.<\/p>\n<p><strong>Design och portabilitet:<\/strong> F\u00e4llbar design f\u00f6r bekv\u00e4m f\u00f6rvaring och transport, kompletterat med ett f\u00f6rst\u00e4rkt T-styrst\u00e5ng och ergonomiskt utformade bilaterala l\u00e5shandtag i mjukt gummi f\u00f6r komfort och kontroll. S\u00e4kerhetsl\u00e5smekanism som g\u00f6r det enkelt att f\u00e4lla ihop\/vika ut.<\/p>\n<p><strong>Justerbart fj\u00e4dringssystem:<\/strong> Inbyggt justerbart hydrauliskt fj\u00e4dringssystem, rigor\u00f6st testat f\u00f6r upp till 200.000 kompressioner, vilket garanterar en j\u00e4mn k\u00f6rning p\u00e5 alla underlag.<\/p>\n<p><strong>Enkelt underh\u00e5ll och avancerad design: <\/strong>Med ett delat f\u00e4lgsystem och vattent\u00e4ta motoranslutningar f\u00f6r enkel service.<\/p>\n<p><strong>Belysning, synlighet och s\u00e4kerhetsfunktioner:<\/strong> Anpassningsbara RGB-lampor som kan styras via en mobilapp, integrerade blinkers f\u00f6r b\u00e4ttre synlighet och ELEKTRON reflekterande klisterm\u00e4rken f\u00f6r \u00f6kad s\u00e4kerhet p\u00e5 v\u00e4gen. Halkfri yta av kiselgel.<\/p>\n<p><strong>Ytterligare komfortalternativ:<\/strong> M\u00f6jlighet att montera en sits f\u00f6r \u00f6kad k\u00f6rkomfort under l\u00e4ngre resor.<\/p>\n<p class=\" translation-block\"><strong>Gratis och snabb leverans<\/strong> inom hela <strong>EU inom 2-3 arbetsdagar<\/strong>, 1 \u00e5rs garanti p\u00e5 elscootrar som kan f\u00f6rl\u00e4ngas med ytterligare ett \u00e5r f\u00f6r 150 \u20ac, med effektiva reparationstj\u00e4nster och 14 dagars returr\u00e4tt.<\/p>","protected":false},"featured_media":2089,"comment_status":"open","ping_status":"closed","template":"","meta":[],"product_cat":[25,26],"product_tag":[31],"_links":{"self":[{"href":"https:\/\/elektronscooters.com\/sv\/wp-json\/wp\/v2\/product\/460"}],"collection":[{"href":"https:\/\/elektronscooters.com\/sv\/wp-json\/wp\/v2\/product"}],"about":[{"href":"https:\/\/elektronscooters.com\/sv\/wp-json\/wp\/v2\/types\/product"}],"replies":[{"embeddable":true,"href":"https:\/\/elektronscooters.com\/sv\/wp-json\/wp\/v2\/comments?post=460"}],"wp:featuredmedia":[{"embeddable":true,"href":"https:\/\/elektronscooters.com\/sv\/wp-json\/wp\/v2\/media\/2089"}],"wp:attachment":[{"href":"https:\/\/elektronscooters.com\/sv\/wp-json\/wp\/v2\/media?parent=460"}],"wp:term":[{"taxonomy":"product_cat","embeddable":true,"href":"https:\/\/elektronscooters.com\/sv\/wp-json\/wp\/v2\/product_cat?post=460"},{"taxonomy":"product_tag","embeddable":true,"href":"https:\/\/elektronscooters.com\/sv\/wp-json\/wp\/v2\/product_tag?post=460"}],"curies":[{"name":"wp","href":"https:\/\/api.w.org\/{rel}","templated":true}]}}