{"id":1176,"date":"2024-02-16T14:39:38","date_gmt":"2024-02-16T14:39:38","guid":{"rendered":"https:\/\/elektronscooters.com\/?post_type=product&#038;p=1176"},"modified":"2024-02-22T08:38:17","modified_gmt":"2024-02-22T08:38:17","slug":"electric-scooter-bag-4l","status":"publish","type":"product","link":"https:\/\/elektronscooters.com\/sv\/produkt\/vaska-for-elektrisk-skoter-4l\/","title":{"rendered":"V\u00e4ska f\u00f6r elskoter, vattenskyddad, 4l"},"content":{"rendered":"","protected":false},"excerpt":{"rendered":"<p>Vi presenterar Electric Scooter Bag, som \u00e4r noggrant utformad f\u00f6r att uppfylla resen\u00e4rernas krav. Med en rymlig volym p\u00e5 4 liter \u00e4r det h\u00e4r tillbeh\u00f6ret mer \u00e4n bara f\u00f6rvaring; det \u00e4r en fusion av funktionalitet och h\u00e5llbarhet. V\u00e4skan \u00e4r tillverkad med ett orubbligt engagemang f\u00f6r excellens och har ogenomtr\u00e4nglig vattent\u00e4thet, vilket s\u00e4kerst\u00e4ller att dina tillh\u00f6righeter f\u00f6rblir skyddade mot elementen.<\/p>\n<p>Funktioner:<\/p>\n<ul>\n<li>Gott om kapacitet: Med en rymlig 4-liters interi\u00f6r rymmer denna v\u00e4ska dina viktigaste saker med l\u00e4tthet och h\u00e5ller din resa obesv\u00e4rad.<\/li>\n<li>O\u00f6vertr\u00e4ffad vattenresistens: Denna v\u00e4ska \u00e4r konstruerad f\u00f6r att trotsa v\u00e4der och vind och anv\u00e4nder avancerade material och konstruktionstekniker f\u00f6r att garantera ett ogenomtr\u00e4ngligt skydd mot regn, st\u00e4nk och fuktintr\u00e4ngning.<\/li>\n<li>S\u00f6ml\u00f6s tillg\u00e4nglighet: Tack vare den omsorgsfullt utformade blixtl\u00e5smekanismen kan du snabbt och enkelt komma \u00e5t dina tillh\u00f6righeter, vilket ger en kompromissl\u00f6s bekv\u00e4mlighet.<\/li>\n<li>Enkel installation: Med hj\u00e4lp av kardborreband \u00e4r det enkelt att montera v\u00e4skan p\u00e5 din elektriska scooter, vilket garanterar en s\u00e4ker passform f\u00f6r oavbrutna resor.<\/li>\n<\/ul>\n<p>Ge dig ut p\u00e5 dina expeditioner med tillf\u00f6rsikt, eftersom du vet att dina \u00e4godelar \u00e4r s\u00e4kert f\u00f6rvarade i Electric Scooter Bag.<\/p>","protected":false},"featured_media":1197,"comment_status":"open","ping_status":"closed","template":"","meta":[],"product_cat":[28],"product_tag":[],"_links":{"self":[{"href":"https:\/\/elektronscooters.com\/sv\/wp-json\/wp\/v2\/product\/1176"}],"collection":[{"href":"https:\/\/elektronscooters.com\/sv\/wp-json\/wp\/v2\/product"}],"about":[{"href":"https:\/\/elektronscooters.com\/sv\/wp-json\/wp\/v2\/types\/product"}],"replies":[{"embeddable":true,"href":"https:\/\/elektronscooters.com\/sv\/wp-json\/wp\/v2\/comments?post=1176"}],"wp:featuredmedia":[{"embeddable":true,"href":"https:\/\/elektronscooters.com\/sv\/wp-json\/wp\/v2\/media\/1197"}],"wp:attachment":[{"href":"https:\/\/elektronscooters.com\/sv\/wp-json\/wp\/v2\/media?parent=1176"}],"wp:term":[{"taxonomy":"product_cat","embeddable":true,"href":"https:\/\/elektronscooters.com\/sv\/wp-json\/wp\/v2\/product_cat?post=1176"},{"taxonomy":"product_tag","embeddable":true,"href":"https:\/\/elektronscooters.com\/sv\/wp-json\/wp\/v2\/product_tag?post=1176"}],"curies":[{"name":"wp","href":"https:\/\/api.w.org\/{rel}","templated":true}]}}