{"id":1276,"date":"2024-02-19T12:29:25","date_gmt":"2024-02-19T12:29:25","guid":{"rendered":"https:\/\/elektronscooters.com\/?page_id=1276"},"modified":"2024-03-14T08:26:35","modified_gmt":"2024-03-14T08:26:35","slug":"elektron-kinetik-gtr-pro-electric-scooter-specifications","status":"publish","type":"page","link":"https:\/\/elektronscooters.com\/sv\/elektron-kinetik-gtr-pro-electric-scooter-specifications\/","title":{"rendered":"ELEKTRON KINETIK GTR \/ PRO ELECTRIC SCOOTER SPECIFICATIONS"},"content":{"rendered":"<div data-elementor-type=\"wp-page\" data-elementor-id=\"1276\" class=\"elementor elementor-1276\" data-elementor-post-type=\"page\">\n\t\t\t\t<div class=\"elementor-element elementor-element-d72ac8d e-con-full e-flex e-con e-parent\" data-id=\"d72ac8d\" data-element_type=\"container\" data-settings=\"{&quot;background_background&quot;:&quot;classic&quot;}\">\n\t\t<div class=\"elementor-element elementor-element-1e4607d e-con-full e-flex e-con e-child\" data-id=\"1e4607d\" data-element_type=\"container\" data-settings=\"{&quot;background_background&quot;:&quot;classic&quot;}\">\n\t\t\t\t<div class=\"elementor-element elementor-element-ddedce2 elementor-widget elementor-widget-html\" data-id=\"ddedce2\" data-element_type=\"widget\" data-widget_type=\"html.default\">\n\t\t\t\t<div class=\"elementor-widget-container\">\n\t\t\t<style>\r\n  table {\r\n    background-color: #0A0A0A;\r\n    color: #E0E0E0;\r\n    width: 100%;\r\n    font-size: 10px; \/* Default font size *\/\r\n  }\r\n\r\n  th, td {\r\n    text-align: left;\r\n    vertical-align: middle;\r\n    padding: 8px;\r\n    border: 1px solid #E0E0E0;\r\n  }\r\n\r\n  @media only screen and (min-width: 601px) {\r\n    table {\r\n      font-size: 20px; \/* Font size for larger screens *\/\r\n    }\r\n  }\r\n<\/style>\r\n\r\n<table style=\"background-color: #0A0A0A; color: #E0E0E0;\">\r\n    <colgroup>\r\n    <col style=\"width: 25%;\">\r\n    <col style=\"width: 25%;\">\r\n    <col style=\"width: 25%;\">\r\n    <col style=\"width: 25%;\">\r\n  <\/colgroup>\r\n  <thead>\r\n    <tr>\r\n      <td><\/td>\r\n<td style=\"text-align: center; vertical-align: middle; text-transform: uppercase;\">Elektron Kinetik<\/td>\r\n<td style=\"text-align: center; vertical-align: middle; text-transform: uppercase;\">Elektron Kinetik PRO<\/td>\r\n<td style=\"text-align: center; vertical-align: middle; text-transform: uppercase;\">Elektron Kinetik GTR<\/td>\r\n    <\/tr>\r\n  <\/thead>\r\n  <tbody>\r\n    <tr>\r\n      <td colspan=\"4\" style=\"background-color: #005BFF; color: #E0E0E0; text-align: center;\">MOTOR<\/td>\r\n    <\/tr>\r\n    <tr>\r\n      <td>Topphastighet<\/td>\r\n      <td>60 km\/h (begr\u00e4nsad till 25 km\/h)<\/td>\r\n      <td>60 km\/h (begr\u00e4nsad till 25 km\/h)<\/td>\r\n      <td>75 km\/h (begr\u00e4nsad till 25 km\/h)<\/td>\r\n    <\/tr>\r\n    <tr>\r\n      <td>Motoreffekt (nominell)<\/td>\r\n      <td>2000 W, 2x 1000 W<\/td>\r\n      <td>2000 W, 2x 1000 W<\/td>\r\n      <td>2800 W, 2x 1400 W<\/td>\r\n    <\/tr>\r\n    <tr>\r\n      <td>Maximal motoreffekt (topp)<\/td>\r\n      <td>3600 W, 2x 1800 W<\/td>\r\n      <td>3600 W, 2x 1800 W<\/td>\r\n      <td>5040 W, 2x 2520 W<\/td>\r\n    <\/tr>\r\n    <tr>\r\n      <td>Dubbel motor<\/td>\r\n      <td>Ja<\/td>\r\n      <td>Ja<\/td>\r\n      <td>Ja<\/td>\r\n    <\/tr>\r\n    <tr>\r\n      <td>Drive<\/td>\r\n      <td>Fram och bak<\/td>\r\n      <td>Fram och bak<\/td>\r\n      <td>Fram och bak<\/td>\r\n    <\/tr>\r\n    <tr>\r\n      <td>Drive with single motor<\/td>\r\n      <td>Bakre delen<\/td>\r\n      <td>Bakre delen<\/td>\r\n      <td>Bakre delen<\/td>\r\n    <\/tr>\r\n    <tr>\r\n      <td>Typ av motor<\/td>\r\n      <td>Borstl\u00f6s<\/td>\r\n      <td>Borstl\u00f6s<\/td>\r\n      <td>Borstl\u00f6s<\/td>\r\n    <\/tr>\r\n    <tr>\r\n      <td>Maximal lutning<\/td>\r\n      <td>25\u00b0 \/ 46,6 %<\/td>\r\n      <td>25\u00b0 \/ 46,6 %<\/td>\r\n      <td>30\u00b0 \/ 57,7 %<\/td>\r\n    <\/tr>\r\n    <tr>\r\n      <td colspan=\"4\" style=\"background-color: #005BFF; color: #E0E0E0; text-align: center;\">BATTERI<\/td>\r\n    <\/tr>\r\n    <tr>\r\n      <td>Maximal r\u00e4ckvidd<\/td>\r\n      <td>75 kilometer<\/td>\r\n      <td>75 kilometer<\/td>\r\n      <td>90 kilometer<\/td>\r\n    <\/tr>\r\n    <tr>\r\n      <td>Kapacitet<\/td>\r\n      <td>20,8 Ah<\/td>\r\n      <td>20,8 Ah<\/td>\r\n      <td>23,4 Ah<\/td>\r\n    <\/tr>\r\n    <tr>\r\n      <td>Sp\u00e4nning<\/td>\r\n      <td>52 V<\/td>\r\n      <td>52 V<\/td>\r\n      <td>60 V<\/td>\r\n    <\/tr>\r\n    <tr>\r\n      <td>Batteri<\/td>\r\n      <td>Li-Ion<\/td>\r\n      <td>Li-Ion<\/td>\r\n      <td>Li-Ion<\/td>\r\n    <\/tr>\r\n    <tr>\r\n      <td>Celler<\/td>\r\n      <td>18650<\/td>\r\n      <td>18650<\/td>\r\n      <td>18650<\/td>\r\n    <\/tr>\r\n    <tr>\r\n            <td>F\u00f6rv\u00e4ntad batteritid<\/td>\r\n            <td>720 cykler med kapacitet \u00f6ver 70 %<\/td>\r\n            <td>720 cykler med kapacitet \u00f6ver 70 %<\/td>\r\n            <td>720 cykler med kapacitet \u00f6ver 70 %<\/td>\r\n        <\/tr>\r\n    <tr>\r\n      <td>Batteriets vikt<\/td>\r\n      <td>5,84 kg<\/td>\r\n      <td>5,84 kg<\/td>\r\n      <td>7,86 kg<\/td>\r\n    <\/tr>\r\n    <tr>\r\n      <td>Laddare<\/td>\r\n      <td>52V 2Ah<\/td>\r\n      <td>52V 2Ah<\/td>\r\n      <td>60V 2 Ah<\/td>\r\n    <\/tr>\r\n    <tr>\r\n      <td>Laddningstid<\/td>\r\n      <td>8 - 10 timmar<\/td>\r\n      <td>8 - 10 timmar<\/td>\r\n      <td>10 - 12 timmar<\/td>\r\n    <\/tr>\r\n    <tr>\r\n      <td>Tv\u00e5 laddningsuttag<\/td>\r\n      <td>Ja<\/td>\r\n      <td>Ja<\/td>\r\n      <td>Ja<\/td>\r\n    <\/tr>\r\n    <tr>\r\n      <td>Laddningstid med 2 laddare<\/td>\r\n      <td>4 - 5 timmar<\/td>\r\n      <td>4 - 5 timmar<\/td>\r\n      <td>5 - 6 timmar<\/td>\r\n    <\/tr>\r\n    <tr>\r\n      <td>Batteri- och laddningsskydd\t<\/td>\r\n      <td>Undersp\u00e4nningsskydd, \u00f6versp\u00e4nningsskydd, \u00f6verladdningsskydd, \u00f6verladdningsskydd, \u00f6verhettningsskydd<\/td>\r\n      <td>Undersp\u00e4nningsskydd, \u00f6versp\u00e4nningsskydd, \u00f6verladdningsskydd, \u00f6verladdningsskydd, \u00f6verhettningsskydd<\/td>\r\n      <td>Undersp\u00e4nningsskydd, \u00f6versp\u00e4nningsskydd, \u00f6verladdningsskydd, \u00f6verladdningsskydd, \u00f6verhettningsskydd<\/td>\r\n    <\/tr>\r\n    <tr>\r\n      <td colspan=\"4\" style=\"background-color: #005BFF; color: #E0E0E0; text-align: center;\">SINE WAVE CONTROLLER\r\n    <tr>\r\n      <td>Antal styrenheter<\/td>\r\n      <td>2x 25 A<\/td>\r\n      <td>2 x 30 A<\/td>\r\n      <td>2x 30 A<\/td>\r\n    <\/tr>\r\n    <tr>\r\n      <td>Typ<\/td>\r\n      <td>Fyrkant<\/td>\r\n      <td>Sinusv\u00e5g<\/td>\r\n      <td>Sinusv\u00e5g<\/td>\r\n    <\/tr>\r\n    <tr>\r\n      <td>F\u00f6rdelar med Sine Wave Controller<\/td>\r\n      <td>\/<\/td>\r\n      <td>- Bullerreducering: Sinusv\u00e5gskontroller arbetar tyst tack vare l\u00e5g harmonisk distorsion, vilket f\u00f6rb\u00e4ttrar k\u00f6rupplevelsen.<br><br\/>\r\n- Snabbare acceleration: De ger ett betydande startmoment, vilket m\u00f6jligg\u00f6r snabbare acceleration av scootern.<br><br\/>\r\n- Konstant hastighet: Sine wave-styrenheter h\u00e5ller konstant hastighet (cruise speed) f\u00f6r mjukare \u00e5kning.<br><br\/>\r\n- F\u00f6rb\u00e4ttrad effektivitet: De erbjuder h\u00f6gre motorverkningsgrad f\u00f6r uppf\u00f6rsbackar och tunga laster.<br><br\/>\r\n- F\u00f6rb\u00e4ttrad kontroll: Sinusv\u00e5gskontroller s\u00e4kerst\u00e4ller effektiv och f\u00f6ruts\u00e4gbar drift av scootern, vilket minskar risken f\u00f6r funktionsst\u00f6rningar.<br><br\/>\r\n- Energieffektivitet: De f\u00f6rbrukar el mer effektivt, vilket f\u00f6rl\u00e4nger scooterns r\u00e4ckvidd och batteritid.<\/td>\r\n      <td>- Bullerreducering: Sinusv\u00e5gskontroller arbetar tyst tack vare l\u00e5g harmonisk distorsion, vilket f\u00f6rb\u00e4ttrar k\u00f6rupplevelsen.<br><br\/>\r\n- Snabbare acceleration: De ger ett betydande startmoment, vilket m\u00f6jligg\u00f6r snabbare acceleration av scootern.<br><br\/>\r\n- Konstant hastighet: Sine wave-styrenheter h\u00e5ller konstant hastighet (cruise speed) f\u00f6r mjukare \u00e5kning.<br><br\/>\r\n- F\u00f6rb\u00e4ttrad effektivitet: De erbjuder h\u00f6gre motorverkningsgrad f\u00f6r uppf\u00f6rsbackar och tunga laster.<br><br\/>\r\n- F\u00f6rb\u00e4ttrad kontroll: Sinusv\u00e5gskontroller s\u00e4kerst\u00e4ller effektiv och f\u00f6ruts\u00e4gbar drift av scootern, vilket minskar risken f\u00f6r funktionsst\u00f6rningar.<br><br\/>\r\n- Energieffektivitet: De f\u00f6rbrukar el mer effektivt, vilket f\u00f6rl\u00e4nger scooterns r\u00e4ckvidd och batteritid.<\/td>\r\n    <\/tr>\r\n    <tr>\r\n      <td colspan=\"4\" style=\"background-color: #005BFF; color: #E0E0E0; text-align: center;\">KROPPEN<\/td>\r\n    <\/tr>\r\n    <tr>\r\n      <td>Viktkapacitet<\/td>\r\n      <td>130 kg<\/td>\r\n      <td>130 kg<\/td>\r\n      <td>130 kg<\/td>\r\n    <\/tr>\r\n    <tr>\r\n      <td>Material<\/td>\r\n      <td>Aluminiumlegering, 6061<\/td>\r\n      <td>Aluminiumlegering, 6061<\/td>\r\n      <td>Aluminiumlegering, 6061<\/td>\r\n    <\/tr>\r\n    <tr>\r\n      <td>Damm- och vattent\u00e5lig<\/td>\r\n      <td>IPx4<\/td>\r\n      <td>IPx4<\/td>\r\n      <td>IPx4<\/td>\r\n    <\/tr>\r\n    <tr>\r\n      <td>F\u00e4rg<\/td>\r\n      <td>Svart \/ gr\u00e5<\/td>\r\n      <td>Svart \/ gr\u00e5<\/td>\r\n      <td>Svart \/ gr\u00e5<\/td>\r\n    <\/tr>\r\n    <tr>\r\n      <td>Reflekterande element<\/td>\r\n      <td>Ja, ELEKTRON reflekterande klisterm\u00e4rke<\/td>\r\n      <td>Ja, ELEKTRON reflekterande klisterm\u00e4rke<\/td>\r\n      <td>Ja, ELEKTRON reflekterande klisterm\u00e4rke<\/td>\r\n    <\/tr>\r\n    <tr>\r\n      <td>Vikbar<\/td>\r\n      <td>Ja<\/td>\r\n      <td>Ja<\/td>\r\n      <td>Ja<\/td>\r\n    <\/tr>\r\n    <tr>\r\n      <td>S\u00e4kerhetsmekanism med snabbkoppling<\/td>\r\n      <td>Ja<\/td>\r\n      <td>Ja<\/td>\r\n      <td>Ja<\/td>\r\n    <\/tr>\r\n    <tr>\r\n      <td>L\u00e4ngd, bredd, h\u00f6jd (L*B*H)<\/td>\r\n      <td>130 x 69 x 131 cm<\/td>\r\n      <td>130 x 69 x 131 cm<\/td>\r\n      <td>132 x 69 x 131 cm<\/td>\r\n    <\/tr>\r\n    <tr>\r\n      <td>L\u00e4ngd, bredd, h\u00f6jd (vikt)<\/td>\r\n      <td>130 x 69 x 54 cm<\/td>\r\n      <td>130 x 69 x 54 cm<\/td>\r\n      <td>132 x 69 x 54 cm<\/td>\r\n    <\/tr>\r\n    <tr>\r\n      <td>Markfrig\u00e5ng<\/td>\r\n      <td>17,5 cm<\/td>\r\n      <td>17,5 cm<\/td>\r\n      <td>17 cm<\/td>\r\n    <\/tr>\r\n    <tr>\r\n      <td>Vikt<\/td>\r\n      <td>30,31 kg<\/td>\r\n      <td>30,31 kg<\/td>\r\n      <td>34,16 kg<\/td>\r\n    <\/tr>\r\n    <tr>\r\n      <td>Typ av styrst\u00e5ng<\/td>\r\n      <td>F\u00f6rst\u00e4rkt T-styrst\u00e5ng<\/td>\r\n      <td>F\u00f6rst\u00e4rkt T-styrst\u00e5ng<\/td>\r\n      <td>F\u00f6rst\u00e4rkt T-styrst\u00e5ng<\/td>\r\n    <\/tr>\r\n    <tr>\r\n      <td>Typ av gummihandtag<\/td>\r\n      <td>Ergonomiskt utformat styrhandtag med bilateralt l\u00e5s i mjukt gummi<\/td>\r\n      <td>Ergonomiskt utformat styrhandtag med bilateralt l\u00e5s i mjukt gummi<\/td>\r\n      <td>Ergonomiskt utformat styrhandtag med bilateralt l\u00e5s i mjukt gummi<\/td>\r\n    <\/tr>\r\n    <tr>\r\n      <td>St\u00e5ende yta<\/td>\r\n      <td>Halkfri yta tillverkad av silikagel<\/td>\r\n      <td>Halkfri yta tillverkad av silikagel<\/td>\r\n      <td>Halkfri yta tillverkad av silikagel<\/td>\r\n    <\/tr>\r\n    <tr>\r\n      <td>F\u00f6rpackningens m\u00e5tt (L*B*H)<\/td>\r\n      <td>128,5 x 26 x 63 cm<\/td>\r\n      <td>128,5 x 26 x 63 cm<\/td>\r\n      <td>134 x 26 x 64 cm<\/td>\r\n    <\/tr>\r\n    <tr>\r\n      <td>F\u00f6rpackningens vikt<\/td>\r\n      <td>36,06 kg<\/td>\r\n      <td>36,06 kg<\/td>\r\n      <td>39,64 kg<\/td>\r\n    <\/tr>\r\n    <tr>\r\n      <td colspan=\"4\" style=\"background-color: #005BFF; color: #E0E0E0; text-align: center;\">D\u00c4CK<\/td>\r\n    <\/tr>\r\n    <tr>\r\n      <td>Storlek<\/td>\r\n      <td>10*3,0 tum (80\/65-6, 255\u00d780)<\/td>\r\n      <td>10*3,0 tum (80\/65-6, 255\u00d780)<\/td>\r\n      <td>10*3,0 tum (80\/65-6, 255\u00d780)<\/td>\r\n    <\/tr>\r\n    <tr>\r\n      <td>Typ<\/td>\r\n      <td>Uppbl\u00e5sbara slangl\u00f6sa d\u00e4ck<\/td>\r\n      <td>Uppbl\u00e5sbara slangl\u00f6sa d\u00e4ck<\/td>\r\n      <td>Uppbl\u00e5sbara slangl\u00f6sa d\u00e4ck<\/td>\r\n    <\/tr>\r\n    <tr>\r\n      <td>Slitbana<\/td>\r\n      <td>V\u00e4g<\/td>\r\n      <td>V\u00e4g<\/td>\r\n      <td>Hybrid, f\u00f6r b\u00e5de v\u00e4g och terr\u00e4ng<\/td>\r\n    <\/tr>\r\n    <tr>\r\n      <td>Varum\u00e4rke<\/td>\r\n      <td>CST<\/td>\r\n      <td>CST<\/td>\r\n      <td>Wanda<\/td>\r\n    <\/tr>\r\n    <tr>\r\n      <td colspan=\"4\" style=\"background-color: #005BFF; color: #E0E0E0; text-align: center;\">BRAKES<\/td>\r\n    <\/tr>\r\n    <tr>\r\n      <td>Typ<\/td>\r\n      <td>Skivbroms fram och bak (mekanisk)<\/td>\r\n      <td>Skivbroms fram och bak (hydraulisk)<\/td>\r\n      <td>Skivbroms fram och bak (hydraulisk)<\/td>\r\n    <\/tr>\r\n    <tr>\r\n      <td>Skivans diameter<\/td>\r\n      <td>140 mm<\/td>\r\n      <td>140 mm<\/td>\r\n      <td>160 mm<\/td>\r\n    <\/tr>\r\n    <tr>\r\n      <td>Varum\u00e4rke<\/td>\r\n      <td>JAK<\/td>\r\n      <td>NUTT<\/td>\r\n      <td>NUTT<\/td>\r\n    <\/tr>\r\n    <tr>\r\n      <td>Extra elektronisk broms<\/td>\r\n      <td>Ja, kraftfull elektronisk broms som bidrar till s\u00e4kerheten och kan f\u00f6rl\u00e4nga bromsbel\u00e4ggens livsl\u00e4ngd avsev\u00e4rt<\/td>\r\n      <td>Ja, kraftfull elektronisk broms som bidrar till s\u00e4kerheten och kan f\u00f6rl\u00e4nga bromsbel\u00e4ggens livsl\u00e4ngd avsev\u00e4rt<\/td>\r\n      <td>Ja, kraftfull elektronisk broms som bidrar till s\u00e4kerheten och kan f\u00f6rl\u00e4nga bromsbel\u00e4ggens livsl\u00e4ngd avsev\u00e4rt<\/td>\r\n    <\/tr>\r\n    <tr>\r\n      <td>eABS<\/td>\r\n      <td>Ja<\/td>\r\n      <td>Ja<\/td>\r\n      <td>Ja<\/td>\r\n    <\/tr>\r\n    <tr>\r\n      <td colspan=\"4\" style=\"background-color: #005BFF; color: #E0E0E0; text-align: center;\">SUSPENSION<\/td>\r\n    <\/tr>\r\n    <tr>\r\n      <td>Typ<\/td>\r\n      <td>Hydraulisk fj\u00e4dring fram och bak<\/td>\r\n      <td>Hydraulisk fj\u00e4dring fram och bak<\/td>\r\n      <td>Hydraulisk fj\u00e4dring fram och bak<\/td>\r\n    <\/tr>\r\n    <tr>\r\n      <td>Justerbar<\/td>\r\n      <td>Ja (verktyg medf\u00f6ljer)<\/td>\r\n      <td>Ja (verktyg medf\u00f6ljer)<\/td>\r\n      <td>Ja (verktyg medf\u00f6ljer)<\/td>\r\n    <\/tr>\r\n    <tr>\r\n      <td>Avst\u00e4ngningstest<\/td>\r\n      <td>200.000 kompressioner<\/td>\r\n      <td>200.000 kompressioner<\/td>\r\n      <td>200.000 kompressioner<\/td>\r\n    <\/tr>\r\n    <tr>\r\n      <td colspan=\"4\" style=\"background-color: #005BFF; color: #E0E0E0; text-align: center;\">Display<\/td>\r\n    <\/tr>\r\n    <tr>\r\n      <td>Typ<\/td>\r\n      <td>Lcd-display med gasreglage och NFC-l\u00e5s<\/td>\r\n      <td>PRO TFT f\u00e4rgstark matrissk\u00e4rm<\/td>\r\n      <td>PRO TFT f\u00e4rgstark matrissk\u00e4rm<\/td>\r\n    <\/tr>\r\n    <tr>\r\n      <td>Farth\u00e5llare<\/td>\r\n      <td>Ja<\/td>\r\n      <td>Ja<\/td>\r\n      <td>Ja<\/td>\r\n    <\/tr>\r\n    <tr>\r\n      <td>Storlek<\/td>\r\n      <td>12,5 x 6,1 x 2,8 cm<\/td>\r\n      <td>\t3,5 tum<\/td>\r\n      <td>\t3,5 tum<\/td>\r\n    <\/tr>\r\n    <tr>\r\n      <td>LCD-sk\u00e4rm i f\u00e4rg<\/td>\r\n      <td>Nej<\/td>\r\n      <td>Ja<\/td>\r\n      <td>Ja<\/td>\r\n    <\/tr>\r\n    <tr>\r\n      <td>Position<\/td>\r\n      <td>H\u00f6ger sida<\/td>\r\n      <td>Central<\/td>\r\n      <td>Central<\/td>\r\n    <\/tr>\r\n    <tr>\r\n      <td>Acceleration<\/td>\r\n      <td>Fingerspak (pekfinger)<\/td>\r\n      <td>Fingerspak (tumfinger)<\/td>\r\n      <td>Fingerspak (tumfinger)<\/td>\r\n    <\/tr>\r\n    <tr>\r\n      <td>Visa data<\/td>\r\n      <td>Hastighet, batteriindikator, v\u00e4xel (1, 2, 3), str\u00e5lkastarindikator, tid, ODO<\/td>\r\n      <td>Hastighet (\u00e4ven max- och medelhastighet), k\u00f6rstr\u00e4cka (ODO, TRIP), v\u00e4xel, batteriindikator, sp\u00e4nning, str\u00f6m, realtidseffekt, lampindikator, enkel\/dubbel motor, klocka (\u00e4ven restid), styrenhetens temperatur, omgivningens temperatur<\/td>\r\n      <td>Hastighet (\u00e4ven max- och medelhastighet), k\u00f6rstr\u00e4cka (ODO, TRIP), v\u00e4xel, batteriindikator, sp\u00e4nning, str\u00f6m, realtidseffekt, lampindikator, enkel\/dubbel motor, klocka (\u00e4ven restid), styrenhetens temperatur, omgivningens temperatur<\/td>\r\n    <\/tr>\r\n    <tr>\r\n      <td>Enheter<\/td>\r\n      <td>Metrisk \/ imperial<\/td>\r\n      <td>Metrisk \/ imperial<\/td>\r\n      <td>Metrisk \/ imperial<\/td>\r\n    <\/tr>\r\n    <tr>\r\n      <td>K\u00f6rl\u00e4gen<\/td>\r\n      <td>Enkel\/dubbel motor och Turbo\/Eco (Eco begr\u00e4nsar topphastigheten till 20 km\/h)<\/td>\r\n      <td>Enkel \/ dubbel motor<\/td>\r\n      <td>Enkel \/ dubbel motor<\/td>\r\n    <\/tr>\r\n    <tr>\r\n      <td>Hastighetsbegr\u00e4nsning<\/td>\r\n      <td>Justerbar i %, 5 - 100 %<\/td>\r\n      <td>Justerbar i %, 1 - 100 %<\/td>\r\n      <td>Justerbar i %, 1 - 100 %<\/td>\r\n    <\/tr>\r\n    <tr>\r\n      <td>Batteriindikator<\/td>\r\n      <td>Grafisk indikator och sp\u00e4nning (V)<\/td>\r\n      <td>Procentsatser (%) och sp\u00e4nning (V)<\/td>\r\n      <td>Procentsatser (%) och sp\u00e4nning (V)<\/td>\r\n    <\/tr>\r\n    <tr>\r\n      <td>Ljusstyrka<\/td>\r\n      <td>Ej justerbar<\/td>\r\n      <td>Justerbar 1-5<\/td>\r\n      <td>Justerbar 1-5<\/td>\r\n    <\/tr>\r\n    <tr>\r\n      <td>Kickstart<\/td>\r\n      <td>Ja<\/td>\r\n      <td>Ja<\/td>\r\n      <td>Ja<\/td>\r\n    <\/tr>\r\n    <tr>\r\n      <td>USB-port<\/td>\r\n      <td>Nej<\/td>\r\n      <td>Ja<\/td>\r\n      <td>Ja <\/td>\r\n    <\/tr>\r\n    <tr>\r\n      <td>Automatisk avst\u00e4ngning<\/td>\r\n      <td>Nej<\/td>\r\n      <td>Justerbar mellan 0 - 10 min<\/td>\r\n      <td>Justerbar mellan 0 - 10 min<\/td>\r\n    <\/tr>\r\n    <tr>\r\n      <td colspan=\"4\" style=\"background-color: #005BFF; color: #E0E0E0; text-align: center;\">BELYSNING<\/td>\r\n    <\/tr>\r\n    <tr>\r\n      <td>Lampor<\/td>\r\n      <td>Frontljus med inbyggt horn, bakljus, bromsljus, sidoljus<\/td>\r\n      <td>Frontljus med inbyggt horn, bakljus, bromsljus, sidoljus<\/td>\r\n      <td>Frontljus med inbyggt horn, bakljus, bromsljus, sidoljus<\/td>\r\n    <\/tr>\r\n    <tr>\r\n      <td>Blinkers<\/td>\r\n      <td>Ja, baksidan<\/td>\r\n      <td>Ja, baksidan<\/td>\r\n      <td>Ja, baksidan<\/td>\r\n    <\/tr>\r\n    <tr>\r\n      <td>Indicators<\/td>\r\n      <td>Ja, baksidan<\/td>\r\n      <td>Ja, baksidan<\/td>\r\n      <td>Ja, baksidan<\/td>\r\n    <\/tr>\r\n    <tr>\r\n      <td>St\u00e4mningsfull belysning<\/td>\r\n      <td>Ja, p\u00e5 sidan av d\u00e4cket<\/td>\r\n      <td>Ja, p\u00e5 sidan av d\u00e4cket<\/td>\r\n      <td>Ja, p\u00e5 sidan av d\u00e4cket<\/td>\r\n    <\/tr>\r\n    <tr>\r\n      <td>Typ av st\u00e4mningsbelysning<\/td>\r\n      <td>RGB<\/td>\r\n      <td>RGB<\/td>\r\n      <td>RGB<\/td>\r\n    <\/tr>\r\n    <tr>\r\n      <td>Kontroll av omgivande ljus<\/td>\r\n      <td>Mobilapp, Android och iOS<\/td>\r\n      <td>Mobilapp, Android och iOS<\/td>\r\n      <td>Mobilapp, Android och iOS<\/td>\r\n    <\/tr>\r\n    <tr>\r\n      <td colspan=\"4\" style=\"background-color: #005BFF; color: #E0E0E0; text-align: center;\">YTTERLIGARE FUNKTIONER<\/td>\r\n    <\/tr>\r\n    <tr>\r\n      <td>St\u00f6ldskyddsfunktion<\/td>\r\n      <td>Ja, NFC-l\u00e5s<\/td>\r\n      <td>Ja, NFC-l\u00e5s och PIN-kod<\/td>\r\n      <td>Ja, NFC-l\u00e5s och PIN-kod<\/td>\r\n    <\/tr>\r\n    <tr>\r\n      <td>Antal NFC-nycklar<\/td>\r\n      <td>3 (1 huvudnyckel)<\/td>\r\n      <td>3 (1 huvudnyckel)<\/td>\r\n      <td>3 (1 huvudnyckel)<\/td>\r\n    <\/tr>\r\n    <tr>\r\n      <td>Illuminated swtiches indicator<\/td>\r\n      <td>Turbo\/eco, lampor p\u00e5\/av, blinkers v\u00e4nster\/h\u00f6ger<\/td>\r\n      <td>Lampor p\u00e5\/av, blinkers v\u00e4nster\/h\u00f6ger<\/td>\r\n      <td>Lampor p\u00e5\/av, blinkers v\u00e4nster\/h\u00f6ger<\/td>\r\n    <\/tr>\r\n    <tr>\r\n      <td>Horn<\/td>\r\n      <td>Ja<\/td>\r\n      <td>Ja<\/td>\r\n      <td>Ja<\/td>\r\n    <\/tr>\r\n    <tr>\r\n      <td>St\u00f6dben<\/td>\r\n      <td>Slitstark metall och 170 mm l\u00e5ng<\/td>\r\n      <td>Slitstark metall och 170 mm l\u00e5ng<\/td>\r\n      <td>Slitstark metall och 170 mm l\u00e5ng<\/td>\r\n    <\/tr>\r\n    <tr>\r\n      <td>St\u00e4nksk\u00e4rmar<\/td>\r\n      <td>Ja<\/td>\r\n      <td>Ja<\/td>\r\n      <td>Ja<\/td>\r\n    <\/tr>\r\n    <tr>\r\n      <td>Tillval f\u00f6r s\u00e4te<\/td>\r\n      <td>Ja<\/td>\r\n      <td>Ja<\/td>\r\n      <td>Ja<\/td>\r\n    <\/tr>\r\n    <tr>\r\n      <td>Mobilapp f\u00f6r RGB-blixtar<\/td>\r\n      <td>Ja<\/td>\r\n      <td>Ja<\/td>\r\n      <td>Ja<\/td>\r\n    <\/tr>\r\n    <tr>\r\n      <td>Kablar dolda i ramen<\/td>\r\n      <td>Ja<\/td>\r\n      <td>Ja<\/td>\r\n      <td>Ja<\/td>\r\n    <\/tr>\r\n    <tr>\r\n      <td>Hylsor f\u00f6r laddningsuttag<\/td>\r\n      <td>Tillverkad av gummi f\u00f6r att skydda mot kortslutning<\/td>\r\n      <td>Tillverkad av gummi f\u00f6r att skydda mot kortslutning<\/td>\r\n      <td>Tillverkad av gummi f\u00f6r att skydda mot kortslutning<\/td>\r\n    <\/tr>\r\n    <tr>\r\n      <td>Certifikat<\/td>\r\n      <td>Ce, RoHS<\/td>\r\n      <td>Ce, RoHS<\/td>\r\n      <td>Ce, RoHS<\/td>\r\n    <\/tr>\r\n    <tr>\r\n      <td>Unikt serienummer<\/td>\r\n      <td>Ja<\/td>\r\n      <td>Ja<\/td>\r\n      <td>Ja<\/td>\r\n    <\/tr>\r\n    <tr>\r\n      <td>Garanti<\/td>\r\n      <td>1 \u00e5r (+ 1 \u00e5r valfritt)<\/td>\r\n      <td>1 \u00e5r (+ 1 \u00e5r valfritt)<\/td>\r\n      <td>1 \u00e5r (+ 1 \u00e5r valfritt)<\/td>\r\n    <\/tr>\r\n    <tr>\r\n      <td>Paketet inneh\u00e5ller<\/td>\r\n      <td>Scooter, laddare, anv\u00e4ndarhandbok, reservmotorskydd, verktyg f\u00f6r justering av fj\u00e4dring<\/td>\r\n      <td>Scooter, laddare, anv\u00e4ndarhandbok, reservmotorskydd, verktyg f\u00f6r justering av fj\u00e4dring<\/td>\r\n      <td>Scooter, laddare, anv\u00e4ndarhandbok, reservmotorskydd, verktyg f\u00f6r justering av fj\u00e4dring<\/td>\r\n    <\/tr>\r\n  <\/tbody>\r\n<\/table>\r\n\t\t<\/div>\n\t\t\t\t<\/div>\n\t\t\t\t<\/div>\n\t\t\t\t<\/div>\n\t\t\t\t<\/div>","protected":false},"excerpt":{"rendered":"<p>Elektron Kinetik Elektron Kinetik PRO Elektron Kinetik GTR MOTOR Top speed 60 km\/h (limited to 25 km\/h) 60 km\/h (limited to 25 km\/h) 75 km\/h (limited to 25 km\/h) Motor power (rated) 2000 W, 2x 1000 W 2000 W, 2x 1000 W 2800 W, 2x 1400 W Maximum Motor Power (peak) 3600 W, 2x 1800 [&hellip;]<\/p>","protected":false},"author":1,"featured_media":0,"parent":0,"menu_order":0,"comment_status":"closed","ping_status":"closed","template":"elementor_header_footer","meta":{"footnotes":""},"_links":{"self":[{"href":"https:\/\/elektronscooters.com\/sv\/wp-json\/wp\/v2\/pages\/1276"}],"collection":[{"href":"https:\/\/elektronscooters.com\/sv\/wp-json\/wp\/v2\/pages"}],"about":[{"href":"https:\/\/elektronscooters.com\/sv\/wp-json\/wp\/v2\/types\/page"}],"author":[{"embeddable":true,"href":"https:\/\/elektronscooters.com\/sv\/wp-json\/wp\/v2\/users\/1"}],"replies":[{"embeddable":true,"href":"https:\/\/elektronscooters.com\/sv\/wp-json\/wp\/v2\/comments?post=1276"}],"version-history":[{"count":7,"href":"https:\/\/elektronscooters.com\/sv\/wp-json\/wp\/v2\/pages\/1276\/revisions"}],"predecessor-version":[{"id":1926,"href":"https:\/\/elektronscooters.com\/sv\/wp-json\/wp\/v2\/pages\/1276\/revisions\/1926"}],"wp:attachment":[{"href":"https:\/\/elektronscooters.com\/sv\/wp-json\/wp\/v2\/media?parent=1276"}],"curies":[{"name":"wp","href":"https:\/\/api.w.org\/{rel}","templated":true}]}}