{"id":460,"date":"2024-02-07T10:51:39","date_gmt":"2024-02-07T10:51:39","guid":{"rendered":"https:\/\/elektronscooters.com\/?post_type=product&#038;p=460"},"modified":"2026-01-30T09:06:56","modified_gmt":"2026-01-30T09:06:56","slug":"elektron-kinetik-pro-electric-scooter","status":"publish","type":"product","link":"https:\/\/elektronscooters.com\/sl\/izdelek\/elektron-kinetik-pro-elektricni-skiro\/","title":{"rendered":"Elektron Kinetik PRO elektri\u010dni skiro"},"content":{"rendered":"","protected":false},"excerpt":{"rendered":"<p><strong>Najve\u010dja hitrost in mo\u010d:<\/strong> Dosega najve\u010djo hitrost 60 km\/h, ki je elektronsko omejena na 25 km\/h zaradi varnosti, poganja pa ga zmogljiv sistem dveh motorjev z nazivno mo\u010djo 2000 W (2x 1000 W) in najvi\u0161jo mo\u010djo 3120 W (2x 1560 W).<\/p>\n<p><strong>Zmo\u017enost premagovanja naklona:<\/strong> Zmo\u017een premagovanja naklonov do 25\u00b0, kar omogo\u010da vo\u017enjo po razli\u010dnih poteh.<\/p>\n<p><strong>Domet in specifikacije baterije:<\/strong> Ponuja maksimalni domet 75 km z enim polnjenjem, podprt z baterijo 20.8 Ah, 52 V. Pri\u010dakovana \u017eivljenjska doba baterije: 720 ciklov polnjenja z zmogljivostjo nad 70 %.<\/p>\n<p><strong>Napreden Sine Wave krmilnik:<\/strong> Vgrajena krmilnika s sinusnim valovanjem (Sine Wave) za ti\u0161je delovanje, bolj odziven pospe\u0161ek, stabilne hitrosti potovanja, izbolj\u0161an nadzor in ve\u010djo energetsko u\u010dinkovitost.<\/p>\n<p><strong>Napreden barvni TFT zaslon:<\/strong> PRO TFT Barvni matri\u010dni zaslon zagotavlja obse\u017ene podatke o vo\u017enji, vklju\u010dno s hitrostjo, nivojem baterije, mo\u010djo v realnem \u010dasu, temperaturo krmilnika, napetostjo, prestavo, temperaturo okolja in ve\u010d, kar izbolj\u0161uje izku\u0161njo vo\u017enje s podrobnim prikazom podatkov.<\/p>\n<p><strong>Cestne pnevmatike:<\/strong> Opremljen s 10*3.0 pal\u010dnimi CST napihljivimi pnevmatikami brez zra\u010dnic, zasnovanimi za optimalno uporabo na cestah, kar zagotavlja gladke vo\u017enje po mestnih poteh.<\/p>\n<p><strong>Nadgrajeni zavorni sistem za ve\u010djo varnost:<\/strong> Hidravli\u010dne kolutne zavore NUTT z dodatno elektronsko zavoro zagotavljajo izjemno zavorno mo\u010d in podalj\u0161ujejo \u017eivljenjsko dobo zavornih oblog.<\/p>\n<p><strong>Te\u017ea in dimenzije:<\/strong> Tehta 30.31 kg in je zasnovan za voznike do 130 kg. Dimenzije skiroja 130 x 69 x 131 cm (D*\u0160*V).<\/p>\n<p><strong>Povezljivost in prilagoditve:<\/strong> Podpira uporabo aplikacije za nastavitev RGB ambientalne osvetlitve za osebno prilagojen videz in ve\u010djo varnost.<\/p>\n<p><strong>Dodatne funkcije za varnost:<\/strong> Ta model vklju\u010duje NFC klju\u010davnico in mo\u017enost uporabe PIN kode za dodatno za\u0161\u010dito pred neza\u017eelenim dostopom.<\/p>\n<p><strong>\u010cas polnjenja in fleksibilnost:<\/strong> Standardno polnjenje traja 10 - 12 ur, z mo\u017enostjo skraj\u0161anja na 5 - 6 ur z dodatnim polnilnikom.<\/p>\n<p><strong>Varovanje baterije in polnjenja:<\/strong>\u00a0Vklju\u010dene so za\u0161\u010dite pred podnapetostjo, prenapetostjo, prekomernim polnjenjem, praznjenjem in pregrevanjem, kar pove\u010duje varnost in \u017eivljenjsko dobo baterije.<\/p>\n<p><strong>Zasnovan za enostavno prena\u0161anje:<\/strong> Zlo\u017eljiva zasnova, oja\u010dano T krmilo in ergonomsko oblikovani ro\u010daji krmila iz mehke gume nudijo udobje in nadzor. Varnost zagotavlja enostaven mehanizem za zaklepanje in odklepanje.<\/p>\n<p><strong>Prilagodljivo vzmetenje za udobno vo\u017enjo:<\/strong> Nastavljiv hidravli\u010dni sistem vzmetenja, testiran z 200.000 stiski, zagotavlja udobno vo\u017enjo na vseh podlagah.<\/p>\n<p><strong>Vzdr\u017eevanje brez skrbi z napredno zasnovo: <\/strong>Sistem deljenih plati\u0161\u010d in vodoodporni priklju\u010dki motorja olaj\u0161ata servisiranje.<\/p>\n<p><strong>Osvetlitev in varnostne funkcije za bolj\u0161o vidljivost:<\/strong> Prilagodljive RGB lu\u010di, nadzorovane prek mobilne aplikacije, vgrajeni smerniki in odsevna nalepka ELEKTRON pove\u010dujejo varnost v prometu. Nedrse\u010da stojna povr\u0161ina narejena iz Silica gela zagotavlja dodaten oprijem.<\/p>\n<p><strong>Dodatne mo\u017enosti za udobje:<\/strong> Mo\u017enost monta\u017ee sede\u017ea za udobnej\u0161e dalj\u0161e vo\u017enje.<\/p>\n<p class=\" translation-block\"><strong>Brezskrbna dostava in garancija<\/strong>: Brezpla\u010dna dostava v 1 - 2 delovna dni, 1-letna garancija z mo\u017enostjo podalj\u0161anja za dodatno leto za 150 \u20ac, u\u010dinkovite servisne storitve in 14-dnevna politika vra\u010dila.<\/p>","protected":false},"featured_media":2089,"comment_status":"open","ping_status":"closed","template":"","meta":[],"product_cat":[25,26],"product_tag":[31],"_links":{"self":[{"href":"https:\/\/elektronscooters.com\/sl\/wp-json\/wp\/v2\/product\/460"}],"collection":[{"href":"https:\/\/elektronscooters.com\/sl\/wp-json\/wp\/v2\/product"}],"about":[{"href":"https:\/\/elektronscooters.com\/sl\/wp-json\/wp\/v2\/types\/product"}],"replies":[{"embeddable":true,"href":"https:\/\/elektronscooters.com\/sl\/wp-json\/wp\/v2\/comments?post=460"}],"wp:featuredmedia":[{"embeddable":true,"href":"https:\/\/elektronscooters.com\/sl\/wp-json\/wp\/v2\/media\/2089"}],"wp:attachment":[{"href":"https:\/\/elektronscooters.com\/sl\/wp-json\/wp\/v2\/media?parent=460"}],"wp:term":[{"taxonomy":"product_cat","embeddable":true,"href":"https:\/\/elektronscooters.com\/sl\/wp-json\/wp\/v2\/product_cat?post=460"},{"taxonomy":"product_tag","embeddable":true,"href":"https:\/\/elektronscooters.com\/sl\/wp-json\/wp\/v2\/product_tag?post=460"}],"curies":[{"name":"wp","href":"https:\/\/api.w.org\/{rel}","templated":true}]}}