{"id":1201,"date":"2024-02-16T14:52:29","date_gmt":"2024-02-16T14:52:29","guid":{"rendered":"https:\/\/elektronscooters.com\/?post_type=product&#038;p=1201"},"modified":"2024-02-22T08:36:51","modified_gmt":"2024-02-22T08:36:51","slug":"gub-phone-holder","status":"publish","type":"product","link":"https:\/\/elektronscooters.com\/sl\/izdelek\/gub-phone-holder\/","title":{"rendered":"NOSILEC ZA TELEFON GUB ZA ELEKTRI\u010cNI SKIRO, KOVINSKI, 360\u00b0"},"content":{"rendered":"","protected":false},"excerpt":{"rendered":"<p>Predstavljamo nosilec za telefon GUB, skrbno izdelan za zahtevnega navigatorja. Zasnovan sprva za navdu\u0161ence elektri\u010dnih skirojev, njegova vsestranskost se brezhibno raz\u0161irja tudi na kolesa in motorna kolesa. Izdelan z natan\u010dnostjo iz vrhunskega aluminija, ta nosilec pooseblja trdno vzdr\u017eljivost, zagotavljajo\u010d neprekinjeno podporo za va\u0161o napravo, tudi med zahtevnostmi neenakomernega terena.<\/p>\n<p>Izpostavljene zna\u010dilnosti:<\/p>\n<ul>\n<li>Vrhunska Konstrukcija iz Aluminija: Izdelan iz visokokakovostnega aluminija, ta nosilec zagotavlja robustno stabilnost, ki va\u0161emu telefonu skozi celotno potovanje nudi varno oporo.<\/li>\n<li>Prilagodljiva Kompatibilnost: Prilagojen, da sprejme telefone \u0161irine od 6 do 11 cm, ta nosilec nudi univerzalno zdru\u017eljivost, zagotavljajo\u010d tesno prileganje razli\u010dnim modelom pametnih telefonov.<\/li>\n<li>Dinami\u010dna 360-Stopinjska Rotacija: Z objemom popolnega nadzora nad va\u0161o izku\u0161njo gledanja z gladko funkcijo 360-stopinjske rotacije, ki omogo\u010da preprosto prilagajanje, da ustreza va\u0161i \u017eeleni orientaciji.<\/li>\n<\/ul>\n<p>Dvignite va\u0161o vo\u017enjo z nosilcem za telefon GUB, kjer se zanesljivost sre\u010duje z vsestranskostjo v sofisticirani zasnovi, ustvarjeni za sodobnega popotnika.<\/p>","protected":false},"featured_media":1212,"comment_status":"open","ping_status":"closed","template":"","meta":[],"product_cat":[28],"product_tag":[],"_links":{"self":[{"href":"https:\/\/elektronscooters.com\/sl\/wp-json\/wp\/v2\/product\/1201"}],"collection":[{"href":"https:\/\/elektronscooters.com\/sl\/wp-json\/wp\/v2\/product"}],"about":[{"href":"https:\/\/elektronscooters.com\/sl\/wp-json\/wp\/v2\/types\/product"}],"replies":[{"embeddable":true,"href":"https:\/\/elektronscooters.com\/sl\/wp-json\/wp\/v2\/comments?post=1201"}],"wp:featuredmedia":[{"embeddable":true,"href":"https:\/\/elektronscooters.com\/sl\/wp-json\/wp\/v2\/media\/1212"}],"wp:attachment":[{"href":"https:\/\/elektronscooters.com\/sl\/wp-json\/wp\/v2\/media?parent=1201"}],"wp:term":[{"taxonomy":"product_cat","embeddable":true,"href":"https:\/\/elektronscooters.com\/sl\/wp-json\/wp\/v2\/product_cat?post=1201"},{"taxonomy":"product_tag","embeddable":true,"href":"https:\/\/elektronscooters.com\/sl\/wp-json\/wp\/v2\/product_tag?post=1201"}],"curies":[{"name":"wp","href":"https:\/\/api.w.org\/{rel}","templated":true}]}}