{"id":620,"date":"2024-02-12T11:53:31","date_gmt":"2024-02-12T11:53:31","guid":{"rendered":"https:\/\/elektronscooters.com\/?page_id=620"},"modified":"2024-04-30T13:39:55","modified_gmt":"2024-04-30T13:39:55","slug":"about-us","status":"publish","type":"page","link":"https:\/\/elektronscooters.com\/sl\/o-podjetju\/","title":{"rendered":"O podjetju"},"content":{"rendered":"<div data-elementor-type=\"wp-page\" data-elementor-id=\"620\" class=\"elementor elementor-620\" data-elementor-post-type=\"page\">\n\t\t\t\t<div class=\"elementor-element elementor-element-fd89c7b e-flex e-con-boxed e-con e-parent\" data-id=\"fd89c7b\" data-element_type=\"container\" data-settings=\"{&quot;background_background&quot;:&quot;classic&quot;}\">\n\t\t\t\t\t<div class=\"e-con-inner\">\n\t\t<div class=\"elementor-element elementor-element-16dbf2f e-con-full e-flex e-con e-child\" data-id=\"16dbf2f\" data-element_type=\"container\">\n\t\t\t\t<div class=\"elementor-element elementor-element-a60f596 elementor-widget elementor-widget-heading\" data-id=\"a60f596\" data-element_type=\"widget\" data-widget_type=\"heading.default\">\n\t\t\t\t<div class=\"elementor-widget-container\">\n\t\t\t<style>\/*! elementor - v3.21.0 - 08-05-2024 *\/\n.elementor-heading-title{padding:0;margin:0;line-height:1}.elementor-widget-heading .elementor-heading-title[class*=elementor-size-]>a{color:inherit;font-size:inherit;line-height:inherit}.elementor-widget-heading .elementor-heading-title.elementor-size-small{font-size:15px}.elementor-widget-heading .elementor-heading-title.elementor-size-medium{font-size:19px}.elementor-widget-heading .elementor-heading-title.elementor-size-large{font-size:29px}.elementor-widget-heading .elementor-heading-title.elementor-size-xl{font-size:39px}.elementor-widget-heading .elementor-heading-title.elementor-size-xxl{font-size:59px}<\/style><h1 class=\"elementor-heading-title elementor-size-default\">O podjetju<\/h1>\t\t<\/div>\n\t\t\t\t<\/div>\n\t\t\t\t<div class=\"elementor-element elementor-element-588206c elementor-widget__width-initial elementor-widget elementor-widget-text-editor\" data-id=\"588206c\" data-element_type=\"widget\" data-widget_type=\"text-editor.default\">\n\t\t\t\t<div class=\"elementor-widget-container\">\n\t\t\t<style>\/*! elementor - v3.21.0 - 08-05-2024 *\/\n.elementor-widget-text-editor.elementor-drop-cap-view-stacked .elementor-drop-cap{background-color:#69727d;color:#fff}.elementor-widget-text-editor.elementor-drop-cap-view-framed .elementor-drop-cap{color:#69727d;border:3px solid;background-color:transparent}.elementor-widget-text-editor:not(.elementor-drop-cap-view-default) .elementor-drop-cap{margin-top:8px}.elementor-widget-text-editor:not(.elementor-drop-cap-view-default) .elementor-drop-cap-letter{width:1em;height:1em}.elementor-widget-text-editor .elementor-drop-cap{float:left;text-align:center;line-height:1;font-size:50px}.elementor-widget-text-editor .elementor-drop-cap-letter{display:inline-block}<\/style>\t\t\t\t<p>Dobrodo\u0161li v svetu elektri\u010dne mobilnosti, kjer strast in inovacije premikata meje. Z 8-letnimi izku\u0161njami v industriji se pri ELEKTRON-u nismo posvetili le revoluciji, temve\u010d jo vodimo. Na svojo pot smo se podali z vizijo ustvarjanja ne le izdelkov, temve\u010d re\u0161itev, ki bi se vklju\u010dile v \u017eivljenje na\u0161ih strank kot \u017eivljenjski slog.<\/p><p>Strokovnost<\/p><p>Specializirani smo za prodajo in proizvodnjo elektri\u010dnih skirojev. Pri ELEKTRON-u verjamemo, da kakovost ni le zna\u010dilnost, temve\u010d osnova za vse, kar po\u010dnemo. Na\u0161i skiroji gredo skozi stroge teste, da vam zagotovimo, da vsaka vo\u017enja ni le potovanje, temve\u010d izku\u0161nja.<\/p><p>Na\u0161a obljuba<\/p><p>Pri ELEKTRONU smo ponosni na osredoto\u010denost na poprodajno podporo najvi\u0161jega razreda in s tem dvigujemo celotno va\u0161o izku\u0161njo na vi\u0161ji nivo. Na\u0161a servisna strategija temelji na hitrosti, \u0161e posebej pri re\u0161evanju garancijskih zahtevkov in dobavi rezervnih delov. Vemo, kako pomemben je va\u0161 \u010das, zato se trudimo, da bi se va\u0161ih skrbi znebili \u010dim hitreje in \u010dim manj vplivali na va\u0161 vsakdanjik.<\/p><p>Prisluhnemo vam<\/p><p>Na\u0161a najbolj\u0161a lastnost je na\u0161a sposobnost poslu\u0161anja. Pri ELEKTRONU vsak komentar in vsak predlog pomenita prilo\u017enost za nas, da postanemo bolj\u0161i in inovativni. Pri tem zelo resno jemljemo vsako zahtevo, vsak odziv na\u0161ih strank je za nas zelo pomemben. S tem pristopom delujemo, da lahko ponudimo izdelke in storitve, ki so relevantni in presegajo pri\u010dakovanja na\u0161e skupnosti.<\/p><p>Kljub temu pa se na\u0161a pot v svet elektri\u010dne mobilnosti z vsakim korakom vedno bolj razburljiva. ELEKTRON ima preprosto misijo: ponuditi le najbolj\u0161e. Naj gre za oblikovanje visokokakovostnih skirojev, odli\u010den podporni sistem ali izjemno hitro re\u0161evanje garancijskih zahtevkov, pri ELEKTRONU zagotavljamo celovito podporo skozi celotno prodajno pot. Zdaj pa se skupaj podajmo proti zeleni in trajnostni prihodnosti.<\/p>\t\t\t\t\t\t<\/div>\n\t\t\t\t<\/div>\n\t\t\t\t<div class=\"elementor-element elementor-element-4f25cbe elementor-widget__width-initial elementor-widget elementor-widget-text-editor\" data-id=\"4f25cbe\" data-element_type=\"widget\" data-widget_type=\"text-editor.default\">\n\t\t\t\t<div class=\"elementor-widget-container\">\n\t\t\t\t\t\t\t<p>Podatki podjetja<\/p><p>FRONTIVE, Bla\u017e Volavc (s.p.)<\/p><p>Hrastinska pot 40<br \/>8250 Bre\u017eice<br \/>Slovenija<\/p><p>Telefonska \u0161tevilka: 040 654 339<br \/>E-Mail: info@elektronscooters.com<\/p><p>Podjetje je vpisano v Poslovni register Slovenije (PRS):<br \/>Mati\u010dna \u0161tevilka: 876143000<br \/>Dav\u010dna \u0161tevilka: SI23545887<br \/>Datum vpisa: 10. 11. 2020<\/p>\t\t\t\t\t\t<\/div>\n\t\t\t\t<\/div>\n\t\t\t\t<\/div>\n\t\t\t\t\t<\/div>\n\t\t\t\t<\/div>\n\t\t\t\t<\/div>","protected":false},"excerpt":{"rendered":"<p>About Us Welcome to the world of electromobility where passion and innovation push boundaries. With industry experience of 8 years, we at ELEKTRON have devoted ourselves not just to the revolution, but leading the same. We embarked on our journey with the vision of making not products but solutions, which should integrate into the lives [&hellip;]<\/p>","protected":false},"author":1,"featured_media":0,"parent":0,"menu_order":0,"comment_status":"closed","ping_status":"closed","template":"elementor_header_footer","meta":{"footnotes":""},"_links":{"self":[{"href":"https:\/\/elektronscooters.com\/sl\/wp-json\/wp\/v2\/pages\/620"}],"collection":[{"href":"https:\/\/elektronscooters.com\/sl\/wp-json\/wp\/v2\/pages"}],"about":[{"href":"https:\/\/elektronscooters.com\/sl\/wp-json\/wp\/v2\/types\/page"}],"author":[{"embeddable":true,"href":"https:\/\/elektronscooters.com\/sl\/wp-json\/wp\/v2\/users\/1"}],"replies":[{"embeddable":true,"href":"https:\/\/elektronscooters.com\/sl\/wp-json\/wp\/v2\/comments?post=620"}],"version-history":[{"count":37,"href":"https:\/\/elektronscooters.com\/sl\/wp-json\/wp\/v2\/pages\/620\/revisions"}],"predecessor-version":[{"id":2015,"href":"https:\/\/elektronscooters.com\/sl\/wp-json\/wp\/v2\/pages\/620\/revisions\/2015"}],"wp:attachment":[{"href":"https:\/\/elektronscooters.com\/sl\/wp-json\/wp\/v2\/media?parent=620"}],"curies":[{"name":"wp","href":"https:\/\/api.w.org\/{rel}","templated":true}]}}