{"id":492,"date":"2024-02-08T07:59:19","date_gmt":"2024-02-08T07:59:19","guid":{"rendered":"https:\/\/elektronscooters.com\/?page_id=492"},"modified":"2024-02-08T07:59:51","modified_gmt":"2024-02-08T07:59:51","slug":"elektron-kinetik-pro-gtr-comparison-table","status":"publish","type":"page","link":"https:\/\/elektronscooters.com\/sl\/elektron-kinetik-pro-gtr-comparison-table\/","title":{"rendered":"Elektron Kinetik \/ PRO \/ GTR Comparison Table"},"content":{"rendered":"<div data-elementor-type=\"wp-page\" data-elementor-id=\"492\" class=\"elementor elementor-492\" data-elementor-post-type=\"page\">\n\t\t\t\t<div class=\"elementor-element elementor-element-55a1370 e-con-full e-flex e-con e-parent\" data-id=\"55a1370\" data-element_type=\"container\" data-settings=\"{&quot;background_background&quot;:&quot;classic&quot;}\">\n\t\t<div class=\"elementor-element elementor-element-2a98612 e-con-full e-flex e-con e-child\" data-id=\"2a98612\" data-element_type=\"container\" data-settings=\"{&quot;background_background&quot;:&quot;classic&quot;}\">\n\t\t\t\t<div class=\"elementor-element elementor-element-831ce1f elementor-widget elementor-widget-html\" data-id=\"831ce1f\" data-element_type=\"widget\" data-widget_type=\"html.default\">\n\t\t\t\t<div class=\"elementor-widget-container\">\n\t\t\t<style>\r\n  table {\r\n    background-color: #0A0A0A;\r\n    color: #E0E0E0;\r\n    width: 100%;\r\n    font-size: 10px; \/* Default font size *\/\r\n  }\r\n\r\n  th, td {\r\n    text-align: left;\r\n    vertical-align: middle;\r\n    padding: 8px;\r\n    border: 1px solid #E0E0E0;\r\n  }\r\n\r\n  @media only screen and (min-width: 601px) {\r\n    table {\r\n      font-size: 20px; \/* Font size for larger screens *\/\r\n    }\r\n  }\r\n<\/style>\r\n\r\n<table style=\"background-color: #0A0A0A; color: #E0E0E0;\">\r\n    <colgroup>\r\n    <col style=\"width: 25%;\">\r\n    <col style=\"width: 25%;\">\r\n    <col style=\"width: 25%;\">\r\n    <col style=\"width: 25%;\">\r\n  <\/colgroup>\r\n  <thead>\r\n    <tr>\r\n      <td><\/td>\r\n<td style=\"text-align: center; vertical-align: middle; text-transform: uppercase;\">Elektron Kinetik<\/td>\r\n<td style=\"text-align: center; vertical-align: middle; text-transform: uppercase;\">Elektron Kinetik PRO<\/td>\r\n<td style=\"text-align: center; vertical-align: middle; text-transform: uppercase;\">Elektron Kinetik GTR<\/td>\r\n    <\/tr>\r\n  <\/thead>\r\n  <tbody>\r\n    <tr>\r\n      <td colspan=\"4\" style=\"background-color: #005BFF; color: #E0E0E0; text-align: center;\">MOTOR<\/td>\r\n    <\/tr>\r\n    <tr>\r\n      <td>Maksimalna hitrost<\/td>\r\n      <td>60 km\/h (omejena na 25 km\/h)<\/td>\r\n      <td>60 km\/h (omejena na 25 km\/h)<\/td>\r\n      <td>75 km\/h (omejena na 25 km\/h)<\/td>\r\n    <\/tr>\r\n    <tr>\r\n      <td>Mo\u010d motorja (nominalna)<\/td>\r\n      <td>2000 W, 2x 1000 W<\/td>\r\n      <td>2000 W, 2x 1000 W<\/td>\r\n      <td>2800 W, 2x 1400 W<\/td>\r\n    <\/tr>\r\n    <tr>\r\n      <td>Najve\u010dja mo\u010d motorja (max)<\/td>\r\n      <td>3600 W, 2x 1800 W<\/td>\r\n      <td>3600 W, 2x 1800 W<\/td>\r\n      <td>5040 W, 2x 2520 W<\/td>\r\n    <\/tr>\r\n    <tr>\r\n      <td>Dva motorja<\/td>\r\n      <td>Da<\/td>\r\n      <td>Da<\/td>\r\n      <td>Da<\/td>\r\n    <\/tr>\r\n    <tr>\r\n      <td>Pogon<\/td>\r\n      <td>Spredaj in zadaj<\/td>\r\n      <td>Spredaj in zadaj<\/td>\r\n      <td>Spredaj in zadaj<\/td>\r\n    <\/tr>\r\n    <tr>\r\n      <td>Pogon z enim motorjem<\/td>\r\n      <td>Zadaj<\/td>\r\n      <td>Zadaj<\/td>\r\n      <td>Zadaj<\/td>\r\n    <\/tr>\r\n    <tr>\r\n      <td>Tip motorja<\/td>\r\n      <td>Brezkrta\u010dni motor<\/td>\r\n      <td>Brezkrta\u010dni motor<\/td>\r\n      <td>Brezkrta\u010dni motor<\/td>\r\n    <\/tr>\r\n    <tr>\r\n      <td>Najve\u010dja zmo\u017enost vzpenjanja<\/td>\r\n      <td>25\u00b0 \/ 46.6 %<\/td>\r\n      <td>25\u00b0 \/ 46.6 %<\/td>\r\n      <td>30\u00b0 \/ 57.7 %<\/td>\r\n    <\/tr>\r\n    <tr>\r\n      <td colspan=\"4\" style=\"background-color: #005BFF; color: #E0E0E0; text-align: center;\">BATERIJA<\/td>\r\n    <\/tr>\r\n    <tr>\r\n      <td>Najve\u010dji doseg<\/td>\r\n      <td>75 km<\/td>\r\n      <td>75 km<\/td>\r\n      <td>90 km<\/td>\r\n    <\/tr>\r\n    <tr>\r\n      <td>Kapaciteta<\/td>\r\n      <td>20.8 Ah<\/td>\r\n      <td>20.8 Ah<\/td>\r\n      <td>23.4 Ah<\/td>\r\n    <\/tr>\r\n    <tr>\r\n      <td>Napetost<\/td>\r\n      <td>52 V<\/td>\r\n      <td>52 V<\/td>\r\n      <td>60 V<\/td>\r\n    <\/tr>\r\n    <tr>\r\n      <td>Baterija<\/td>\r\n      <td>Li-Ion<\/td>\r\n      <td>Li-Ion<\/td>\r\n      <td>Li-Ion<\/td>\r\n    <\/tr>\r\n    <tr>\r\n      <td>Celice<\/td>\r\n      <td>18650<\/td>\r\n      <td>18650<\/td>\r\n      <td>18650<\/td>\r\n    <\/tr>\r\n    <tr>\r\n            <td>Pri\u010dakovana \u017eivljenjska doba<\/td>\r\n            <td>720 ciklov s kapaciteto nad 70 %<\/td>\r\n            <td>720 ciklov s kapaciteto nad 70 %<\/td>\r\n            <td>720 ciklov s kapaciteto nad 70 %<\/td>\r\n        <\/tr>\r\n    <tr>\r\n      <td>Te\u017ea baterije<\/td>\r\n      <td>5.84 kg<\/td>\r\n      <td>5.84 kg<\/td>\r\n      <td>7.86 kg<\/td>\r\n    <\/tr>\r\n    <tr>\r\n      <td>Polnilnik<\/td>\r\n      <td>52V 2Ah<\/td>\r\n      <td>52V 2Ah<\/td>\r\n      <td>60V 2 Ah<\/td>\r\n    <\/tr>\r\n    <tr>\r\n      <td>\u010cas polnjenja<\/td>\r\n      <td>8 - 10 ur<\/td>\r\n      <td>8 - 10 ur<\/td>\r\n      <td>10 - 12 ur<\/td>\r\n    <\/tr>\r\n    <tr>\r\n      <td>Dve polnilni vti\u010dnici<\/td>\r\n      <td>Da<\/td>\r\n      <td>Da<\/td>\r\n      <td>Da<\/td>\r\n    <\/tr>\r\n    <tr>\r\n      <td>\u010cas polnjenja z dvema polnilcema<\/td>\r\n      <td>4 - 5 ur<\/td>\r\n      <td>4 - 5 ur<\/td>\r\n      <td>5 - 6 ur<\/td>\r\n    <\/tr>\r\n    <tr>\r\n      <td>Za\u0161\u010dita baterije\t<\/td>\r\n      <td>Za\u0161\u010dita pred podnapetostjo, za\u0161\u010dita pred prenapetostjo, za\u0161\u010dita pred preveliko napolnjenostjo, za\u0161\u010dita pred preveliko izpraznjenostjo, za\u0161\u010dita pred pregrevanjem<\/td>\r\n      <td>Za\u0161\u010dita pred podnapetostjo, za\u0161\u010dita pred prenapetostjo, za\u0161\u010dita pred preveliko napolnjenostjo, za\u0161\u010dita pred preveliko izpraznjenostjo, za\u0161\u010dita pred pregrevanjem<\/td>\r\n      <td>Za\u0161\u010dita pred podnapetostjo, za\u0161\u010dita pred prenapetostjo, za\u0161\u010dita pred preveliko napolnjenostjo, za\u0161\u010dita pred preveliko izpraznjenostjo, za\u0161\u010dita pred pregrevanjem<\/td>\r\n    <\/tr>\r\n    <tr>\r\n      <td colspan=\"4\" style=\"background-color: #005BFF; color: #E0E0E0; text-align: center;\">SINE WAVE KRMILNIK\r\n    <tr>\r\n      <td>\u0160tevilo krmilnikov<\/td>\r\n      <td>2x 25 A<\/td>\r\n      <td>2x 30 A<\/td>\r\n      <td>2x 30 A<\/td>\r\n    <\/tr>\r\n    <tr>\r\n      <td>Tip<\/td>\r\n      <td>Square<\/td>\r\n      <td>Sine Wave<\/td>\r\n      <td>Sine Wave<\/td>\r\n    <\/tr>\r\n    <tr>\r\n      <td>Prednosti krmilnika Sine Wave<\/td>\r\n      <td>\/<\/td>\r\n      <td>- Zmanj\u0161anje hrupa: Krmilniki Sine Wave delujejo tiho zaradi nizke harmoni\u010dne popa\u010denosti, kar izbolj\u0161uje izku\u0161njo vo\u017enje.<br><br\/>\r\n- Hitrej\u0161e pospe\u0161evanje: Zagotavljajo znaten za\u010detni navor, kar omogo\u010da hitrej\u0161e pospe\u0161evanje skiroja.<br><br\/>\r\n- Stalna hitrost: Krmilniki Sine Wave vzdr\u017eujejo konstantno hitrost (potovalno hitrost) za bolj gladko vo\u017enjo.<br><br\/>\r\n- Izbolj\u0161ana u\u010dinkovitost: Ponujajo ve\u010djo u\u010dinkovitost motorja pri vzponih in pri ve\u010dji obremenitvi.<br><br\/>\r\n- Izbolj\u0161an nadzor: Krmilniki Sine Wave zagotavljajo u\u010dinkovito in predvidljivo delovanje skiroja, kar zmanj\u0161uje tveganje za okvare.<br><br\/>\r\n- Energetska u\u010dinkovitost: Energijo porabljajo bolj u\u010dinkovito, kar pove\u010duje doseg skiroja in \u017eivljenjsko dobo baterije.<\/td>\r\n      <td>- Zmanj\u0161anje hrupa: Krmilniki Sine Wave delujejo tiho zaradi nizke harmoni\u010dne popa\u010denosti, kar izbolj\u0161uje izku\u0161njo vo\u017enje.<br><br\/>\r\n- Hitrej\u0161e pospe\u0161evanje: Zagotavljajo znaten za\u010detni navor, kar omogo\u010da hitrej\u0161e pospe\u0161evanje skiroja.<br><br\/>\r\n- Stalna hitrost: Krmilniki Sine Wave vzdr\u017eujejo konstantno hitrost (potovalno hitrost) za bolj gladko vo\u017enjo.<br><br\/>\r\n- Izbolj\u0161ana u\u010dinkovitost: Ponujajo ve\u010djo u\u010dinkovitost motorja pri vzponih in pri ve\u010dji obremenitvi.<br><br\/>\r\n- Izbolj\u0161an nadzor: Krmilniki Sine Wave zagotavljajo u\u010dinkovito in predvidljivo delovanje skiroja, kar zmanj\u0161uje tveganje za okvare.<br><br\/>\r\n- Energetska u\u010dinkovitost: Energijo porabljajo bolj u\u010dinkovito, kar pove\u010duje doseg skiroja in \u017eivljenjsko dobo baterije.<\/td>\r\n    <\/tr>\r\n    <tr>\r\n      <td colspan=\"4\" style=\"background-color: #005BFF; color: #E0E0E0; text-align: center;\">OKVIR<\/td>\r\n    <\/tr>\r\n    <tr>\r\n      <td>Nosilnost<\/td>\r\n      <td>130 kg<\/td>\r\n      <td>130 kg<\/td>\r\n      <td>130 kg<\/td>\r\n    <\/tr>\r\n    <tr>\r\n      <td>Material<\/td>\r\n      <td>Aluminijeva zlitina, 6061<\/td>\r\n      <td>Aluminijeva zlitina, 6061<\/td>\r\n      <td>Aluminijeva zlitina, 6061<\/td>\r\n    <\/tr>\r\n    <tr>\r\n      <td>Odpornost na prah in vodo<\/td>\r\n      <td>IPx4<\/td>\r\n      <td>IPx4<\/td>\r\n      <td>IPx4<\/td>\r\n    <\/tr>\r\n    <tr>\r\n      <td>Barva<\/td>\r\n      <td>\u010crna \/ siva<\/td>\r\n      <td>\u010crna \/ siva<\/td>\r\n      <td>\u010crna \/ siva<\/td>\r\n    <\/tr>\r\n    <tr>\r\n      <td>Odsevni elementi<\/td>\r\n      <td>Da, ELEKTRON odsevna nalepka<\/td>\r\n      <td>Da, ELEKTRON odsevna nalepka<\/td>\r\n      <td>Da, ELEKTRON odsevna nalepka<\/td>\r\n    <\/tr>\r\n    <tr>\r\n      <td>Zlo\u017eljiv<\/td>\r\n      <td>Da<\/td>\r\n      <td>Da<\/td>\r\n      <td>Da<\/td>\r\n    <\/tr>\r\n    <tr>\r\n      <td>Varnostni mehanizem za hitro sprostitev<\/td>\r\n      <td>Da<\/td>\r\n      <td>Da<\/td>\r\n      <td>Da<\/td>\r\n    <\/tr>\r\n    <tr>\r\n      <td>Dol\u017eina, \u0161irina, vi\u0161ina (D*\u0160*V)<\/td>\r\n      <td>123 x 69 x 123 cm<\/td>\r\n      <td>123 x 69 x 123 cm<\/td>\r\n      <td>132 x 69 x 131 cm<\/td>\r\n    <\/tr>\r\n    <tr>\r\n      <td>Dol\u017eina, \u0161irina, vi\u0161ina zlo\u017eenega (D*\u0160*V)<\/td>\r\n      <td>123 x 69 x 55 cm<\/td>\r\n      <td>123 x 69 x 55 cm<\/td>\r\n      <td>132 x 69 x 54 cm<\/td>\r\n    <\/tr>\r\n    <tr>\r\n      <td>Oddaljenost od tal<\/td>\r\n      <td>17.5 cm<\/td>\r\n      <td>17.5 cm<\/td>\r\n      <td>17 cm<\/td>\r\n    <\/tr>\r\n    <tr>\r\n      <td>Te\u017ea<\/td>\r\n      <td>30.31 kg<\/td>\r\n      <td>30.31 kg<\/td>\r\n      <td>34.16 kg<\/td>\r\n    <\/tr>\r\n    <tr>\r\n      <td>Tip krmila<\/td>\r\n      <td>Oja\u010dano T krmilo<\/td>\r\n      <td>Oja\u010dano T krmilo<\/td>\r\n      <td>Oja\u010dano T krmilo<\/td>\r\n    <\/tr>\r\n    <tr>\r\n      <td>Tip gumijastih ro\u010dk krmila<\/td>\r\n      <td>Ergonomsko oblikovani ro\u010dki krmila z dvostranskim zaklepom iz mehke gume<\/td>\r\n      <td>Ergonomsko oblikovani ro\u010dki krmila z dvostranskim zaklepom iz mehke gume<\/td>\r\n      <td>Ergonomsko oblikovani ro\u010dki krmila z dvostranskim zaklepom iz mehke gume<\/td>\r\n    <\/tr>\r\n    <tr>\r\n      <td>Stojna povr\u0161ina<\/td>\r\n      <td>Nedrse\u010da povr\u0161ina iz silika gela<\/td>\r\n      <td>Nedrse\u010da povr\u0161ina iz silika gela<\/td>\r\n      <td>Nedrse\u010da povr\u0161ina iz silika gela<\/td>\r\n    <\/tr>\r\n    <tr>\r\n      <td>Dimenzije embala\u017ee (D*\u0160*V)<\/td>\r\n      <td>128.5 x 26 x 63 cm<\/td>\r\n      <td>128.5 x 26 x 63 cm<\/td>\r\n      <td>134 x 26 x 64 cm<\/td>\r\n    <\/tr>\r\n    <tr>\r\n      <td>Te\u017ea pakiranja<\/td>\r\n      <td>36.06 Kg<\/td>\r\n      <td>36.06 Kg<\/td>\r\n      <td>39.64 kg<\/td>\r\n    <\/tr>\r\n    <tr>\r\n      <td colspan=\"4\" style=\"background-color: #005BFF; color: #E0E0E0; text-align: center;\">PNEVMATIKE<\/td>\r\n    <\/tr>\r\n    <tr>\r\n      <td>Velikost<\/td>\r\n      <td>10*3.0 palce (80\/65-6, 255\u00d780)<\/td>\r\n      <td>10*3.0 palce (80\/65-6, 255\u00d780)<\/td>\r\n      <td>10*3.0 palce (80\/65-6, 255\u00d780)<\/td>\r\n    <\/tr>\r\n    <tr>\r\n      <td>Tip<\/td>\r\n      <td>Napihljiva guma brez zra\u010dnice<\/td>\r\n      <td>Napihljiva guma brez zra\u010dnice<\/td>\r\n      <td>Napihljiva guma brez zra\u010dnice<\/td>\r\n    <\/tr>\r\n    <tr>\r\n      <td>Profil<\/td>\r\n      <td>Cestni<\/td>\r\n      <td>Cestni<\/td>\r\n      <td>Hibridni, za cesto in teren<\/td>\r\n    <\/tr>\r\n    <tr>\r\n      <td>Znamka<\/td>\r\n      <td>CST<\/td>\r\n      <td>CST<\/td>\r\n      <td>Wanda<\/td>\r\n    <\/tr>\r\n    <tr>\r\n      <td colspan=\"4\" style=\"background-color: #005BFF; color: #E0E0E0; text-align: center;\">ZAVORE<\/td>\r\n    <\/tr>\r\n    <tr>\r\n      <td>Tip<\/td>\r\n      <td>Kolutna zavora spredaj in zadaj (mehanska)<\/td>\r\n      <td>Kolutna zavora spredaj in zadaj (hidravli\u010dna)<\/td>\r\n      <td>Kolutna zavora spredaj in zadaj (hidravli\u010dna)<\/td>\r\n    <\/tr>\r\n    <tr>\r\n      <td>Premer koluta<\/td>\r\n      <td>140 mm<\/td>\r\n      <td>140 mm<\/td>\r\n      <td>160 mm<\/td>\r\n    <\/tr>\r\n    <tr>\r\n      <td>Znamka<\/td>\r\n      <td>JAK<\/td>\r\n      <td>NUTT<\/td>\r\n      <td>NUTT<\/td>\r\n    <\/tr>\r\n    <tr>\r\n      <td>Dodatna elektronska zavora<\/td>\r\n      <td>Da, mo\u010dna elektronska zavora, ki prispeva k varnosti in lahko bistveno podalj\u0161a \u017eivljenjsko dobo zavornih plo\u0161\u010dic<\/td>\r\n      <td>Da, mo\u010dna elektronska zavora, ki prispeva k varnosti in lahko bistveno podalj\u0161a \u017eivljenjsko dobo zavornih plo\u0161\u010dic<\/td>\r\n      <td>Da, mo\u010dna elektronska zavora, ki prispeva k varnosti in lahko bistveno podalj\u0161a \u017eivljenjsko dobo zavornih plo\u0161\u010dic<\/td>\r\n    <\/tr>\r\n    <tr>\r\n      <td>eABS<\/td>\r\n      <td>Da<\/td>\r\n      <td>Da<\/td>\r\n      <td>Da<\/td>\r\n    <\/tr>\r\n    <tr>\r\n      <td colspan=\"4\" style=\"background-color: #005BFF; color: #E0E0E0; text-align: center;\">VZMETENJE<\/td>\r\n    <\/tr>\r\n    <tr>\r\n      <td>Tip<\/td>\r\n      <td>Hidravli\u010dno vzmetenje spredaj in zadaj<\/td>\r\n      <td>Hidravli\u010dno vzmetenje spredaj in zadaj<\/td>\r\n      <td>Hidravli\u010dno vzmetenje spredaj in zadaj<\/td>\r\n    <\/tr>\r\n    <tr>\r\n      <td>Prilagodljivo vzmetenje<\/td>\r\n      <td>Da (prilo\u017eeno je potrebno orodje)<\/td>\r\n      <td>Da (prilo\u017eeno je potrebno orodje)<\/td>\r\n      <td>Da (prilo\u017eeno je potrebno orodje)<\/td>\r\n    <\/tr>\r\n    <tr>\r\n      <td>Test vzmetenja<\/td>\r\n      <td>200.000 stiskov<\/td>\r\n      <td>200.000 stiskov<\/td>\r\n      <td>200.000 stiskov<\/td>\r\n    <\/tr>\r\n    <tr>\r\n      <td colspan=\"4\" style=\"background-color: #005BFF; color: #E0E0E0; text-align: center;\">Zaslon<\/td>\r\n    <\/tr>\r\n    <tr>\r\n      <td>Tip<\/td>\r\n      <td>LCD zaslon s pospe\u0161evalno ro\u010dico in NFC klju\u010davnico<\/td>\r\n      <td>PRO TFT barvni matri\u010dni zaslon<\/td>\r\n      <td>PRO TFT barvni matri\u010dni zaslon<\/td>\r\n    <\/tr>\r\n    <tr>\r\n      <td>Tempomat<\/td>\r\n      <td>Da<\/td>\r\n      <td>Da<\/td>\r\n      <td>Da<\/td>\r\n    <\/tr>\r\n    <tr>\r\n      <td>Velikost<\/td>\r\n      <td>12.5 x 6.1 x 2.8 cm<\/td>\r\n      <td>\t3.5 palca<\/td>\r\n      <td>\t3.5 palca<\/td>\r\n    <\/tr>\r\n    <tr>\r\n      <td>Barvni LCD zaslon<\/td>\r\n      <td>Ne<\/td>\r\n      <td>Da<\/td>\r\n      <td>Da<\/td>\r\n    <\/tr>\r\n    <tr>\r\n      <td>Polo\u017eaj<\/td>\r\n      <td>Desna stran<\/td>\r\n      <td>Sredina<\/td>\r\n      <td>Sredina<\/td>\r\n    <\/tr>\r\n    <tr>\r\n      <td>Pospe\u0161evanje<\/td>\r\n      <td>Ro\u010dica za prst (kazalec)<\/td>\r\n      <td>Ro\u010dica za prst (palec)<\/td>\r\n      <td>Ro\u010dica za prst (palec)<\/td>\r\n    <\/tr>\r\n    <tr>\r\n      <td>Prikazani podatki<\/td>\r\n      <td>Hitrost, indikator baterija, prestava (1, 2, 3), indikator lu\u010di, \u010das, ODO<\/td>\r\n      <td>Hitrost (tudi najvi\u0161ja in povpre\u010dna hitrost), razdalja (ODO, TRIP), prestava, indikator baterije, napetost, tok, mo\u010d v realnem \u010dasu, indikator lu\u010di, indikator pogona Single\/Dual, ura (tudi \u010das vo\u017enje), temperatura krmilnika, temperatura okolja<\/td>\r\n      <td>Hitrost (tudi najvi\u0161ja in povpre\u010dna hitrost), razdalja (ODO, TRIP), prestava, indikator baterije, napetost, tok, mo\u010d v realnem \u010dasu, indikator lu\u010di, indikator pogona Single\/Dual, ura (tudi \u010das vo\u017enje), temperatura krmilnika, temperatura okolja<\/td>\r\n    <\/tr>\r\n    <tr>\r\n      <td>Enote<\/td>\r\n      <td>Metric \/ imperial<\/td>\r\n      <td>Metric \/ imperial<\/td>\r\n      <td>Metric \/ imperial<\/td>\r\n    <\/tr>\r\n    <tr>\r\n      <td>Na\u010dini vo\u017enje<\/td>\r\n      <td>Single\/dual motor in Turbo\/Eco (Eco omeji najvi\u0161jo hitrost na 20 km\/h)<\/td>\r\n      <td>Single \/ dual motor<\/td>\r\n      <td>Single \/ dual motor<\/td>\r\n    <\/tr>\r\n    <tr>\r\n      <td>Omejitev hitrosti<\/td>\r\n      <td>Prilagodljiva v %, 5 - 100 %<\/td>\r\n      <td>Prilagodljiva v %, 1 - 100 %<\/td>\r\n      <td>Prilagodljiva v %, 1 - 100 %<\/td>\r\n    <\/tr>\r\n    <tr>\r\n      <td>Indikator baterije<\/td>\r\n      <td>Grafi\u010dni prikaz in napetost (V)<\/td>\r\n      <td>Odstotki (%) in napetost (V)<\/td>\r\n      <td>Odstotki (%) in napetost (V)<\/td>\r\n    <\/tr>\r\n    <tr>\r\n      <td>Svetlost<\/td>\r\n      <td>Ni prilagodljiva<\/td>\r\n      <td>Prilagodljiva med 1 - 5<\/td>\r\n      <td>Prilagodljiva med 1 - 5<\/td>\r\n    <\/tr>\r\n    <tr>\r\n      <td>Funkcija Kick Start<\/td>\r\n      <td>Da<\/td>\r\n      <td>Da<\/td>\r\n      <td>Da<\/td>\r\n    <\/tr>\r\n    <tr>\r\n      <td>USB vti\u010dnica<\/td>\r\n      <td>Ne<\/td>\r\n      <td>Da<\/td>\r\n      <td>Da <\/td>\r\n    <\/tr>\r\n    <tr>\r\n      <td>Samodejni izklop<\/td>\r\n      <td>Ne<\/td>\r\n      <td>Prilagodljivost med 0 - 10 min<\/td>\r\n      <td>Prilagodljivost med 0 - 10 min<\/td>\r\n    <\/tr>\r\n    <tr>\r\n      <td colspan=\"4\" style=\"background-color: #005BFF; color: #E0E0E0; text-align: center;\">OSVETLITEV<\/td>\r\n    <\/tr>\r\n    <tr>\r\n      <td>Lu\u010di<\/td>\r\n      <td>Sprednji \u017earomet z vgrajeno hupo, zadnja lu\u010d, zavorna lu\u010d, stranske lu\u010di<\/td>\r\n      <td>Sprednji \u017earomet z vgrajeno hupo, zadnja lu\u010d, zavorna lu\u010d, stranske lu\u010di<\/td>\r\n      <td>Sprednji \u017earomet z vgrajeno hupo, zadnja lu\u010d, zavorna lu\u010d, stranske lu\u010di<\/td>\r\n    <\/tr>\r\n    <tr>\r\n      <td>Smerniki<\/td>\r\n      <td>Da, zadaj<\/td>\r\n      <td>Da, zadaj<\/td>\r\n      <td>Da, zadaj<\/td>\r\n    <\/tr>\r\n    <tr>\r\n      <td>Smerniki<\/td>\r\n      <td>Da, zadaj<\/td>\r\n      <td>Da, zadaj<\/td>\r\n      <td>Da, zadaj<\/td>\r\n    <\/tr>\r\n    <tr>\r\n      <td>Ambientalna osvetlitev<\/td>\r\n      <td>Da, na straneh<\/td>\r\n      <td>Da, na straneh<\/td>\r\n      <td>Da, na straneh<\/td>\r\n    <\/tr>\r\n    <tr>\r\n      <td>Tip ambientalne osvetlitve<\/td>\r\n      <td>RGB<\/td>\r\n      <td>RGB<\/td>\r\n      <td>RGB<\/td>\r\n    <\/tr>\r\n    <tr>\r\n      <td>Upravljanje ambientalnih lu\u010di<\/td>\r\n      <td>Mobilna aplikacija, Android in iOS<\/td>\r\n      <td>Mobilna aplikacija, Android in iOS<\/td>\r\n      <td>Mobilna aplikacija, Android in iOS<\/td>\r\n    <\/tr>\r\n    <tr>\r\n      <td colspan=\"4\" style=\"background-color: #005BFF; color: #E0E0E0; text-align: center;\">DODATNE LASTNOSTI<\/td>\r\n    <\/tr>\r\n    <tr>\r\n      <td>Za\u0161\u010dita proti kraji<\/td>\r\n      <td>Da, NFC klju\u010davnica<\/td>\r\n      <td>Da, NFC klju\u010davnica in koda PIN<\/td>\r\n      <td>Da, NFC klju\u010davnica in koda PIN<\/td>\r\n    <\/tr>\r\n    <tr>\r\n      <td>\u0160tevilo NFC kartic<\/td>\r\n      <td>3 (1 glavni klju\u010d)<\/td>\r\n      <td>3 (1 glavni klju\u010d)<\/td>\r\n      <td>3 (1 glavni klju\u010d)<\/td>\r\n    <\/tr>\r\n    <tr>\r\n      <td>Osvetljena stikala<\/td>\r\n      <td>Stikala: Turbo\/eco, Lu\u010di on\/off, Smerniki levo\/desno<\/td>\r\n      <td>Stikala: Lu\u010di on\/off, Smerniki left\/right<\/td>\r\n      <td>Stikala: Lu\u010di on\/off, Smerniki left\/right<\/td>\r\n    <\/tr>\r\n    <tr>\r\n      <td>Hupa<\/td>\r\n      <td>Da<\/td>\r\n      <td>Da<\/td>\r\n      <td>Da<\/td>\r\n    <\/tr>\r\n    <tr>\r\n      <td>Stransko stojalo \/ noga<\/td>\r\n      <td>Trpe\u017ena kovina, dol\u017eina 170 mm<\/td>\r\n      <td>Trpe\u017ena kovina, dol\u017eina 170 mm<\/td>\r\n      <td>Trpe\u017ena kovina, dol\u017eina 170 mm<\/td>\r\n    <\/tr>\r\n    <tr>\r\n      <td>Blatniki<\/td>\r\n      <td>Da<\/td>\r\n      <td>Da<\/td>\r\n      <td>Da<\/td>\r\n    <\/tr>\r\n    <tr>\r\n      <td>Mo\u017enost sede\u017ea<\/td>\r\n      <td>Da<\/td>\r\n      <td>Da<\/td>\r\n      <td>Da<\/td>\r\n    <\/tr>\r\n    <tr>\r\n      <td>Mobilna aplikacija za RGB osvetlitev<\/td>\r\n      <td>Da<\/td>\r\n      <td>Da<\/td>\r\n      <td>Da<\/td>\r\n    <\/tr>\r\n    <tr>\r\n      <td>Kabli skriti v okvirju<\/td>\r\n      <td>Da<\/td>\r\n      <td>Da<\/td>\r\n      <td>Da<\/td>\r\n    <\/tr>\r\n    <tr>\r\n      <td>Pokrov polnilnih vti\u010dnic<\/td>\r\n      <td>Guma za za\u0161\u010dito pred kratkim stikom<\/td>\r\n      <td>Guma za za\u0161\u010dito pred kratkim stikom<\/td>\r\n      <td>Guma za za\u0161\u010dito pred kratkim stikom<\/td>\r\n    <\/tr>\r\n    <tr>\r\n      <td>Certifikati<\/td>\r\n      <td>Ce, RoHS<\/td>\r\n      <td>Ce, RoHS<\/td>\r\n      <td>Ce, RoHS<\/td>\r\n    <\/tr>\r\n    <tr>\r\n      <td>Unikatna serijska \u0161tevilka<\/td>\r\n      <td>Da<\/td>\r\n      <td>Da<\/td>\r\n      <td>Da<\/td>\r\n    <\/tr>\r\n    <tr>\r\n      <td>Garancija<\/td>\r\n      <td>1 leto (+ 1 leto opcijsko)<\/td>\r\n      <td>1 leto (+ 1 leto opcijsko)<\/td>\r\n      <td>1 leto (+ 1 leto opcijsko)<\/td>\r\n    <\/tr>\r\n    <tr>\r\n      <td>Komplet vsebuje<\/td>\r\n      <td>Skiro, polnilnik, navodila za uporabo, dodatne \u0161\u010ditnike za motor, orodje za prilagajanje vzmetenja<\/td>\r\n      <td>Skiro, polnilnik, navodila za uporabo, dodatne \u0161\u010ditnike za motor, orodje za prilagajanje vzmetenja<\/td>\r\n      <td>Skiro, polnilnik, navodila za uporabo, dodatne \u0161\u010ditnike za motor, orodje za prilagajanje vzmetenja<\/td>\r\n    <\/tr>\r\n  <\/tbody>\r\n<\/table>\r\n\t\t<\/div>\n\t\t\t\t<\/div>\n\t\t\t\t<\/div>\n\t\t\t\t<\/div>\n\t\t\t\t<\/div>","protected":false},"excerpt":{"rendered":"<p>Elektron Kinetik Elektron Kinetik PRO Elektron Kinetik GTR MOTOR Top speed 60 km\/h (limited to 25 km\/h) 60 km\/h (limited to 25 km\/h) 75 km\/h (limited to 25 km\/h) Motor power (rated) 2000 W, 2x 1000 W 2000 W, 2x 1000 W 2800 W, 2x 1400 W Maximum Motor Power (peak) 3600 W, 2x 1800 [&hellip;]<\/p>","protected":false},"author":1,"featured_media":0,"parent":0,"menu_order":0,"comment_status":"closed","ping_status":"closed","template":"elementor_header_footer","meta":{"footnotes":""},"_links":{"self":[{"href":"https:\/\/elektronscooters.com\/sl\/wp-json\/wp\/v2\/pages\/492"}],"collection":[{"href":"https:\/\/elektronscooters.com\/sl\/wp-json\/wp\/v2\/pages"}],"about":[{"href":"https:\/\/elektronscooters.com\/sl\/wp-json\/wp\/v2\/types\/page"}],"author":[{"embeddable":true,"href":"https:\/\/elektronscooters.com\/sl\/wp-json\/wp\/v2\/users\/1"}],"replies":[{"embeddable":true,"href":"https:\/\/elektronscooters.com\/sl\/wp-json\/wp\/v2\/comments?post=492"}],"version-history":[{"count":4,"href":"https:\/\/elektronscooters.com\/sl\/wp-json\/wp\/v2\/pages\/492\/revisions"}],"predecessor-version":[{"id":496,"href":"https:\/\/elektronscooters.com\/sl\/wp-json\/wp\/v2\/pages\/492\/revisions\/496"}],"wp:attachment":[{"href":"https:\/\/elektronscooters.com\/sl\/wp-json\/wp\/v2\/media?parent=492"}],"curies":[{"name":"wp","href":"https:\/\/api.w.org\/{rel}","templated":true}]}}