{"id":1263,"date":"2024-02-19T12:20:37","date_gmt":"2024-02-19T12:20:37","guid":{"rendered":"https:\/\/elektronscooters.com\/?page_id=1263"},"modified":"2024-04-30T13:34:22","modified_gmt":"2024-04-30T13:34:22","slug":"how-to-order-on-elektronscooters-com","status":"publish","type":"page","link":"https:\/\/elektronscooters.com\/sl\/postopek-nakupa\/","title":{"rendered":"How to Order on ElektronScooters.com\u200b"},"content":{"rendered":"<div data-elementor-type=\"wp-page\" data-elementor-id=\"1263\" class=\"elementor elementor-1263\" data-elementor-post-type=\"page\">\n\t\t\t\t<div class=\"elementor-element elementor-element-c05ba51 e-flex e-con-boxed e-con e-parent\" data-id=\"c05ba51\" data-element_type=\"container\" data-settings=\"{&quot;background_background&quot;:&quot;classic&quot;}\">\n\t\t\t\t\t<div class=\"e-con-inner\">\n\t\t<div class=\"elementor-element elementor-element-4d6f9a9 e-con-full e-flex e-con e-child\" data-id=\"4d6f9a9\" data-element_type=\"container\" data-no-translation=\"\">\n\t\t\t\t<div class=\"elementor-element elementor-element-ce39214 elementor-widget elementor-widget-heading\" data-id=\"ce39214\" data-element_type=\"widget\" data-widget_type=\"heading.default\">\n\t\t\t\t<div class=\"elementor-widget-container\">\n\t\t\t<h1 class=\"elementor-heading-title elementor-size-default\">Postopek nakupa<\/h1>\t\t<\/div>\n\t\t\t\t<\/div>\n\t\t\t\t<div class=\"elementor-element elementor-element-5ae790b elementor-widget__width-initial elementor-widget elementor-widget-text-editor\" data-id=\"5ae790b\" data-element_type=\"widget\" data-widget_type=\"text-editor.default\">\n\t\t\t\t<div class=\"elementor-widget-container\">\n\t\t\t\t\t\t\t<div class=\"elementor-element elementor-element-2be22c3 elementor-widget elementor-widget-heading\" data-id=\"2be22c3\" data-element_type=\"widget\" data-widget_type=\"heading.default\"><div class=\"elementor-widget-container\"><h1 class=\"elementor-heading-title elementor-size-default\"><span style=\"font-size: 14px; background-color: var( --e-global-color-text );\">Za izbolj\u0161anje va\u0161e izku\u0161nje pri nakupu elektri\u010dnih skirojev, smo veseli, da vam ponujamo celovit nabor pla\u010dilnih mo\u017enosti prek storitve Stripe. Na\u0161a prednostna naloga je zagotoviti, da so vse transakcije na ElectricScooters.com teko\u010de, varne in skladne z va\u0161imi \u017eeljami.<\/span><\/h1><\/div><\/div><div class=\"elementor-element elementor-element-7a70e94 elementor-widget__width-initial elementor-widget elementor-widget-text-editor\" data-id=\"7a70e94\" data-element_type=\"widget\" data-widget_type=\"text-editor.default\"><div class=\"elementor-widget-container\"><p><strong>Pla\u010dilne metode:<\/strong><\/p><p><strong>Debetne in kreditne kartice<\/strong>Sprejemamo vse glavne debetne in kreditne kartice, kar vam omogo\u010da enostavne nakupe s kartico po va\u0161i izbiri.<\/p><p><strong>Apple Pay in Google Pay<\/strong>: Ta mo\u017enost je popolna za tiste, ki imajo radi udobje mobilnih pla\u010dil.<\/p><p><strong>Ban\u010dno nakazilo:<\/strong>\u00a0\u010ce imate raje tradicionalne ban\u010dne metode, lahko pla\u010date svoj elektri\u010dni skiro prek neposrednega ban\u010dnega nakazila.<\/p><p><strong>Predra\u010dun:<\/strong>\u00a0Idealno za podjetja ali posameznike, ki zahtevajo ra\u010dun z dav\u010dno \u0161tevilko, ponujamo mo\u017enost pla\u010dila preko predra\u010duna.<\/p><p><strong>1. Izbira izdelka:<\/strong><br \/>&#8211; Prebrskajte ponudbo elektri\u010dnih skirojev na spletni strani elektronscooter.com<br \/>&#8211; Izberite \u017eeleni skiro in morebitne variacije (barvo, velikost, dodatke).<\/p><p><strong>2. Dodajanje v ko\u0161arico:**<\/strong><br \/>&#8211; Kliknite na gumb &#8220;Dodaj v ko\u0161arico&#8221; za izbrane izdelke.<\/p><p><strong>3. Pregled ko\u0161arice:**<\/strong><br \/>&#8211; V ko\u0161arici pregledate izbrane izdelke. Po potrebi lahko prilagodite koli\u010dine ali odstranite izdelke.<\/p><p><strong>4. Nadaljevanje na blagajno:**<\/strong><br \/>&#8211; Kliknite na &#8220;Nadaljuj na blagajno&#8221;, ko ste preverili ko\u0161arico.<br \/>&#8211; Lahko se prijavite v svoj obstoje\u010di ra\u010dun ali nadaljujte kot gost.<\/p><p><strong>5. Vnos podatkov za dostavo:**<\/strong><br \/>&#8211; Vnesite svoj naslov za dostavo, kamor naj bo skiro dostavljen.<\/p><p><strong>6 Izbira na\u010dina pla\u010dila:**<\/strong><br \/>&#8211; Izberite Stripe kot svojo pla\u010dilno metodo. Stripe podpira:<br \/>&#8211; Kreditne\/debetne kartice: Visa, MasterCard, American Express.<br \/>&#8211; Digitalne denarnice: Apple Pay, Google Pay.<br \/>&#8211; Pla\u010dilo po predra\u010dunu z neposrednim ban\u010dnim nakazilom<\/p><p><strong>7. Pregled naro\u010dila in Pla\u010dilo:**<\/strong><br \/>&#8211; Dvakrat preverite podrobnosti va\u0161ega naro\u010dila, podatke o dostavi in pla\u010dilno metodo.<br \/>&#8211; Preverite skupni znesek, vklju\u010dno z morebitnimi stro\u0161ki dostave ali davki.<\/p><p><strong>8. Zaklju\u010dek nakupa:**<\/strong><br \/>&#8211; Oddajte svoje naro\u010dilo.<br \/>&#8211; Po elektronski po\u0161ti boste prejeli boste potrditev naro\u010dila, vklju\u010dno s podrobnostmi za sledenje va\u0161i po\u0161iljki.<\/p><\/div><\/div>\t\t\t\t\t\t<\/div>\n\t\t\t\t<\/div>\n\t\t\t\t<\/div>\n\t\t\t\t\t<\/div>\n\t\t\t\t<\/div>\n\t\t\t\t<\/div>","protected":false},"excerpt":{"rendered":"<p>How to Order For your convenience and flexibility in purchasing electric scooters, we are thrilled to offer a comprehensive array of payment options through Stripe. Our goal is to ensure that every transaction on ElectricScooters.com is smooth, secure, and suits your preferences. Payment Methods Offered: Major Debit and Credit Cards: We accept all major debit [&hellip;]<\/p>","protected":false},"author":1,"featured_media":0,"parent":0,"menu_order":0,"comment_status":"closed","ping_status":"closed","template":"elementor_header_footer","meta":{"footnotes":""},"_links":{"self":[{"href":"https:\/\/elektronscooters.com\/sl\/wp-json\/wp\/v2\/pages\/1263"}],"collection":[{"href":"https:\/\/elektronscooters.com\/sl\/wp-json\/wp\/v2\/pages"}],"about":[{"href":"https:\/\/elektronscooters.com\/sl\/wp-json\/wp\/v2\/types\/page"}],"author":[{"embeddable":true,"href":"https:\/\/elektronscooters.com\/sl\/wp-json\/wp\/v2\/users\/1"}],"replies":[{"embeddable":true,"href":"https:\/\/elektronscooters.com\/sl\/wp-json\/wp\/v2\/comments?post=1263"}],"version-history":[{"count":94,"href":"https:\/\/elektronscooters.com\/sl\/wp-json\/wp\/v2\/pages\/1263\/revisions"}],"predecessor-version":[{"id":1997,"href":"https:\/\/elektronscooters.com\/sl\/wp-json\/wp\/v2\/pages\/1263\/revisions\/1997"}],"wp:attachment":[{"href":"https:\/\/elektronscooters.com\/sl\/wp-json\/wp\/v2\/media?parent=1263"}],"curies":[{"name":"wp","href":"https:\/\/api.w.org\/{rel}","templated":true}]}}