{"id":202,"date":"2024-01-30T12:53:25","date_gmt":"2024-01-30T12:53:25","guid":{"rendered":"https:\/\/elektronscooters.com\/?post_type=product&#038;p=202"},"modified":"2024-02-16T12:58:23","modified_gmt":"2024-02-16T12:58:23","slug":"charger-for-elektron-kinetik-gtr-60-v","status":"publish","type":"product","link":"https:\/\/elektronscooters.com\/ro\/produs\/incarcator-pentru-elektron-kinetik-gtr-60-v\/","title":{"rendered":"\u00cenc\u0103rc\u0103tor pentru Elektron Kinetik GTR 60 V"},"content":{"rendered":"","protected":false},"excerpt":{"rendered":"<p>\u00cenc\u0103rc\u0103tor pentru Elektron Kinetik GTR 60 V<\/p>","protected":false},"featured_media":204,"comment_status":"open","ping_status":"closed","template":"","meta":[],"product_cat":[28,27],"product_tag":[],"_links":{"self":[{"href":"https:\/\/elektronscooters.com\/ro\/wp-json\/wp\/v2\/product\/202"}],"collection":[{"href":"https:\/\/elektronscooters.com\/ro\/wp-json\/wp\/v2\/product"}],"about":[{"href":"https:\/\/elektronscooters.com\/ro\/wp-json\/wp\/v2\/types\/product"}],"replies":[{"embeddable":true,"href":"https:\/\/elektronscooters.com\/ro\/wp-json\/wp\/v2\/comments?post=202"}],"wp:featuredmedia":[{"embeddable":true,"href":"https:\/\/elektronscooters.com\/ro\/wp-json\/wp\/v2\/media\/204"}],"wp:attachment":[{"href":"https:\/\/elektronscooters.com\/ro\/wp-json\/wp\/v2\/media?parent=202"}],"wp:term":[{"taxonomy":"product_cat","embeddable":true,"href":"https:\/\/elektronscooters.com\/ro\/wp-json\/wp\/v2\/product_cat?post=202"},{"taxonomy":"product_tag","embeddable":true,"href":"https:\/\/elektronscooters.com\/ro\/wp-json\/wp\/v2\/product_tag?post=202"}],"curies":[{"name":"wp","href":"https:\/\/api.w.org\/{rel}","templated":true}]}}