{"id":1176,"date":"2024-02-16T14:39:38","date_gmt":"2024-02-16T14:39:38","guid":{"rendered":"https:\/\/elektronscooters.com\/?post_type=product&#038;p=1176"},"modified":"2024-02-22T08:38:17","modified_gmt":"2024-02-22T08:38:17","slug":"electric-scooter-bag-4l","status":"publish","type":"product","link":"https:\/\/elektronscooters.com\/ro\/produs\/sac-scuter-electric-4l\/","title":{"rendered":"Geanta scuter electric, wateroroof, 4l"},"content":{"rendered":"","protected":false},"excerpt":{"rendered":"<p>V\u0103 prezent\u0103m Geanta pentru scuter electric, proiectat\u0103 meticulos pentru a satisface cerin\u021bele c\u0103l\u0103torilor. Proiectat cu un volum \u00eenc\u0103p\u0103tor de 4 litri, acest accesoriu transcende simpla depozitare; este o fuziune de func\u021bionalitate \u0219i durabilitate. Fabricat\u0103 cu un angajament ferm fa\u021b\u0103 de excelen\u021b\u0103, aceast\u0103 geant\u0103 se m\u00e2ndre\u0219te cu o impermeabilizare impenetrabil\u0103, asigur\u00e2nd c\u0103 bunurile dvs. r\u0103m\u00e2n protejate \u00eempotriva elementelor.<\/p>\n<p>Caracteristici:<\/p>\n<ul>\n<li>Capacitate ampl\u0103: Cu un interior spa\u021bios de 4 litri, aceast\u0103 geant\u0103 \u00ee\u021bi g\u0103zduie\u0219te cu u\u0219urin\u021b\u0103 lucrurile esen\u021biale, men\u021bin\u00e2ndu-\u021bi c\u0103l\u0103toria ne\u00eenc\u0103rcat\u0103.<\/li>\n<li>Rezisten\u021b\u0103 neclintit\u0103 la ap\u0103: Conceput\u0103 pentru a sfida elementele, aceast\u0103 geant\u0103 utilizeaz\u0103 materiale \u0219i tehnici de construc\u021bie de ultim\u0103 genera\u021bie pentru a garanta o protec\u021bie impermeabil\u0103 \u00eempotriva ploii, stropilor \u0219i infiltra\u021biilor de umiditate.<\/li>\n<li>Accesibilitate perfect\u0103: Facilitat de un mecanism cu fermoar meticulos realizat, accesul la lucrurile dvs. este rapid \u0219i f\u0103r\u0103 efort, asigur\u00e2nd confort f\u0103r\u0103 compromisuri.<\/li>\n<li>Instalare u\u0219oar\u0103: Utiliz\u00e2nd curele cu c\u00e2rlig \u0219i bucl\u0103, montarea acestei gen\u021bi pe scuterul electric este o briz\u0103, asigur\u00e2nd o potrivire sigur\u0103 pentru c\u0103l\u0103torii ne\u00eentrerupte.<\/li>\n<\/ul>\n<p>Porni\u021bi \u00een expedi\u021biile dvs. cu \u00eencredere, \u0219tiind c\u0103 bunurile dvs. sunt depozitate \u00een siguran\u021b\u0103 \u00een geanta pentru scuter electric.<\/p>","protected":false},"featured_media":1197,"comment_status":"open","ping_status":"closed","template":"","meta":[],"product_cat":[28],"product_tag":[],"_links":{"self":[{"href":"https:\/\/elektronscooters.com\/ro\/wp-json\/wp\/v2\/product\/1176"}],"collection":[{"href":"https:\/\/elektronscooters.com\/ro\/wp-json\/wp\/v2\/product"}],"about":[{"href":"https:\/\/elektronscooters.com\/ro\/wp-json\/wp\/v2\/types\/product"}],"replies":[{"embeddable":true,"href":"https:\/\/elektronscooters.com\/ro\/wp-json\/wp\/v2\/comments?post=1176"}],"wp:featuredmedia":[{"embeddable":true,"href":"https:\/\/elektronscooters.com\/ro\/wp-json\/wp\/v2\/media\/1197"}],"wp:attachment":[{"href":"https:\/\/elektronscooters.com\/ro\/wp-json\/wp\/v2\/media?parent=1176"}],"wp:term":[{"taxonomy":"product_cat","embeddable":true,"href":"https:\/\/elektronscooters.com\/ro\/wp-json\/wp\/v2\/product_cat?post=1176"},{"taxonomy":"product_tag","embeddable":true,"href":"https:\/\/elektronscooters.com\/ro\/wp-json\/wp\/v2\/product_tag?post=1176"}],"curies":[{"name":"wp","href":"https:\/\/api.w.org\/{rel}","templated":true}]}}