{"id":1172,"date":"2024-02-16T14:28:41","date_gmt":"2024-02-16T14:28:41","guid":{"rendered":"https:\/\/elektronscooters.com\/?post_type=product&#038;p=1172"},"modified":"2024-07-28T15:34:27","modified_gmt":"2024-07-28T15:34:27","slug":"elektron-kinetik-seat","status":"publish","type":"product","link":"https:\/\/elektronscooters.com\/ro\/produs\/elektron-kinetik-scaun\/","title":{"rendered":"Scaun Elektron Kinetik"},"content":{"rendered":"","protected":false},"excerpt":{"rendered":"<p>Scaunul Elektron Kinetik reprezint\u0103 v\u00e2rful de confort \u0219i comoditate pentru utilizatorii seriei de trotinete electrice Elektron Kinetik. Fabricat cu inginerie de precizie, acest scaun se m\u00e2ndre\u0219te cu un confort de neegalat, asigur\u00e2nd o c\u0103l\u0103torie lin\u0103 \u0219i pl\u0103cut\u0103 de fiecare dat\u0103. Designul s\u0103u pliabil adaug\u0103 un strat de practic, permi\u021b\u00e2nd depozitarea \u0219i portabilitatea u\u0219oar\u0103.<\/p>\n<p>Special conceput pentru a completa modelele Elektron Kinetik, Elektron Kinetik PRO \u0219i Elektron Kinetik GTR, acesta se integreaz\u0103 perfect cu aceste scutere, sporindu-le at\u00e2t func\u021bionalitatea, c\u00e2t \u0219i confortul. Fie c\u0103 navigheaz\u0103 pe str\u0103zile urbane sau se plimb\u0103 prin parcuri, scaunul Elektron Kinetik ofer\u0103 motocicli\u0219tilor o solu\u021bie de \u0219edere luxoas\u0103 \u0219i ergonomic\u0103, stabilind un nou standard pentru accesoriile scuterelor electrice.<\/p>","protected":false},"featured_media":1231,"comment_status":"open","ping_status":"closed","template":"","meta":[],"product_cat":[28],"product_tag":[],"_links":{"self":[{"href":"https:\/\/elektronscooters.com\/ro\/wp-json\/wp\/v2\/product\/1172"}],"collection":[{"href":"https:\/\/elektronscooters.com\/ro\/wp-json\/wp\/v2\/product"}],"about":[{"href":"https:\/\/elektronscooters.com\/ro\/wp-json\/wp\/v2\/types\/product"}],"replies":[{"embeddable":true,"href":"https:\/\/elektronscooters.com\/ro\/wp-json\/wp\/v2\/comments?post=1172"}],"wp:featuredmedia":[{"embeddable":true,"href":"https:\/\/elektronscooters.com\/ro\/wp-json\/wp\/v2\/media\/1231"}],"wp:attachment":[{"href":"https:\/\/elektronscooters.com\/ro\/wp-json\/wp\/v2\/media?parent=1172"}],"wp:term":[{"taxonomy":"product_cat","embeddable":true,"href":"https:\/\/elektronscooters.com\/ro\/wp-json\/wp\/v2\/product_cat?post=1172"},{"taxonomy":"product_tag","embeddable":true,"href":"https:\/\/elektronscooters.com\/ro\/wp-json\/wp\/v2\/product_tag?post=1172"}],"curies":[{"name":"wp","href":"https:\/\/api.w.org\/{rel}","templated":true}]}}