{"id":461,"date":"2024-02-07T11:11:56","date_gmt":"2024-02-07T11:11:56","guid":{"rendered":"https:\/\/elektronscooters.com\/?post_type=product&#038;p=461"},"modified":"2026-01-29T19:17:42","modified_gmt":"2026-01-29T19:17:42","slug":"elektron-kinetik-electric-scooter","status":"publish","type":"product","link":"https:\/\/elektronscooters.com\/pl\/produkt\/hulajnoga-elektryczna-elektron-kinetik\/","title":{"rendered":"Hulajnoga elektryczna Elektron Kinetik"},"content":{"rendered":"","protected":false},"excerpt":{"rendered":"<p><strong>Pr\u0119dko\u015b\u0107 maksymalna i moc:<\/strong> Osi\u0105ga maksymaln\u0105 pr\u0119dko\u015b\u0107 60 km\/h, z elektronicznym ograniczeniem do 25 km\/h dla bezpiecze\u0144stwa, nap\u0119dzany solidnym podw\u00f3jnym silnikiem o mocy znamionowej 2000 W (2x 1000 W) i mocy szczytowej 2600 W (2x 1300 W).<\/p>\n<p><strong>Maksymalne nachylenie:<\/strong> Mo\u017ce pokonywa\u0107 wzniesienia o nachyleniu do 25\u00b0, umo\u017cliwiaj\u0105c wszechstronn\u0105 nawigacj\u0119 w mie\u015bcie.<\/p>\n<p><strong>Zasi\u0119g i specyfikacja baterii:<\/strong> Oferuje maksymalny zasi\u0119g 75 km na jednym \u0142adowaniu, obs\u0142ugiwany przez akumulator 20,8 Ah, 52 V. Oczekiwana \u017cywotno\u015b\u0107 akumulatora: 720 cykli przy pojemno\u015bci powy\u017cej 70%.<\/p>\n<p><strong>Wy\u015bwietlanie danych:<\/strong> Wyposa\u017cony w wy\u015bwietlacz LCD, kt\u00f3ry zapewnia niezb\u0119dne informacje o je\u017adzie, w tym pr\u0119dko\u015b\u0107, wska\u017anik na\u0142adowania akumulatora, ustawienia bieg\u00f3w (1, 2, 3), stan reflektor\u00f3w, czas, woltomierz i licznik kilometr\u00f3w, zapewniaj\u0105c rowerzystom wszystkie niezb\u0119dne dane na pierwszy rzut oka, aby zapewni\u0107 bezpieczn\u0105 i \u015bwiadom\u0105 jazd\u0119.<\/p>\n<p><strong>Waga Specyfikacje i wymiary:<\/strong> Wa\u017cy 30 kg i jest przeznaczony do przewozu os\u00f3b o wadze do 130 kg, a jego wymiary po roz\u0142o\u017ceniu wynosz\u0105 130 x 69 x 131 cm (d\u0142. x wys.).<\/p>\n<p><strong>\u0141\u0105czno\u015b\u0107 i personalizacja:<\/strong> Oferuje obs\u0142ug\u0119 aplikacji do dostosowywania o\u015bwietlenia otoczenia RGB w celu spersonalizowania estetyki i bezpiecze\u0144stwa.<\/p>\n<p><strong>Opony szosowe:<\/strong> Wyposa\u017cony w nadmuchiwane opony bezd\u0119tkowe CST 10 * 3,0 cala, zaprojektowane z my\u015bl\u0105 o optymalnym u\u017cytkowaniu na drodze, zapewniaj\u0105c p\u0142ynn\u0105 jazd\u0119 po miejskich trasach.<\/p>\n<p><strong>Czas \u0142adowania:<\/strong> Standardowe \u0142adowanie w ci\u0105gu 8-10 godzin, z opcj\u0105 skr\u00f3cenia tego czasu do 4-5 godzin przy u\u017cyciu dodatkowej \u0142adowarki.<\/p>\n<p><strong>Zabezpieczenia baterii i \u0142adowania:<\/strong>\u00a0Obejmuje ochron\u0119 przed zbyt niskim napi\u0119ciem, ochron\u0119 przed przepi\u0119ciem, ochron\u0119 przed prze\u0142adowaniem, ochron\u0119 przed nadmiernym roz\u0142adowaniem i ochron\u0119 przed przegrzaniem w celu zwi\u0119kszenia bezpiecze\u0144stwa i d\u0142ugowieczno\u015bci baterii.<\/p>\n<p><strong>Konstrukcja i przeno\u015bno\u015b\u0107:<\/strong> Sk\u0142adana konstrukcja zapewnia wygodne przechowywanie i transport, a wzmocniona kierownica w kszta\u0142cie litery T i ergonomicznie zaprojektowana dwustronna blokada kierownicy z mi\u0119kkiej gumy zapewniaj\u0105 wygod\u0119 i kontrol\u0119. \u0141atwy do z\u0142o\u017cenia\/roz\u0142o\u017cenia mechanizm blokady bezpiecze\u0144stwa.<\/p>\n<p><strong>Uk\u0142ad hamulcowy i wydajno\u015b\u0107:<\/strong> Mechaniczne hamulce tarczowe uzupe\u0142nione o hamulce elektroniczne zwi\u0119kszaj\u0105 bezpiecze\u0144stwo i wyd\u0142u\u017caj\u0105 \u017cywotno\u015b\u0107 klock\u00f3w hamulcowych.<\/p>\n<p><strong>Regulowany system zawieszenia:<\/strong> Wyposa\u017cony w regulowane zawieszenie hydrauliczne, rygorystycznie testowane do 200 000 cykli spr\u0119\u017cania, zapewniaj\u0105ce p\u0142ynn\u0105 jazd\u0119 na wszystkich powierzchniach.<\/p>\n<p><strong>\u0141atwa konserwacja i zaawansowana konstrukcja: <\/strong>Wyposa\u017cony w system dzielonej obr\u0119czy i wodoodporne z\u0142\u0105cza silnika dla \u0142atwego serwisowania.<\/p>\n<p><strong>O\u015bwietlenie, widoczno\u015b\u0107 i funkcje bezpiecze\u0144stwa:<\/strong> Konfigurowalne \u015bwiat\u0142a otoczenia RGB sterowane za pomoc\u0105 aplikacji mobilnej, zintegrowane kierunkowskazy dla lepszej widoczno\u015bci i naklejki odblaskowe ELEKTRON dla wi\u0119kszego bezpiecze\u0144stwa na drodze. Antypo\u015blizgowa powierzchnia wykonana z \u017celu krzemionkowego.<\/p>\n<p><strong>Zabezpieczenia:<\/strong> Wyposa\u017cony w blokad\u0119 NFC dla bezpiecznego parkowania i ochrony przed kradzie\u017c\u0105.<\/p>\n<p><strong>Dodatkowe opcje komfortu:<\/strong> Oferuje mo\u017cliwo\u015b\u0107 zamocowania siedziska w celu zwi\u0119kszenia komfortu jazdy podczas d\u0142u\u017cszych podr\u00f3\u017cy.<\/p>\n<p class=\" translation-block\"><strong>Darmowa i szybka wysy\u0142ka<\/strong> na terenie <strong>UE w ci\u0105gu 2-3 dni roboczych<\/strong>, roczna gwarancja na hulajnogi elektryczne z mo\u017cliwo\u015bci\u0105 przed\u0142u\u017cenia o kolejny rok za 150 \u20ac, sprawne us\u0142ugi naprawcze i 14-dniowa polityka zwrot\u00f3w.<\/p>","protected":false},"featured_media":2072,"comment_status":"open","ping_status":"closed","template":"","meta":[],"product_cat":[25,26],"product_tag":[30],"_links":{"self":[{"href":"https:\/\/elektronscooters.com\/pl\/wp-json\/wp\/v2\/product\/461"}],"collection":[{"href":"https:\/\/elektronscooters.com\/pl\/wp-json\/wp\/v2\/product"}],"about":[{"href":"https:\/\/elektronscooters.com\/pl\/wp-json\/wp\/v2\/types\/product"}],"replies":[{"embeddable":true,"href":"https:\/\/elektronscooters.com\/pl\/wp-json\/wp\/v2\/comments?post=461"}],"wp:featuredmedia":[{"embeddable":true,"href":"https:\/\/elektronscooters.com\/pl\/wp-json\/wp\/v2\/media\/2072"}],"wp:attachment":[{"href":"https:\/\/elektronscooters.com\/pl\/wp-json\/wp\/v2\/media?parent=461"}],"wp:term":[{"taxonomy":"product_cat","embeddable":true,"href":"https:\/\/elektronscooters.com\/pl\/wp-json\/wp\/v2\/product_cat?post=461"},{"taxonomy":"product_tag","embeddable":true,"href":"https:\/\/elektronscooters.com\/pl\/wp-json\/wp\/v2\/product_tag?post=461"}],"curies":[{"name":"wp","href":"https:\/\/api.w.org\/{rel}","templated":true}]}}