{"id":1176,"date":"2024-02-16T14:39:38","date_gmt":"2024-02-16T14:39:38","guid":{"rendered":"https:\/\/elektronscooters.com\/?post_type=product&#038;p=1176"},"modified":"2024-02-22T08:38:17","modified_gmt":"2024-02-22T08:38:17","slug":"electric-scooter-bag-4l","status":"publish","type":"product","link":"https:\/\/elektronscooters.com\/pl\/produkt\/torba-na-hulajnoge-elektryczna-4l\/","title":{"rendered":"Torba na hulajnog\u0119 elektryczn\u0105, wodoodporna, 4l"},"content":{"rendered":"","protected":false},"excerpt":{"rendered":"<p>Przedstawiamy torb\u0119 na hulajnog\u0119 elektryczn\u0105, starannie zaprojektowan\u0105, aby sprosta\u0107 wymaganiom podr\u00f3\u017cnik\u00f3w. Zaprojektowany z pojemn\u0105 4-litrow\u0105 obj\u0119to\u015bci\u0105, to akcesorium wykracza poza zwyk\u0142e przechowywanie; to po\u0142\u0105czenie funkcjonalno\u015bci i trwa\u0142o\u015bci. Wykonana z niez\u0142omnym zaanga\u017cowaniem w doskona\u0142o\u015b\u0107, torba ta posiada nieprzepuszczaln\u0105 wodoodporno\u015b\u0107, zapewniaj\u0105c, \u017ce Twoje rzeczy pozostan\u0105 chronione przed \u017cywio\u0142ami.<\/p>\n<p>Cechy:<\/p>\n<ul>\n<li>Du\u017ca pojemno\u015b\u0107: Dzi\u0119ki przestronnemu, 4-litrowemu wn\u0119trzu, torba z \u0142atwo\u015bci\u0105 pomie\u015bci niezb\u0119dne rzeczy, zapewniaj\u0105c swobod\u0119 podr\u00f3\u017cowania.<\/li>\n<li>Nieust\u0119pliwa wodoodporno\u015b\u0107: Zaprojektowana, aby przeciwstawi\u0107 si\u0119 \u017cywio\u0142om, ta torba wykorzystuje najnowocze\u015bniejsze materia\u0142y i techniki konstrukcyjne, aby zagwarantowa\u0107 nieprzepuszczaln\u0105 ochron\u0119 przed deszczem, rozpryskami i przenikaniem wilgoci.<\/li>\n<li>Bezproblemowy dost\u0119p: U\u0142atwiony dzi\u0119ki starannie wykonanemu mechanizmowi zamka b\u0142yskawicznego dost\u0119p do rzeczy jest szybki i \u0142atwy, zapewniaj\u0105c wygod\u0119 bez kompromis\u00f3w.<\/li>\n<li>\u0141atwa instalacja: Dzi\u0119ki paskom z haczykami i p\u0119telkami monta\u017c tej torby na hulajnodze elektrycznej jest bardzo prosty, zapewniaj\u0105c bezpieczne dopasowanie i nieprzerwane podr\u00f3\u017ce.<\/li>\n<\/ul>\n<p>Wyruszaj na wyprawy z pewno\u015bci\u0105 siebie, wiedz\u0105c, \u017ce Twoje rzeczy s\u0105 bezpiecznie przechowywane w torbie na hulajnog\u0119 elektryczn\u0105.<\/p>","protected":false},"featured_media":1197,"comment_status":"open","ping_status":"closed","template":"","meta":[],"product_cat":[28],"product_tag":[],"_links":{"self":[{"href":"https:\/\/elektronscooters.com\/pl\/wp-json\/wp\/v2\/product\/1176"}],"collection":[{"href":"https:\/\/elektronscooters.com\/pl\/wp-json\/wp\/v2\/product"}],"about":[{"href":"https:\/\/elektronscooters.com\/pl\/wp-json\/wp\/v2\/types\/product"}],"replies":[{"embeddable":true,"href":"https:\/\/elektronscooters.com\/pl\/wp-json\/wp\/v2\/comments?post=1176"}],"wp:featuredmedia":[{"embeddable":true,"href":"https:\/\/elektronscooters.com\/pl\/wp-json\/wp\/v2\/media\/1197"}],"wp:attachment":[{"href":"https:\/\/elektronscooters.com\/pl\/wp-json\/wp\/v2\/media?parent=1176"}],"wp:term":[{"taxonomy":"product_cat","embeddable":true,"href":"https:\/\/elektronscooters.com\/pl\/wp-json\/wp\/v2\/product_cat?post=1176"},{"taxonomy":"product_tag","embeddable":true,"href":"https:\/\/elektronscooters.com\/pl\/wp-json\/wp\/v2\/product_tag?post=1176"}],"curies":[{"name":"wp","href":"https:\/\/api.w.org\/{rel}","templated":true}]}}