{"id":492,"date":"2024-02-08T07:59:19","date_gmt":"2024-02-08T07:59:19","guid":{"rendered":"https:\/\/elektronscooters.com\/?page_id=492"},"modified":"2024-02-08T07:59:51","modified_gmt":"2024-02-08T07:59:51","slug":"elektron-kinetik-pro-gtr-comparison-table","status":"publish","type":"page","link":"https:\/\/elektronscooters.com\/pl\/elektron-kinetik-pro-gtr-comparison-table\/","title":{"rendered":"Elektron Kinetik \/ PRO \/ GTR Comparison Table"},"content":{"rendered":"<div data-elementor-type=\"wp-page\" data-elementor-id=\"492\" class=\"elementor elementor-492\" data-elementor-post-type=\"page\">\n\t\t\t\t<div class=\"elementor-element elementor-element-55a1370 e-con-full e-flex e-con e-parent\" data-id=\"55a1370\" data-element_type=\"container\" data-settings=\"{&quot;background_background&quot;:&quot;classic&quot;}\">\n\t\t<div class=\"elementor-element elementor-element-2a98612 e-con-full e-flex e-con e-child\" data-id=\"2a98612\" data-element_type=\"container\" data-settings=\"{&quot;background_background&quot;:&quot;classic&quot;}\">\n\t\t\t\t<div class=\"elementor-element elementor-element-831ce1f elementor-widget elementor-widget-html\" data-id=\"831ce1f\" data-element_type=\"widget\" data-widget_type=\"html.default\">\n\t\t\t\t<div class=\"elementor-widget-container\">\n\t\t\t<style>\r\n  table {\r\n    background-color: #0A0A0A;\r\n    color: #E0E0E0;\r\n    width: 100%;\r\n    font-size: 10px; \/* Default font size *\/\r\n  }\r\n\r\n  th, td {\r\n    text-align: left;\r\n    vertical-align: middle;\r\n    padding: 8px;\r\n    border: 1px solid #E0E0E0;\r\n  }\r\n\r\n  @media only screen and (min-width: 601px) {\r\n    table {\r\n      font-size: 20px; \/* Font size for larger screens *\/\r\n    }\r\n  }\r\n<\/style>\r\n\r\n<table style=\"background-color: #0A0A0A; color: #E0E0E0;\">\r\n    <colgroup>\r\n    <col style=\"width: 25%;\">\r\n    <col style=\"width: 25%;\">\r\n    <col style=\"width: 25%;\">\r\n    <col style=\"width: 25%;\">\r\n  <\/colgroup>\r\n  <thead>\r\n    <tr>\r\n      <td><\/td>\r\n<td style=\"text-align: center; vertical-align: middle; text-transform: uppercase;\">Elektron Kinetik<\/td>\r\n<td style=\"text-align: center; vertical-align: middle; text-transform: uppercase;\">Elektron Kinetik PRO<\/td>\r\n<td style=\"text-align: center; vertical-align: middle; text-transform: uppercase;\">Elektron Kinetik GTR<\/td>\r\n    <\/tr>\r\n  <\/thead>\r\n  <tbody>\r\n    <tr>\r\n      <td colspan=\"4\" style=\"background-color: #005BFF; color: #E0E0E0; text-align: center;\">MOTOR<\/td>\r\n    <\/tr>\r\n    <tr>\r\n      <td>Pr\u0119dko\u015b\u0107 maksymalna<\/td>\r\n      <td>60 km\/h (ograniczenie do 25 km\/h)<\/td>\r\n      <td>60 km\/h (ograniczenie do 25 km\/h)<\/td>\r\n      <td>75 km\/h (ograniczenie do 25 km\/h)<\/td>\r\n    <\/tr>\r\n    <tr>\r\n      <td>Moc silnika (znamionowa)<\/td>\r\n      <td>2000 W, 2x 1000 W<\/td>\r\n      <td>2000 W, 2x 1000 W<\/td>\r\n      <td>2800 W, 2x 1400 W<\/td>\r\n    <\/tr>\r\n    <tr>\r\n      <td>Maksymalna moc silnika (szczytowa)<\/td>\r\n      <td>3600 W, 2x 1800 W<\/td>\r\n      <td>3600 W, 2x 1800 W<\/td>\r\n      <td>5040 W, 2x 2520 W<\/td>\r\n    <\/tr>\r\n    <tr>\r\n      <td>Podw\u00f3jny silnik<\/td>\r\n      <td>Tak<\/td>\r\n      <td>Tak<\/td>\r\n      <td>Tak<\/td>\r\n    <\/tr>\r\n    <tr>\r\n      <td>Drive<\/td>\r\n      <td>Prz\u00f3d i ty\u0142<\/td>\r\n      <td>Prz\u00f3d i ty\u0142<\/td>\r\n      <td>Prz\u00f3d i ty\u0142<\/td>\r\n    <\/tr>\r\n    <tr>\r\n      <td>Drive with single motor<\/td>\r\n      <td>Ty\u0142<\/td>\r\n      <td>Ty\u0142<\/td>\r\n      <td>Ty\u0142<\/td>\r\n    <\/tr>\r\n    <tr>\r\n      <td>Typ silnika<\/td>\r\n      <td>Bezszczotkowy<\/td>\r\n      <td>Bezszczotkowy<\/td>\r\n      <td>Bezszczotkowy<\/td>\r\n    <\/tr>\r\n    <tr>\r\n      <td>Maksymalne nachylenie<\/td>\r\n      <td>25\u00b0 \/ 46,6 %<\/td>\r\n      <td>25\u00b0 \/ 46,6 %<\/td>\r\n      <td>30\u00b0 \/ 57,7 %<\/td>\r\n    <\/tr>\r\n    <tr>\r\n      <td colspan=\"4\" style=\"background-color: #005BFF; color: #E0E0E0; text-align: center;\">BATERIA<\/td>\r\n    <\/tr>\r\n    <tr>\r\n      <td>Maksymalny zasi\u0119g<\/td>\r\n      <td>75 km<\/td>\r\n      <td>75 km<\/td>\r\n      <td>90 km<\/td>\r\n    <\/tr>\r\n    <tr>\r\n      <td>Pojemno\u015b\u0107<\/td>\r\n      <td>20,8 Ah<\/td>\r\n      <td>20,8 Ah<\/td>\r\n      <td>23,4 Ah<\/td>\r\n    <\/tr>\r\n    <tr>\r\n      <td>Napi\u0119cie<\/td>\r\n      <td>52 V<\/td>\r\n      <td>52 V<\/td>\r\n      <td>60 V<\/td>\r\n    <\/tr>\r\n    <tr>\r\n      <td>Bateria<\/td>\r\n      <td>Li-Ion<\/td>\r\n      <td>Li-Ion<\/td>\r\n      <td>Li-Ion<\/td>\r\n    <\/tr>\r\n    <tr>\r\n      <td>Kom\u00f3rki<\/td>\r\n      <td>18650<\/td>\r\n      <td>18650<\/td>\r\n      <td>18650<\/td>\r\n    <\/tr>\r\n    <tr>\r\n            <td>Oczekiwana \u017cywotno\u015b\u0107 baterii<\/td>\r\n            <td>720 cykli z wydajno\u015bci\u0105 powy\u017cej 70 %<\/td>\r\n            <td>720 cykli z wydajno\u015bci\u0105 powy\u017cej 70 %<\/td>\r\n            <td>720 cykli z wydajno\u015bci\u0105 powy\u017cej 70 %<\/td>\r\n        <\/tr>\r\n    <tr>\r\n      <td>Waga akumulatora<\/td>\r\n      <td>5,84 kg<\/td>\r\n      <td>5,84 kg<\/td>\r\n      <td>7,86 kg<\/td>\r\n    <\/tr>\r\n    <tr>\r\n      <td>\u0141adowarka<\/td>\r\n      <td>52V 2Ah<\/td>\r\n      <td>52V 2Ah<\/td>\r\n      <td>60 V 2 Ah<\/td>\r\n    <\/tr>\r\n    <tr>\r\n      <td>Czas \u0142adowania<\/td>\r\n      <td>8 - 10 godzin<\/td>\r\n      <td>8 - 10 godzin<\/td>\r\n      <td>10 - 12 godzin<\/td>\r\n    <\/tr>\r\n    <tr>\r\n      <td>Dwa gniazda \u0142adowania<\/td>\r\n      <td>Tak<\/td>\r\n      <td>Tak<\/td>\r\n      <td>Tak<\/td>\r\n    <\/tr>\r\n    <tr>\r\n      <td>Czas \u0142adowania za pomoc\u0105 2 \u0142adowarek<\/td>\r\n      <td>4 - 5 godzin<\/td>\r\n      <td>4 - 5 godzin<\/td>\r\n      <td>5 - 6 godzin<\/td>\r\n    <\/tr>\r\n    <tr>\r\n      <td>Ochrona akumulatora i \u0142adowania\t<\/td>\r\n      <td>Ochrona przed zbyt niskim napi\u0119ciem, ochrona przed przepi\u0119ciem, ochrona przed prze\u0142adowaniem, ochrona przed nadmiernym roz\u0142adowaniem, ochrona przed przegrzaniem<\/td>\r\n      <td>Ochrona przed zbyt niskim napi\u0119ciem, ochrona przed przepi\u0119ciem, ochrona przed prze\u0142adowaniem, ochrona przed nadmiernym roz\u0142adowaniem, ochrona przed przegrzaniem<\/td>\r\n      <td>Ochrona przed zbyt niskim napi\u0119ciem, ochrona przed przepi\u0119ciem, ochrona przed prze\u0142adowaniem, ochrona przed nadmiernym roz\u0142adowaniem, ochrona przed przegrzaniem<\/td>\r\n    <\/tr>\r\n    <tr>\r\n      <td colspan=\"4\" style=\"background-color: #005BFF; color: #E0E0E0; text-align: center;\">SINE WAVE CONTROLLER\r\n    <tr>\r\n      <td>Liczba kontroler\u00f3w<\/td>\r\n      <td>2x 25 A<\/td>\r\n      <td>2 x 30 A<\/td>\r\n      <td>2x 30 A<\/td>\r\n    <\/tr>\r\n    <tr>\r\n      <td>Typ<\/td>\r\n      <td>Kwadrat<\/td>\r\n      <td>Fala sinusoidalna<\/td>\r\n      <td>Fala sinusoidalna<\/td>\r\n    <\/tr>\r\n    <tr>\r\n      <td>Zalety kontrolera Sine Wave<\/td>\r\n      <td>\/<\/td>\r\n      <td>- Redukcja ha\u0142asu: Kontrolery sinusoidalne dzia\u0142aj\u0105 cicho dzi\u0119ki niskim zniekszta\u0142ceniom harmonicznym, zwi\u0119kszaj\u0105c wra\u017cenia z jazdy.<br><br\/>\r\n- Szybsze przyspieszenie: Zapewniaj\u0105 znaczny pocz\u0105tkowy moment obrotowy, umo\u017cliwiaj\u0105c szybsze przyspieszenie skutera.<br><br\/>\r\n- Sta\u0142a pr\u0119dko\u015b\u0107: Kontrolery sinusoidalne utrzymuj\u0105 sta\u0142\u0105 pr\u0119dko\u015b\u0107 (pr\u0119dko\u015b\u0107 przelotow\u0105), zapewniaj\u0105c p\u0142ynniejsz\u0105 jazd\u0119.<br><br\/>\r\n- Zwi\u0119kszona wydajno\u015b\u0107: Oferuj\u0105 wy\u017csz\u0105 sprawno\u015b\u0107 silnika w przypadku podjazd\u00f3w pod g\u00f3r\u0119 i du\u017cych obci\u0105\u017ce\u0144.<br><br\/>\r\n- Ulepszona kontrola: Kontrolery sinusoidalne zapewniaj\u0105 wydajne i przewidywalne dzia\u0142anie hulajnogi, zmniejszaj\u0105c ryzyko awarii.<br><br\/>\r\n- Efektywno\u015b\u0107 energetyczna: Zu\u017cywaj\u0105 energi\u0119 elektryczn\u0105 bardziej efektywnie, wyd\u0142u\u017caj\u0105c zasi\u0119g hulajnogi i \u017cywotno\u015b\u0107 baterii.<\/td>\r\n      <td>- Redukcja ha\u0142asu: Kontrolery sinusoidalne dzia\u0142aj\u0105 cicho dzi\u0119ki niskim zniekszta\u0142ceniom harmonicznym, zwi\u0119kszaj\u0105c wra\u017cenia z jazdy.<br><br\/>\r\n- Szybsze przyspieszenie: Zapewniaj\u0105 znaczny pocz\u0105tkowy moment obrotowy, umo\u017cliwiaj\u0105c szybsze przyspieszenie skutera.<br><br\/>\r\n- Sta\u0142a pr\u0119dko\u015b\u0107: Kontrolery sinusoidalne utrzymuj\u0105 sta\u0142\u0105 pr\u0119dko\u015b\u0107 (pr\u0119dko\u015b\u0107 przelotow\u0105), zapewniaj\u0105c p\u0142ynniejsz\u0105 jazd\u0119.<br><br\/>\r\n- Zwi\u0119kszona wydajno\u015b\u0107: Oferuj\u0105 wy\u017csz\u0105 sprawno\u015b\u0107 silnika w przypadku podjazd\u00f3w pod g\u00f3r\u0119 i du\u017cych obci\u0105\u017ce\u0144.<br><br\/>\r\n- Ulepszona kontrola: Kontrolery sinusoidalne zapewniaj\u0105 wydajne i przewidywalne dzia\u0142anie hulajnogi, zmniejszaj\u0105c ryzyko awarii.<br><br\/>\r\n- Efektywno\u015b\u0107 energetyczna: Zu\u017cywaj\u0105 energi\u0119 elektryczn\u0105 bardziej efektywnie, wyd\u0142u\u017caj\u0105c zasi\u0119g hulajnogi i \u017cywotno\u015b\u0107 baterii.<\/td>\r\n    <\/tr>\r\n    <tr>\r\n      <td colspan=\"4\" style=\"background-color: #005BFF; color: #E0E0E0; text-align: center;\">CIA\u0141O<\/td>\r\n    <\/tr>\r\n    <tr>\r\n      <td>Ud\u017awig<\/td>\r\n      <td>130 kg<\/td>\r\n      <td>130 kg<\/td>\r\n      <td>130 kg<\/td>\r\n    <\/tr>\r\n    <tr>\r\n      <td>Materia\u0142<\/td>\r\n      <td>Stop aluminium, 6061<\/td>\r\n      <td>Stop aluminium, 6061<\/td>\r\n      <td>Stop aluminium, 6061<\/td>\r\n    <\/tr>\r\n    <tr>\r\n      <td>Odporno\u015b\u0107 na kurz i wod\u0119<\/td>\r\n      <td>IPx4<\/td>\r\n      <td>IPx4<\/td>\r\n      <td>IPx4<\/td>\r\n    <\/tr>\r\n    <tr>\r\n      <td>Kolor<\/td>\r\n      <td>Czarny \/ szary<\/td>\r\n      <td>Czarny \/ szary<\/td>\r\n      <td>Czarny \/ szary<\/td>\r\n    <\/tr>\r\n    <tr>\r\n      <td>Elementy odblaskowe<\/td>\r\n      <td>Tak, naklejka odblaskowa ELEKTRON<\/td>\r\n      <td>Tak, naklejka odblaskowa ELEKTRON<\/td>\r\n      <td>Tak, naklejka odblaskowa ELEKTRON<\/td>\r\n    <\/tr>\r\n    <tr>\r\n      <td>Sk\u0142adany<\/td>\r\n      <td>Tak<\/td>\r\n      <td>Tak<\/td>\r\n      <td>Tak<\/td>\r\n    <\/tr>\r\n    <tr>\r\n      <td>Mechanizm zabezpieczaj\u0105cy szybkiego zwalniania<\/td>\r\n      <td>Tak<\/td>\r\n      <td>Tak<\/td>\r\n      <td>Tak<\/td>\r\n    <\/tr>\r\n    <tr>\r\n      <td>D\u0142ugo\u015b\u0107, szeroko\u015b\u0107, wysoko\u015b\u0107 (L*W*H)<\/td>\r\n      <td>123 x 69 x 123 cm<\/td>\r\n      <td>123 x 69 x 123 cm<\/td>\r\n      <td>132 x 69 x 131 cm<\/td>\r\n    <\/tr>\r\n    <tr>\r\n      <td>D\u0142ugo\u015b\u0107, szeroko\u015b\u0107, wysoko\u015b\u0107 (po z\u0142o\u017ceniu)<\/td>\r\n      <td>123 x 69 x 55 cm<\/td>\r\n      <td>123 x 69 x 55 cm<\/td>\r\n      <td>132 x 69 x 54 cm<\/td>\r\n    <\/tr>\r\n    <tr>\r\n      <td>Prze\u015bwit<\/td>\r\n      <td>17,5 cm<\/td>\r\n      <td>17,5 cm<\/td>\r\n      <td>17 cm<\/td>\r\n    <\/tr>\r\n    <tr>\r\n      <td>Waga<\/td>\r\n      <td>30,31 kg<\/td>\r\n      <td>30,31 kg<\/td>\r\n      <td>34,16 kg<\/td>\r\n    <\/tr>\r\n    <tr>\r\n      <td>Typ kierownicy<\/td>\r\n      <td>Wzmocniona kierownica w kszta\u0142cie litery T<\/td>\r\n      <td>Wzmocniona kierownica w kszta\u0142cie litery T<\/td>\r\n      <td>Wzmocniona kierownica w kszta\u0142cie litery T<\/td>\r\n    <\/tr>\r\n    <tr>\r\n      <td>Typ gumowej kierownicy<\/td>\r\n      <td>Ergonomicznie zaprojektowana kierownica z dwustronn\u0105 blokad\u0105 wykonana z mi\u0119kkiej gumy<\/td>\r\n      <td>Ergonomicznie zaprojektowana kierownica z dwustronn\u0105 blokad\u0105 wykonana z mi\u0119kkiej gumy<\/td>\r\n      <td>Ergonomicznie zaprojektowana kierownica z dwustronn\u0105 blokad\u0105 wykonana z mi\u0119kkiej gumy<\/td>\r\n    <\/tr>\r\n    <tr>\r\n      <td>Powierzchnia stoj\u0105ca<\/td>\r\n      <td>Antypo\u015blizgowa powierzchnia wykonana z \u017celu krzemionkowego<\/td>\r\n      <td>Antypo\u015blizgowa powierzchnia wykonana z \u017celu krzemionkowego<\/td>\r\n      <td>Antypo\u015blizgowa powierzchnia wykonana z \u017celu krzemionkowego<\/td>\r\n    <\/tr>\r\n    <tr>\r\n      <td>Wymiary opakowania (d\u0142.*szer.*wys.)<\/td>\r\n      <td>128,5 x 26 x 63 cm<\/td>\r\n      <td>128,5 x 26 x 63 cm<\/td>\r\n      <td>134 x 26 x 64 cm<\/td>\r\n    <\/tr>\r\n    <tr>\r\n      <td>Waga opakowania<\/td>\r\n      <td>36,06 kg<\/td>\r\n      <td>36,06 kg<\/td>\r\n      <td>39,64 kg<\/td>\r\n    <\/tr>\r\n    <tr>\r\n      <td colspan=\"4\" style=\"background-color: #005BFF; color: #E0E0E0; text-align: center;\">OPONY<\/td>\r\n    <\/tr>\r\n    <tr>\r\n      <td>Rozmiar<\/td>\r\n      <td>10*3,0 cali (80\/65-6, 255\u00d780)<\/td>\r\n      <td>10*3,0 cali (80\/65-6, 255\u00d780)<\/td>\r\n      <td>10*3,0 cali (80\/65-6, 255\u00d780)<\/td>\r\n    <\/tr>\r\n    <tr>\r\n      <td>Typ<\/td>\r\n      <td>Nadmuchiwane opony bezd\u0119tkowe<\/td>\r\n      <td>Nadmuchiwane opony bezd\u0119tkowe<\/td>\r\n      <td>Nadmuchiwane opony bezd\u0119tkowe<\/td>\r\n    <\/tr>\r\n    <tr>\r\n      <td>Bie\u017cnik<\/td>\r\n      <td>Droga<\/td>\r\n      <td>Droga<\/td>\r\n      <td>Hybrydowy, do jazdy szosowej i terenowej<\/td>\r\n    <\/tr>\r\n    <tr>\r\n      <td>Marka<\/td>\r\n      <td>CST<\/td>\r\n      <td>CST<\/td>\r\n      <td>Wanda<\/td>\r\n    <\/tr>\r\n    <tr>\r\n      <td colspan=\"4\" style=\"background-color: #005BFF; color: #E0E0E0; text-align: center;\">HAMULCE<\/td>\r\n    <\/tr>\r\n    <tr>\r\n      <td>Typ<\/td>\r\n      <td>Hamulec tarczowy z przodu i z ty\u0142u (mechaniczny)<\/td>\r\n      <td>Hamulec tarczowy z przodu i z ty\u0142u (hydrauliczny)<\/td>\r\n      <td>Hamulec tarczowy z przodu i z ty\u0142u (hydrauliczny)<\/td>\r\n    <\/tr>\r\n    <tr>\r\n      <td>\u015arednica tarczy<\/td>\r\n      <td>140 mm<\/td>\r\n      <td>140 mm<\/td>\r\n      <td>160 mm<\/td>\r\n    <\/tr>\r\n    <tr>\r\n      <td>Marka<\/td>\r\n      <td>JAK<\/td>\r\n      <td>NUTT<\/td>\r\n      <td>NUTT<\/td>\r\n    <\/tr>\r\n    <tr>\r\n      <td>Dodatkowy hamulec elektroniczny<\/td>\r\n      <td>Tak, pot\u0119\u017cny hamulec elektroniczny, kt\u00f3ry przyczynia si\u0119 do bezpiecze\u0144stwa i mo\u017ce znacznie wyd\u0142u\u017cy\u0107 \u017cywotno\u015b\u0107 klock\u00f3w hamulcowych<\/td>\r\n      <td>Tak, pot\u0119\u017cny hamulec elektroniczny, kt\u00f3ry przyczynia si\u0119 do bezpiecze\u0144stwa i mo\u017ce znacznie wyd\u0142u\u017cy\u0107 \u017cywotno\u015b\u0107 klock\u00f3w hamulcowych<\/td>\r\n      <td>Tak, pot\u0119\u017cny hamulec elektroniczny, kt\u00f3ry przyczynia si\u0119 do bezpiecze\u0144stwa i mo\u017ce znacznie wyd\u0142u\u017cy\u0107 \u017cywotno\u015b\u0107 klock\u00f3w hamulcowych<\/td>\r\n    <\/tr>\r\n    <tr>\r\n      <td>eABS<\/td>\r\n      <td>Tak<\/td>\r\n      <td>Tak<\/td>\r\n      <td>Tak<\/td>\r\n    <\/tr>\r\n    <tr>\r\n      <td colspan=\"4\" style=\"background-color: #005BFF; color: #E0E0E0; text-align: center;\">ZAWIESZENIE<\/td>\r\n    <\/tr>\r\n    <tr>\r\n      <td>Typ<\/td>\r\n      <td>Hydrauliczne zawieszenie przednie i tylne<\/td>\r\n      <td>Hydrauliczne zawieszenie przednie i tylne<\/td>\r\n      <td>Hydrauliczne zawieszenie przednie i tylne<\/td>\r\n    <\/tr>\r\n    <tr>\r\n      <td>Regulowany<\/td>\r\n      <td>Tak (narz\u0119dzie w zestawie)<\/td>\r\n      <td>Tak (narz\u0119dzie w zestawie)<\/td>\r\n      <td>Tak (narz\u0119dzie w zestawie)<\/td>\r\n    <\/tr>\r\n    <tr>\r\n      <td>Test zawieszenia<\/td>\r\n      <td>200 000 uci\u015bni\u0119\u0107<\/td>\r\n      <td>200 000 uci\u015bni\u0119\u0107<\/td>\r\n      <td>200 000 uci\u015bni\u0119\u0107<\/td>\r\n    <\/tr>\r\n    <tr>\r\n      <td colspan=\"4\" style=\"background-color: #005BFF; color: #E0E0E0; text-align: center;\">Wy\u015bwietlacz<\/td>\r\n    <\/tr>\r\n    <tr>\r\n      <td>Typ<\/td>\r\n      <td>Wy\u015bwietlacz LCD z przepustnic\u0105 przyspieszenia i blokad\u0105 NFC<\/td>\r\n      <td>Kolorowy ekran matrycowy PRO TFT<\/td>\r\n      <td>Kolorowy ekran matrycowy PRO TFT<\/td>\r\n    <\/tr>\r\n    <tr>\r\n      <td>Tempomat<\/td>\r\n      <td>Tak<\/td>\r\n      <td>Tak<\/td>\r\n      <td>Tak<\/td>\r\n    <\/tr>\r\n    <tr>\r\n      <td>Rozmiar<\/td>\r\n      <td>12,5 x 6,1 x 2,8 cm<\/td>\r\n      <td>\t3,5 cala<\/td>\r\n      <td>\t3,5 cala<\/td>\r\n    <\/tr>\r\n    <tr>\r\n      <td>Kolorowy ekran LCD<\/td>\r\n      <td>Nie<\/td>\r\n      <td>Tak<\/td>\r\n      <td>Tak<\/td>\r\n    <\/tr>\r\n    <tr>\r\n      <td>Pozycja<\/td>\r\n      <td>Prawa strona<\/td>\r\n      <td>Centralny<\/td>\r\n      <td>Centralny<\/td>\r\n    <\/tr>\r\n    <tr>\r\n      <td>Przyspieszenie<\/td>\r\n      <td>D\u017awignia palca (palec wskazuj\u0105cy)<\/td>\r\n      <td>D\u017awignia na palec (kciuk)<\/td>\r\n      <td>D\u017awignia na palec (kciuk)<\/td>\r\n    <\/tr>\r\n    <tr>\r\n      <td>Wy\u015bwietlanie danych<\/td>\r\n      <td>Pr\u0119dko\u015b\u0107, wska\u017anik baterii, bieg (1, 2, 3), wska\u017anik reflektora, czas, ODO<\/td>\r\n      <td>Pr\u0119dko\u015b\u0107 (r\u00f3wnie\u017c pr\u0119dko\u015b\u0107 maksymalna i \u015brednia), przebieg (ODO, TRIP), bieg, wska\u017anik baterii, napi\u0119cie, pr\u0105d, moc w czasie rzeczywistym, wska\u017anik \u015bwiate\u0142, silnik pojedynczy\/dwusilnikowy, zegar (r\u00f3wnie\u017c czas podr\u00f3\u017cy), temperatura kontrolera, temperatura otoczenia<\/td>\r\n      <td>Pr\u0119dko\u015b\u0107 (r\u00f3wnie\u017c pr\u0119dko\u015b\u0107 maksymalna i \u015brednia), przebieg (ODO, TRIP), bieg, wska\u017anik baterii, napi\u0119cie, pr\u0105d, moc w czasie rzeczywistym, wska\u017anik \u015bwiate\u0142, silnik pojedynczy\/dwusilnikowy, zegar (r\u00f3wnie\u017c czas podr\u00f3\u017cy), temperatura kontrolera, temperatura otoczenia<\/td>\r\n    <\/tr>\r\n    <tr>\r\n      <td>Jednostki<\/td>\r\n      <td>Metryczny \/ imperialny<\/td>\r\n      <td>Metryczny \/ imperialny<\/td>\r\n      <td>Metryczny \/ imperialny<\/td>\r\n    <\/tr>\r\n    <tr>\r\n      <td>Tryby jazdy<\/td>\r\n      <td>Pojedynczy\/dwusilnikowy i Turbo\/Eco (Eco ogranicza pr\u0119dko\u015b\u0107 maksymaln\u0105 do 20 km\/h)<\/td>\r\n      <td>Pojedynczy \/ podw\u00f3jny silnik<\/td>\r\n      <td>Pojedynczy \/ podw\u00f3jny silnik<\/td>\r\n    <\/tr>\r\n    <tr>\r\n      <td>Ograniczenie pr\u0119dko\u015bci<\/td>\r\n      <td>Regulowany w %, 5 - 100 %<\/td>\r\n      <td>Regulowany w %, 1 - 100 %<\/td>\r\n      <td>Regulowany w %, 1 - 100 %<\/td>\r\n    <\/tr>\r\n    <tr>\r\n      <td>Wska\u017anik baterii<\/td>\r\n      <td>Wska\u017anik graficzny i napi\u0119cie (V)<\/td>\r\n      <td>Warto\u015bci procentowe (%) i napi\u0119cie (V)<\/td>\r\n      <td>Warto\u015bci procentowe (%) i napi\u0119cie (V)<\/td>\r\n    <\/tr>\r\n    <tr>\r\n      <td>Jasno\u015b\u0107<\/td>\r\n      <td>Bez mo\u017cliwo\u015bci regulacji<\/td>\r\n      <td>Regulacja 1-5<\/td>\r\n      <td>Regulacja 1-5<\/td>\r\n    <\/tr>\r\n    <tr>\r\n      <td>Kick Start<\/td>\r\n      <td>Tak<\/td>\r\n      <td>Tak<\/td>\r\n      <td>Tak<\/td>\r\n    <\/tr>\r\n    <tr>\r\n      <td>Port USB<\/td>\r\n      <td>Nie<\/td>\r\n      <td>Tak<\/td>\r\n      <td>Tak <\/td>\r\n    <\/tr>\r\n    <tr>\r\n      <td>Automatyczne wy\u0142\u0105czanie<\/td>\r\n      <td>Nie<\/td>\r\n      <td>Regulacja w zakresie 0 - 10 min<\/td>\r\n      <td>Regulacja w zakresie 0 - 10 min<\/td>\r\n    <\/tr>\r\n    <tr>\r\n      <td colspan=\"4\" style=\"background-color: #005BFF; color: #E0E0E0; text-align: center;\">O\u015aWIETLENIE<\/td>\r\n    <\/tr>\r\n    <tr>\r\n      <td>\u015awiat\u0142a<\/td>\r\n      <td>\u015awiat\u0142o przednie z wbudowanym klaksonem, tylne, hamowania, boczne<\/td>\r\n      <td>\u015awiat\u0142o przednie z wbudowanym klaksonem, tylne, hamowania, boczne<\/td>\r\n      <td>\u015awiat\u0142o przednie z wbudowanym klaksonem, tylne, hamowania, boczne<\/td>\r\n    <\/tr>\r\n    <tr>\r\n      <td>Kierunkowskazy<\/td>\r\n      <td>Tak, ty\u0142<\/td>\r\n      <td>Tak, ty\u0142<\/td>\r\n      <td>Tak, ty\u0142<\/td>\r\n    <\/tr>\r\n    <tr>\r\n      <td>Indicators<\/td>\r\n      <td>Tak, ty\u0142<\/td>\r\n      <td>Tak, ty\u0142<\/td>\r\n      <td>Tak, ty\u0142<\/td>\r\n    <\/tr>\r\n    <tr>\r\n      <td>\u015awiat\u0142a otoczenia<\/td>\r\n      <td>Tak, z boku pok\u0142adu<\/td>\r\n      <td>Tak, z boku pok\u0142adu<\/td>\r\n      <td>Tak, z boku pok\u0142adu<\/td>\r\n    <\/tr>\r\n    <tr>\r\n      <td>Rodzaj o\u015bwietlenia otoczenia<\/td>\r\n      <td>RGB<\/td>\r\n      <td>RGB<\/td>\r\n      <td>RGB<\/td>\r\n    <\/tr>\r\n    <tr>\r\n      <td>Sterowanie o\u015bwietleniem otoczenia<\/td>\r\n      <td>Aplikacja mobilna, Android i iOS<\/td>\r\n      <td>Aplikacja mobilna, Android i iOS<\/td>\r\n      <td>Aplikacja mobilna, Android i iOS<\/td>\r\n    <\/tr>\r\n    <tr>\r\n      <td colspan=\"4\" style=\"background-color: #005BFF; color: #E0E0E0; text-align: center;\">DODATKOWE FUNKCJE<\/td>\r\n    <\/tr>\r\n    <tr>\r\n      <td>Funkcja antykradzie\u017cowa<\/td>\r\n      <td>Tak, blokada NFC<\/td>\r\n      <td>Tak, blokada NFC i kod PIN<\/td>\r\n      <td>Tak, blokada NFC i kod PIN<\/td>\r\n    <\/tr>\r\n    <tr>\r\n      <td>Liczba przycisk\u00f3w NFC<\/td>\r\n      <td>3 (1 klucz g\u0142\u00f3wny)<\/td>\r\n      <td>3 (1 klucz g\u0142\u00f3wny)<\/td>\r\n      <td>3 (1 klucz g\u0142\u00f3wny)<\/td>\r\n    <\/tr>\r\n    <tr>\r\n      <td>Illuminated swtiches indicator<\/td>\r\n      <td>Turbo\/eco, \u015bwiat\u0142a w\u0142\u0105czone\/wy\u0142\u0105czone, kierunkowskaz lewy\/prawy<\/td>\r\n      <td>\u015awiat\u0142a w\u0142\u0105czone\/wy\u0142\u0105czone, kierunkowskaz lewy\/prawy<\/td>\r\n      <td>\u015awiat\u0142a w\u0142\u0105czone\/wy\u0142\u0105czone, kierunkowskaz lewy\/prawy<\/td>\r\n    <\/tr>\r\n    <tr>\r\n      <td>R\u00f3g<\/td>\r\n      <td>Tak<\/td>\r\n      <td>Tak<\/td>\r\n      <td>Tak<\/td>\r\n    <\/tr>\r\n    <tr>\r\n      <td>Podp\u00f3rka<\/td>\r\n      <td>Wytrzyma\u0142y metal i 170 mm d\u0142ugo\u015bci<\/td>\r\n      <td>Wytrzyma\u0142y metal i 170 mm d\u0142ugo\u015bci<\/td>\r\n      <td>Wytrzyma\u0142y metal i 170 mm d\u0142ugo\u015bci<\/td>\r\n    <\/tr>\r\n    <tr>\r\n      <td>B\u0142otniki<\/td>\r\n      <td>Tak<\/td>\r\n      <td>Tak<\/td>\r\n      <td>Tak<\/td>\r\n    <\/tr>\r\n    <tr>\r\n      <td>Opcja siedzenia<\/td>\r\n      <td>Tak<\/td>\r\n      <td>Tak<\/td>\r\n      <td>Tak<\/td>\r\n    <\/tr>\r\n    <tr>\r\n      <td>Aplikacja mobilna dla o\u015bwietlenia RGB<\/td>\r\n      <td>Tak<\/td>\r\n      <td>Tak<\/td>\r\n      <td>Tak<\/td>\r\n    <\/tr>\r\n    <tr>\r\n      <td>Kable ukryte w ramie<\/td>\r\n      <td>Tak<\/td>\r\n      <td>Tak<\/td>\r\n      <td>Tak<\/td>\r\n    <\/tr>\r\n    <tr>\r\n      <td>Za\u015blepki gniazda \u0142adowania<\/td>\r\n      <td>Wykonany z gumy w celu ochrony przed zwarciem<\/td>\r\n      <td>Wykonany z gumy w celu ochrony przed zwarciem<\/td>\r\n      <td>Wykonany z gumy w celu ochrony przed zwarciem<\/td>\r\n    <\/tr>\r\n    <tr>\r\n      <td>Certyfikaty<\/td>\r\n      <td>Ce, RoHS<\/td>\r\n      <td>Ce, RoHS<\/td>\r\n      <td>Ce, RoHS<\/td>\r\n    <\/tr>\r\n    <tr>\r\n      <td>Unikalny numer seryjny<\/td>\r\n      <td>Tak<\/td>\r\n      <td>Tak<\/td>\r\n      <td>Tak<\/td>\r\n    <\/tr>\r\n    <tr>\r\n      <td>Gwarancja<\/td>\r\n      <td>1 rok (+ 1 rok opcjonalnie)<\/td>\r\n      <td>1 rok (+ 1 rok opcjonalnie)<\/td>\r\n      <td>1 rok (+ 1 rok opcjonalnie)<\/td>\r\n    <\/tr>\r\n    <tr>\r\n      <td>Pakiet zawieraj\u0105cy<\/td>\r\n      <td>Skuter, \u0142adowarka, instrukcja obs\u0142ugi, zapasowe os\u0142ony silnika, narz\u0119dzie do regulacji zawieszenia<\/td>\r\n      <td>Skuter, \u0142adowarka, instrukcja obs\u0142ugi, zapasowe os\u0142ony silnika, narz\u0119dzie do regulacji zawieszenia<\/td>\r\n      <td>Skuter, \u0142adowarka, instrukcja obs\u0142ugi, zapasowe os\u0142ony silnika, narz\u0119dzie do regulacji zawieszenia<\/td>\r\n    <\/tr>\r\n  <\/tbody>\r\n<\/table>\r\n\t\t<\/div>\n\t\t\t\t<\/div>\n\t\t\t\t<\/div>\n\t\t\t\t<\/div>\n\t\t\t\t<\/div>","protected":false},"excerpt":{"rendered":"<p>Elektron Kinetik Elektron Kinetik PRO Elektron Kinetik GTR MOTOR Top speed 60 km\/h (limited to 25 km\/h) 60 km\/h (limited to 25 km\/h) 75 km\/h (limited to 25 km\/h) Motor power (rated) 2000 W, 2x 1000 W 2000 W, 2x 1000 W 2800 W, 2x 1400 W Maximum Motor Power (peak) 3600 W, 2x 1800 [&hellip;]<\/p>","protected":false},"author":1,"featured_media":0,"parent":0,"menu_order":0,"comment_status":"closed","ping_status":"closed","template":"elementor_header_footer","meta":{"footnotes":""},"_links":{"self":[{"href":"https:\/\/elektronscooters.com\/pl\/wp-json\/wp\/v2\/pages\/492"}],"collection":[{"href":"https:\/\/elektronscooters.com\/pl\/wp-json\/wp\/v2\/pages"}],"about":[{"href":"https:\/\/elektronscooters.com\/pl\/wp-json\/wp\/v2\/types\/page"}],"author":[{"embeddable":true,"href":"https:\/\/elektronscooters.com\/pl\/wp-json\/wp\/v2\/users\/1"}],"replies":[{"embeddable":true,"href":"https:\/\/elektronscooters.com\/pl\/wp-json\/wp\/v2\/comments?post=492"}],"version-history":[{"count":4,"href":"https:\/\/elektronscooters.com\/pl\/wp-json\/wp\/v2\/pages\/492\/revisions"}],"predecessor-version":[{"id":496,"href":"https:\/\/elektronscooters.com\/pl\/wp-json\/wp\/v2\/pages\/492\/revisions\/496"}],"wp:attachment":[{"href":"https:\/\/elektronscooters.com\/pl\/wp-json\/wp\/v2\/media?parent=492"}],"curies":[{"name":"wp","href":"https:\/\/api.w.org\/{rel}","templated":true}]}}