{"id":492,"date":"2024-02-08T07:59:19","date_gmt":"2024-02-08T07:59:19","guid":{"rendered":"https:\/\/elektronscooters.com\/?page_id=492"},"modified":"2024-02-08T07:59:51","modified_gmt":"2024-02-08T07:59:51","slug":"elektron-kinetik-pro-gtr-comparison-table","status":"publish","type":"page","link":"https:\/\/elektronscooters.com\/lv\/elektron-kinetik-pro-gtr-comparison-table\/","title":{"rendered":"Elektron Kinetik \/ PRO \/ GTR Comparison Table"},"content":{"rendered":"<div data-elementor-type=\"wp-page\" data-elementor-id=\"492\" class=\"elementor elementor-492\" data-elementor-post-type=\"page\">\n\t\t\t\t<div class=\"elementor-element elementor-element-55a1370 e-con-full e-flex e-con e-parent\" data-id=\"55a1370\" data-element_type=\"container\" data-settings=\"{&quot;background_background&quot;:&quot;classic&quot;}\">\n\t\t<div class=\"elementor-element elementor-element-2a98612 e-con-full e-flex e-con e-child\" data-id=\"2a98612\" data-element_type=\"container\" data-settings=\"{&quot;background_background&quot;:&quot;classic&quot;}\">\n\t\t\t\t<div class=\"elementor-element elementor-element-831ce1f elementor-widget elementor-widget-html\" data-id=\"831ce1f\" data-element_type=\"widget\" data-widget_type=\"html.default\">\n\t\t\t\t<div class=\"elementor-widget-container\">\n\t\t\t<style>\r\n  table {\r\n    background-color: #0A0A0A;\r\n    color: #E0E0E0;\r\n    width: 100%;\r\n    font-size: 10px; \/* Default font size *\/\r\n  }\r\n\r\n  th, td {\r\n    text-align: left;\r\n    vertical-align: middle;\r\n    padding: 8px;\r\n    border: 1px solid #E0E0E0;\r\n  }\r\n\r\n  @media only screen and (min-width: 601px) {\r\n    table {\r\n      font-size: 20px; \/* Font size for larger screens *\/\r\n    }\r\n  }\r\n<\/style>\r\n\r\n<table style=\"background-color: #0A0A0A; color: #E0E0E0;\">\r\n    <colgroup>\r\n    <col style=\"width: 25%;\">\r\n    <col style=\"width: 25%;\">\r\n    <col style=\"width: 25%;\">\r\n    <col style=\"width: 25%;\">\r\n  <\/colgroup>\r\n  <thead>\r\n    <tr>\r\n      <td><\/td>\r\n<td style=\"text-align: center; vertical-align: middle; text-transform: uppercase;\">Elektron Kinetik<\/td>\r\n<td style=\"text-align: center; vertical-align: middle; text-transform: uppercase;\">Elektron Kinetik PRO<\/td>\r\n<td style=\"text-align: center; vertical-align: middle; text-transform: uppercase;\">Elektron Kinetik GTR<\/td>\r\n    <\/tr>\r\n  <\/thead>\r\n  <tbody>\r\n    <tr>\r\n      <td colspan=\"4\" style=\"background-color: #005BFF; color: #E0E0E0; text-align: center;\">MOTORS<\/td>\r\n    <\/tr>\r\n    <tr>\r\n      <td>Maksim\u0101lais \u0101trums<\/td>\r\n      <td>60 km\/h (ierobe\u017eota l\u012bdz 25 km\/h)<\/td>\r\n      <td>60 km\/h (ierobe\u017eota l\u012bdz 25 km\/h)<\/td>\r\n      <td>75 km\/h (ierobe\u017eota l\u012bdz 25 km\/h)<\/td>\r\n    <\/tr>\r\n    <tr>\r\n      <td>Motora jauda (nomin\u0101l\u0101)<\/td>\r\n      <td>2000 W, 2x 1000 W<\/td>\r\n      <td>2000 W, 2x 1000 W<\/td>\r\n      <td>2800 W, 2x 1400 W<\/td>\r\n    <\/tr>\r\n    <tr>\r\n      <td>Maksim\u0101l\u0101 motora jauda (maksim\u0101l\u0101)<\/td>\r\n      <td>3600 W, 2x 1800 W<\/td>\r\n      <td>3600 W, 2x 1800 W<\/td>\r\n      <td>5040 W, 2x 2520 W<\/td>\r\n    <\/tr>\r\n    <tr>\r\n      <td>Dubults motors<\/td>\r\n      <td>J\u0101<\/td>\r\n      <td>J\u0101<\/td>\r\n      <td>J\u0101<\/td>\r\n    <\/tr>\r\n    <tr>\r\n      <td>Drive<\/td>\r\n      <td>Priek\u0161\u0101 un aizmugur\u0113<\/td>\r\n      <td>Priek\u0161\u0101 un aizmugur\u0113<\/td>\r\n      <td>Priek\u0161\u0101 un aizmugur\u0113<\/td>\r\n    <\/tr>\r\n    <tr>\r\n      <td>Drive with single motor<\/td>\r\n      <td>Aizmugur\u0113jais<\/td>\r\n      <td>Aizmugur\u0113jais<\/td>\r\n      <td>Aizmugur\u0113jais<\/td>\r\n    <\/tr>\r\n    <tr>\r\n      <td>Motora tips<\/td>\r\n      <td>Bez sukas<\/td>\r\n      <td>Bez sukas<\/td>\r\n      <td>Bez sukas<\/td>\r\n    <\/tr>\r\n    <tr>\r\n      <td>Maksim\u0101lais sl\u012bpums<\/td>\r\n      <td>25\u00b0 \/ 46,6 %<\/td>\r\n      <td>25\u00b0 \/ 46,6 %<\/td>\r\n      <td>30\u00b0 \/ 57,7 %<\/td>\r\n    <\/tr>\r\n    <tr>\r\n      <td colspan=\"4\" style=\"background-color: #005BFF; color: #E0E0E0; text-align: center;\">BATTERY<\/td>\r\n    <\/tr>\r\n    <tr>\r\n      <td>Maksim\u0101lais diapazons<\/td>\r\n      <td>75 km<\/td>\r\n      <td>75 km<\/td>\r\n      <td>90 km<\/td>\r\n    <\/tr>\r\n    <tr>\r\n      <td>Jauda<\/td>\r\n      <td>20,8 Ah<\/td>\r\n      <td>20,8 Ah<\/td>\r\n      <td>23,4 Ah<\/td>\r\n    <\/tr>\r\n    <tr>\r\n      <td>Spriegums<\/td>\r\n      <td>52 V<\/td>\r\n      <td>52 V<\/td>\r\n      <td>60 V<\/td>\r\n    <\/tr>\r\n    <tr>\r\n      <td>Akumulators<\/td>\r\n      <td>Li-Ion<\/td>\r\n      <td>Li-Ion<\/td>\r\n      <td>Li-Ion<\/td>\r\n    <\/tr>\r\n    <tr>\r\n      <td>\u0160\u016bnas<\/td>\r\n      <td>18650<\/td>\r\n      <td>18650<\/td>\r\n      <td>18650<\/td>\r\n    <\/tr>\r\n    <tr>\r\n            <td>Paredzamais akumulatora darb\u012bbas laiks<\/td>\r\n            <td>720 cikli ar jaudu virs 70 %<\/td>\r\n            <td>720 cikli ar jaudu virs 70 %<\/td>\r\n            <td>720 cikli ar jaudu virs 70 %<\/td>\r\n        <\/tr>\r\n    <tr>\r\n      <td>Akumulatora svars<\/td>\r\n      <td>5,84 kg<\/td>\r\n      <td>5,84 kg<\/td>\r\n      <td>7,86 kg<\/td>\r\n    <\/tr>\r\n    <tr>\r\n      <td>L\u0101d\u0113t\u0101js<\/td>\r\n      <td>52V 2Ah<\/td>\r\n      <td>52V 2Ah<\/td>\r\n      <td>60V 2 Ah<\/td>\r\n    <\/tr>\r\n    <tr>\r\n      <td>Uzl\u0101des laiks<\/td>\r\n      <td>8 - 10 stundas<\/td>\r\n      <td>8 - 10 stundas<\/td>\r\n      <td>10 - 12 stundas<\/td>\r\n    <\/tr>\r\n    <tr>\r\n      <td>Divas uzl\u0101des ligzdas<\/td>\r\n      <td>J\u0101<\/td>\r\n      <td>J\u0101<\/td>\r\n      <td>J\u0101<\/td>\r\n    <\/tr>\r\n    <tr>\r\n      <td>Uzl\u0101des laiks ar 2 l\u0101d\u0113t\u0101jiem<\/td>\r\n      <td>4 - 5 stundas<\/td>\r\n      <td>4 - 5 stundas<\/td>\r\n      <td>5 - 6 stundas<\/td>\r\n    <\/tr>\r\n    <tr>\r\n      <td>Akumulatora un uzl\u0101des aizsardz\u012bba\t<\/td>\r\n      <td>Zemsprieguma aizsardz\u012bba, aizsardz\u012bba pret p\u0101rspriegumu, aizsardz\u012bba pret p\u0101rslodzi, aizsardz\u012bba pret p\u0101rm\u0113r\u012bgu izl\u0101di, aizsardz\u012bba pret p\u0101rkar\u0161anu.<\/td>\r\n      <td>Zemsprieguma aizsardz\u012bba, aizsardz\u012bba pret p\u0101rspriegumu, aizsardz\u012bba pret p\u0101rslodzi, aizsardz\u012bba pret p\u0101rm\u0113r\u012bgu izl\u0101di, aizsardz\u012bba pret p\u0101rkar\u0161anu.<\/td>\r\n      <td>Zemsprieguma aizsardz\u012bba, aizsardz\u012bba pret p\u0101rspriegumu, aizsardz\u012bba pret p\u0101rslodzi, aizsardz\u012bba pret p\u0101rm\u0113r\u012bgu izl\u0101di, aizsardz\u012bba pret p\u0101rkar\u0161anu.<\/td>\r\n    <\/tr>\r\n    <tr>\r\n      <td colspan=\"4\" style=\"background-color: #005BFF; color: #E0E0E0; text-align: center;\">SINE WAVE CONTROLLER\r\n    <tr>\r\n      <td>Kontrolieru skaits<\/td>\r\n      <td>2x 25 A<\/td>\r\n      <td>2 x 30 A<\/td>\r\n      <td>2x 30 A<\/td>\r\n    <\/tr>\r\n    <tr>\r\n      <td>Tips<\/td>\r\n      <td>Kvadr\u0101ts<\/td>\r\n      <td>Sinusoid\u0101lais vilnis<\/td>\r\n      <td>Sinusoid\u0101lais vilnis<\/td>\r\n    <\/tr>\r\n    <tr>\r\n      <td>Sinusoid\u0101l\u0101 vi\u013c\u0146a regulatora priek\u0161roc\u012bbas<\/td>\r\n      <td>\/<\/td>\r\n      <td>- Trok\u0161\u0146a samazin\u0101\u0161ana: Sinusoid\u0101lo vi\u013c\u0146u kontrolieri darbojas klusi, pateicoties zemam harmonisko krop\u013cojumu l\u012bmenim, t\u0101d\u0113j\u0101di uzlabojot brauk\u0161anas pieredzi.<br><br\/>\r\n- \u0100tr\u0101ka pa\u0101trin\u0101\u0161ana: Tie nodro\u0161ina iev\u0113rojamu starta griezes momentu, kas \u013cauj \u0101tr\u0101k pa\u0101trin\u0101t motorollera kust\u012bbu.<br><br\/>\r\n- Vienm\u0113r\u012bgs \u0101trums: sinusoid\u0101lie regulatori nodro\u0161ina nemain\u012bgu \u0101trumu (kru\u012bza \u0101trums), lai brauk\u0161ana b\u016btu vienm\u0113r\u012bg\u0101ka.<br><br\/>\r\n- Uzlabota efektivit\u0101te: Tie nodro\u0161ina augst\u0101ku motora efektivit\u0101ti, lai veiktu k\u0101pumus kaln\u0101 un str\u0101d\u0101tu ar liel\u0101m slodz\u0113m.<br><br\/>\r\n- Uzlabota kontrole: Sinusoid\u0101lie kontrolieri nodro\u0161ina efekt\u012bvu un prognoz\u0113jamu motorollera darb\u012bbu, samazinot darb\u012bbas trauc\u0113jumu risku.<br><br\/>\r\n- Energoefektivit\u0101te: Tie efekt\u012bv\u0101k pat\u0113r\u0113 elektroener\u0123iju, pagarinot skrejrite\u0146a darb\u012bbas r\u0101diusu un akumulatora darb\u012bbas laiku.<\/td>\r\n      <td>- Trok\u0161\u0146a samazin\u0101\u0161ana: Sinusoid\u0101lo vi\u013c\u0146u kontrolieri darbojas klusi, pateicoties zemam harmonisko krop\u013cojumu l\u012bmenim, t\u0101d\u0113j\u0101di uzlabojot brauk\u0161anas pieredzi.<br><br\/>\r\n- \u0100tr\u0101ka pa\u0101trin\u0101\u0161ana: Tie nodro\u0161ina iev\u0113rojamu starta griezes momentu, kas \u013cauj \u0101tr\u0101k pa\u0101trin\u0101t motorollera kust\u012bbu.<br><br\/>\r\n- Vienm\u0113r\u012bgs \u0101trums: sinusoid\u0101lie regulatori nodro\u0161ina nemain\u012bgu \u0101trumu (kru\u012bza \u0101trums), lai brauk\u0161ana b\u016btu vienm\u0113r\u012bg\u0101ka.<br><br\/>\r\n- Uzlabota efektivit\u0101te: Tie nodro\u0161ina augst\u0101ku motora efektivit\u0101ti, lai veiktu k\u0101pumus kaln\u0101 un str\u0101d\u0101tu ar liel\u0101m slodz\u0113m.<br><br\/>\r\n- Uzlabota kontrole: Sinusoid\u0101lie kontrolieri nodro\u0161ina efekt\u012bvu un prognoz\u0113jamu motorollera darb\u012bbu, samazinot darb\u012bbas trauc\u0113jumu risku.<br><br\/>\r\n- Energoefektivit\u0101te: Tie efekt\u012bv\u0101k pat\u0113r\u0113 elektroener\u0123iju, pagarinot skrejrite\u0146a darb\u012bbas r\u0101diusu un akumulatora darb\u012bbas laiku.<\/td>\r\n    <\/tr>\r\n    <tr>\r\n      <td colspan=\"4\" style=\"background-color: #005BFF; color: #E0E0E0; text-align: center;\">BODY<\/td>\r\n    <\/tr>\r\n    <tr>\r\n      <td>Svara ietilp\u012bba<\/td>\r\n      <td>130 kg<\/td>\r\n      <td>130 kg<\/td>\r\n      <td>130 kg<\/td>\r\n    <\/tr>\r\n    <tr>\r\n      <td>Materi\u0101ls<\/td>\r\n      <td>Alum\u012bnija sakaus\u0113jums, 6061<\/td>\r\n      <td>Alum\u012bnija sakaus\u0113jums, 6061<\/td>\r\n      <td>Alum\u012bnija sakaus\u0113jums, 6061<\/td>\r\n    <\/tr>\r\n    <tr>\r\n      <td>Iztur\u012bba pret putek\u013ciem un \u016bdeni<\/td>\r\n      <td>IPx4<\/td>\r\n      <td>IPx4<\/td>\r\n      <td>IPx4<\/td>\r\n    <\/tr>\r\n    <tr>\r\n      <td>Kr\u0101sa<\/td>\r\n      <td>Melns \/ pel\u0113ks<\/td>\r\n      <td>Melns \/ pel\u0113ks<\/td>\r\n      <td>Melns \/ pel\u0113ks<\/td>\r\n    <\/tr>\r\n    <tr>\r\n      <td>Atstarojo\u0161ie elementi<\/td>\r\n      <td>J\u0101, ELEKTRON atstarojo\u0161\u0101 uzl\u012bme<\/td>\r\n      <td>J\u0101, ELEKTRON atstarojo\u0161\u0101 uzl\u012bme<\/td>\r\n      <td>J\u0101, ELEKTRON atstarojo\u0161\u0101 uzl\u012bme<\/td>\r\n    <\/tr>\r\n    <tr>\r\n      <td>Salok\u0101ms<\/td>\r\n      <td>J\u0101<\/td>\r\n      <td>J\u0101<\/td>\r\n      <td>J\u0101<\/td>\r\n    <\/tr>\r\n    <tr>\r\n      <td>\u0100tr\u0101s atbr\u012bvo\u0161anas dro\u0161\u012bbas meh\u0101nisms<\/td>\r\n      <td>J\u0101<\/td>\r\n      <td>J\u0101<\/td>\r\n      <td>J\u0101<\/td>\r\n    <\/tr>\r\n    <tr>\r\n      <td>Garums, platums, augstums (L*W*H)<\/td>\r\n      <td>123 x 69 x 123 cm<\/td>\r\n      <td>123 x 69 x 123 cm<\/td>\r\n      <td>132 x 69 x 131 cm<\/td>\r\n    <\/tr>\r\n    <tr>\r\n      <td>Garums, platums, augstums (saloc\u012bts)<\/td>\r\n      <td>123 x 69 x 55 cm<\/td>\r\n      <td>123 x 69 x 55 cm<\/td>\r\n      <td>132 x 69 x 54 cm<\/td>\r\n    <\/tr>\r\n    <tr>\r\n      <td>Kl\u012brenss<\/td>\r\n      <td>17,5 cm<\/td>\r\n      <td>17,5 cm<\/td>\r\n      <td>17 cm<\/td>\r\n    <\/tr>\r\n    <tr>\r\n      <td>Svars<\/td>\r\n      <td>30,31 kg<\/td>\r\n      <td>30,31 kg<\/td>\r\n      <td>34,16 kg<\/td>\r\n    <\/tr>\r\n    <tr>\r\n      <td>St\u016bres tips<\/td>\r\n      <td>Pastiprin\u0101ta T veida st\u016bre<\/td>\r\n      <td>Pastiprin\u0101ta T veida st\u016bre<\/td>\r\n      <td>Pastiprin\u0101ta T veida st\u016bre<\/td>\r\n    <\/tr>\r\n    <tr>\r\n      <td>Gumijas st\u016bres tips<\/td>\r\n      <td>Ergonomiski veidots divpus\u0113jas blo\u0137\u0113\u0161anas st\u016bres rokturis, kas izgatavots no m\u012bkstas gumijas.<\/td>\r\n      <td>Ergonomiski veidots divpus\u0113jas blo\u0137\u0113\u0161anas st\u016bres rokturis, kas izgatavots no m\u012bkstas gumijas.<\/td>\r\n      <td>Ergonomiski veidots divpus\u0113jas blo\u0137\u0113\u0161anas st\u016bres rokturis, kas izgatavots no m\u012bkstas gumijas.<\/td>\r\n    <\/tr>\r\n    <tr>\r\n      <td>Past\u0101v\u012bg\u0101 virsma<\/td>\r\n      <td>Nesl\u012bdo\u0161a virsma no silikona gela<\/td>\r\n      <td>Nesl\u012bdo\u0161a virsma no silikona gela<\/td>\r\n      <td>Nesl\u012bdo\u0161a virsma no silikona gela<\/td>\r\n    <\/tr>\r\n    <tr>\r\n      <td>Iepakojuma izm\u0113ri (L*W*H)<\/td>\r\n      <td>128,5 x 26 x 63 cm<\/td>\r\n      <td>128,5 x 26 x 63 cm<\/td>\r\n      <td>134 x 26 x 64 cm<\/td>\r\n    <\/tr>\r\n    <tr>\r\n      <td>Iepakojuma svars<\/td>\r\n      <td>36,06 kg<\/td>\r\n      <td>36,06 kg<\/td>\r\n      <td>39,64 kg<\/td>\r\n    <\/tr>\r\n    <tr>\r\n      <td colspan=\"4\" style=\"background-color: #005BFF; color: #E0E0E0; text-align: center;\">RIEPAS<\/td>\r\n    <\/tr>\r\n    <tr>\r\n      <td>Izm\u0113rs<\/td>\r\n      <td>10*3,0 collas (80\/65-6, 255\u00d780)<\/td>\r\n      <td>10*3,0 collas (80\/65-6, 255\u00d780)<\/td>\r\n      <td>10*3,0 collas (80\/65-6, 255\u00d780)<\/td>\r\n    <\/tr>\r\n    <tr>\r\n      <td>Tips<\/td>\r\n      <td>Piep\u016b\u0161am\u0101s bezkameru riepas<\/td>\r\n      <td>Piep\u016b\u0161am\u0101s bezkameru riepas<\/td>\r\n      <td>Piep\u016b\u0161am\u0101s bezkameru riepas<\/td>\r\n    <\/tr>\r\n    <tr>\r\n      <td>Protektors<\/td>\r\n      <td>Ce\u013c\u0161<\/td>\r\n      <td>Ce\u013c\u0161<\/td>\r\n      <td>Hibr\u012bds, piem\u0113rots brauk\u0161anai pa ce\u013ciem un bezce\u013ciem<\/td>\r\n    <\/tr>\r\n    <tr>\r\n      <td>Z\u012bmols<\/td>\r\n      <td>CST<\/td>\r\n      <td>CST<\/td>\r\n      <td>Wanda<\/td>\r\n    <\/tr>\r\n    <tr>\r\n      <td colspan=\"4\" style=\"background-color: #005BFF; color: #E0E0E0; text-align: center;\">BREMZES<\/td>\r\n    <\/tr>\r\n    <tr>\r\n      <td>Tips<\/td>\r\n      <td>Priek\u0161\u0113j\u0101s un aizmugur\u0113j\u0101s disku bremzes (meh\u0101nisk\u0101s)<\/td>\r\n      <td>Priek\u0161\u0113j\u0101s un aizmugur\u0113j\u0101s disku bremzes (hidraulisk\u0101s)<\/td>\r\n      <td>Priek\u0161\u0113j\u0101s un aizmugur\u0113j\u0101s disku bremzes (hidraulisk\u0101s)<\/td>\r\n    <\/tr>\r\n    <tr>\r\n      <td>Disku diametrs<\/td>\r\n      <td>140 mm<\/td>\r\n      <td>140 mm<\/td>\r\n      <td>160 mm<\/td>\r\n    <\/tr>\r\n    <tr>\r\n      <td>Z\u012bmols<\/td>\r\n      <td>JAK<\/td>\r\n      <td>NUTT<\/td>\r\n      <td>NUTT<\/td>\r\n    <\/tr>\r\n    <tr>\r\n      <td>Papildu elektronisk\u0101s bremzes<\/td>\r\n      <td>J\u0101, jaud\u012bgas elektronisk\u0101s bremzes, kas veicina dro\u0161\u012bbu un var iev\u0113rojami pagarin\u0101t brem\u017eu klu\u010du kalumu kalpo\u0161anas laiku.<\/td>\r\n      <td>J\u0101, jaud\u012bgas elektronisk\u0101s bremzes, kas veicina dro\u0161\u012bbu un var iev\u0113rojami pagarin\u0101t brem\u017eu klu\u010du kalumu kalpo\u0161anas laiku.<\/td>\r\n      <td>J\u0101, jaud\u012bgas elektronisk\u0101s bremzes, kas veicina dro\u0161\u012bbu un var iev\u0113rojami pagarin\u0101t brem\u017eu klu\u010du kalumu kalpo\u0161anas laiku.<\/td>\r\n    <\/tr>\r\n    <tr>\r\n      <td>eABS<\/td>\r\n      <td>J\u0101<\/td>\r\n      <td>J\u0101<\/td>\r\n      <td>J\u0101<\/td>\r\n    <\/tr>\r\n    <tr>\r\n      <td colspan=\"4\" style=\"background-color: #005BFF; color: #E0E0E0; text-align: center;\">ATBALSTS<\/td>\r\n    <\/tr>\r\n    <tr>\r\n      <td>Tips<\/td>\r\n      <td>Hidraulisk\u0101 balstiek\u0101rta priek\u0161pus\u0113 un aizmugur\u0113<\/td>\r\n      <td>Hidraulisk\u0101 balstiek\u0101rta priek\u0161pus\u0113 un aizmugur\u0113<\/td>\r\n      <td>Hidraulisk\u0101 balstiek\u0101rta priek\u0161pus\u0113 un aizmugur\u0113<\/td>\r\n    <\/tr>\r\n    <tr>\r\n      <td>Regul\u0113jams<\/td>\r\n      <td>J\u0101 (instruments iek\u013cauts komplekt\u0101)<\/td>\r\n      <td>J\u0101 (instruments iek\u013cauts komplekt\u0101)<\/td>\r\n      <td>J\u0101 (instruments iek\u013cauts komplekt\u0101)<\/td>\r\n    <\/tr>\r\n    <tr>\r\n      <td>Suspensijas tests<\/td>\r\n      <td>200 000 saspie\u0161anas<\/td>\r\n      <td>200 000 saspie\u0161anas<\/td>\r\n      <td>200 000 saspie\u0161anas<\/td>\r\n    <\/tr>\r\n    <tr>\r\n      <td colspan=\"4\" style=\"background-color: #005BFF; color: #E0E0E0; text-align: center;\">Displejs<\/td>\r\n    <\/tr>\r\n    <tr>\r\n      <td>Tips<\/td>\r\n      <td>LCD displejs ar pa\u0101trin\u0101juma droseli un NFC blo\u0137\u0113\u0161anu<\/td>\r\n      <td>PRO TFT kr\u0101sains matricas ekr\u0101ns<\/td>\r\n      <td>PRO TFT kr\u0101sains matricas ekr\u0101ns<\/td>\r\n    <\/tr>\r\n    <tr>\r\n      <td>Kru\u012bza kontrole<\/td>\r\n      <td>J\u0101<\/td>\r\n      <td>J\u0101<\/td>\r\n      <td>J\u0101<\/td>\r\n    <\/tr>\r\n    <tr>\r\n      <td>Izm\u0113rs<\/td>\r\n      <td>12,5 x 6,1 x 2,8 cm<\/td>\r\n      <td>\t3,5 collas<\/td>\r\n      <td>\t3,5 collas<\/td>\r\n    <\/tr>\r\n    <tr>\r\n      <td>Kr\u0101sains LCD ekr\u0101ns<\/td>\r\n      <td>N\u0113<\/td>\r\n      <td>J\u0101<\/td>\r\n      <td>J\u0101<\/td>\r\n    <\/tr>\r\n    <tr>\r\n      <td>Poz\u012bcija<\/td>\r\n      <td>Labaj\u0101 pus\u0113<\/td>\r\n      <td>Centr\u0101lais<\/td>\r\n      <td>Centr\u0101lais<\/td>\r\n    <\/tr>\r\n    <tr>\r\n      <td>Pa\u0101trin\u0101jums<\/td>\r\n      <td>Pirkstu svira (r\u0101d\u012bt\u0101jpirksts)<\/td>\r\n      <td>Pirkstu svira (\u012bk\u0161\u0137a pirksts)<\/td>\r\n      <td>Pirkstu svira (\u012bk\u0161\u0137a pirksts)<\/td>\r\n    <\/tr>\r\n    <tr>\r\n      <td>Displeja dati<\/td>\r\n      <td>\u0100truma, akumulatora indikators, p\u0101rnesums (1, 2, 3), lukturu indikators, laiks, ODO.<\/td>\r\n      <td>\u0100trums (ar\u012b maksim\u0101lais un vid\u0113jais \u0101trums), nobraukums (ODO, TRIP), p\u0101rnesums, akumulatora indikators, spriegums, str\u0101va, re\u0101llaika jauda, gaismas indikators, viendzin\u0113js\/ divdzin\u0113js, pulkstenis (ar\u012b brauciena laiks), kontroliera temperat\u016bra, vides temperat\u016bra.<\/td>\r\n      <td>\u0100trums (ar\u012b maksim\u0101lais un vid\u0113jais \u0101trums), nobraukums (ODO, TRIP), p\u0101rnesums, akumulatora indikators, spriegums, str\u0101va, re\u0101llaika jauda, gaismas indikators, viendzin\u0113js\/ divdzin\u0113js, pulkstenis (ar\u012b brauciena laiks), kontroliera temperat\u016bra, vides temperat\u016bra.<\/td>\r\n    <\/tr>\r\n    <tr>\r\n      <td>Vien\u012bbas<\/td>\r\n      <td>Metriskais \/ imperi\u0101lais<\/td>\r\n      <td>Metriskais \/ imperi\u0101lais<\/td>\r\n      <td>Metriskais \/ imperi\u0101lais<\/td>\r\n    <\/tr>\r\n    <tr>\r\n      <td>Brauk\u0161anas re\u017e\u012bmi<\/td>\r\n      <td>Viendzin\u0113js\/divdzin\u0113js un Turbo\/Eco (Eco ierobe\u017eo maksim\u0101lo \u0101trumu l\u012bdz 20 km\/h)<\/td>\r\n      <td>Viens \/ divi motori<\/td>\r\n      <td>Viens \/ divi motori<\/td>\r\n    <\/tr>\r\n    <tr>\r\n      <td>\u0100truma ierobe\u017eojums<\/td>\r\n      <td>Regul\u0113jams %, 5 - 100 %<\/td>\r\n      <td>Regul\u0113jams %, 1 - 100 %<\/td>\r\n      <td>Regul\u0113jams %, 1 - 100 %<\/td>\r\n    <\/tr>\r\n    <tr>\r\n      <td>Akumulatora indikators<\/td>\r\n      <td>Grafiskais indikators un spriegums (V)<\/td>\r\n      <td>Procenti (%) un spriegums (V)<\/td>\r\n      <td>Procenti (%) un spriegums (V)<\/td>\r\n    <\/tr>\r\n    <tr>\r\n      <td>Spilgtums<\/td>\r\n      <td>Nav regul\u0113jams<\/td>\r\n      <td>Regul\u0113jams 1-5<\/td>\r\n      <td>Regul\u0113jams 1-5<\/td>\r\n    <\/tr>\r\n    <tr>\r\n      <td>Kick Start<\/td>\r\n      <td>J\u0101<\/td>\r\n      <td>J\u0101<\/td>\r\n      <td>J\u0101<\/td>\r\n    <\/tr>\r\n    <tr>\r\n      <td>USB ports<\/td>\r\n      <td>N\u0113<\/td>\r\n      <td>J\u0101<\/td>\r\n      <td>J\u0101 <\/td>\r\n    <\/tr>\r\n    <tr>\r\n      <td>Autom\u0101tiska izsl\u0113g\u0161an\u0101s<\/td>\r\n      <td>N\u0113<\/td>\r\n      <td>Regul\u0113jams no 0 l\u012bdz 10 min.<\/td>\r\n      <td>Regul\u0113jams no 0 l\u012bdz 10 min.<\/td>\r\n    <\/tr>\r\n    <tr>\r\n      <td colspan=\"4\" style=\"background-color: #005BFF; color: #E0E0E0; text-align: center;\">APGAISMOJUMS<\/td>\r\n    <\/tr>\r\n    <tr>\r\n      <td>Gaismas<\/td>\r\n      <td>Priek\u0161\u0113jais lukturis ar ieb\u016bv\u0113tu ska\u0146as sign\u0101lu, aizmugur\u0113jais, brem\u017eu, s\u0101nu lukturis<\/td>\r\n      <td>Priek\u0161\u0113jais lukturis ar ieb\u016bv\u0113tu ska\u0146as sign\u0101lu, aizmugur\u0113jais, brem\u017eu, s\u0101nu lukturis<\/td>\r\n      <td>Priek\u0161\u0113jais lukturis ar ieb\u016bv\u0113tu ska\u0146as sign\u0101lu, aizmugur\u0113jais, brem\u017eu, s\u0101nu lukturis<\/td>\r\n    <\/tr>\r\n    <tr>\r\n      <td>Pagrieziena sign\u0101li<\/td>\r\n      <td>J\u0101, aizmugur\u0113<\/td>\r\n      <td>J\u0101, aizmugur\u0113<\/td>\r\n      <td>J\u0101, aizmugur\u0113<\/td>\r\n    <\/tr>\r\n    <tr>\r\n      <td>Indicators<\/td>\r\n      <td>J\u0101, aizmugur\u0113<\/td>\r\n      <td>J\u0101, aizmugur\u0113<\/td>\r\n      <td>J\u0101, aizmugur\u0113<\/td>\r\n    <\/tr>\r\n    <tr>\r\n      <td>Apk\u0101rt\u0113j\u0101 gaisma<\/td>\r\n      <td>J\u0101, kl\u0101ja s\u0101nos<\/td>\r\n      <td>J\u0101, kl\u0101ja s\u0101nos<\/td>\r\n      <td>J\u0101, kl\u0101ja s\u0101nos<\/td>\r\n    <\/tr>\r\n    <tr>\r\n      <td>Apk\u0101rt\u0113j\u0101 apgaismojuma veids<\/td>\r\n      <td>RGB<\/td>\r\n      <td>RGB<\/td>\r\n      <td>RGB<\/td>\r\n    <\/tr>\r\n    <tr>\r\n      <td>Apk\u0101rt\u0113j\u0101 apgaismojuma kontrole<\/td>\r\n      <td>Mobil\u0101 lietotne, Android un iOS<\/td>\r\n      <td>Mobil\u0101 lietotne, Android un iOS<\/td>\r\n      <td>Mobil\u0101 lietotne, Android un iOS<\/td>\r\n    <\/tr>\r\n    <tr>\r\n      <td colspan=\"4\" style=\"background-color: #005BFF; color: #E0E0E0; text-align: center;\">PAPILDU FUNKCIJAS<\/td>\r\n    <\/tr>\r\n    <tr>\r\n      <td>Pretaizag\u0161anas funkcija<\/td>\r\n      <td>J\u0101, NFC blo\u0137\u0113\u0161ana<\/td>\r\n      <td>J\u0101, NFC blo\u0137\u0113\u0161ana un PIN kods<\/td>\r\n      <td>J\u0101, NFC blo\u0137\u0113\u0161ana un PIN kods<\/td>\r\n    <\/tr>\r\n    <tr>\r\n      <td>NFC tausti\u0146u skaits<\/td>\r\n      <td>3 (1 galven\u0101 atsl\u0113ga)<\/td>\r\n      <td>3 (1 galven\u0101 atsl\u0113ga)<\/td>\r\n      <td>3 (1 galven\u0101 atsl\u0113ga)<\/td>\r\n    <\/tr>\r\n    <tr>\r\n      <td>Illuminated swtiches indicator<\/td>\r\n      <td>Turbo\/eco, Gaismas iesl\u0113g\u0161ana\/izsl\u0113g\u0161ana, pagrieziena sign\u0101ls pa kreisi\/pa labi<\/td>\r\n      <td>Gaismas iesl\u0113g\u0161ana\/izsl\u0113g\u0161ana, pagrieziena sign\u0101ls pa kreisi\/pa labi<\/td>\r\n      <td>Gaismas iesl\u0113g\u0161ana\/izsl\u0113g\u0161ana, pagrieziena sign\u0101ls pa kreisi\/pa labi<\/td>\r\n    <\/tr>\r\n    <tr>\r\n      <td>Rags<\/td>\r\n      <td>J\u0101<\/td>\r\n      <td>J\u0101<\/td>\r\n      <td>J\u0101<\/td>\r\n    <\/tr>\r\n    <tr>\r\n      <td>Kickstand<\/td>\r\n      <td>Iztur\u012bgs met\u0101ls un 170 mm gar\u0161<\/td>\r\n      <td>Iztur\u012bgs met\u0101ls un 170 mm gar\u0161<\/td>\r\n      <td>Iztur\u012bgs met\u0101ls un 170 mm gar\u0161<\/td>\r\n    <\/tr>\r\n    <tr>\r\n      <td>Aizsargposte\u0146i<\/td>\r\n      <td>J\u0101<\/td>\r\n      <td>J\u0101<\/td>\r\n      <td>J\u0101<\/td>\r\n    <\/tr>\r\n    <tr>\r\n      <td>S\u0113dek\u013ca opcija<\/td>\r\n      <td>J\u0101<\/td>\r\n      <td>J\u0101<\/td>\r\n      <td>J\u0101<\/td>\r\n    <\/tr>\r\n    <tr>\r\n      <td>RGB zibens mobil\u0101 lietotne<\/td>\r\n      <td>J\u0101<\/td>\r\n      <td>J\u0101<\/td>\r\n      <td>J\u0101<\/td>\r\n    <\/tr>\r\n    <tr>\r\n      <td>R\u0101m\u012b pasl\u0113pti kabe\u013ci<\/td>\r\n      <td>J\u0101<\/td>\r\n      <td>J\u0101<\/td>\r\n      <td>J\u0101<\/td>\r\n    <\/tr>\r\n    <tr>\r\n      <td>Uzl\u0101des kontaktligzdas v\u0101ci\u0146i<\/td>\r\n      <td>Izgatavots no gumijas, lai aizsarg\u0101tu pret \u012bssavienojumu<\/td>\r\n      <td>Izgatavots no gumijas, lai aizsarg\u0101tu pret \u012bssavienojumu<\/td>\r\n      <td>Izgatavots no gumijas, lai aizsarg\u0101tu pret \u012bssavienojumu<\/td>\r\n    <\/tr>\r\n    <tr>\r\n      <td>Sertifik\u0101ti<\/td>\r\n      <td>Ce, RoHS<\/td>\r\n      <td>Ce, RoHS<\/td>\r\n      <td>Ce, RoHS<\/td>\r\n    <\/tr>\r\n    <tr>\r\n      <td>Unik\u0101ls s\u0113rijas numurs<\/td>\r\n      <td>J\u0101<\/td>\r\n      <td>J\u0101<\/td>\r\n      <td>J\u0101<\/td>\r\n    <\/tr>\r\n    <tr>\r\n      <td>Garantija<\/td>\r\n      <td>1 gads (+ 1 gads p\u0113c izv\u0113les)<\/td>\r\n      <td>1 gads (+ 1 gads p\u0113c izv\u0113les)<\/td>\r\n      <td>1 gads (+ 1 gads p\u0113c izv\u0113les)<\/td>\r\n    <\/tr>\r\n    <tr>\r\n      <td>Komplekt\u0101 ietilpst<\/td>\r\n      <td>Sk\u016bteris, l\u0101d\u0113t\u0101js, lietot\u0101ja rokasgr\u0101mata, rezerves motora aizsargi, balstiek\u0101rtas regul\u0113\u0161anas r\u012bks<\/td>\r\n      <td>Sk\u016bteris, l\u0101d\u0113t\u0101js, lietot\u0101ja rokasgr\u0101mata, rezerves motora aizsargi, balstiek\u0101rtas regul\u0113\u0161anas r\u012bks<\/td>\r\n      <td>Sk\u016bteris, l\u0101d\u0113t\u0101js, lietot\u0101ja rokasgr\u0101mata, rezerves motora aizsargi, balstiek\u0101rtas regul\u0113\u0161anas r\u012bks<\/td>\r\n    <\/tr>\r\n  <\/tbody>\r\n<\/table>\r\n\t\t<\/div>\n\t\t\t\t<\/div>\n\t\t\t\t<\/div>\n\t\t\t\t<\/div>\n\t\t\t\t<\/div>","protected":false},"excerpt":{"rendered":"<p>Elektron Kinetik Elektron Kinetik PRO Elektron Kinetik GTR MOTOR Top speed 60 km\/h (limited to 25 km\/h) 60 km\/h (limited to 25 km\/h) 75 km\/h (limited to 25 km\/h) Motor power (rated) 2000 W, 2x 1000 W 2000 W, 2x 1000 W 2800 W, 2x 1400 W Maximum Motor Power (peak) 3600 W, 2x 1800 [&hellip;]<\/p>","protected":false},"author":1,"featured_media":0,"parent":0,"menu_order":0,"comment_status":"closed","ping_status":"closed","template":"elementor_header_footer","meta":{"footnotes":""},"_links":{"self":[{"href":"https:\/\/elektronscooters.com\/lv\/wp-json\/wp\/v2\/pages\/492"}],"collection":[{"href":"https:\/\/elektronscooters.com\/lv\/wp-json\/wp\/v2\/pages"}],"about":[{"href":"https:\/\/elektronscooters.com\/lv\/wp-json\/wp\/v2\/types\/page"}],"author":[{"embeddable":true,"href":"https:\/\/elektronscooters.com\/lv\/wp-json\/wp\/v2\/users\/1"}],"replies":[{"embeddable":true,"href":"https:\/\/elektronscooters.com\/lv\/wp-json\/wp\/v2\/comments?post=492"}],"version-history":[{"count":4,"href":"https:\/\/elektronscooters.com\/lv\/wp-json\/wp\/v2\/pages\/492\/revisions"}],"predecessor-version":[{"id":496,"href":"https:\/\/elektronscooters.com\/lv\/wp-json\/wp\/v2\/pages\/492\/revisions\/496"}],"wp:attachment":[{"href":"https:\/\/elektronscooters.com\/lv\/wp-json\/wp\/v2\/media?parent=492"}],"curies":[{"name":"wp","href":"https:\/\/api.w.org\/{rel}","templated":true}]}}