{"id":461,"date":"2024-02-07T11:11:56","date_gmt":"2024-02-07T11:11:56","guid":{"rendered":"https:\/\/elektronscooters.com\/?post_type=product&#038;p=461"},"modified":"2026-01-29T19:17:42","modified_gmt":"2026-01-29T19:17:42","slug":"elektron-kinetik-electric-scooter","status":"publish","type":"product","link":"https:\/\/elektronscooters.com\/hu\/termek\/elektron-kinetik-elektromos-robogo\/","title":{"rendered":"Elektron Kinetik elektromos robog\u00f3"},"content":{"rendered":"","protected":false},"excerpt":{"rendered":"<p><strong>V\u00e9gsebess\u00e9g \u00e9s teljes\u00edtm\u00e9ny:<\/strong> 60 km\/h v\u00e9gsebess\u00e9get \u00e9r el, amelyet a biztons\u00e1g \u00e9rdek\u00e9ben elektronikusan 25 km\/h-ra korl\u00e1toz, \u00e9s amelyet egy robusztus kett\u0151s motorrendszer hajt, amelynek n\u00e9vleges teljes\u00edtm\u00e9nye 2000 W (2x 1000 W) \u00e9s cs\u00facsteljes\u00edtm\u00e9nye 2600 W (2x 1300 W).<\/p>\n<p><strong>Maxim\u00e1lis emelked\u00e9si k\u00e9pess\u00e9g:<\/strong> Ak\u00e1r 25\u00b0-os emelked\u0151k lek\u00fczd\u00e9s\u00e9re is k\u00e9pes, lehet\u0151v\u00e9 t\u00e9ve a sokoldal\u00fa v\u00e1rosi navig\u00e1ci\u00f3t.<\/p>\n<p><strong>Hat\u00f3t\u00e1vols\u00e1g \u00e9s akkumul\u00e1tor specifik\u00e1ci\u00f3k:<\/strong> Egyetlen felt\u00f6lt\u00e9ssel 75 km maxim\u00e1lis hat\u00f3t\u00e1vols\u00e1got k\u00edn\u00e1l, amelyet egy 20,8 Ah-s, 52 V-os akkumul\u00e1tor t\u00e1mogat. V\u00e1rhat\u00f3 akkumul\u00e1tor \u00e9lettartam: 720 ciklus, 70% feletti kapacit\u00e1ssal.<\/p>\n<p><strong>Adatok megjelen\u00edt\u00e9se:<\/strong> LCD-kijelz\u0151vel rendelkezik, amely alapvet\u0151 inform\u00e1ci\u00f3kat szolg\u00e1ltat, bele\u00e9rtve a sebess\u00e9get, az akkumul\u00e1tor jelz\u0151j\u00e9t, a sebess\u00e9gfokozat be\u00e1ll\u00edt\u00e1sait (1, 2, 3), a f\u00e9nysz\u00f3r\u00f3 \u00e1llapot\u00e1t, az id\u0151t, a fesz\u00fclts\u00e9gm\u00e9r\u0151t \u00e9s a kilom\u00e9ter-sz\u00e1ml\u00e1l\u00f3t, \u00edgy a motorosok minden sz\u00fcks\u00e9ges adatot egy pillant\u00e1ssal l\u00e1thatnak a biztons\u00e1gos \u00e9s t\u00e1j\u00e9kozott vezet\u00e9shez.<\/p>\n<p><strong>S\u00faly Specifik\u00e1ci\u00f3k \u00e9s m\u00e9retek:<\/strong> S\u00falya 30 kg, 130 kg-ig terjed\u0151 s\u00faly\u00fa lovasok sz\u00e1ll\u00edt\u00e1s\u00e1ra tervezt\u00e9k, m\u00e9rete kibontott \u00e1llapotban 130 x 69 x 131 cm (LWH).<\/p>\n<p><strong>Csatlakoztathat\u00f3s\u00e1g \u00e9s testreszabhat\u00f3s\u00e1g:<\/strong> Alkalmaz\u00e1st\u00e1mogat\u00e1st k\u00edn\u00e1l az RGB k\u00f6rnyezeti f\u00e9ny testreszab\u00e1s\u00e1hoz, a szem\u00e9lyre szabott eszt\u00e9tika \u00e9s biztons\u00e1g \u00e9rdek\u00e9ben.<\/p>\n<p><strong>K\u00f6z\u00fati gumiabroncsok:<\/strong> 10*3,0 h\u00fcvelykes CST felf\u00fajhat\u00f3 cs\u00f6vek n\u00e9lk\u00fcli gumiabroncsokkal felszerelt, optim\u00e1lis k\u00f6z\u00fati haszn\u00e1latra tervezett gumiabroncsok, amelyek z\u00f6kken\u0151mentes utaz\u00e1st biztos\u00edtanak a v\u00e1rosi \u00fatvonalakon.<\/p>\n<p><strong>T\u00f6lt\u00e9si id\u0151:<\/strong> Standard t\u00f6lt\u00e9si id\u0151 8-10 \u00f3ra, amely egy kieg\u00e9sz\u00edt\u0151 t\u00f6lt\u0151vel 4-5 \u00f3r\u00e1ra cs\u00f6kkenthet\u0151.<\/p>\n<p><strong>Az akkumul\u00e1torra \u00e9s a t\u00f6lt\u00e9sre vonatkoz\u00f3 biztos\u00edt\u00e9kok:<\/strong>\u00a0Alulfesz\u00fclts\u00e9g-, t\u00falfesz\u00fclts\u00e9g-, t\u00falt\u00f6lt\u00e9s-, t\u00falkis\u00fcl\u00e9s- \u00e9s t\u00falmeleged\u00e9s elleni v\u00e9delemmel rendelkezik a fokozott biztons\u00e1g \u00e9s az akkumul\u00e1tor hossz\u00fa \u00e9lettartama \u00e9rdek\u00e9ben.<\/p>\n<p><strong>Tervez\u00e9s \u00e9s hordozhat\u00f3s\u00e1g:<\/strong> \u00d6sszecsukhat\u00f3 kialak\u00edt\u00e1ssal rendelkezik a k\u00e9nyelmes t\u00e1rol\u00e1s \u00e9s sz\u00e1ll\u00edt\u00e1s \u00e9rdek\u00e9ben, amelyet meger\u0151s\u00edtett T korm\u00e1ny \u00e9s ergonomikusan kialak\u00edtott, puha gumib\u00f3l k\u00e9sz\u00fclt, k\u00e9toldali reteszel\u00e9s\u0171 korm\u00e1ny eg\u00e9sz\u00edt ki a k\u00e9nyelem \u00e9s az ir\u00e1ny\u00edt\u00e1s \u00e9rdek\u00e9ben. K\u00f6nnyen \u00f6ssze- \u00e9s kihajthat\u00f3 biztons\u00e1gi z\u00e1rszerkezet.<\/p>\n<p><strong>F\u00e9krendszer \u00e9s hat\u00e9konys\u00e1g:<\/strong> Az elektronikus f\u00e9kkel kieg\u00e9sz\u00edtett mechanikus t\u00e1rcsaf\u00e9kek n\u00f6velik a biztons\u00e1got \u00e9s meghosszabb\u00edtj\u00e1k a f\u00e9kbet\u00e9tek \u00e9lettartam\u00e1t.<\/p>\n<p><strong>\u00c1ll\u00edthat\u00f3 felf\u00fcggeszt\u00e9si rendszer:<\/strong> \u00c1ll\u00edthat\u00f3 hidraulikus felf\u00fcggeszt\u00e9si rendszerrel rendelkezik, amelyet szigor\u00faan teszteltek ak\u00e1r 200 000 \u00f6sszenyom\u00e1sig, \u00edgy minden fel\u00fcleten egyenletes utaz\u00e1st biztos\u00edt.<\/p>\n<p><strong>K\u00f6nny\u0171 karbantart\u00e1s \u00e9s fejlett kialak\u00edt\u00e1s: <\/strong>Osztott felni rendszerrel \u00e9s v\u00edz\u00e1ll\u00f3 motorcsatlakoz\u00f3kkal rendelkezik a k\u00f6nny\u0171 szervizelhet\u0151s\u00e9g \u00e9rdek\u00e9ben.<\/p>\n<p><strong>Vil\u00e1g\u00edt\u00e1s, l\u00e1that\u00f3s\u00e1g \u00e9s biztons\u00e1gi jellemz\u0151k:<\/strong> Testreszabhat\u00f3, mobilalkalmaz\u00e1ssal vez\u00e9relhet\u0151 RGB k\u00f6rnyezeti f\u00e9nyek, integr\u00e1lt ir\u00e1nyjelz\u0151k a jobb l\u00e1that\u00f3s\u00e1g \u00e9rdek\u00e9ben, valamint ELEKTRON f\u00e9nyvisszaver\u0151 matric\u00e1k a nagyobb biztons\u00e1g\u00e9rt az utakon. Cs\u00fasz\u00e1smentes fel\u00fclet szilikag\u00e9lb\u0151l k\u00e9sz\u00fclt.<\/p>\n<p><strong>Biztons\u00e1gi jellemz\u0151k:<\/strong> NFC-z\u00e1rral felszerelve a biztons\u00e1gos parkol\u00e1s \u00e9s a lop\u00e1s elleni v\u00e9delem \u00e9rdek\u00e9ben.<\/p>\n<p><strong>Tov\u00e1bbi k\u00e9nyelmi lehet\u0151s\u00e9gek:<\/strong> Lehet\u0151s\u00e9g van \u00fcl\u00e9s r\u00f6gz\u00edt\u00e9s\u00e9re a hosszabb utaz\u00e1sok sor\u00e1n a nagyobb utaz\u00e1si k\u00e9nyelem \u00e9rdek\u00e9ben.<\/p>\n<p class=\" translation-block\"><strong>Ingyenes \u00e9s gyors sz\u00e1ll\u00edt\u00e1s<\/strong> az <strong>EU eg\u00e9sz ter\u00fclet\u00e9n 2-3 munkanapon bel\u00fcl<\/strong>, 1 \u00e9v garancia az elektromos robog\u00f3kra, amely 150 \u20ac-\u00e9rt tov\u00e1bbi egy \u00e9vvel meghosszabb\u00edthat\u00f3, hat\u00e9kony jav\u00edt\u00e1si szolg\u00e1ltat\u00e1sokkal \u00e9s 14 napos visszak\u00fcld\u00e9si joggal.<\/p>","protected":false},"featured_media":2072,"comment_status":"open","ping_status":"closed","template":"","meta":[],"product_cat":[25,26],"product_tag":[30],"_links":{"self":[{"href":"https:\/\/elektronscooters.com\/hu\/wp-json\/wp\/v2\/product\/461"}],"collection":[{"href":"https:\/\/elektronscooters.com\/hu\/wp-json\/wp\/v2\/product"}],"about":[{"href":"https:\/\/elektronscooters.com\/hu\/wp-json\/wp\/v2\/types\/product"}],"replies":[{"embeddable":true,"href":"https:\/\/elektronscooters.com\/hu\/wp-json\/wp\/v2\/comments?post=461"}],"wp:featuredmedia":[{"embeddable":true,"href":"https:\/\/elektronscooters.com\/hu\/wp-json\/wp\/v2\/media\/2072"}],"wp:attachment":[{"href":"https:\/\/elektronscooters.com\/hu\/wp-json\/wp\/v2\/media?parent=461"}],"wp:term":[{"taxonomy":"product_cat","embeddable":true,"href":"https:\/\/elektronscooters.com\/hu\/wp-json\/wp\/v2\/product_cat?post=461"},{"taxonomy":"product_tag","embeddable":true,"href":"https:\/\/elektronscooters.com\/hu\/wp-json\/wp\/v2\/product_tag?post=461"}],"curies":[{"name":"wp","href":"https:\/\/api.w.org\/{rel}","templated":true}]}}