{"id":1172,"date":"2024-02-16T14:28:41","date_gmt":"2024-02-16T14:28:41","guid":{"rendered":"https:\/\/elektronscooters.com\/?post_type=product&#038;p=1172"},"modified":"2024-07-28T15:34:27","modified_gmt":"2024-07-28T15:34:27","slug":"elektron-kinetik-seat","status":"publish","type":"product","link":"https:\/\/elektronscooters.com\/hu\/termek\/elektron-kinetikus-ules\/","title":{"rendered":"Elektron Kinetik Seat"},"content":{"rendered":"","protected":false},"excerpt":{"rendered":"<p>Az Elektron Kinetik Seat az Elektron Kinetik elektromos roller sorozat vezet\u0151i sz\u00e1m\u00e1ra a k\u00e9nyelem \u00e9s a komfort cs\u00facs\u00e1t jelenti. A prec\u00edz m\u00e9rn\u00f6ki munk\u00e1val k\u00e9sz\u00fclt \u00fcl\u00e9s p\u00e1ratlan k\u00e9nyelemmel b\u00fcszk\u00e9lkedhet, amely minden alkalommal sima \u00e9s \u00e9lvezetes utaz\u00e1st biztos\u00edt. \u00d6sszecsukhat\u00f3 kialak\u00edt\u00e1sa m\u00e9g praktikusabb\u00e1 teszi, lehet\u0151v\u00e9 t\u00e9ve a k\u00f6nny\u0171 t\u00e1rol\u00e1st \u00e9s hordozhat\u00f3s\u00e1got.<\/p>\n<p>Kifejezetten az Elektron Kinetik, Elektron Kinetik PRO \u00e9s Elektron Kinetik GTR modellek kieg\u00e9sz\u00edt\u00e9s\u00e9re k\u00e9sz\u00fclt, \u00e9s z\u00f6kken\u0151mentesen illeszkedik ezekhez a robog\u00f3khoz, n\u00f6velve azok funkcionalit\u00e1s\u00e1t \u00e9s k\u00e9nyelm\u00e9t. Ak\u00e1r a v\u00e1rosi utc\u00e1kon navig\u00e1lva, ak\u00e1r a parkokban cirk\u00e1lva, az Elektron Kinetik Seat luxus \u00e9s ergonomikus \u00fcl\u0151helyet k\u00edn\u00e1l a motorosoknak, \u00faj m\u00e9rc\u00e9t \u00e1ll\u00edtva az elektromos rollerek tartoz\u00e9kai k\u00f6z\u00f6tt.<\/p>","protected":false},"featured_media":1231,"comment_status":"open","ping_status":"closed","template":"","meta":[],"product_cat":[28],"product_tag":[],"_links":{"self":[{"href":"https:\/\/elektronscooters.com\/hu\/wp-json\/wp\/v2\/product\/1172"}],"collection":[{"href":"https:\/\/elektronscooters.com\/hu\/wp-json\/wp\/v2\/product"}],"about":[{"href":"https:\/\/elektronscooters.com\/hu\/wp-json\/wp\/v2\/types\/product"}],"replies":[{"embeddable":true,"href":"https:\/\/elektronscooters.com\/hu\/wp-json\/wp\/v2\/comments?post=1172"}],"wp:featuredmedia":[{"embeddable":true,"href":"https:\/\/elektronscooters.com\/hu\/wp-json\/wp\/v2\/media\/1231"}],"wp:attachment":[{"href":"https:\/\/elektronscooters.com\/hu\/wp-json\/wp\/v2\/media?parent=1172"}],"wp:term":[{"taxonomy":"product_cat","embeddable":true,"href":"https:\/\/elektronscooters.com\/hu\/wp-json\/wp\/v2\/product_cat?post=1172"},{"taxonomy":"product_tag","embeddable":true,"href":"https:\/\/elektronscooters.com\/hu\/wp-json\/wp\/v2\/product_tag?post=1172"}],"curies":[{"name":"wp","href":"https:\/\/api.w.org\/{rel}","templated":true}]}}