{"id":620,"date":"2024-02-12T11:53:31","date_gmt":"2024-02-12T11:53:31","guid":{"rendered":"https:\/\/elektronscooters.com\/?page_id=620"},"modified":"2024-04-30T13:39:55","modified_gmt":"2024-04-30T13:39:55","slug":"about-us","status":"publish","type":"page","link":"https:\/\/elektronscooters.com\/hu\/rolunk\/","title":{"rendered":"R\u00f3lunk"},"content":{"rendered":"<div data-elementor-type=\"wp-page\" data-elementor-id=\"620\" class=\"elementor elementor-620\" data-elementor-post-type=\"page\">\n\t\t\t\t<div class=\"elementor-element elementor-element-fd89c7b e-flex e-con-boxed e-con e-parent\" data-id=\"fd89c7b\" data-element_type=\"container\" data-settings=\"{&quot;background_background&quot;:&quot;classic&quot;}\">\n\t\t\t\t\t<div class=\"e-con-inner\">\n\t\t<div class=\"elementor-element elementor-element-16dbf2f e-con-full e-flex e-con e-child\" data-id=\"16dbf2f\" data-element_type=\"container\">\n\t\t\t\t<div class=\"elementor-element elementor-element-a60f596 elementor-widget elementor-widget-heading\" data-id=\"a60f596\" data-element_type=\"widget\" data-widget_type=\"heading.default\">\n\t\t\t\t<div class=\"elementor-widget-container\">\n\t\t\t<style>\/*! elementor - v3.21.0 - 08-05-2024 *\/\n.elementor-heading-title{padding:0;margin:0;line-height:1}.elementor-widget-heading .elementor-heading-title[class*=elementor-size-]>a{color:inherit;font-size:inherit;line-height:inherit}.elementor-widget-heading .elementor-heading-title.elementor-size-small{font-size:15px}.elementor-widget-heading .elementor-heading-title.elementor-size-medium{font-size:19px}.elementor-widget-heading .elementor-heading-title.elementor-size-large{font-size:29px}.elementor-widget-heading .elementor-heading-title.elementor-size-xl{font-size:39px}.elementor-widget-heading .elementor-heading-title.elementor-size-xxl{font-size:59px}<\/style><h1 class=\"elementor-heading-title elementor-size-default\">R\u00f3lunk<\/h1>\t\t<\/div>\n\t\t\t\t<\/div>\n\t\t\t\t<div class=\"elementor-element elementor-element-588206c elementor-widget__width-initial elementor-widget elementor-widget-text-editor\" data-id=\"588206c\" data-element_type=\"widget\" data-widget_type=\"text-editor.default\">\n\t\t\t\t<div class=\"elementor-widget-container\">\n\t\t\t<style>\/*! elementor - v3.21.0 - 08-05-2024 *\/\n.elementor-widget-text-editor.elementor-drop-cap-view-stacked .elementor-drop-cap{background-color:#69727d;color:#fff}.elementor-widget-text-editor.elementor-drop-cap-view-framed .elementor-drop-cap{color:#69727d;border:3px solid;background-color:transparent}.elementor-widget-text-editor:not(.elementor-drop-cap-view-default) .elementor-drop-cap{margin-top:8px}.elementor-widget-text-editor:not(.elementor-drop-cap-view-default) .elementor-drop-cap-letter{width:1em;height:1em}.elementor-widget-text-editor .elementor-drop-cap{float:left;text-align:center;line-height:1;font-size:50px}.elementor-widget-text-editor .elementor-drop-cap-letter{display:inline-block}<\/style>\t\t\t\t<p>\u00dcdv\u00f6z\u00f6lj\u00fck az elektromobilit\u00e1s vil\u00e1g\u00e1ban, ahol a szenved\u00e9ly \u00e9s az innov\u00e1ci\u00f3 hat\u00e1rokat feszeget. 8 \u00e9ves ipar\u00e1gi tapasztalattal az ELEKTRON-n\u00e1l nem csak a forradalomnak szentelt\u00fck magunkat, hanem annak \u00e9l\u00e9re is \u00e1lltunk. Azzal az elk\u00e9pzel\u00e9ssel indultunk \u00fatnak, hogy nem term\u00e9keket, hanem megold\u00e1sokat k\u00e9sz\u00edt\u00fcnk, amelyeknek \u00e9letm\u00f3dk\u00e9nt kell be\u00e9p\u00fclni\u00fck \u00fcgyfeleink \u00e9let\u00e9be.<\/p><p>Szak\u00e9rtelm\u00fcnk<\/p><p>Szak\u00e9rt\u0151k vagyunk az elektromos rollerek \u00e9rt\u00e9kes\u00edt\u00e9s\u00e9ben \u00e9s gy\u00e1rt\u00e1s\u00e1ban. Az ELEKTRON-n\u00e1l \u00fagy gondoljuk, hogy a min\u0151s\u00e9g nem egy jellemz\u0151, hanem minden tev\u00e9kenys\u00e9g\u00fcnk alapja. Robog\u00f3ink szigor\u00fa teszteken mennek kereszt\u00fcl, hogy minden utaz\u00e1s ne csak egy utaz\u00e1s, hanem egy \u00e9lm\u00e9ny legyen.<\/p><p>\u00cdg\u00e9ret\u00fcnk<\/p><p>Az ELEKTRON-n\u00e1l b\u00fcszk\u00e9k vagyunk arra, hogy a vev\u0151i \u00e9rt\u00e9kes\u00edt\u00e9s ut\u00e1ni t\u00e1mogat\u00e1s vil\u00e1gsz\u00ednvonal\u00e1ra \u00f6sszpontos\u00edtunk, \u00e9s ez\u00e9rt az \u00fcgyf\u00e9lt\u00e1mogat\u00e1s nagym\u00e9rt\u00e9kben kiemelked\u0151. Az ELEKTRON szolg\u00e1ltat\u00e1si strat\u00e9gi\u00e1ja a gyorsas\u00e1g k\u00f6r\u00fcl forog, k\u00fcl\u00f6n\u00f6sen a garanci\u00e1lis megold\u00e1sok \u00e9s a p\u00f3talkatr\u00e9sz-ell\u00e1t\u00e1s ter\u00e9n. Tudjuk, hogy az id\u0151 mennyire fontos az \u00d6n sz\u00e1m\u00e1ra, \u00e9s hogy a k\u00f6lt\u00f6z\u00e9s nem minden ember sz\u00e1m\u00e1ra a vil\u00e1g legk\u00f6nnyebb feladata, ez\u00e9rt igyeksz\u00fcnk a lehet\u0151 leggyorsabban \u00e9s a lehet\u0151 legkev\u00e9sb\u00e9 beavatkozva az \u00d6n mindennapi rutinj\u00e1ba, amir\u0151l tudjuk, hogy az \u00d6n mindennapi rutinja.<\/p><p>Meghallgatjuk \u00d6nt<\/p><p>A legjobb tulajdons\u00e1gunk a hallgat\u00f3i k\u00e9pess\u00e9g\u00fcnk. Az ELEKTRON-n\u00e1l minden \u00e9szrev\u00e9tel \u00e9s javaslat es\u00e9lyt jelent sz\u00e1munkra, hogy jobb\u00e1 v\u00e1ljunk \u00e9s \u00faj\u00edtsunk. Ennek sor\u00e1n nagyon komolyan vessz\u00fck \u00fcgyfeleink minden ig\u00e9ny\u00e9t, minden visszajelz\u00e9s\u00e9t, \u00e9s nagyon figyelmesen meghallgatjuk \u0151ket. \u00c9s ebben a megk\u00f6zel\u00edt\u00e9sben dolgoztunk egy\u00fctt azon, hogy olyan term\u00e9keket \u00e9s szolg\u00e1ltat\u00e1sokat k\u00edn\u00e1ljunk, amelyek relev\u00e1nsak \u00e9s meghaladj\u00e1k k\u00f6z\u00f6ss\u00e9g\u00fcnk elv\u00e1r\u00e1sait.<\/p><p>\u00c9s m\u00e9gis, az elektromobilit\u00e1s vil\u00e1g\u00e1ba vezet\u0151 utunk minden egyes l\u00e9p\u00e9ssel egyre izgalmasabb\u00e1 v\u00e1lik. Az ELEKTRON-n\u00e1l a k\u00fcldet\u00e9s\u00fcnk egyszer\u0171: csak a legjobbat k\u00edn\u00e1ljuk. Legyen sz\u00f3 ak\u00e1r a kiv\u00e1l\u00f3 min\u0151s\u00e9g\u0171 robog\u00f3k tervez\u00e9s\u00e9r\u0151l, a kiv\u00e1l\u00f3 t\u00e1mogat\u00e1si rendszerr\u0151l, vagy a kiv\u00e9telesen gyors garanci\u00e1lis megold\u00e1si folyamatr\u00f3l, az ELEKTRON-n\u00e1l szerzett tapasztalatokkal teljes m\u00e9rt\u00e9kben fedezz\u00fck \u00d6nt. Most pedig tekerj\u00fcnk egy\u00fctt egy z\u00f6ld \u00e9s fenntarthat\u00f3 j\u00f6v\u0151 fel\u00e9.<\/p>\t\t\t\t\t\t<\/div>\n\t\t\t\t<\/div>\n\t\t\t\t<div class=\"elementor-element elementor-element-4f25cbe elementor-widget__width-initial elementor-widget elementor-widget-text-editor\" data-id=\"4f25cbe\" data-element_type=\"widget\" data-widget_type=\"text-editor.default\">\n\t\t\t\t<div class=\"elementor-widget-container\">\n\t\t\t\t\t\t\t<p>V\u00e1llalati inform\u00e1ci\u00f3k<\/p><p>FRONTIVE, Bla\u017e Volavc (s.p.)<\/p><p>Hrastinska pot 40<br \/>8250 Brezice<br \/>Szlov\u00e9nia, EU<\/p><p>Telefon: +386 40 654 339<br \/>E-mail: info@elektronscooters.com<\/p><p>Az egy\u00e9ni v\u00e1llalkoz\u00f3 (s.p.) be van jegyezve a szlov\u00e9n c\u00e9gjegyz\u00e9kbe (PRS):<br \/>Nyilv\u00e1ntart\u00e1si sz\u00e1m: 876143000<br \/>\u00c1FA-AZONOS\u00cdT\u00d3: SI23545887<br \/>Regisztr\u00e1ci\u00f3 id\u0151pontja: 10. 11. 2020<\/p>\t\t\t\t\t\t<\/div>\n\t\t\t\t<\/div>\n\t\t\t\t<\/div>\n\t\t\t\t\t<\/div>\n\t\t\t\t<\/div>\n\t\t\t\t<\/div>","protected":false},"excerpt":{"rendered":"<p>About Us Welcome to the world of electromobility where passion and innovation push boundaries. With industry experience of 8 years, we at ELEKTRON have devoted ourselves not just to the revolution, but leading the same. We embarked on our journey with the vision of making not products but solutions, which should integrate into the lives [&hellip;]<\/p>","protected":false},"author":1,"featured_media":0,"parent":0,"menu_order":0,"comment_status":"closed","ping_status":"closed","template":"elementor_header_footer","meta":{"footnotes":""},"_links":{"self":[{"href":"https:\/\/elektronscooters.com\/hu\/wp-json\/wp\/v2\/pages\/620"}],"collection":[{"href":"https:\/\/elektronscooters.com\/hu\/wp-json\/wp\/v2\/pages"}],"about":[{"href":"https:\/\/elektronscooters.com\/hu\/wp-json\/wp\/v2\/types\/page"}],"author":[{"embeddable":true,"href":"https:\/\/elektronscooters.com\/hu\/wp-json\/wp\/v2\/users\/1"}],"replies":[{"embeddable":true,"href":"https:\/\/elektronscooters.com\/hu\/wp-json\/wp\/v2\/comments?post=620"}],"version-history":[{"count":37,"href":"https:\/\/elektronscooters.com\/hu\/wp-json\/wp\/v2\/pages\/620\/revisions"}],"predecessor-version":[{"id":2015,"href":"https:\/\/elektronscooters.com\/hu\/wp-json\/wp\/v2\/pages\/620\/revisions\/2015"}],"wp:attachment":[{"href":"https:\/\/elektronscooters.com\/hu\/wp-json\/wp\/v2\/media?parent=620"}],"curies":[{"name":"wp","href":"https:\/\/api.w.org\/{rel}","templated":true}]}}