{"id":492,"date":"2024-02-08T07:59:19","date_gmt":"2024-02-08T07:59:19","guid":{"rendered":"https:\/\/elektronscooters.com\/?page_id=492"},"modified":"2024-02-08T07:59:51","modified_gmt":"2024-02-08T07:59:51","slug":"elektron-kinetik-pro-gtr-comparison-table","status":"publish","type":"page","link":"https:\/\/elektronscooters.com\/hu\/elektron-kinetik-pro-gtr-comparison-table\/","title":{"rendered":"Elektron Kinetik \/ PRO \/ GTR Comparison Table"},"content":{"rendered":"<div data-elementor-type=\"wp-page\" data-elementor-id=\"492\" class=\"elementor elementor-492\" data-elementor-post-type=\"page\">\n\t\t\t\t<div class=\"elementor-element elementor-element-55a1370 e-con-full e-flex e-con e-parent\" data-id=\"55a1370\" data-element_type=\"container\" data-settings=\"{&quot;background_background&quot;:&quot;classic&quot;}\">\n\t\t<div class=\"elementor-element elementor-element-2a98612 e-con-full e-flex e-con e-child\" data-id=\"2a98612\" data-element_type=\"container\" data-settings=\"{&quot;background_background&quot;:&quot;classic&quot;}\">\n\t\t\t\t<div class=\"elementor-element elementor-element-831ce1f elementor-widget elementor-widget-html\" data-id=\"831ce1f\" data-element_type=\"widget\" data-widget_type=\"html.default\">\n\t\t\t\t<div class=\"elementor-widget-container\">\n\t\t\t<style>\r\n  table {\r\n    background-color: #0A0A0A;\r\n    color: #E0E0E0;\r\n    width: 100%;\r\n    font-size: 10px; \/* Default font size *\/\r\n  }\r\n\r\n  th, td {\r\n    text-align: left;\r\n    vertical-align: middle;\r\n    padding: 8px;\r\n    border: 1px solid #E0E0E0;\r\n  }\r\n\r\n  @media only screen and (min-width: 601px) {\r\n    table {\r\n      font-size: 20px; \/* Font size for larger screens *\/\r\n    }\r\n  }\r\n<\/style>\r\n\r\n<table style=\"background-color: #0A0A0A; color: #E0E0E0;\">\r\n    <colgroup>\r\n    <col style=\"width: 25%;\">\r\n    <col style=\"width: 25%;\">\r\n    <col style=\"width: 25%;\">\r\n    <col style=\"width: 25%;\">\r\n  <\/colgroup>\r\n  <thead>\r\n    <tr>\r\n      <td><\/td>\r\n<td style=\"text-align: center; vertical-align: middle; text-transform: uppercase;\">Elektron Kinetik<\/td>\r\n<td style=\"text-align: center; vertical-align: middle; text-transform: uppercase;\">Elektron Kinetik PRO<\/td>\r\n<td style=\"text-align: center; vertical-align: middle; text-transform: uppercase;\">Elektron Kinetik GTR<\/td>\r\n    <\/tr>\r\n  <\/thead>\r\n  <tbody>\r\n    <tr>\r\n      <td colspan=\"4\" style=\"background-color: #005BFF; color: #E0E0E0; text-align: center;\">MOTOR<\/td>\r\n    <\/tr>\r\n    <tr>\r\n      <td>V\u00e9gsebess\u00e9g<\/td>\r\n      <td>60 km\/h (25 km\/h-ra korl\u00e1tozva)<\/td>\r\n      <td>60 km\/h (25 km\/h-ra korl\u00e1tozva)<\/td>\r\n      <td>75 km\/h (25 km\/h-ra korl\u00e1tozva)<\/td>\r\n    <\/tr>\r\n    <tr>\r\n      <td>Motor teljes\u00edtm\u00e9ny (n\u00e9vleges)<\/td>\r\n      <td>2000 W, 2x 1000 W<\/td>\r\n      <td>2000 W, 2x 1000 W<\/td>\r\n      <td>2800 W, 2x 1400 W<\/td>\r\n    <\/tr>\r\n    <tr>\r\n      <td>Maxim\u00e1lis motorteljes\u00edtm\u00e9ny (cs\u00facs)<\/td>\r\n      <td>3600 W, 2x 1800 W<\/td>\r\n      <td>3600 W, 2x 1800 W<\/td>\r\n      <td>5040 W, 2x 2520 W<\/td>\r\n    <\/tr>\r\n    <tr>\r\n      <td>Kett\u0151s motor<\/td>\r\n      <td>Igen<\/td>\r\n      <td>Igen<\/td>\r\n      <td>Igen<\/td>\r\n    <\/tr>\r\n    <tr>\r\n      <td>Drive<\/td>\r\n      <td>El\u00f6l \u00e9s h\u00e1tul<\/td>\r\n      <td>El\u00f6l \u00e9s h\u00e1tul<\/td>\r\n      <td>El\u00f6l \u00e9s h\u00e1tul<\/td>\r\n    <\/tr>\r\n    <tr>\r\n      <td>Drive with single motor<\/td>\r\n      <td>H\u00e1ts\u00f3<\/td>\r\n      <td>H\u00e1ts\u00f3<\/td>\r\n      <td>H\u00e1ts\u00f3<\/td>\r\n    <\/tr>\r\n    <tr>\r\n      <td>Motor t\u00edpusa<\/td>\r\n      <td>Kefe n\u00e9lk\u00fcli<\/td>\r\n      <td>Kefe n\u00e9lk\u00fcli<\/td>\r\n      <td>Kefe n\u00e9lk\u00fcli<\/td>\r\n    <\/tr>\r\n    <tr>\r\n      <td>Maxim\u00e1lis d\u0151l\u00e9ssz\u00f6g<\/td>\r\n      <td>25\u00b0 \/ 46.6 %<\/td>\r\n      <td>25\u00b0 \/ 46.6 %<\/td>\r\n      <td>30\u00b0 \/ 57.7 %<\/td>\r\n    <\/tr>\r\n    <tr>\r\n      <td colspan=\"4\" style=\"background-color: #005BFF; color: #E0E0E0; text-align: center;\">AKKUMUL\u00c1TOR<\/td>\r\n    <\/tr>\r\n    <tr>\r\n      <td>Maxim\u00e1lis hat\u00f3t\u00e1vols\u00e1g<\/td>\r\n      <td>75 km<\/td>\r\n      <td>75 km<\/td>\r\n      <td>90 km<\/td>\r\n    <\/tr>\r\n    <tr>\r\n      <td>Kapacit\u00e1s<\/td>\r\n      <td>20,8 Ah<\/td>\r\n      <td>20,8 Ah<\/td>\r\n      <td>23.4 Ah<\/td>\r\n    <\/tr>\r\n    <tr>\r\n      <td>Fesz\u00fclts\u00e9g<\/td>\r\n      <td>52 V<\/td>\r\n      <td>52 V<\/td>\r\n      <td>60 V<\/td>\r\n    <\/tr>\r\n    <tr>\r\n      <td>Akkumul\u00e1tor<\/td>\r\n      <td>Li-Ion<\/td>\r\n      <td>Li-Ion<\/td>\r\n      <td>Li-Ion<\/td>\r\n    <\/tr>\r\n    <tr>\r\n      <td>Sejtek<\/td>\r\n      <td>18650<\/td>\r\n      <td>18650<\/td>\r\n      <td>18650<\/td>\r\n    <\/tr>\r\n    <tr>\r\n            <td>V\u00e1rhat\u00f3 akkumul\u00e1tor \u00e9lettartam<\/td>\r\n            <td>720 ciklus, 70 feletti kapacit\u00e1ssal %<\/td>\r\n            <td>720 ciklus, 70 feletti kapacit\u00e1ssal %<\/td>\r\n            <td>720 ciklus, 70 feletti kapacit\u00e1ssal %<\/td>\r\n        <\/tr>\r\n    <tr>\r\n      <td>Az akkumul\u00e1tor s\u00falya<\/td>\r\n      <td>5.84 kg<\/td>\r\n      <td>5.84 kg<\/td>\r\n      <td>7.86 kg<\/td>\r\n    <\/tr>\r\n    <tr>\r\n      <td>T\u00f6lt\u0151<\/td>\r\n      <td>52V 2Ah<\/td>\r\n      <td>52V 2Ah<\/td>\r\n      <td>60V 2 Ah<\/td>\r\n    <\/tr>\r\n    <tr>\r\n      <td>T\u00f6lt\u00e9si id\u0151<\/td>\r\n      <td>8-10 \u00f3ra<\/td>\r\n      <td>8-10 \u00f3ra<\/td>\r\n      <td>10 - 12 \u00f3ra<\/td>\r\n    <\/tr>\r\n    <tr>\r\n      <td>K\u00e9t t\u00f6lt\u0151aljzat<\/td>\r\n      <td>Igen<\/td>\r\n      <td>Igen<\/td>\r\n      <td>Igen<\/td>\r\n    <\/tr>\r\n    <tr>\r\n      <td>T\u00f6lt\u00e9si id\u0151 2 t\u00f6lt\u0151vel<\/td>\r\n      <td>4-5 \u00f3ra<\/td>\r\n      <td>4-5 \u00f3ra<\/td>\r\n      <td>5-6 \u00f3ra<\/td>\r\n    <\/tr>\r\n    <tr>\r\n      <td>Akkumul\u00e1tor- \u00e9s t\u00f6lt\u00e9sv\u00e9delem\t<\/td>\r\n      <td>Alulfesz\u00fclts\u00e9g-v\u00e9delem, t\u00falfesz\u00fclts\u00e9g-v\u00e9delem, t\u00falt\u00f6lt\u00e9s-v\u00e9delem, t\u00falkis\u00fcl\u00e9s-v\u00e9delem, t\u00falmeleged\u00e9s-v\u00e9delem<\/td>\r\n      <td>Alulfesz\u00fclts\u00e9g-v\u00e9delem, t\u00falfesz\u00fclts\u00e9g-v\u00e9delem, t\u00falt\u00f6lt\u00e9s-v\u00e9delem, t\u00falkis\u00fcl\u00e9s-v\u00e9delem, t\u00falmeleged\u00e9s-v\u00e9delem<\/td>\r\n      <td>Alulfesz\u00fclts\u00e9g-v\u00e9delem, t\u00falfesz\u00fclts\u00e9g-v\u00e9delem, t\u00falt\u00f6lt\u00e9s-v\u00e9delem, t\u00falkis\u00fcl\u00e9s-v\u00e9delem, t\u00falmeleged\u00e9s-v\u00e9delem<\/td>\r\n    <\/tr>\r\n    <tr>\r\n      <td colspan=\"4\" style=\"background-color: #005BFF; color: #E0E0E0; text-align: center;\">SINE WAVE CONTROLLER\r\n    <tr>\r\n      <td>Vez\u00e9rl\u0151k sz\u00e1ma<\/td>\r\n      <td>2x 25 A<\/td>\r\n      <td>2 x 30 A<\/td>\r\n      <td>2x 30 A<\/td>\r\n    <\/tr>\r\n    <tr>\r\n      <td>T\u00edpus<\/td>\r\n      <td>N\u00e9gyzet<\/td>\r\n      <td>Szinusz hull\u00e1m<\/td>\r\n      <td>Szinusz hull\u00e1m<\/td>\r\n    <\/tr>\r\n    <tr>\r\n      <td>Sine Wave vez\u00e9rl\u0151 el\u0151nyei<\/td>\r\n      <td>\/<\/td>\r\n      <td>- Zajcs\u00f6kkent\u00e9s: A szinuszos vez\u00e9rl\u0151k az alacsony harmonikus torz\u00edt\u00e1snak k\u00f6sz\u00f6nhet\u0151en halkan m\u0171k\u00f6dnek, jav\u00edtva a vezet\u00e9si \u00e9lm\u00e9nyt.<br><br\/>\r\n- Gyorsabb gyorsul\u00e1s: A robog\u00f3 gyorsabb gyorsul\u00e1s\u00e1t lehet\u0151v\u00e9 t\u00e9ve jelent\u0151s ind\u00edt\u00e1si nyomat\u00e9kot biztos\u00edtanak.<br><br\/>\r\n- Egyenletes sebess\u00e9g: A szinuszos vez\u00e9rl\u0151k \u00e1lland\u00f3 sebess\u00e9get (utaz\u00f3sebess\u00e9get) tartanak fenn a sim\u00e1bb utaz\u00e1s \u00e9rdek\u00e9ben.<br><br\/>\r\n- Fokozott hat\u00e9konys\u00e1g: Magasabb motorhat\u00e9konys\u00e1got k\u00edn\u00e1lnak emelked\u0151k\u00f6n \u00e9s neh\u00e9z terhel\u00e9seken.<br><br\/>\r\n- Jav\u00edtott ellen\u0151rz\u00e9s: A szinuszos vez\u00e9rl\u0151k biztos\u00edtj\u00e1k a robog\u00f3 hat\u00e9kony \u00e9s kisz\u00e1m\u00edthat\u00f3 m\u0171k\u00f6d\u00e9s\u00e9t, cs\u00f6kkentve a meghib\u00e1sod\u00e1sok kock\u00e1zat\u00e1t.<br><br\/>\r\n- Energiahat\u00e9konys\u00e1g: A robog\u00f3 hat\u00f3t\u00e1vols\u00e1ga \u00e9s az akkumul\u00e1tor \u00e9lettartama meghosszabbodik.<\/td>\r\n      <td>- Zajcs\u00f6kkent\u00e9s: A szinuszos vez\u00e9rl\u0151k az alacsony harmonikus torz\u00edt\u00e1snak k\u00f6sz\u00f6nhet\u0151en halkan m\u0171k\u00f6dnek, jav\u00edtva a vezet\u00e9si \u00e9lm\u00e9nyt.<br><br\/>\r\n- Gyorsabb gyorsul\u00e1s: A robog\u00f3 gyorsabb gyorsul\u00e1s\u00e1t lehet\u0151v\u00e9 t\u00e9ve jelent\u0151s ind\u00edt\u00e1si nyomat\u00e9kot biztos\u00edtanak.<br><br\/>\r\n- Egyenletes sebess\u00e9g: A szinuszos vez\u00e9rl\u0151k \u00e1lland\u00f3 sebess\u00e9get (utaz\u00f3sebess\u00e9get) tartanak fenn a sim\u00e1bb utaz\u00e1s \u00e9rdek\u00e9ben.<br><br\/>\r\n- Fokozott hat\u00e9konys\u00e1g: Magasabb motorhat\u00e9konys\u00e1got k\u00edn\u00e1lnak emelked\u0151k\u00f6n \u00e9s neh\u00e9z terhel\u00e9seken.<br><br\/>\r\n- Jav\u00edtott ellen\u0151rz\u00e9s: A szinuszos vez\u00e9rl\u0151k biztos\u00edtj\u00e1k a robog\u00f3 hat\u00e9kony \u00e9s kisz\u00e1m\u00edthat\u00f3 m\u0171k\u00f6d\u00e9s\u00e9t, cs\u00f6kkentve a meghib\u00e1sod\u00e1sok kock\u00e1zat\u00e1t.<br><br\/>\r\n- Energiahat\u00e9konys\u00e1g: A robog\u00f3 hat\u00f3t\u00e1vols\u00e1ga \u00e9s az akkumul\u00e1tor \u00e9lettartama meghosszabbodik.<\/td>\r\n    <\/tr>\r\n    <tr>\r\n      <td colspan=\"4\" style=\"background-color: #005BFF; color: #E0E0E0; text-align: center;\">BODY<\/td>\r\n    <\/tr>\r\n    <tr>\r\n      <td>S\u00falykapacit\u00e1s<\/td>\r\n      <td>130 kg<\/td>\r\n      <td>130 kg<\/td>\r\n      <td>130 kg<\/td>\r\n    <\/tr>\r\n    <tr>\r\n      <td>Anyag<\/td>\r\n      <td>Alum\u00ednium \u00f6tv\u00f6zet, 6061<\/td>\r\n      <td>Alum\u00ednium \u00f6tv\u00f6zet, 6061<\/td>\r\n      <td>Alum\u00ednium \u00f6tv\u00f6zet, 6061<\/td>\r\n    <\/tr>\r\n    <tr>\r\n      <td>Por- \u00e9s v\u00edz\u00e1ll\u00f3<\/td>\r\n      <td>IPx4<\/td>\r\n      <td>IPx4<\/td>\r\n      <td>IPx4<\/td>\r\n    <\/tr>\r\n    <tr>\r\n      <td>Sz\u00ednes<\/td>\r\n      <td>Fekete \/ sz\u00fcrke<\/td>\r\n      <td>Fekete \/ sz\u00fcrke<\/td>\r\n      <td>Fekete \/ sz\u00fcrke<\/td>\r\n    <\/tr>\r\n    <tr>\r\n      <td>F\u00e9nyvisszaver\u0151 elemek<\/td>\r\n      <td>Igen, ELEKTRON f\u00e9nyvisszaver\u0151 matrica<\/td>\r\n      <td>Igen, ELEKTRON f\u00e9nyvisszaver\u0151 matrica<\/td>\r\n      <td>Igen, ELEKTRON f\u00e9nyvisszaver\u0151 matrica<\/td>\r\n    <\/tr>\r\n    <tr>\r\n      <td>\u00d6sszecsukhat\u00f3<\/td>\r\n      <td>Igen<\/td>\r\n      <td>Igen<\/td>\r\n      <td>Igen<\/td>\r\n    <\/tr>\r\n    <tr>\r\n      <td>Gyorskiold\u00f3 biztons\u00e1gi mechanizmus<\/td>\r\n      <td>Igen<\/td>\r\n      <td>Igen<\/td>\r\n      <td>Igen<\/td>\r\n    <\/tr>\r\n    <tr>\r\n      <td>Hossz\u00fas\u00e1g, sz\u00e9less\u00e9g, magass\u00e1g (L*W*H)<\/td>\r\n      <td>123 x 69 x 123 cm<\/td>\r\n      <td>123 x 69 x 123 cm<\/td>\r\n      <td>132 x 69 x 131 cm<\/td>\r\n    <\/tr>\r\n    <tr>\r\n      <td>Hossz\u00fas\u00e1g, sz\u00e9less\u00e9g, magass\u00e1g (\u00f6sszehajtva)<\/td>\r\n      <td>123 x 69 x 55 cm<\/td>\r\n      <td>123 x 69 x 55 cm<\/td>\r\n      <td>132 x 69 x 54 cm<\/td>\r\n    <\/tr>\r\n    <tr>\r\n      <td>F\u00f6ldt\u00e1vols\u00e1g<\/td>\r\n      <td>17,5 cm<\/td>\r\n      <td>17,5 cm<\/td>\r\n      <td>17 cm<\/td>\r\n    <\/tr>\r\n    <tr>\r\n      <td>S\u00faly<\/td>\r\n      <td>30.31 kg<\/td>\r\n      <td>30.31 kg<\/td>\r\n      <td>34.16 kg<\/td>\r\n    <\/tr>\r\n    <tr>\r\n      <td>Korm\u00e1ny t\u00edpusa<\/td>\r\n      <td>Meger\u0151s\u00edtett T korm\u00e1ny<\/td>\r\n      <td>Meger\u0151s\u00edtett T korm\u00e1ny<\/td>\r\n      <td>Meger\u0151s\u00edtett T korm\u00e1ny<\/td>\r\n    <\/tr>\r\n    <tr>\r\n      <td>Gumikorm\u00e1ny t\u00edpusa<\/td>\r\n      <td>Ergonomikus kialak\u00edt\u00e1s\u00fa, k\u00e9toldali z\u00e1rral ell\u00e1tott, puha gumib\u00f3l k\u00e9sz\u00fclt korm\u00e1nyker\u00e9k<\/td>\r\n      <td>Ergonomikus kialak\u00edt\u00e1s\u00fa, k\u00e9toldali z\u00e1rral ell\u00e1tott, puha gumib\u00f3l k\u00e9sz\u00fclt korm\u00e1nyker\u00e9k<\/td>\r\n      <td>Ergonomikus kialak\u00edt\u00e1s\u00fa, k\u00e9toldali z\u00e1rral ell\u00e1tott, puha gumib\u00f3l k\u00e9sz\u00fclt korm\u00e1nyker\u00e9k<\/td>\r\n    <\/tr>\r\n    <tr>\r\n      <td>\u00c1ll\u00f3fel\u00fclet<\/td>\r\n      <td>Cs\u00fasz\u00e1smentes fel\u00fclet szilikag\u00e9lb\u0151l<\/td>\r\n      <td>Cs\u00fasz\u00e1smentes fel\u00fclet szilikag\u00e9lb\u0151l<\/td>\r\n      <td>Cs\u00fasz\u00e1smentes fel\u00fclet szilikag\u00e9lb\u0151l<\/td>\r\n    <\/tr>\r\n    <tr>\r\n      <td>Csomagol\u00e1si m\u00e9ret (L * W * H)<\/td>\r\n      <td>128,5 x 26 x 63 cm<\/td>\r\n      <td>128,5 x 26 x 63 cm<\/td>\r\n      <td>134 x 26 x 64 cm<\/td>\r\n    <\/tr>\r\n    <tr>\r\n      <td>Csomagol\u00e1si s\u00faly<\/td>\r\n      <td>36.06 kg<\/td>\r\n      <td>36.06 kg<\/td>\r\n      <td>39.64 kg<\/td>\r\n    <\/tr>\r\n    <tr>\r\n      <td colspan=\"4\" style=\"background-color: #005BFF; color: #E0E0E0; text-align: center;\">GUMIK<\/td>\r\n    <\/tr>\r\n    <tr>\r\n      <td>M\u00e9ret<\/td>\r\n      <td>10*3,0 h\u00fcvelyk (80\/65-6, 255\u00d780)<\/td>\r\n      <td>10*3,0 h\u00fcvelyk (80\/65-6, 255\u00d780)<\/td>\r\n      <td>10*3,0 h\u00fcvelyk (80\/65-6, 255\u00d780)<\/td>\r\n    <\/tr>\r\n    <tr>\r\n      <td>T\u00edpus<\/td>\r\n      <td>Felf\u00fajhat\u00f3, t\u00f6ml\u0151 n\u00e9lk\u00fcli gumiabroncsok<\/td>\r\n      <td>Felf\u00fajhat\u00f3, t\u00f6ml\u0151 n\u00e9lk\u00fcli gumiabroncsok<\/td>\r\n      <td>Felf\u00fajhat\u00f3, t\u00f6ml\u0151 n\u00e9lk\u00fcli gumiabroncsok<\/td>\r\n    <\/tr>\r\n    <tr>\r\n      <td>Tread<\/td>\r\n      <td>\u00dat<\/td>\r\n      <td>\u00dat<\/td>\r\n      <td>Hibrid, k\u00f6z\u00faton \u00e9s terepen egyar\u00e1nt<\/td>\r\n    <\/tr>\r\n    <tr>\r\n      <td>M\u00e1rka<\/td>\r\n      <td>CST<\/td>\r\n      <td>CST<\/td>\r\n      <td>Wanda<\/td>\r\n    <\/tr>\r\n    <tr>\r\n      <td colspan=\"4\" style=\"background-color: #005BFF; color: #E0E0E0; text-align: center;\">F\u00c9KEK<\/td>\r\n    <\/tr>\r\n    <tr>\r\n      <td>T\u00edpus<\/td>\r\n      <td>T\u00e1rcsaf\u00e9k el\u00f6l \u00e9s h\u00e1tul (mechanikus)<\/td>\r\n      <td>T\u00e1rcsaf\u00e9k el\u00f6l \u00e9s h\u00e1tul (hidraulikus)<\/td>\r\n      <td>T\u00e1rcsaf\u00e9k el\u00f6l \u00e9s h\u00e1tul (hidraulikus)<\/td>\r\n    <\/tr>\r\n    <tr>\r\n      <td>T\u00e1rcsa \u00e1tm\u00e9r\u0151je<\/td>\r\n      <td>140 mm<\/td>\r\n      <td>140 mm<\/td>\r\n      <td>160 mm<\/td>\r\n    <\/tr>\r\n    <tr>\r\n      <td>M\u00e1rka<\/td>\r\n      <td>JAK<\/td>\r\n      <td>NUTT<\/td>\r\n      <td>NUTT<\/td>\r\n    <\/tr>\r\n    <tr>\r\n      <td>Kieg\u00e9sz\u00edt\u0151 elektronikus f\u00e9k<\/td>\r\n      <td>Igen, er\u0151teljes elektronikus f\u00e9k, amely hozz\u00e1j\u00e1rul a biztons\u00e1ghoz \u00e9s jelent\u0151sen meghosszabb\u00edthatja a f\u00e9kbet\u00e9tek \u00e9lettartam\u00e1t.<\/td>\r\n      <td>Igen, er\u0151teljes elektronikus f\u00e9k, amely hozz\u00e1j\u00e1rul a biztons\u00e1ghoz \u00e9s jelent\u0151sen meghosszabb\u00edthatja a f\u00e9kbet\u00e9tek \u00e9lettartam\u00e1t.<\/td>\r\n      <td>Igen, er\u0151teljes elektronikus f\u00e9k, amely hozz\u00e1j\u00e1rul a biztons\u00e1ghoz \u00e9s jelent\u0151sen meghosszabb\u00edthatja a f\u00e9kbet\u00e9tek \u00e9lettartam\u00e1t.<\/td>\r\n    <\/tr>\r\n    <tr>\r\n      <td>eABS<\/td>\r\n      <td>Igen<\/td>\r\n      <td>Igen<\/td>\r\n      <td>Igen<\/td>\r\n    <\/tr>\r\n    <tr>\r\n      <td colspan=\"4\" style=\"background-color: #005BFF; color: #E0E0E0; text-align: center;\">FELSZEREL\u00c9S<\/td>\r\n    <\/tr>\r\n    <tr>\r\n      <td>T\u00edpus<\/td>\r\n      <td>Hidraulikus felf\u00fcggeszt\u00e9s el\u00f6l \u00e9s h\u00e1tul<\/td>\r\n      <td>Hidraulikus felf\u00fcggeszt\u00e9s el\u00f6l \u00e9s h\u00e1tul<\/td>\r\n      <td>Hidraulikus felf\u00fcggeszt\u00e9s el\u00f6l \u00e9s h\u00e1tul<\/td>\r\n    <\/tr>\r\n    <tr>\r\n      <td>\u00c1ll\u00edthat\u00f3<\/td>\r\n      <td>Igen (szersz\u00e1mmal egy\u00fctt)<\/td>\r\n      <td>Igen (szersz\u00e1mmal egy\u00fctt)<\/td>\r\n      <td>Igen (szersz\u00e1mmal egy\u00fctt)<\/td>\r\n    <\/tr>\r\n    <tr>\r\n      <td>Felf\u00fcggeszt\u00e9si teszt<\/td>\r\n      <td>200.000 kompresszi\u00f3<\/td>\r\n      <td>200.000 kompresszi\u00f3<\/td>\r\n      <td>200.000 kompresszi\u00f3<\/td>\r\n    <\/tr>\r\n    <tr>\r\n      <td colspan=\"4\" style=\"background-color: #005BFF; color: #E0E0E0; text-align: center;\">Megjelen\u00edt\u00e9s<\/td>\r\n    <\/tr>\r\n    <tr>\r\n      <td>T\u00edpus<\/td>\r\n      <td>Lcd kijelz\u0151 gyorsul\u00e1sg\u00e1zzal \u00e9s NFC z\u00e1rral<\/td>\r\n      <td>PRO TFT sz\u00ednes m\u00e1trix k\u00e9perny\u0151<\/td>\r\n      <td>PRO TFT sz\u00ednes m\u00e1trix k\u00e9perny\u0151<\/td>\r\n    <\/tr>\r\n    <tr>\r\n      <td>Sebess\u00e9gtart\u00f3 automatika<\/td>\r\n      <td>Igen<\/td>\r\n      <td>Igen<\/td>\r\n      <td>Igen<\/td>\r\n    <\/tr>\r\n    <tr>\r\n      <td>M\u00e9ret<\/td>\r\n      <td>12.5 x 6.1 x 2.8 cm<\/td>\r\n      <td>\t3,5 h\u00fcvelyk<\/td>\r\n      <td>\t3,5 h\u00fcvelyk<\/td>\r\n    <\/tr>\r\n    <tr>\r\n      <td>Sz\u00ednes LCD k\u00e9perny\u0151<\/td>\r\n      <td>Nem<\/td>\r\n      <td>Igen<\/td>\r\n      <td>Igen<\/td>\r\n    <\/tr>\r\n    <tr>\r\n      <td>Poz\u00edci\u00f3<\/td>\r\n      <td>Jobb oldal<\/td>\r\n      <td>K\u00f6zponti<\/td>\r\n      <td>K\u00f6zponti<\/td>\r\n    <\/tr>\r\n    <tr>\r\n      <td>Gyors\u00edt\u00e1s<\/td>\r\n      <td>Ujjkar (mutat\u00f3ujj)<\/td>\r\n      <td>Ujjkar (h\u00fcvelykujj)<\/td>\r\n      <td>Ujjkar (h\u00fcvelykujj)<\/td>\r\n    <\/tr>\r\n    <tr>\r\n      <td>Adatok megjelen\u00edt\u00e9se<\/td>\r\n      <td>Sebess\u00e9g, akkumul\u00e1torjelz\u0151, sebess\u00e9gfokozat (1, 2, 3), f\u00e9nysz\u00f3r\u00f3jelz\u0151, id\u0151, ODO<\/td>\r\n      <td>Sebess\u00e9g (max. \u00e9s \u00e1tlagsebess\u00e9g is), fut\u00e1steljes\u00edtm\u00e9ny (ODO, TRIP), sebess\u00e9gfokozat, akkumul\u00e1torjelz\u0151, fesz\u00fclts\u00e9g, \u00e1ram, val\u00f3s idej\u0171 teljes\u00edtm\u00e9ny, vil\u00e1g\u00edt\u00e1sjelz\u0151, egy\/k\u00e9t motor, \u00f3ra (utaz\u00e1si id\u0151 is), vez\u00e9rl\u0151 h\u0151m\u00e9rs\u00e9klete, k\u00f6rnyezeti h\u0151m\u00e9rs\u00e9klet.<\/td>\r\n      <td>Sebess\u00e9g (max. \u00e9s \u00e1tlagsebess\u00e9g is), fut\u00e1steljes\u00edtm\u00e9ny (ODO, TRIP), sebess\u00e9gfokozat, akkumul\u00e1torjelz\u0151, fesz\u00fclts\u00e9g, \u00e1ram, val\u00f3s idej\u0171 teljes\u00edtm\u00e9ny, vil\u00e1g\u00edt\u00e1sjelz\u0151, egy\/k\u00e9t motor, \u00f3ra (utaz\u00e1si id\u0151 is), vez\u00e9rl\u0151 h\u0151m\u00e9rs\u00e9klete, k\u00f6rnyezeti h\u0151m\u00e9rs\u00e9klet.<\/td>\r\n    <\/tr>\r\n    <tr>\r\n      <td>Egys\u00e9gek<\/td>\r\n      <td>Metrikus\/birodalmi<\/td>\r\n      <td>Metrikus\/birodalmi<\/td>\r\n      <td>Metrikus\/birodalmi<\/td>\r\n    <\/tr>\r\n    <tr>\r\n      <td>Vezet\u00e9si m\u00f3dok<\/td>\r\n      <td>Egy\/k\u00e9t motor \u00e9s Turbo\/Eco (Eco 20 km\/h-ra korl\u00e1tozza a v\u00e9gsebess\u00e9get)<\/td>\r\n      <td>Egy\/k\u00e9t motor<\/td>\r\n      <td>Egy\/k\u00e9t motor<\/td>\r\n    <\/tr>\r\n    <tr>\r\n      <td>Sebess\u00e9gkorl\u00e1toz\u00e1s<\/td>\r\n      <td>%-ben \u00e1ll\u00edthat\u00f3, 5 - 100 %<\/td>\r\n      <td>%-ben \u00e1ll\u00edthat\u00f3, 1-100 %<\/td>\r\n      <td>%-ben \u00e1ll\u00edthat\u00f3, 1-100 %<\/td>\r\n    <\/tr>\r\n    <tr>\r\n      <td>Akkumul\u00e1tor kijelz\u0151<\/td>\r\n      <td>Grafikus kijelz\u0151 \u00e9s fesz\u00fclts\u00e9g (V)<\/td>\r\n      <td>Sz\u00e1zal\u00e9kok (%) \u00e9s fesz\u00fclts\u00e9g (V)<\/td>\r\n      <td>Sz\u00e1zal\u00e9kok (%) \u00e9s fesz\u00fclts\u00e9g (V)<\/td>\r\n    <\/tr>\r\n    <tr>\r\n      <td>F\u00e9nyer\u0151<\/td>\r\n      <td>Nem \u00e1ll\u00edthat\u00f3<\/td>\r\n      <td>\u00c1ll\u00edthat\u00f3 1-5<\/td>\r\n      <td>\u00c1ll\u00edthat\u00f3 1-5<\/td>\r\n    <\/tr>\r\n    <tr>\r\n      <td>Kick Start<\/td>\r\n      <td>Igen<\/td>\r\n      <td>Igen<\/td>\r\n      <td>Igen<\/td>\r\n    <\/tr>\r\n    <tr>\r\n      <td>USB-port<\/td>\r\n      <td>Nem<\/td>\r\n      <td>Igen<\/td>\r\n      <td>Igen <\/td>\r\n    <\/tr>\r\n    <tr>\r\n      <td>Automatikus kikapcsol\u00e1s<\/td>\r\n      <td>Nem<\/td>\r\n      <td>0 - 10 perc k\u00f6z\u00f6tt \u00e1ll\u00edthat\u00f3<\/td>\r\n      <td>0 - 10 perc k\u00f6z\u00f6tt \u00e1ll\u00edthat\u00f3<\/td>\r\n    <\/tr>\r\n    <tr>\r\n      <td colspan=\"4\" style=\"background-color: #005BFF; color: #E0E0E0; text-align: center;\">F\u00c9NYVIL\u00c1G\u00cdT\u00c1S<\/td>\r\n    <\/tr>\r\n    <tr>\r\n      <td>F\u00e9nyek<\/td>\r\n      <td>Els\u0151 l\u00e1mpa be\u00e9p\u00edtett k\u00fcrttel, h\u00e1ts\u00f3, f\u00e9k, oldals\u00f3 l\u00e1mpa<\/td>\r\n      <td>Els\u0151 l\u00e1mpa be\u00e9p\u00edtett k\u00fcrttel, h\u00e1ts\u00f3, f\u00e9k, oldals\u00f3 l\u00e1mpa<\/td>\r\n      <td>Els\u0151 l\u00e1mpa be\u00e9p\u00edtett k\u00fcrttel, h\u00e1ts\u00f3, f\u00e9k, oldals\u00f3 l\u00e1mpa<\/td>\r\n    <\/tr>\r\n    <tr>\r\n      <td>Fordulj jelz\u0151k<\/td>\r\n      <td>Igen, h\u00e1tul<\/td>\r\n      <td>Igen, h\u00e1tul<\/td>\r\n      <td>Igen, h\u00e1tul<\/td>\r\n    <\/tr>\r\n    <tr>\r\n      <td>Indicators<\/td>\r\n      <td>Igen, h\u00e1tul<\/td>\r\n      <td>Igen, h\u00e1tul<\/td>\r\n      <td>Igen, h\u00e1tul<\/td>\r\n    <\/tr>\r\n    <tr>\r\n      <td>Ambiental f\u00e9nyek<\/td>\r\n      <td>Igen, a fed\u00e9lzet oldal\u00e1n<\/td>\r\n      <td>Igen, a fed\u00e9lzet oldal\u00e1n<\/td>\r\n      <td>Igen, a fed\u00e9lzet oldal\u00e1n<\/td>\r\n    <\/tr>\r\n    <tr>\r\n      <td>A k\u00f6rnyezeti f\u00e9nyek t\u00edpusa<\/td>\r\n      <td>RGB<\/td>\r\n      <td>RGB<\/td>\r\n      <td>RGB<\/td>\r\n    <\/tr>\r\n    <tr>\r\n      <td>K\u00f6rnyezeti f\u00e9nyek vez\u00e9rl\u00e9se<\/td>\r\n      <td>Mobil alkalmaz\u00e1s, Android \u00e9s iOS<\/td>\r\n      <td>Mobil alkalmaz\u00e1s, Android \u00e9s iOS<\/td>\r\n      <td>Mobil alkalmaz\u00e1s, Android \u00e9s iOS<\/td>\r\n    <\/tr>\r\n    <tr>\r\n      <td colspan=\"4\" style=\"background-color: #005BFF; color: #E0E0E0; text-align: center;\">TOV\u00c1BBI FUNKCI\u00d3K<\/td>\r\n    <\/tr>\r\n    <tr>\r\n      <td>Lop\u00e1sg\u00e1tl\u00f3 funkci\u00f3<\/td>\r\n      <td>Igen, NFC z\u00e1r<\/td>\r\n      <td>Igen, NFC z\u00e1r \u00e9s PIN k\u00f3d<\/td>\r\n      <td>Igen, NFC z\u00e1r \u00e9s PIN k\u00f3d<\/td>\r\n    <\/tr>\r\n    <tr>\r\n      <td>NFC billenty\u0171k sz\u00e1ma<\/td>\r\n      <td>3 (1 f\u0151kulcs)<\/td>\r\n      <td>3 (1 f\u0151kulcs)<\/td>\r\n      <td>3 (1 f\u0151kulcs)<\/td>\r\n    <\/tr>\r\n    <tr>\r\n      <td>Illuminated swtiches indicator<\/td>\r\n      <td>Turbo\/eco, F\u00e9nyek be\/kikapcsolva, ir\u00e1nyjelz\u0151 balra\/jobbra<\/td>\r\n      <td>F\u00e9nyek be\/kikapcsolva, balra\/jobbra ir\u00e1nyjelz\u00e9s<\/td>\r\n      <td>F\u00e9nyek be\/kikapcsolva, balra\/jobbra ir\u00e1nyjelz\u00e9s<\/td>\r\n    <\/tr>\r\n    <tr>\r\n      <td>K\u00fcrt<\/td>\r\n      <td>Igen<\/td>\r\n      <td>Igen<\/td>\r\n      <td>Igen<\/td>\r\n    <\/tr>\r\n    <tr>\r\n      <td>Kickstand<\/td>\r\n      <td>Tart\u00f3s f\u00e9m \u00e9s 170 mm hossz\u00fa<\/td>\r\n      <td>Tart\u00f3s f\u00e9m \u00e9s 170 mm hossz\u00fa<\/td>\r\n      <td>Tart\u00f3s f\u00e9m \u00e9s 170 mm hossz\u00fa<\/td>\r\n    <\/tr>\r\n    <tr>\r\n      <td>s\u00e1rv\u00e9d\u0151k<\/td>\r\n      <td>Igen<\/td>\r\n      <td>Igen<\/td>\r\n      <td>Igen<\/td>\r\n    <\/tr>\r\n    <tr>\r\n      <td>\u00dcl\u00e9s opci\u00f3<\/td>\r\n      <td>Igen<\/td>\r\n      <td>Igen<\/td>\r\n      <td>Igen<\/td>\r\n    <\/tr>\r\n    <tr>\r\n      <td>Mobil alkalmaz\u00e1s az RGB vill\u00e1ml\u00e1shoz<\/td>\r\n      <td>Igen<\/td>\r\n      <td>Igen<\/td>\r\n      <td>Igen<\/td>\r\n    <\/tr>\r\n    <tr>\r\n      <td>A keretbe rejtett k\u00e1belek<\/td>\r\n      <td>Igen<\/td>\r\n      <td>Igen<\/td>\r\n      <td>Igen<\/td>\r\n    <\/tr>\r\n    <tr>\r\n      <td>T\u00f6lt\u0151aljzat sapk\u00e1k<\/td>\r\n      <td>Gumib\u00f3l k\u00e9sz\u00fclt a r\u00f6vidz\u00e1rlat elleni v\u00e9delem \u00e9rdek\u00e9ben<\/td>\r\n      <td>Gumib\u00f3l k\u00e9sz\u00fclt a r\u00f6vidz\u00e1rlat elleni v\u00e9delem \u00e9rdek\u00e9ben<\/td>\r\n      <td>Gumib\u00f3l k\u00e9sz\u00fclt a r\u00f6vidz\u00e1rlat elleni v\u00e9delem \u00e9rdek\u00e9ben<\/td>\r\n    <\/tr>\r\n    <tr>\r\n      <td>Tan\u00fas\u00edtv\u00e1nyok<\/td>\r\n      <td>Ce, RoHS<\/td>\r\n      <td>Ce, RoHS<\/td>\r\n      <td>Ce, RoHS<\/td>\r\n    <\/tr>\r\n    <tr>\r\n      <td>Egyedi sorozatsz\u00e1m<\/td>\r\n      <td>Igen<\/td>\r\n      <td>Igen<\/td>\r\n      <td>Igen<\/td>\r\n    <\/tr>\r\n    <tr>\r\n      <td>Garancia<\/td>\r\n      <td>1 \u00e9v (+ 1 \u00e9v opcion\u00e1lis)<\/td>\r\n      <td>1 \u00e9v (+ 1 \u00e9v opcion\u00e1lis)<\/td>\r\n      <td>1 \u00e9v (+ 1 \u00e9v opcion\u00e1lis)<\/td>\r\n    <\/tr>\r\n    <tr>\r\n      <td>A csomag a k\u00f6vetkez\u0151ket tartalmazza<\/td>\r\n      <td>Robog\u00f3, t\u00f6lt\u0151, haszn\u00e1lati utas\u00edt\u00e1s, tartal\u00e9k motorv\u00e9d\u0151, felf\u00fcggeszt\u00e9sbe\u00e1ll\u00edt\u00f3 szersz\u00e1m<\/td>\r\n      <td>Robog\u00f3, t\u00f6lt\u0151, haszn\u00e1lati utas\u00edt\u00e1s, tartal\u00e9k motorv\u00e9d\u0151, felf\u00fcggeszt\u00e9sbe\u00e1ll\u00edt\u00f3 szersz\u00e1m<\/td>\r\n      <td>Robog\u00f3, t\u00f6lt\u0151, haszn\u00e1lati utas\u00edt\u00e1s, tartal\u00e9k motorv\u00e9d\u0151, felf\u00fcggeszt\u00e9sbe\u00e1ll\u00edt\u00f3 szersz\u00e1m<\/td>\r\n    <\/tr>\r\n  <\/tbody>\r\n<\/table>\r\n\t\t<\/div>\n\t\t\t\t<\/div>\n\t\t\t\t<\/div>\n\t\t\t\t<\/div>\n\t\t\t\t<\/div>","protected":false},"excerpt":{"rendered":"<p>Elektron Kinetik Elektron Kinetik PRO Elektron Kinetik GTR MOTOR Top speed 60 km\/h (limited to 25 km\/h) 60 km\/h (limited to 25 km\/h) 75 km\/h (limited to 25 km\/h) Motor power (rated) 2000 W, 2x 1000 W 2000 W, 2x 1000 W 2800 W, 2x 1400 W Maximum Motor Power (peak) 3600 W, 2x 1800 [&hellip;]<\/p>","protected":false},"author":1,"featured_media":0,"parent":0,"menu_order":0,"comment_status":"closed","ping_status":"closed","template":"elementor_header_footer","meta":{"footnotes":""},"_links":{"self":[{"href":"https:\/\/elektronscooters.com\/hu\/wp-json\/wp\/v2\/pages\/492"}],"collection":[{"href":"https:\/\/elektronscooters.com\/hu\/wp-json\/wp\/v2\/pages"}],"about":[{"href":"https:\/\/elektronscooters.com\/hu\/wp-json\/wp\/v2\/types\/page"}],"author":[{"embeddable":true,"href":"https:\/\/elektronscooters.com\/hu\/wp-json\/wp\/v2\/users\/1"}],"replies":[{"embeddable":true,"href":"https:\/\/elektronscooters.com\/hu\/wp-json\/wp\/v2\/comments?post=492"}],"version-history":[{"count":4,"href":"https:\/\/elektronscooters.com\/hu\/wp-json\/wp\/v2\/pages\/492\/revisions"}],"predecessor-version":[{"id":496,"href":"https:\/\/elektronscooters.com\/hu\/wp-json\/wp\/v2\/pages\/492\/revisions\/496"}],"wp:attachment":[{"href":"https:\/\/elektronscooters.com\/hu\/wp-json\/wp\/v2\/media?parent=492"}],"curies":[{"name":"wp","href":"https:\/\/api.w.org\/{rel}","templated":true}]}}