{"id":1263,"date":"2024-02-19T12:20:37","date_gmt":"2024-02-19T12:20:37","guid":{"rendered":"https:\/\/elektronscooters.com\/?page_id=1263"},"modified":"2024-04-30T13:34:22","modified_gmt":"2024-04-30T13:34:22","slug":"how-to-order-on-elektronscooters-com","status":"publish","type":"page","link":"https:\/\/elektronscooters.com\/hu\/hogyan-kell-rendelni-az-elektronscooters-com-on\/","title":{"rendered":"Hogyan rendeljen az ElektronScooters.com oldalon?"},"content":{"rendered":"<div data-elementor-type=\"wp-page\" data-elementor-id=\"1263\" class=\"elementor elementor-1263\" data-elementor-post-type=\"page\">\n\t\t\t\t<div class=\"elementor-element elementor-element-c05ba51 e-flex e-con-boxed e-con e-parent\" data-id=\"c05ba51\" data-element_type=\"container\" data-settings=\"{&quot;background_background&quot;:&quot;classic&quot;}\">\n\t\t\t\t\t<div class=\"e-con-inner\">\n\t\t<div class=\"elementor-element elementor-element-f368105 e-con-full e-flex e-con e-child\" data-id=\"f368105\" data-element_type=\"container\">\n\t\t\t\t<div class=\"elementor-element elementor-element-2be22c3 elementor-widget elementor-widget-heading\" data-id=\"2be22c3\" data-element_type=\"widget\" data-widget_type=\"heading.default\">\n\t\t\t\t<div class=\"elementor-widget-container\">\n\t\t\t<style>\/*! elementor - v3.21.0 - 08-05-2024 *\/\n.elementor-heading-title{padding:0;margin:0;line-height:1}.elementor-widget-heading .elementor-heading-title[class*=elementor-size-]>a{color:inherit;font-size:inherit;line-height:inherit}.elementor-widget-heading .elementor-heading-title.elementor-size-small{font-size:15px}.elementor-widget-heading .elementor-heading-title.elementor-size-medium{font-size:19px}.elementor-widget-heading .elementor-heading-title.elementor-size-large{font-size:29px}.elementor-widget-heading .elementor-heading-title.elementor-size-xl{font-size:39px}.elementor-widget-heading .elementor-heading-title.elementor-size-xxl{font-size:59px}<\/style><h1 class=\"elementor-heading-title elementor-size-default\">Hogyan kell rendelni<\/h1>\t\t<\/div>\n\t\t\t\t<\/div>\n\t\t\t\t<div class=\"elementor-element elementor-element-7a70e94 elementor-widget__width-initial elementor-widget elementor-widget-text-editor\" data-id=\"7a70e94\" data-element_type=\"widget\" data-widget_type=\"text-editor.default\">\n\t\t\t\t<div class=\"elementor-widget-container\">\n\t\t\t<style>\/*! elementor - v3.21.0 - 08-05-2024 *\/\n.elementor-widget-text-editor.elementor-drop-cap-view-stacked .elementor-drop-cap{background-color:#69727d;color:#fff}.elementor-widget-text-editor.elementor-drop-cap-view-framed .elementor-drop-cap{color:#69727d;border:3px solid;background-color:transparent}.elementor-widget-text-editor:not(.elementor-drop-cap-view-default) .elementor-drop-cap{margin-top:8px}.elementor-widget-text-editor:not(.elementor-drop-cap-view-default) .elementor-drop-cap-letter{width:1em;height:1em}.elementor-widget-text-editor .elementor-drop-cap{float:left;text-align:center;line-height:1;font-size:50px}.elementor-widget-text-editor .elementor-drop-cap-letter{display:inline-block}<\/style>\t\t\t\t<p>Az elektromos rollerek megv\u00e1s\u00e1rl\u00e1s\u00e1nak k\u00e9nyelme \u00e9s rugalmass\u00e1ga \u00e9rdek\u00e9ben \u00f6r\u00f6mmel k\u00edn\u00e1lunk \u00e1tfog\u00f3 fizet\u00e9si lehet\u0151s\u00e9geket a Stripe-on kereszt\u00fcl. C\u00e9lunk, hogy az ElectricScooters.com oldalon minden tranzakci\u00f3 z\u00f6kken\u0151mentes, biztons\u00e1gos \u00e9s az \u00d6n preferenci\u00e1inak megfelel\u0151 legyen.<\/p><p><strong>Fizet\u00e9si m\u00f3dok:<\/strong><\/p><p><strong>F\u0151bb bankk\u00e1rty\u00e1k \u00e9s hitelk\u00e1rty\u00e1k<\/strong>: Elfogadjuk az \u00f6sszes f\u0151bb bankk\u00e1rty\u00e1t \u00e9s hitelk\u00e1rty\u00e1t, \u00edgy k\u00f6nnyed\u00e9n v\u00e1s\u00e1rolhat az \u00d6n \u00e1ltal v\u00e1lasztott k\u00e1rty\u00e1val.<\/p><p><strong>Apple Pay vagy Google Pay<\/strong>. Ez a lehet\u0151s\u00e9g t\u00f6k\u00e9letes azok sz\u00e1m\u00e1ra, akik a mobilfizet\u00e9s k\u00e9nyelm\u00e9t r\u00e9szes\u00edtik el\u0151nyben.<\/p><p><strong>Klarna r\u00e9szletfizet\u00e9s:<\/strong> Az elektromos roller k\u00f6lts\u00e9geit a Klarna seg\u00edts\u00e9g\u00e9vel id\u0151ben oszthatja el. Ezzel a lehet\u0151s\u00e9ggel r\u00e9szletekben fizethet, \u00edgy k\u00f6nnyebben kezelheti k\u00f6lts\u00e9gvet\u00e9s\u00e9t, mik\u00f6zben \u00e9lvezheti \u00faj j\u00e1rg\u00e1ny\u00e1t.<\/p><p><strong>Banki \u00e1tutal\u00e1s:<\/strong> Ha a hagyom\u00e1nyos banki m\u00f3dszereket r\u00e9szes\u00edti el\u0151nyben, akkor az elektromos robog\u00f3\u00e9rt k\u00f6zvetlen banki \u00e1tutal\u00e1ssal is fizethet.<\/p><p><strong>Proforma sz\u00e1mla:<\/strong> Ide\u00e1lis olyan v\u00e1llalkoz\u00e1sok vagy mag\u00e1nszem\u00e9lyek sz\u00e1m\u00e1ra, akiknek a fizet\u00e9s el\u0151tt sz\u00e1ml\u00e1ra van sz\u00fcks\u00e9g\u00fck, lehet\u0151s\u00e9get k\u00edn\u00e1lunk a proforma sz\u00e1ml\u00e1n kereszt\u00fcli fizet\u00e9sre.<\/p><p><strong>A Klarna Via Stripe fizet\u00e9s v\u00e1laszt\u00e1sa:<\/strong><br \/>A fizet\u00e9s sor\u00e1n a Klarna fizet\u00e9si m\u00f3dot v\u00e1laszthatja a Stripe-on kereszt\u00fcl. Ez tov\u00e1bbi k\u00e9nyelmet biztos\u00edt, mivel \u00d6n v\u00e1laszthatja meg, hogyan \u00e9s mikor fizet.<\/p><p>Ak\u00e1r azonnali fizet\u00e9sre v\u00e1gyik, ak\u00e1r a k\u00f6lts\u00e9gek megoszt\u00e1s\u00e1t r\u00e9szes\u00edti el\u0151nyben, a Stripe-on kereszt\u00fcl k\u00edn\u00e1lt v\u00e1ltozatos fizet\u00e9si lehet\u0151s\u00e9geink biztos\u00edtj\u00e1k, hogy megtal\u00e1lja az ig\u00e9nyeinek megfelel\u0151, t\u00f6k\u00e9letes csomagot. Kezdje vel\u00fcnk az elektromos roller kalandj\u00e1t m\u00e9g ma!<\/p><p><strong>1. Term\u00e9kek kiv\u00e1laszt\u00e1sa:<\/strong><br \/>- B\u00f6ng\u00e9sszen az elektromos roller v\u00e1laszt\u00e9kban az elektronscooter.com oldalon.<br \/>- V\u00e1lassza ki a k\u00edv\u00e1nt robog\u00f3t \u00e9s az esetleges testreszab\u00e1sokat (sz\u00edn, m\u00e9ret, tartoz\u00e9kok).<\/p><p><strong>2. Kos\u00e1rba helyez\u00e9s:**<\/strong><br \/>- Kattintson a \"Kos\u00e1rba\" gombra a kiv\u00e1lasztott t\u00e9telekn\u00e9l.<\/p><p><strong>3. A kos\u00e1r \u00e1ttekint\u00e9se:**<\/strong><br \/>- L\u00e9pjen be a kosar\u00e1ba, hogy megn\u00e9zze a kiv\u00e1lasztott term\u00e9keket. Sz\u00fcks\u00e9g eset\u00e9n m\u00f3dos\u00edthatja a mennyis\u00e9get vagy elt\u00e1vol\u00edthatja a t\u00e9teleket.<\/p><p><strong>4. Tov\u00e1bb a p\u00e9nzt\u00e1rhoz:**<\/strong><br \/>- Kattintson a \"Tov\u00e1bb a p\u00e9nzt\u00e1rhoz\" gombra, ha k\u00e9szen \u00e1ll a v\u00e1s\u00e1rl\u00e1s v\u00e9gleges\u00edt\u00e9s\u00e9re.<br \/>- Ha a rendszer k\u00e9ri, jelentkezzen be megl\u00e9v\u0151 fi\u00f3kj\u00e1ba, vagy folytassa vend\u00e9gk\u00e9nt.<\/p><p><strong>5. Sz\u00e1ll\u00edt\u00e1si inform\u00e1ci\u00f3k megad\u00e1sa:**<\/strong><br \/>- Adja meg a sz\u00e1ll\u00edt\u00e1si c\u00edmet, ahov\u00e1 a robog\u00f3t sz\u00e1ll\u00edtani kell.<\/p><p><strong>6. Fizet\u00e9si lehet\u0151s\u00e9gek kiv\u00e1laszt\u00e1sa:**<\/strong><br \/>- V\u00e1lassza a Stripe-ot fizet\u00e9si m\u00f3dk\u00e9nt. A Stripe t\u00e1mogatja:<br \/>- Hitelk\u00e1rty\u00e1k\/bet\u00e9ti k\u00e1rty\u00e1k: Visa, MasterCard, American Express.<br \/>- Digit\u00e1lis p\u00e9nzt\u00e1rc\u00e1k: Apple Pay, Google Pay.<br \/>- Ha rendelkez\u00e9sre \u00e1ll, v\u00e1lassza a Klarna-t a r\u00e9szletfizet\u00e9shez. A Klarna lehet\u0151v\u00e9 teszi a \"3\" vagy \"4\" r\u00e9szletben t\u00f6rt\u00e9n\u0151 fizet\u00e9st, amely bizonyos uni\u00f3s orsz\u00e1gokban, p\u00e9ld\u00e1ul Ausztri\u00e1ban, N\u00e9metorsz\u00e1gban \u00e9s Hollandi\u00e1ban el\u00e9rhet\u0151.<\/p><p><strong>7. A megrendel\u00e9s \u00e9s a fizet\u00e9s fel\u00fclvizsg\u00e1lata:**<\/strong><br \/>- Ellen\u0151rizze k\u00e9tszer a rendel\u00e9s adatait, a sz\u00e1ll\u00edt\u00e1si inform\u00e1ci\u00f3kat \u00e9s a fizet\u00e9si m\u00f3dot.<br \/>- Er\u0151s\u00edtse meg a teljes \u00f6sszeget, bele\u00e9rtve a sz\u00e1ll\u00edt\u00e1si d\u00edjakat \u00e9s ad\u00f3kat is.<\/p><p><strong>8. A v\u00e1s\u00e1rl\u00e1s v\u00e9gleges\u00edt\u00e9se:**<\/strong><br \/>- K\u00fcldje el megrendel\u00e9s\u00e9t.<br \/>- A megrendel\u00e9s visszaigazol\u00e1s\u00e1t e-mailben kapja meg, amely tartalmazza a sz\u00e1ll\u00edt\u00e1s nyomon k\u00f6vet\u00e9s\u00e9nek r\u00e9szleteit.<\/p><p>Ne feledje, hogy a Klarna r\u00e9szletfizet\u00e9si lehet\u0151s\u00e9geinek el\u00e9rhet\u0151s\u00e9ge az \u00d6n EU-n bel\u00fcli elhelyezked\u00e9s\u00e9t\u0151l f\u00fcgg. Mindig ellen\u0151rizze a fizet\u00e9si felt\u00e9teleket, \u00e9s gy\u0151z\u0151dj\u00f6n meg arr\u00f3l, hogy orsz\u00e1ga alapj\u00e1n jogosult-e a Klarna szolg\u00e1ltat\u00e1saira.<\/p>\t\t\t\t\t\t<\/div>\n\t\t\t\t<\/div>\n\t\t\t\t<\/div>\n\t\t\t\t\t<\/div>\n\t\t\t\t<\/div>\n\t\t\t\t<\/div>","protected":false},"excerpt":{"rendered":"<p>How to Order For your convenience and flexibility in purchasing electric scooters, we are thrilled to offer a comprehensive array of payment options through Stripe. Our goal is to ensure that every transaction on ElectricScooters.com is smooth, secure, and suits your preferences. Payment Methods Offered: Major Debit and Credit Cards: We accept all major debit [&hellip;]<\/p>","protected":false},"author":1,"featured_media":0,"parent":0,"menu_order":0,"comment_status":"closed","ping_status":"closed","template":"elementor_header_footer","meta":{"footnotes":""},"_links":{"self":[{"href":"https:\/\/elektronscooters.com\/hu\/wp-json\/wp\/v2\/pages\/1263"}],"collection":[{"href":"https:\/\/elektronscooters.com\/hu\/wp-json\/wp\/v2\/pages"}],"about":[{"href":"https:\/\/elektronscooters.com\/hu\/wp-json\/wp\/v2\/types\/page"}],"author":[{"embeddable":true,"href":"https:\/\/elektronscooters.com\/hu\/wp-json\/wp\/v2\/users\/1"}],"replies":[{"embeddable":true,"href":"https:\/\/elektronscooters.com\/hu\/wp-json\/wp\/v2\/comments?post=1263"}],"version-history":[{"count":94,"href":"https:\/\/elektronscooters.com\/hu\/wp-json\/wp\/v2\/pages\/1263\/revisions"}],"predecessor-version":[{"id":1997,"href":"https:\/\/elektronscooters.com\/hu\/wp-json\/wp\/v2\/pages\/1263\/revisions\/1997"}],"wp:attachment":[{"href":"https:\/\/elektronscooters.com\/hu\/wp-json\/wp\/v2\/media?parent=1263"}],"curies":[{"name":"wp","href":"https:\/\/api.w.org\/{rel}","templated":true}]}}