{"id":1176,"date":"2024-02-16T14:39:38","date_gmt":"2024-02-16T14:39:38","guid":{"rendered":"https:\/\/elektronscooters.com\/?post_type=product&#038;p=1176"},"modified":"2024-02-22T08:38:17","modified_gmt":"2024-02-22T08:38:17","slug":"electric-scooter-bag-4l","status":"publish","type":"product","link":"https:\/\/elektronscooters.com\/hr\/proizvod\/torba-za-romobil-4l\/","title":{"rendered":"Torba za elektri\u010dni romobil, vodootporna, 4l"},"content":{"rendered":"","protected":false},"excerpt":{"rendered":"<p>Predstavljamo torbu za elektri\u010dni romobil, pa\u017eljivo dizajniranu da zadovolji potrebe voza\u010da. Razvijena s prostranim volumenom od 4 litre, ovaj dodatak nadilazi obi\u010dno skladi\u0161tenje; to je spoj funkcionalnosti i izdr\u017eljivosti. Izra\u0111ena s nepokolebljivom posve\u0107eno\u0161\u0107u izvrsnosti, ova torba se mo\u017ee pohvaliti nepropusnom vodootporno\u0161\u0107u, osiguravaju\u0107i da va\u0161e stvari ostanu za\u0161ti\u0107ene od pra\u0161ine i vode.<\/p>\n<p>Zna\u010dajke:<\/p>\n<ul>\n<li>Prostran kapacitet: S prostranim interijerom od 4 litre, ova torba lako smje\u0161ta va\u0161e osnovne stvari, \u010dine\u0107i va\u0161e putovanje neometanim.<\/li>\n<li>Nepokolebljiva vodootpornost: Dizajnirana da se suprotstavi elementima, ova torba koristi najnovije materijale i tehnike izrade kako bi garantirala neprobojnu za\u0161titu od ki\u0161e, prskanja i prodiranja vlage.<\/li>\n<li>Besprekorna dostupnost: Omogu\u0107ena pa\u017eljivo izra\u0111enim mehanizmom zatvara\u010da, pristup va\u0161im stvarima je brz i bez napora, osiguravaju\u0107i udobnost bez kompromisa.<\/li>\n<li>Jednostavna instalacija: Koriste\u0107i trake na \u010di\u010dak, montiranje ove torbe na va\u0161 elektri\u010dni romobil je jednostavno, osiguravaju\u0107i \u010dvrsto prijanjanje za neometana putovanja.<\/li>\n<\/ul>\n<p>Krenite u svoje ekspedicije s povjerenjem, znaju\u0107i da su va\u0161e stvari sigurno spremljene unutar torbe.<\/p>","protected":false},"featured_media":1197,"comment_status":"open","ping_status":"closed","template":"","meta":[],"product_cat":[28],"product_tag":[],"_links":{"self":[{"href":"https:\/\/elektronscooters.com\/hr\/wp-json\/wp\/v2\/product\/1176"}],"collection":[{"href":"https:\/\/elektronscooters.com\/hr\/wp-json\/wp\/v2\/product"}],"about":[{"href":"https:\/\/elektronscooters.com\/hr\/wp-json\/wp\/v2\/types\/product"}],"replies":[{"embeddable":true,"href":"https:\/\/elektronscooters.com\/hr\/wp-json\/wp\/v2\/comments?post=1176"}],"wp:featuredmedia":[{"embeddable":true,"href":"https:\/\/elektronscooters.com\/hr\/wp-json\/wp\/v2\/media\/1197"}],"wp:attachment":[{"href":"https:\/\/elektronscooters.com\/hr\/wp-json\/wp\/v2\/media?parent=1176"}],"wp:term":[{"taxonomy":"product_cat","embeddable":true,"href":"https:\/\/elektronscooters.com\/hr\/wp-json\/wp\/v2\/product_cat?post=1176"},{"taxonomy":"product_tag","embeddable":true,"href":"https:\/\/elektronscooters.com\/hr\/wp-json\/wp\/v2\/product_tag?post=1176"}],"curies":[{"name":"wp","href":"https:\/\/api.w.org\/{rel}","templated":true}]}}