{"id":1172,"date":"2024-02-16T14:28:41","date_gmt":"2024-02-16T14:28:41","guid":{"rendered":"https:\/\/elektronscooters.com\/?post_type=product&#038;p=1172"},"modified":"2024-07-28T15:34:27","modified_gmt":"2024-07-28T15:34:27","slug":"elektron-kinetik-seat","status":"publish","type":"product","link":"https:\/\/elektronscooters.com\/hr\/proizvod\/elektron-kinetik-sjedalo\/","title":{"rendered":"Elektron Kinetik Sjedalo"},"content":{"rendered":"","protected":false},"excerpt":{"rendered":"<p>Sjedalo Elektron Kinetik predstavlja udobnost i prakti\u010dnost za voza\u010de elektri\u010dnih romobila Elektron Kinetik. Izra\u0111eno s preciznim in\u017eenjeringom, ovo sjedalo pru\u017ea neusporedivu udobnost, osiguravaju\u0107i glatku i ugodnu vo\u017enju svaki put. Njegov sklopivi dizajn dodaje sloj prakti\u010dnosti, omogu\u0107uju\u0107i lako skladi\u0161tenje i prenosivost.<\/p>\n<p>Posebno prilago\u0111eno da nadopuni modele Elektron Kinetik, Elektron Kinetik PRO i Elektron Kinetik GTR, ovo sjedalo se besprijekorno integrira s ovim romobilima, pobolj\u0161avaju\u0107i njihovu funkcionalnost i udobnost. Bilo da se vozi po gradskim ulicama ili krstari kroz parkove, sjedalo Elektron Kinetik nudi voza\u010dima luksuzno i ergonomsko rje\u0161enje za sjedenje, postavljaju\u0107i novi standard za dodatke elektri\u010dnim romobilima.<\/p>","protected":false},"featured_media":1231,"comment_status":"open","ping_status":"closed","template":"","meta":[],"product_cat":[28],"product_tag":[],"_links":{"self":[{"href":"https:\/\/elektronscooters.com\/hr\/wp-json\/wp\/v2\/product\/1172"}],"collection":[{"href":"https:\/\/elektronscooters.com\/hr\/wp-json\/wp\/v2\/product"}],"about":[{"href":"https:\/\/elektronscooters.com\/hr\/wp-json\/wp\/v2\/types\/product"}],"replies":[{"embeddable":true,"href":"https:\/\/elektronscooters.com\/hr\/wp-json\/wp\/v2\/comments?post=1172"}],"wp:featuredmedia":[{"embeddable":true,"href":"https:\/\/elektronscooters.com\/hr\/wp-json\/wp\/v2\/media\/1231"}],"wp:attachment":[{"href":"https:\/\/elektronscooters.com\/hr\/wp-json\/wp\/v2\/media?parent=1172"}],"wp:term":[{"taxonomy":"product_cat","embeddable":true,"href":"https:\/\/elektronscooters.com\/hr\/wp-json\/wp\/v2\/product_cat?post=1172"},{"taxonomy":"product_tag","embeddable":true,"href":"https:\/\/elektronscooters.com\/hr\/wp-json\/wp\/v2\/product_tag?post=1172"}],"curies":[{"name":"wp","href":"https:\/\/api.w.org\/{rel}","templated":true}]}}