{"id":1176,"date":"2024-02-16T14:39:38","date_gmt":"2024-02-16T14:39:38","guid":{"rendered":"https:\/\/elektronscooters.com\/?post_type=product&#038;p=1176"},"modified":"2024-02-22T08:38:17","modified_gmt":"2024-02-22T08:38:17","slug":"electric-scooter-bag-4l","status":"publish","type":"product","link":"https:\/\/elektronscooters.com\/fr\/proizvod\/electric-scooter-bag-4l\/","title":{"rendered":"Sac pour trottinette \u00e9lectrique, \u00e9tanche, 4L"},"content":{"rendered":"","protected":false},"excerpt":{"rendered":"<p>Pr\u00e9sentation du sac pour trottinette \u00e9lectrique, con\u00e7u avec soin pour r\u00e9pondre aux exigences des voyageurs. Dot\u00e9 d'un volume g\u00e9n\u00e9reux de 4 litres, cet accessoire allie fonctionnalit\u00e9 et durabilit\u00e9. R\u00e9alis\u00e9 avec un engagement ferme envers l'excellence, ce sac offre une \u00e9tanch\u00e9it\u00e9 imp\u00e9n\u00e9trable, prot\u00e9geant vos affaires contre les \u00e9l\u00e9ments.<\/p>\n<p>Features :<\/p>\n<ul>\n<li>Capacit\u00e9 ample : Int\u00e9rieur spacieux de 4 litres pour transporter facilement vos essentiels.<\/li>\n<li>R\u00e9sistance \u00e0 l'eau in\u00e9branlable : Mat\u00e9riaux de pointe et techniques de construction pour une protection compl\u00e8te contre l'eau.<\/li>\n<li>Accessibilit\u00e9 ais\u00e9e : Con\u00e7u avec un syst\u00e8me de fermeture \u00e9clair pour un acc\u00e8s rapide et facile.<\/li>\n<li>Installation facile : Se fixe ais\u00e9ment \u00e0 votre trottinette \u00e9lectrique avec des sangles velcro, garantissant une tenue s\u00fbre.<\/li>\n<\/ul>\n<p>Partez en toute confiance avec vos affaires bien rang\u00e9es dans le sac pour trottinette \u00e9lectrique.<\/p>","protected":false},"featured_media":1197,"comment_status":"open","ping_status":"closed","template":"","meta":[],"product_cat":[28],"product_tag":[],"_links":{"self":[{"href":"https:\/\/elektronscooters.com\/fr\/wp-json\/wp\/v2\/product\/1176"}],"collection":[{"href":"https:\/\/elektronscooters.com\/fr\/wp-json\/wp\/v2\/product"}],"about":[{"href":"https:\/\/elektronscooters.com\/fr\/wp-json\/wp\/v2\/types\/product"}],"replies":[{"embeddable":true,"href":"https:\/\/elektronscooters.com\/fr\/wp-json\/wp\/v2\/comments?post=1176"}],"wp:featuredmedia":[{"embeddable":true,"href":"https:\/\/elektronscooters.com\/fr\/wp-json\/wp\/v2\/media\/1197"}],"wp:attachment":[{"href":"https:\/\/elektronscooters.com\/fr\/wp-json\/wp\/v2\/media?parent=1176"}],"wp:term":[{"taxonomy":"product_cat","embeddable":true,"href":"https:\/\/elektronscooters.com\/fr\/wp-json\/wp\/v2\/product_cat?post=1176"},{"taxonomy":"product_tag","embeddable":true,"href":"https:\/\/elektronscooters.com\/fr\/wp-json\/wp\/v2\/product_tag?post=1176"}],"curies":[{"name":"wp","href":"https:\/\/api.w.org\/{rel}","templated":true}]}}