{"id":492,"date":"2024-02-08T07:59:19","date_gmt":"2024-02-08T07:59:19","guid":{"rendered":"https:\/\/elektronscooters.com\/?page_id=492"},"modified":"2024-02-08T07:59:51","modified_gmt":"2024-02-08T07:59:51","slug":"elektron-kinetik-pro-gtr-comparison-table","status":"publish","type":"page","link":"https:\/\/elektronscooters.com\/fr\/elektron-kinetik-pro-gtr-comparison-table\/","title":{"rendered":"Elektron Kinetik \/ PRO \/ GTR Comparison Table"},"content":{"rendered":"<div data-elementor-type=\"wp-page\" data-elementor-id=\"492\" class=\"elementor elementor-492\" data-elementor-post-type=\"page\">\n\t\t\t\t<div class=\"elementor-element elementor-element-55a1370 e-con-full e-flex e-con e-parent\" data-id=\"55a1370\" data-element_type=\"container\" data-settings=\"{&quot;background_background&quot;:&quot;classic&quot;}\">\n\t\t<div class=\"elementor-element elementor-element-2a98612 e-con-full e-flex e-con e-child\" data-id=\"2a98612\" data-element_type=\"container\" data-settings=\"{&quot;background_background&quot;:&quot;classic&quot;}\">\n\t\t\t\t<div class=\"elementor-element elementor-element-831ce1f elementor-widget elementor-widget-html\" data-id=\"831ce1f\" data-element_type=\"widget\" data-widget_type=\"html.default\">\n\t\t\t\t<div class=\"elementor-widget-container\">\n\t\t\t<style>\r\n  table {\r\n    background-color: #0A0A0A;\r\n    color: #E0E0E0;\r\n    width: 100%;\r\n    font-size: 10px; \/* Default font size *\/\r\n  }\r\n\r\n  th, td {\r\n    text-align: left;\r\n    vertical-align: middle;\r\n    padding: 8px;\r\n    border: 1px solid #E0E0E0;\r\n  }\r\n\r\n  @media only screen and (min-width: 601px) {\r\n    table {\r\n      font-size: 20px; \/* Font size for larger screens *\/\r\n    }\r\n  }\r\n<\/style>\r\n\r\n<table style=\"background-color: #0A0A0A; color: #E0E0E0;\">\r\n    <colgroup>\r\n    <col style=\"width: 25%;\">\r\n    <col style=\"width: 25%;\">\r\n    <col style=\"width: 25%;\">\r\n    <col style=\"width: 25%;\">\r\n  <\/colgroup>\r\n  <thead>\r\n    <tr>\r\n      <td><\/td>\r\n<td style=\"text-align: center; vertical-align: middle; text-transform: uppercase;\">Elektron Kinetik<\/td>\r\n<td style=\"text-align: center; vertical-align: middle; text-transform: uppercase;\">Elektron Kinetik PRO<\/td>\r\n<td style=\"text-align: center; vertical-align: middle; text-transform: uppercase;\">Elektron Kinetik GTR<\/td>\r\n    <\/tr>\r\n  <\/thead>\r\n  <tbody>\r\n    <tr>\r\n      <td colspan=\"4\" style=\"background-color: #005BFF; color: #E0E0E0; text-align: center;\">MOTEUR<\/td>\r\n    <\/tr>\r\n    <tr>\r\n      <td>Vitesse maximale<\/td>\r\n      <td>60 km\/h (limit\u00e9e \u00e0 25 km\/h)<\/td>\r\n      <td>60 km\/h (limit\u00e9e \u00e0 25 km\/h)<\/td>\r\n      <td>75 km\/h (limit\u00e9e \u00e0 25 km\/h)<\/td>\r\n    <\/tr>\r\n    <tr>\r\n      <td>Puissance du moteur (nominale)<\/td>\r\n      <td>2000 W, 2x 1000 W<\/td>\r\n      <td>2000 W, 2x 1000 W<\/td>\r\n      <td>2800 W, 2x 1400 W<\/td>\r\n    <\/tr>\r\n    <tr>\r\n      <td>Puissance maximale du moteur<\/td>\r\n      <td>3600 W, 2x 1800 W<\/td>\r\n      <td>3600 W, 2x 1800 W<\/td>\r\n      <td>5040 W, 2x 2520 W<\/td>\r\n    <\/tr>\r\n    <tr>\r\n      <td>Moteur double<\/td>\r\n      <td>Oui<\/td>\r\n      <td>Oui<\/td>\r\n      <td>Oui<\/td>\r\n    <\/tr>\r\n    <tr>\r\n      <td>Drive<\/td>\r\n      <td>Avant et arri\u00e8re<\/td>\r\n      <td>Avant et arri\u00e8re<\/td>\r\n      <td>Avant et arri\u00e8re<\/td>\r\n    <\/tr>\r\n    <tr>\r\n      <td>Drive with single motor<\/td>\r\n      <td>Arri\u00e8re<\/td>\r\n      <td>Arri\u00e8re<\/td>\r\n      <td>Arri\u00e8re<\/td>\r\n    <\/tr>\r\n    <tr>\r\n      <td>Type de moteur<\/td>\r\n      <td>Sans balai<\/td>\r\n      <td>Sans balai<\/td>\r\n      <td>Sans balai<\/td>\r\n    <\/tr>\r\n    <tr>\r\n      <td>Inclinaison maximale<\/td>\r\n      <td>25\u00b0 \/ 46,6 %<\/td>\r\n      <td>25\u00b0 \/ 46,6 %<\/td>\r\n      <td>30\u00b0 \/ 57,7 %<\/td>\r\n    <\/tr>\r\n    <tr>\r\n      <td colspan=\"4\" style=\"background-color: #005BFF; color: #E0E0E0; text-align: center;\">BATTERIE<\/td>\r\n    <\/tr>\r\n    <tr>\r\n      <td>Autonomie maximale<\/td>\r\n      <td>75 km<\/td>\r\n      <td>75 km<\/td>\r\n      <td>90 km<\/td>\r\n    <\/tr>\r\n    <tr>\r\n      <td>Capacit\u00e9<\/td>\r\n      <td>20,8 Ah<\/td>\r\n      <td>20,8 Ah<\/td>\r\n      <td>23.4 Ah<\/td>\r\n    <\/tr>\r\n    <tr>\r\n      <td>Tension<\/td>\r\n      <td>52 V<\/td>\r\n      <td>52 V<\/td>\r\n      <td>60 V<\/td>\r\n    <\/tr>\r\n    <tr>\r\n      <td>Batterie<\/td>\r\n      <td>Li-Ion<\/td>\r\n      <td>Li-Ion<\/td>\r\n      <td>Li-Ion<\/td>\r\n    <\/tr>\r\n    <tr>\r\n      <td>Cellules<\/td>\r\n      <td>18650<\/td>\r\n      <td>18650<\/td>\r\n      <td>18650<\/td>\r\n    <\/tr>\r\n    <tr>\r\n            <td>Dur\u00e9e de vie pr\u00e9vue de la batterie<\/td>\r\n            <td>720 cycles avec une capacit\u00e9 sup\u00e9rieure \u00e0 70 %<\/td>\r\n            <td>720 cycles avec une capacit\u00e9 sup\u00e9rieure \u00e0 70 %<\/td>\r\n            <td>720 cycles avec une capacit\u00e9 sup\u00e9rieure \u00e0 70 %<\/td>\r\n        <\/tr>\r\n    <tr>\r\n      <td>Poids de la batterie<\/td>\r\n      <td>5,84 kg<\/td>\r\n      <td>5,84 kg<\/td>\r\n      <td>7,86 kg<\/td>\r\n    <\/tr>\r\n    <tr>\r\n      <td>Chargeur<\/td>\r\n      <td>52V 2Ah<\/td>\r\n      <td>52V 2Ah<\/td>\r\n      <td>60V 2 Ah<\/td>\r\n    <\/tr>\r\n    <tr>\r\n      <td>Temps de charge<\/td>\r\n      <td>8 - 10 heures<\/td>\r\n      <td>8 - 10 heures<\/td>\r\n      <td>10 - 12 heures<\/td>\r\n    <\/tr>\r\n    <tr>\r\n      <td>Deux prises de charge<\/td>\r\n      <td>Oui<\/td>\r\n      <td>Oui<\/td>\r\n      <td>Oui<\/td>\r\n    <\/tr>\r\n    <tr>\r\n      <td>Temps de charge avec 2 chargeurs<\/td>\r\n      <td>4 - 5 heures<\/td>\r\n      <td>4 - 5 heures<\/td>\r\n      <td>5 - 6 heures<\/td>\r\n    <\/tr>\r\n    <tr>\r\n      <td>Protection de la batterie et de la charge\t<\/td>\r\n      <td>Protection contre la sous-tension, protection contre la surtension, protection contre la surcharge, protection contre la d\u00e9charge excessive, protection contre la surchauffe<\/td>\r\n      <td>Protection contre la sous-tension, protection contre la surtension, protection contre la surcharge, protection contre la d\u00e9charge excessive, protection contre la surchauffe<\/td>\r\n      <td>Protection contre la sous-tension, protection contre la surtension, protection contre la surcharge, protection contre la d\u00e9charge excessive, protection contre la surchauffe<\/td>\r\n    <\/tr>\r\n    <tr>\r\n      <td colspan=\"4\" style=\"background-color: #005BFF; color: #E0E0E0; text-align: center;\">SINE WAVE CONTROLLER\r\n    <tr>\r\n      <td>Nombre de contr\u00f4leurs<\/td>\r\n      <td>2x 25 A<\/td>\r\n      <td>2 x 30 A<\/td>\r\n      <td>2x 30 A<\/td>\r\n    <\/tr>\r\n    <tr>\r\n      <td>Type<\/td>\r\n      <td>Carr\u00e9<\/td>\r\n      <td>Onde sinuso\u00efdale<\/td>\r\n      <td>Onde sinuso\u00efdale<\/td>\r\n    <\/tr>\r\n    <tr>\r\n      <td>Avantages du contr\u00f4leur \u00e0 onde sinuso\u00efdale<\/td>\r\n      <td>\/<\/td>\r\n      <td>- R\u00e9duction du bruit: Les contr\u00f4leurs \u00e0 onde sinuso\u00efdale fonctionnent silencieusement gr\u00e2ce \u00e0 une faible distorsion harmonique, am\u00e9liorant l'exp\u00e9rience de conduite.<br><br\/>\r\n- Acc\u00e9l\u00e9ration plus rapide : Ils fournissent un couple de d\u00e9marrage significatif, permettant une acc\u00e9l\u00e9ration plus rapide de la trottinette.<br><br\/>\r\n- Vitesse constante : Les contr\u00f4leurs \u00e0 onde sinuso\u00efdale maintiennent une vitesse constante (vitesse de croisi\u00e8re) pour des trajets plus doux.<br><br\/>\r\n- Efficacit\u00e9 am\u00e9lior\u00e9e : Ils offrent une efficacit\u00e9 moteur plus \u00e9lev\u00e9e pour les mont\u00e9es et les charges lourdes.<br><br\/>\r\n- Contr\u00f4le am\u00e9lior\u00e9 : Les contr\u00f4leurs \u00e0 onde sinuso\u00efdale assurent un fonctionnement efficace et pr\u00e9visible de la trottinette, r\u00e9duisant le risque de pannes.<br><br\/>\r\n- Efficacit\u00e9 \u00e9nerg\u00e9tique : Ils consomment l'\u00e9lectricit\u00e9 de mani\u00e8re plus efficace, prolongeant l'autonomie de la trottinette et la dur\u00e9e de vie de la batterie.<\/td>\r\n      <td>- R\u00e9duction du bruit: Les contr\u00f4leurs \u00e0 onde sinuso\u00efdale fonctionnent silencieusement gr\u00e2ce \u00e0 une faible distorsion harmonique, am\u00e9liorant l'exp\u00e9rience de conduite.<br><br\/>\r\n- Acc\u00e9l\u00e9ration plus rapide : Ils fournissent un couple de d\u00e9marrage significatif, permettant une acc\u00e9l\u00e9ration plus rapide de la trottinette.<br><br\/>\r\n- Vitesse constante : Les contr\u00f4leurs \u00e0 onde sinuso\u00efdale maintiennent une vitesse constante (vitesse de croisi\u00e8re) pour des trajets plus doux.<br><br\/>\r\n- Efficacit\u00e9 am\u00e9lior\u00e9e : Ils offrent une efficacit\u00e9 moteur plus \u00e9lev\u00e9e pour les mont\u00e9es et les charges lourdes.<br><br\/>\r\n- Contr\u00f4le am\u00e9lior\u00e9 : Les contr\u00f4leurs \u00e0 onde sinuso\u00efdale assurent un fonctionnement efficace et pr\u00e9visible de la trottinette, r\u00e9duisant le risque de pannes.<br><br\/>\r\n- Efficacit\u00e9 \u00e9nerg\u00e9tique : Ils consomment l'\u00e9lectricit\u00e9 de mani\u00e8re plus efficace, prolongeant l'autonomie de la trottinette et la dur\u00e9e de vie de la batterie.<\/td>\r\n    <\/tr>\r\n    <tr>\r\n      <td colspan=\"4\" style=\"background-color: #005BFF; color: #E0E0E0; text-align: center;\">CORPS<\/td>\r\n    <\/tr>\r\n    <tr>\r\n      <td>Capacit\u00e9 de poids<\/td>\r\n      <td>130 kg<\/td>\r\n      <td>130 kg<\/td>\r\n      <td>130 kg<\/td>\r\n    <\/tr>\r\n    <tr>\r\n      <td>Mat\u00e9riau<\/td>\r\n      <td>Alliage d'aluminium, 6061<\/td>\r\n      <td>Alliage d'aluminium, 6061<\/td>\r\n      <td>Alliage d'aluminium, 6061<\/td>\r\n    <\/tr>\r\n    <tr>\r\n      <td>R\u00e9sistance \u00e0 la poussi\u00e8re et \u00e0 l'eau<\/td>\r\n      <td>IPx4<\/td>\r\n      <td>IPx4<\/td>\r\n      <td>IPx4<\/td>\r\n    <\/tr>\r\n    <tr>\r\n      <td>Couleur<\/td>\r\n      <td>Noir \/ gris<\/td>\r\n      <td>Noir \/ gris<\/td>\r\n      <td>Noir \/ gris<\/td>\r\n    <\/tr>\r\n    <tr>\r\n      <td>\u00c9l\u00e9ments r\u00e9fl\u00e9chissants<\/td>\r\n      <td>Oui, autocollant r\u00e9fl\u00e9chissant ELEKTRON<\/td>\r\n      <td>Oui, autocollant r\u00e9fl\u00e9chissant ELEKTRON<\/td>\r\n      <td>Oui, autocollant r\u00e9fl\u00e9chissant ELEKTRON<\/td>\r\n    <\/tr>\r\n    <tr>\r\n      <td>Pliable<\/td>\r\n      <td>Oui<\/td>\r\n      <td>Oui<\/td>\r\n      <td>Oui<\/td>\r\n    <\/tr>\r\n    <tr>\r\n      <td>M\u00e9canisme de s\u00e9curit\u00e9 \u00e0 d\u00e9gagement rapide<\/td>\r\n      <td>Oui<\/td>\r\n      <td>Oui<\/td>\r\n      <td>Oui<\/td>\r\n    <\/tr>\r\n    <tr>\r\n      <td>Longueur, largeur, hauteur<\/td>\r\n      <td>123 x 69 x 123 cm<\/td>\r\n      <td>123 x 69 x 123 cm<\/td>\r\n      <td>132 x 69 x 131 cm<\/td>\r\n    <\/tr>\r\n    <tr>\r\n      <td>Longueur, largeur, hauteur (pli\u00e9)<\/td>\r\n      <td>123 x 69 x 55 cm<\/td>\r\n      <td>123 x 69 x 55 cm<\/td>\r\n      <td>132 x 69 x 54 cm<\/td>\r\n    <\/tr>\r\n    <tr>\r\n      <td>Garde au sol<\/td>\r\n      <td>17,5 cm<\/td>\r\n      <td>17,5 cm<\/td>\r\n      <td>17 cm<\/td>\r\n    <\/tr>\r\n    <tr>\r\n      <td>Poids<\/td>\r\n      <td>30,31 kg<\/td>\r\n      <td>30,31 kg<\/td>\r\n      <td>34,16 kg<\/td>\r\n    <\/tr>\r\n    <tr>\r\n      <td>Type de guidon<\/td>\r\n      <td>Guidon en T renforc\u00e9<\/td>\r\n      <td>Guidon en T renforc\u00e9<\/td>\r\n      <td>Guidon en T renforc\u00e9<\/td>\r\n    <\/tr>\r\n    <tr>\r\n      <td>Type de poign\u00e9es en caoutchouc<\/td>\r\n      <td>Poign\u00e9es verrouillables bilat\u00e9rales ergonomiquement con\u00e7ues en caoutchouc souple<\/td>\r\n      <td>Poign\u00e9es verrouillables bilat\u00e9rales ergonomiquement con\u00e7ues en caoutchouc souple<\/td>\r\n      <td>Poign\u00e9es verrouillables bilat\u00e9rales ergonomiquement con\u00e7ues en caoutchouc souple<\/td>\r\n    <\/tr>\r\n    <tr>\r\n      <td>surface d'appui<\/td>\r\n      <td>Surface antid\u00e9rapante en gel de silice<\/td>\r\n      <td>Surface antid\u00e9rapante en gel de silice<\/td>\r\n      <td>Surface antid\u00e9rapante en gel de silice<\/td>\r\n    <\/tr>\r\n    <tr>\r\n      <td>Dimension de l'emballage<\/td>\r\n      <td>128,5 x 26 x 63 cm<\/td>\r\n      <td>128,5 x 26 x 63 cm<\/td>\r\n      <td>134 x 26 x 64 cm<\/td>\r\n    <\/tr>\r\n    <tr>\r\n      <td>Poids de l'emballage<\/td>\r\n      <td>36.06 Kg<\/td>\r\n      <td>36.06 Kg<\/td>\r\n      <td>39,64 kg<\/td>\r\n    <\/tr>\r\n    <tr>\r\n      <td colspan=\"4\" style=\"background-color: #005BFF; color: #E0E0E0; text-align: center;\">PNEUS<\/td>\r\n    <\/tr>\r\n    <tr>\r\n      <td>Taille<\/td>\r\n      <td>10*3.0 pouces (80\/65-6, 255\u00d780)<\/td>\r\n      <td>10*3.0 pouces (80\/65-6, 255\u00d780)<\/td>\r\n      <td>10*3.0 pouces (80\/65-6, 255\u00d780)<\/td>\r\n    <\/tr>\r\n    <tr>\r\n      <td>Type<\/td>\r\n      <td>Pneus tubeless gonflables<\/td>\r\n      <td>Pneus tubeless gonflables<\/td>\r\n      <td>Pneus tubeless gonflables<\/td>\r\n    <\/tr>\r\n    <tr>\r\n      <td>bande de roulement<\/td>\r\n      <td>Pneu de route<\/td>\r\n      <td>Pneu de route<\/td>\r\n      <td>Hybride, pour route et tout-terrain<\/td>\r\n    <\/tr>\r\n    <tr>\r\n      <td>Marque<\/td>\r\n      <td>CST<\/td>\r\n      <td>CST<\/td>\r\n      <td>Wanda<\/td>\r\n    <\/tr>\r\n    <tr>\r\n      <td colspan=\"4\" style=\"background-color: #005BFF; color: #E0E0E0; text-align: center;\">FREINS<\/td>\r\n    <\/tr>\r\n    <tr>\r\n      <td>Type<\/td>\r\n      <td>Frein \u00e0 disque avant et arri\u00e8re (m\u00e9canique)<\/td>\r\n      <td>Frein \u00e0 disque avant et arri\u00e8re (hydraulique)<\/td>\r\n      <td>Frein \u00e0 disque avant et arri\u00e8re (hydraulique)<\/td>\r\n    <\/tr>\r\n    <tr>\r\n      <td>Diam\u00e8tre du disque<\/td>\r\n      <td>140 mm<\/td>\r\n      <td>140 mm<\/td>\r\n      <td>160 mm<\/td>\r\n    <\/tr>\r\n    <tr>\r\n      <td>Marque<\/td>\r\n      <td>JAK<\/td>\r\n      <td>NUTT<\/td>\r\n      <td>NUTT<\/td>\r\n    <\/tr>\r\n    <tr>\r\n      <td>Frein \u00e9lectronique suppl\u00e9mentaire<\/td>\r\n      <td>Oui, frein \u00e9lectronique puissant qui contribue \u00e0 la s\u00e9curit\u00e9 et peut prolonger consid\u00e9rablement la dur\u00e9e de vie des plaquettes de frein.<\/td>\r\n      <td>Oui, frein \u00e9lectronique puissant qui contribue \u00e0 la s\u00e9curit\u00e9 et peut prolonger consid\u00e9rablement la dur\u00e9e de vie des plaquettes de frein.<\/td>\r\n      <td>Oui, frein \u00e9lectronique puissant qui contribue \u00e0 la s\u00e9curit\u00e9 et peut prolonger consid\u00e9rablement la dur\u00e9e de vie des plaquettes de frein.<\/td>\r\n    <\/tr>\r\n    <tr>\r\n      <td>eABS<\/td>\r\n      <td>Oui<\/td>\r\n      <td>Oui<\/td>\r\n      <td>Oui<\/td>\r\n    <\/tr>\r\n    <tr>\r\n      <td colspan=\"4\" style=\"background-color: #005BFF; color: #E0E0E0; text-align: center;\">SUSPENSION<\/td>\r\n    <\/tr>\r\n    <tr>\r\n      <td>Type<\/td>\r\n      <td>Suspension hydraulique avant et arri\u00e8re<\/td>\r\n      <td>Suspension hydraulique avant et arri\u00e8re<\/td>\r\n      <td>Suspension hydraulique avant et arri\u00e8re<\/td>\r\n    <\/tr>\r\n    <tr>\r\n      <td>R\u00e9glable<\/td>\r\n      <td>Oui (outil inclus)<\/td>\r\n      <td>Oui (outil inclus)<\/td>\r\n      <td>Oui (outil inclus)<\/td>\r\n    <\/tr>\r\n    <tr>\r\n      <td>Test de suspension<\/td>\r\n      <td>200 000 compressions<\/td>\r\n      <td>200 000 compressions<\/td>\r\n      <td>200 000 compressions<\/td>\r\n    <\/tr>\r\n    <tr>\r\n      <td colspan=\"4\" style=\"background-color: #005BFF; color: #E0E0E0; text-align: center;\">Affichage<\/td>\r\n    <\/tr>\r\n    <tr>\r\n      <td>Type<\/td>\r\n      <td>\u00c9cran LCD avec acc\u00e9l\u00e9rateur, verrouillage NFC<\/td>\r\n      <td>\u00c9cran matriciel color\u00e9 PRO TFT<\/td>\r\n      <td>\u00c9cran matriciel color\u00e9 PRO TFT<\/td>\r\n    <\/tr>\r\n    <tr>\r\n      <td>R\u00e9gulateur de vitesse<\/td>\r\n      <td>Oui<\/td>\r\n      <td>Oui<\/td>\r\n      <td>Oui<\/td>\r\n    <\/tr>\r\n    <tr>\r\n      <td>Taille<\/td>\r\n      <td>12,5 x 6,1 x 2,8 cm<\/td>\r\n      <td>\t3,5 pouces<\/td>\r\n      <td>\t3,5 pouces<\/td>\r\n    <\/tr>\r\n    <tr>\r\n      <td>\u00c9cran LCD en couleur<\/td>\r\n      <td>Non<\/td>\r\n      <td>Oui<\/td>\r\n      <td>Oui<\/td>\r\n    <\/tr>\r\n    <tr>\r\n      <td>Positionnement<\/td>\r\n      <td>C\u00f4t\u00e9 droit<\/td>\r\n      <td>Centrale<\/td>\r\n      <td>Centrale<\/td>\r\n    <\/tr>\r\n    <tr>\r\n      <td>Acc\u00e9l\u00e9ration<\/td>\r\n      <td>Levier de doigt (index)<\/td>\r\n      <td>Levier de doigt (pouce)<\/td>\r\n      <td>Levier de doigt (pouce)<\/td>\r\n    <\/tr>\r\n    <tr>\r\n      <td>Donn\u00e9es affich\u00e9es<\/td>\r\n      <td>Vitesse, indicateur de batterie, vitesse (1, 2, 3), indicateur de phare, heure, ODO<\/td>\r\n      <td>Vitesse (ainsi que vitesse maximale et vitesse moyenne), kilom\u00e9trage (ODO, TRIP), rapport, indicateur de batterie, tension, courant, puissance en temps r\u00e9el, indicateur de lumi\u00e8res, moteur simple\/double, horloge (ainsi que temps de trajet), temp\u00e9rature du contr\u00f4leur, temp\u00e9rature de l'environnement.<\/td>\r\n      <td>Vitesse (ainsi que vitesse maximale et vitesse moyenne), kilom\u00e9trage (ODO, TRIP), rapport, indicateur de batterie, tension, courant, puissance en temps r\u00e9el, indicateur de lumi\u00e8res, moteur simple\/double, horloge (ainsi que temps de trajet), temp\u00e9rature du contr\u00f4leur, temp\u00e9rature de l'environnement.<\/td>\r\n    <\/tr>\r\n    <tr>\r\n      <td>Unit\u00e9s<\/td>\r\n      <td>M\u00e9trique \/ imp\u00e9rial<\/td>\r\n      <td>M\u00e9trique \/ imp\u00e9rial<\/td>\r\n      <td>M\u00e9trique \/ imp\u00e9rial<\/td>\r\n    <\/tr>\r\n    <tr>\r\n      <td>Modes de conduite<\/td>\r\n      <td>Moteur \u00e9lectrique simple\/double et Turbo\/\u00c9co (\u00c9co limite la vitesse maximale \u00e0 20 km\/h)<\/td>\r\n      <td>Moteur simple\/double<\/td>\r\n      <td>Moteur simple\/double<\/td>\r\n    <\/tr>\r\n    <tr>\r\n      <td>Limite de vitesse<\/td>\r\n      <td>R\u00e9glable en %, de 5 \u00e0 100 %<\/td>\r\n      <td>R\u00e9glable en %, de 1 \u00e0 100 %<\/td>\r\n      <td>R\u00e9glable en %, de 1 \u00e0 100 %<\/td>\r\n    <\/tr>\r\n    <tr>\r\n      <td>Indicateur de batterie<\/td>\r\n      <td>Indicateur graphique et Tension (V)<\/td>\r\n      <td>Pourcentages (%) et tension (V)<\/td>\r\n      <td>Pourcentages (%) et tension (V)<\/td>\r\n    <\/tr>\r\n    <tr>\r\n      <td>Luminosit\u00e9<\/td>\r\n      <td>Non r\u00e9glable<\/td>\r\n      <td>R\u00e9glable de 1 \u00e0 5<\/td>\r\n      <td>R\u00e9glable de 1 \u00e0 5<\/td>\r\n    <\/tr>\r\n    <tr>\r\n      <td>D\u00e9marrage au pied<\/td>\r\n      <td>Oui<\/td>\r\n      <td>Oui<\/td>\r\n      <td>Oui<\/td>\r\n    <\/tr>\r\n    <tr>\r\n      <td>Port USB<\/td>\r\n      <td>Non<\/td>\r\n      <td>Oui<\/td>\r\n      <td>Oui <\/td>\r\n    <\/tr>\r\n    <tr>\r\n      <td>Extinction automatique<\/td>\r\n      <td>Non<\/td>\r\n      <td>R\u00e9glable entre 0 et 10 min<\/td>\r\n      <td>R\u00e9glable entre 0 et 10 min<\/td>\r\n    <\/tr>\r\n    <tr>\r\n      <td colspan=\"4\" style=\"background-color: #005BFF; color: #E0E0E0; text-align: center;\">\u00c9CLAIRAGE<\/td>\r\n    <\/tr>\r\n    <tr>\r\n      <td>Lumi\u00e8res<\/td>\r\n      <td>Phare avant avec klaxon int\u00e9gr\u00e9, arri\u00e8re, frein, lat\u00e9ral<\/td>\r\n      <td>Phare avant avec klaxon int\u00e9gr\u00e9, arri\u00e8re, frein, lat\u00e9ral<\/td>\r\n      <td>Phare avant avec klaxon int\u00e9gr\u00e9, arri\u00e8re, frein, lat\u00e9ral<\/td>\r\n    <\/tr>\r\n    <tr>\r\n      <td>Clignotants<\/td>\r\n      <td>Oui, arri\u00e8re<\/td>\r\n      <td>Oui, arri\u00e8re<\/td>\r\n      <td>Oui, arri\u00e8re<\/td>\r\n    <\/tr>\r\n    <tr>\r\n      <td>Indicators<\/td>\r\n      <td>Oui, arri\u00e8re<\/td>\r\n      <td>Oui, arri\u00e8re<\/td>\r\n      <td>Oui, arri\u00e8re<\/td>\r\n    <\/tr>\r\n    <tr>\r\n      <td>Lumi\u00e8res d'ambiance<\/td>\r\n      <td>Oui, sur le c\u00f4t\u00e9 du plateau<\/td>\r\n      <td>Oui, sur le c\u00f4t\u00e9 du plateau<\/td>\r\n      <td>Oui, sur le c\u00f4t\u00e9 du plateau<\/td>\r\n    <\/tr>\r\n    <tr>\r\n      <td>Type de lumi\u00e8res d'ambiance<\/td>\r\n      <td>RVB<\/td>\r\n      <td>RVB<\/td>\r\n      <td>RVB<\/td>\r\n    <\/tr>\r\n    <tr>\r\n      <td>Contr\u00f4le des lumi\u00e8res d'ambiance<\/td>\r\n      <td>Application mobile, Android et iOS<\/td>\r\n      <td>Application mobile, Android et iOS<\/td>\r\n      <td>Application mobile, Android et iOS<\/td>\r\n    <\/tr>\r\n    <tr>\r\n      <td colspan=\"4\" style=\"background-color: #005BFF; color: #E0E0E0; text-align: center;\">FONCTIONNALIT\u00c9S SUPPL\u00c9MENTAIRES<\/td>\r\n    <\/tr>\r\n    <tr>\r\n      <td>Fonction antivol<\/td>\r\n      <td>Oui, verrou NFC<\/td>\r\n      <td>Oui, verrou NFC et code PIN<\/td>\r\n      <td>Oui, verrou NFC et code PIN<\/td>\r\n    <\/tr>\r\n    <tr>\r\n      <td>Nombre de cl\u00e9s NFC<\/td>\r\n      <td>3 (1 cl\u00e9 principale)<\/td>\r\n      <td>3 (1 cl\u00e9 principale)<\/td>\r\n      <td>3 (1 cl\u00e9 principale)<\/td>\r\n    <\/tr>\r\n    <tr>\r\n      <td>Indicateurs de commutateurs illumin\u00e9s<\/td>\r\n      <td>Turbo\/\u00e9co, lumi\u00e8res marche\/arr\u00eat, clignotant gauche\/droite<\/td>\r\n      <td>Lumi\u00e8res marche\/arr\u00eat, clignotant gauche\/droite<\/td>\r\n      <td>Lumi\u00e8res marche\/arr\u00eat, clignotant gauche\/droite<\/td>\r\n    <\/tr>\r\n    <tr>\r\n      <td>Klaxon<\/td>\r\n      <td>Oui<\/td>\r\n      <td>Oui<\/td>\r\n      <td>Oui<\/td>\r\n    <\/tr>\r\n    <tr>\r\n      <td>B\u00e9quille<\/td>\r\n      <td>M\u00e9tal durable et 170 mm de longueur<\/td>\r\n      <td>M\u00e9tal durable et 170 mm de longueur<\/td>\r\n      <td>M\u00e9tal durable et 170 mm de longueur<\/td>\r\n    <\/tr>\r\n    <tr>\r\n      <td>Garde-boues<\/td>\r\n      <td>Oui<\/td>\r\n      <td>Oui<\/td>\r\n      <td>Oui<\/td>\r\n    <\/tr>\r\n    <tr>\r\n      <td>Option de si\u00e8ge<\/td>\r\n      <td>Oui<\/td>\r\n      <td>Oui<\/td>\r\n      <td>Oui<\/td>\r\n    <\/tr>\r\n    <tr>\r\n      <td>Application mobile pour l'\u00e9clairage RGB<\/td>\r\n      <td>Oui<\/td>\r\n      <td>Oui<\/td>\r\n      <td>Oui<\/td>\r\n    <\/tr>\r\n    <tr>\r\n      <td>C\u00e2bles cach\u00e9s dans le cadre<\/td>\r\n      <td>Oui<\/td>\r\n      <td>Oui<\/td>\r\n      <td>Oui<\/td>\r\n    <\/tr>\r\n    <tr>\r\n      <td>Caps de prise de chargement<\/td>\r\n      <td>En caoutchouc pour prot\u00e9ger contre les courts-circuits<\/td>\r\n      <td>En caoutchouc pour prot\u00e9ger contre les courts-circuits<\/td>\r\n      <td>En caoutchouc pour prot\u00e9ger contre les courts-circuits<\/td>\r\n    <\/tr>\r\n    <tr>\r\n      <td>Certificats<\/td>\r\n      <td>Ce, RoHS<\/td>\r\n      <td>Ce, RoHS<\/td>\r\n      <td>Ce, RoHS<\/td>\r\n    <\/tr>\r\n    <tr>\r\n      <td>Num\u00e9ro de s\u00e9rie unique<\/td>\r\n      <td>Oui<\/td>\r\n      <td>Oui<\/td>\r\n      <td>Oui<\/td>\r\n    <\/tr>\r\n    <tr>\r\n      <td>Garantie<\/td>\r\n      <td>1 an (+ 1 an en option)<\/td>\r\n      <td>1 an (+ 1 an en option)<\/td>\r\n      <td>1 an (+ 1 an en option)<\/td>\r\n    <\/tr>\r\n    <tr>\r\n      <td>Contenu de l'emballage<\/td>\r\n      <td>Trottinette, chargeur, manuel d'utilisation, protecteurs de moteur de rechange, outil de r\u00e9glage de la suspension<\/td>\r\n      <td>Trottinette, chargeur, manuel d'utilisation, protecteurs de moteur de rechange, outil de r\u00e9glage de la suspension<\/td>\r\n      <td>Trottinette, chargeur, manuel d'utilisation, protecteurs de moteur de rechange, outil de r\u00e9glage de la suspension<\/td>\r\n    <\/tr>\r\n  <\/tbody>\r\n<\/table>\r\n\t\t<\/div>\n\t\t\t\t<\/div>\n\t\t\t\t<\/div>\n\t\t\t\t<\/div>\n\t\t\t\t<\/div>","protected":false},"excerpt":{"rendered":"<p>Elektron Kinetik Elektron Kinetik PRO Elektron Kinetik GTR MOTOR Top speed 60 km\/h (limited to 25 km\/h) 60 km\/h (limited to 25 km\/h) 75 km\/h (limited to 25 km\/h) Motor power (rated) 2000 W, 2x 1000 W 2000 W, 2x 1000 W 2800 W, 2x 1400 W Maximum Motor Power (peak) 3600 W, 2x 1800 [&hellip;]<\/p>","protected":false},"author":1,"featured_media":0,"parent":0,"menu_order":0,"comment_status":"closed","ping_status":"closed","template":"elementor_header_footer","meta":{"footnotes":""},"_links":{"self":[{"href":"https:\/\/elektronscooters.com\/fr\/wp-json\/wp\/v2\/pages\/492"}],"collection":[{"href":"https:\/\/elektronscooters.com\/fr\/wp-json\/wp\/v2\/pages"}],"about":[{"href":"https:\/\/elektronscooters.com\/fr\/wp-json\/wp\/v2\/types\/page"}],"author":[{"embeddable":true,"href":"https:\/\/elektronscooters.com\/fr\/wp-json\/wp\/v2\/users\/1"}],"replies":[{"embeddable":true,"href":"https:\/\/elektronscooters.com\/fr\/wp-json\/wp\/v2\/comments?post=492"}],"version-history":[{"count":4,"href":"https:\/\/elektronscooters.com\/fr\/wp-json\/wp\/v2\/pages\/492\/revisions"}],"predecessor-version":[{"id":496,"href":"https:\/\/elektronscooters.com\/fr\/wp-json\/wp\/v2\/pages\/492\/revisions\/496"}],"wp:attachment":[{"href":"https:\/\/elektronscooters.com\/fr\/wp-json\/wp\/v2\/media?parent=492"}],"curies":[{"name":"wp","href":"https:\/\/api.w.org\/{rel}","templated":true}]}}