{"id":461,"date":"2024-02-07T11:11:56","date_gmt":"2024-02-07T11:11:56","guid":{"rendered":"https:\/\/elektronscooters.com\/?post_type=product&#038;p=461"},"modified":"2026-01-29T19:17:42","modified_gmt":"2026-01-29T19:17:42","slug":"elektron-kinetik-electric-scooter","status":"publish","type":"product","link":"https:\/\/elektronscooters.com\/fi\/tuote\/elektron-kinetik-sahkoskootteri\/","title":{"rendered":"Elektron Kinetik s\u00e4hk\u00f6potkulauta"},"content":{"rendered":"","protected":false},"excerpt":{"rendered":"<p><strong>Huippunopeus ja teho:<\/strong> Huippunopeus on 60 km\/h, joka on elektronisesti rajoitettu 25 km\/h:iin turvallisuuden vuoksi. Moottorin voimanl\u00e4hteen\u00e4 on vankka kaksoismoottorij\u00e4rjestelm\u00e4, jonka nimellisteho on 2000 W (2x 1000 W) ja huipputeho 2600 W (2x 1300 W).<\/p>\n<p><strong>Suurin kallistuskyky:<\/strong> Pystyy selviytym\u00e4\u00e4n jopa 25\u00b0:n kaltevuudesta, mik\u00e4 mahdollistaa monipuolisen kaupunkiliikenteen.<\/p>\n<p><strong>Kantama ja akun tekniset tiedot:<\/strong> 20,8 Ah:n ja 52 V:n akun tukema maksimiet\u00e4isyys yhdell\u00e4 latauksella on 75 km. Odotettu akun k\u00e4ytt\u00f6ik\u00e4: 720 sykli\u00e4, kun kapasiteetti on yli 70%.<\/p>\n<p><strong>N\u00e4yt\u00e4 tiedot:<\/strong> Siin\u00e4 on LCD-n\u00e4ytt\u00f6, joka n\u00e4ytt\u00e4\u00e4 keskeiset ajotiedot, kuten nopeuden, akun merkkivalon, vaihteen asetukset (1, 2, 3), ajovalojen tilan, ajan, j\u00e4nnitemittarin ja matkamittarin, varmistaen, ett\u00e4 kuljettajalla on kaikki tarvittavat tiedot yhdell\u00e4 silm\u00e4yksell\u00e4 turvallista ja asiantuntevaa ajoa varten.<\/p>\n<p><strong>Paino Tekniset tiedot ja mitat:<\/strong> Paino 30 kg, suunniteltu kuljettamaan enint\u00e4\u00e4n 130 kg:n painoisia matkustajia, mitat kokoontaitettuna 130 x 69 x 131 cm (LWH).<\/p>\n<p><strong>Liitett\u00e4vyys ja mukauttaminen:<\/strong> Tarjoaa sovellustuen RGB-ymp\u00e4rist\u00f6valon r\u00e4\u00e4t\u00e4l\u00f6inti\u00e4 varten, yksil\u00f6llist\u00e4 estetiikkaa ja turvallisuutta varten.<\/p>\n<p><strong>Maantiek\u00e4ytt\u00f6\u00f6n tarkoitetut renkaat:<\/strong> Varustettu 10*3,0 tuuman CST-t\u00e4ytteisill\u00e4 letkuttomilla renkailla, jotka on suunniteltu optimaaliseen tienk\u00e4ytt\u00f6\u00f6n ja takaavat sujuvan ajon kaupunkireiteill\u00e4.<\/p>\n<p><strong>Latausaika:<\/strong> Normaalilataus kest\u00e4\u00e4 8-10 tuntia, ja t\u00e4t\u00e4 aikaa on mahdollista lyhent\u00e4\u00e4 4-5 tuntiin lis\u00e4laturin avulla.<\/p>\n<p><strong>Akun ja latauksen turvatoimet:<\/strong>\u00a0Sis\u00e4lt\u00e4\u00e4 alij\u00e4nnitesuojan, ylij\u00e4nnitesuojan, ylilataussuojan, ylipurkaussuojan ja ylikuumenemissuojan, jotka parantavat turvallisuutta ja akun pitk\u00e4ik\u00e4isyytt\u00e4.<\/p>\n<p><strong>Suunnittelu ja siirrett\u00e4vyys:<\/strong> Siin\u00e4 on kokoontaitettava muotoilu k\u00e4tev\u00e4\u00e4 s\u00e4ilytyst\u00e4 ja kuljetusta varten, ja sit\u00e4 t\u00e4ydent\u00e4v\u00e4t vahvistettu T-ohjaustanko ja ergonomisesti muotoiltu, pehme\u00e4st\u00e4 kumista valmistettu kahdenv\u00e4linen lukituskahva mukavuutta ja hallintaa varten. Helppo taitto-\/purku-turvalukitusmekanismi.<\/p>\n<p><strong>Jarruj\u00e4rjestelm\u00e4 ja tehokkuus:<\/strong> Mekaaniset levyjarrut, joita on t\u00e4ydennetty elektronisilla jarruilla, parantavat turvallisuutta ja pident\u00e4v\u00e4t jarrupalojen k\u00e4ytt\u00f6ik\u00e4\u00e4.<\/p>\n<p><strong>S\u00e4\u00e4dett\u00e4v\u00e4 jousitusj\u00e4rjestelm\u00e4:<\/strong> Sis\u00e4lt\u00e4\u00e4 s\u00e4\u00e4dett\u00e4v\u00e4n hydraulisen jousitusj\u00e4rjestelm\u00e4n, joka on testattu tiukasti jopa 200 000 puristusta varten ja takaa tasaisen ajon kaikilla pinnoilla.<\/p>\n<p><strong>Helppo yll\u00e4pito ja edistyksellinen suunnittelu: <\/strong>Siin\u00e4 on jaettu vannej\u00e4rjestelm\u00e4 ja vedenpit\u00e4v\u00e4t moottoriliittimet, jotka helpottavat huoltoa.<\/p>\n<p><strong>Valaistus, n\u00e4kyvyys ja turvallisuusominaisuudet:<\/strong> Mukautettavat RGB-ymp\u00e4rist\u00f6valot, joita voi ohjata mobiilisovelluksella, integroidut suuntavilkut parantavat n\u00e4kyvyytt\u00e4 ja ELEKTRON-heijastavat tarrat lis\u00e4\u00e4v\u00e4t turvallisuutta tiell\u00e4. Liukumaton pinta valmistettu silikageelist\u00e4.<\/p>\n<p><strong>Turvaominaisuudet:<\/strong> Varustettu NFC-lukolla turvallista pys\u00e4k\u00f6inti\u00e4 ja varkaudenestoa varten.<\/p>\n<p><strong>Lis\u00e4\u00e4 mukavuusvaihtoehtoja:<\/strong> Tarjoaa mahdollisuuden kiinnitt\u00e4\u00e4 istuin, mik\u00e4 lis\u00e4\u00e4 ajomukavuutta pidemmill\u00e4 matkoilla.<\/p>\n<p class=\" translation-block\"><strong>ilmaiset ja nopeat toimitukset<\/strong> koko <strong>EU:n alueella 2-3 ty\u00f6p\u00e4iv\u00e4ss\u00e4<\/strong>, 1 vuoden takuu s\u00e4hk\u00f6skoottereille, jota voidaan pident\u00e4\u00e4 vuodella 150 \u20ac:lla, tehokkaat korjauspalvelut ja 14 p\u00e4iv\u00e4n palautusoikeus.<\/p>","protected":false},"featured_media":2072,"comment_status":"open","ping_status":"closed","template":"","meta":[],"product_cat":[25,26],"product_tag":[30],"_links":{"self":[{"href":"https:\/\/elektronscooters.com\/fi\/wp-json\/wp\/v2\/product\/461"}],"collection":[{"href":"https:\/\/elektronscooters.com\/fi\/wp-json\/wp\/v2\/product"}],"about":[{"href":"https:\/\/elektronscooters.com\/fi\/wp-json\/wp\/v2\/types\/product"}],"replies":[{"embeddable":true,"href":"https:\/\/elektronscooters.com\/fi\/wp-json\/wp\/v2\/comments?post=461"}],"wp:featuredmedia":[{"embeddable":true,"href":"https:\/\/elektronscooters.com\/fi\/wp-json\/wp\/v2\/media\/2072"}],"wp:attachment":[{"href":"https:\/\/elektronscooters.com\/fi\/wp-json\/wp\/v2\/media?parent=461"}],"wp:term":[{"taxonomy":"product_cat","embeddable":true,"href":"https:\/\/elektronscooters.com\/fi\/wp-json\/wp\/v2\/product_cat?post=461"},{"taxonomy":"product_tag","embeddable":true,"href":"https:\/\/elektronscooters.com\/fi\/wp-json\/wp\/v2\/product_tag?post=461"}],"curies":[{"name":"wp","href":"https:\/\/api.w.org\/{rel}","templated":true}]}}