{"id":1176,"date":"2024-02-16T14:39:38","date_gmt":"2024-02-16T14:39:38","guid":{"rendered":"https:\/\/elektronscooters.com\/?post_type=product&#038;p=1176"},"modified":"2024-02-22T08:38:17","modified_gmt":"2024-02-22T08:38:17","slug":"electric-scooter-bag-4l","status":"publish","type":"product","link":"https:\/\/elektronscooters.com\/fi\/tuote\/sahkoskootteri-laukku-4l\/","title":{"rendered":"S\u00e4hk\u00f6skootteripussi, vesikatto, 4l"},"content":{"rendered":"","protected":false},"excerpt":{"rendered":"<p>Esittelyss\u00e4 Electric Scooter Bag, joka on suunniteltu huolellisesti vastaamaan matkustajien vaatimuksia. T\u00e4m\u00e4 4 litran tilavuuden ansiosta suunniteltu lis\u00e4varuste ei ole pelkk\u00e4\u00e4 s\u00e4ilytystilaa, vaan se on toiminnallisuuden ja kest\u00e4vyyden yhdistelm\u00e4. T\u00e4m\u00e4 laukku on valmistettu vankkumattomalla sitoutumisella huippuosaamiseen, ja siin\u00e4 on l\u00e4p\u00e4isem\u00e4t\u00f6n vedenpit\u00e4vyys, joka takaa, ett\u00e4 tavarasi pysyv\u00e4t suojassa s\u00e4\u00e4olosuhteita vastaan.<\/p>\n<p>Ominaisuudet:<\/p>\n<ul>\n<li>Runsas kapasiteetti: Laukku on tilava 4 litran sis\u00e4tila, johon mahtuu helposti v\u00e4ltt\u00e4m\u00e4tt\u00f6m\u00e4t tavarat ja joka pit\u00e4\u00e4 matkasi vaivattomana.<\/li>\n<li>Tinkim\u00e4t\u00f6n vedenkest\u00e4vyys: T\u00e4ss\u00e4 laukussa k\u00e4ytet\u00e4\u00e4n huippuluokan materiaaleja ja rakennustekniikoita, jotka takaavat l\u00e4p\u00e4isem\u00e4tt\u00f6m\u00e4n suojan sadetta, roiskeita ja kosteutta vastaan.<\/li>\n<li>Saumaton saavutettavuus: Se takaa mukavuuden ilman kompromisseja.<\/li>\n<li>Helppo asennus: T\u00e4m\u00e4 laukku on helppo asentaa s\u00e4hk\u00f6potkulautaasi koukku- ja silmukkahihnojen avulla, mik\u00e4 takaa turvallisen istuvuuden keskeytym\u00e4tt\u00f6mi\u00e4 matkoja varten.<\/li>\n<\/ul>\n<p>L\u00e4hde retkillesi luottavaisin mielin tiet\u00e4en, ett\u00e4 tavarasi ovat turvallisesti sijoitettuina Electric Scooter Bag -laukkuun.<\/p>","protected":false},"featured_media":1197,"comment_status":"open","ping_status":"closed","template":"","meta":[],"product_cat":[28],"product_tag":[],"_links":{"self":[{"href":"https:\/\/elektronscooters.com\/fi\/wp-json\/wp\/v2\/product\/1176"}],"collection":[{"href":"https:\/\/elektronscooters.com\/fi\/wp-json\/wp\/v2\/product"}],"about":[{"href":"https:\/\/elektronscooters.com\/fi\/wp-json\/wp\/v2\/types\/product"}],"replies":[{"embeddable":true,"href":"https:\/\/elektronscooters.com\/fi\/wp-json\/wp\/v2\/comments?post=1176"}],"wp:featuredmedia":[{"embeddable":true,"href":"https:\/\/elektronscooters.com\/fi\/wp-json\/wp\/v2\/media\/1197"}],"wp:attachment":[{"href":"https:\/\/elektronscooters.com\/fi\/wp-json\/wp\/v2\/media?parent=1176"}],"wp:term":[{"taxonomy":"product_cat","embeddable":true,"href":"https:\/\/elektronscooters.com\/fi\/wp-json\/wp\/v2\/product_cat?post=1176"},{"taxonomy":"product_tag","embeddable":true,"href":"https:\/\/elektronscooters.com\/fi\/wp-json\/wp\/v2\/product_tag?post=1176"}],"curies":[{"name":"wp","href":"https:\/\/api.w.org\/{rel}","templated":true}]}}