{"id":1172,"date":"2024-02-16T14:28:41","date_gmt":"2024-02-16T14:28:41","guid":{"rendered":"https:\/\/elektronscooters.com\/?post_type=product&#038;p=1172"},"modified":"2024-07-28T15:34:27","modified_gmt":"2024-07-28T15:34:27","slug":"elektron-kinetik-seat","status":"publish","type":"product","link":"https:\/\/elektronscooters.com\/fi\/tuote\/elektron-kinetik-istuin\/","title":{"rendered":"Elektron Kinetik Istuin"},"content":{"rendered":"","protected":false},"excerpt":{"rendered":"<p>Elektron Kinetik Seat edustaa Elektron Kinetik -sarjan s\u00e4hk\u00f6potkulautojen kuljettajien mukavuuden ja mukavuuden huippua. Tarkalla suunnittelulla valmistettu istuin tarjoaa vertaansa vailla olevaa mukavuutta ja takaa tasaisen ja nautinnollisen ajon joka kerta. Sen kokoontaitettava muotoilu lis\u00e4\u00e4 k\u00e4yt\u00e4nn\u00f6llisyytt\u00e4 ja mahdollistaa helpon s\u00e4ilytyksen ja siirrett\u00e4vyyden.<\/p>\n<p>Elektron Kinetik, Elektron Kinetik PRO ja Elektron Kinetik GTR -malleja t\u00e4ydent\u00e4m\u00e4\u00e4n r\u00e4\u00e4t\u00e4l\u00f6ity malli integroituu saumattomasti n\u00e4ihin skoottereihin ja parantaa niiden toimivuutta ja mukavuutta. Elektron Kinetik Seat tarjoaa kuljettajille ylellisen ja ergonomisen istuinratkaisun, olipa kyse sitten kaupunkien kaduilla liikkumisesta tai puistoissa kruisailusta, ja se asettaa uuden standardin s\u00e4hk\u00f6skootterien lis\u00e4varusteille.<\/p>","protected":false},"featured_media":1231,"comment_status":"open","ping_status":"closed","template":"","meta":[],"product_cat":[28],"product_tag":[],"_links":{"self":[{"href":"https:\/\/elektronscooters.com\/fi\/wp-json\/wp\/v2\/product\/1172"}],"collection":[{"href":"https:\/\/elektronscooters.com\/fi\/wp-json\/wp\/v2\/product"}],"about":[{"href":"https:\/\/elektronscooters.com\/fi\/wp-json\/wp\/v2\/types\/product"}],"replies":[{"embeddable":true,"href":"https:\/\/elektronscooters.com\/fi\/wp-json\/wp\/v2\/comments?post=1172"}],"wp:featuredmedia":[{"embeddable":true,"href":"https:\/\/elektronscooters.com\/fi\/wp-json\/wp\/v2\/media\/1231"}],"wp:attachment":[{"href":"https:\/\/elektronscooters.com\/fi\/wp-json\/wp\/v2\/media?parent=1172"}],"wp:term":[{"taxonomy":"product_cat","embeddable":true,"href":"https:\/\/elektronscooters.com\/fi\/wp-json\/wp\/v2\/product_cat?post=1172"},{"taxonomy":"product_tag","embeddable":true,"href":"https:\/\/elektronscooters.com\/fi\/wp-json\/wp\/v2\/product_tag?post=1172"}],"curies":[{"name":"wp","href":"https:\/\/api.w.org\/{rel}","templated":true}]}}