{"id":492,"date":"2024-02-08T07:59:19","date_gmt":"2024-02-08T07:59:19","guid":{"rendered":"https:\/\/elektronscooters.com\/?page_id=492"},"modified":"2024-02-08T07:59:51","modified_gmt":"2024-02-08T07:59:51","slug":"elektron-kinetik-pro-gtr-comparison-table","status":"publish","type":"page","link":"https:\/\/elektronscooters.com\/fi\/elektron-kinetik-pro-gtr-comparison-table\/","title":{"rendered":"Elektron Kinetik \/ PRO \/ GTR Comparison Table"},"content":{"rendered":"<div data-elementor-type=\"wp-page\" data-elementor-id=\"492\" class=\"elementor elementor-492\" data-elementor-post-type=\"page\">\n\t\t\t\t<div class=\"elementor-element elementor-element-55a1370 e-con-full e-flex e-con e-parent\" data-id=\"55a1370\" data-element_type=\"container\" data-settings=\"{&quot;background_background&quot;:&quot;classic&quot;}\">\n\t\t<div class=\"elementor-element elementor-element-2a98612 e-con-full e-flex e-con e-child\" data-id=\"2a98612\" data-element_type=\"container\" data-settings=\"{&quot;background_background&quot;:&quot;classic&quot;}\">\n\t\t\t\t<div class=\"elementor-element elementor-element-831ce1f elementor-widget elementor-widget-html\" data-id=\"831ce1f\" data-element_type=\"widget\" data-widget_type=\"html.default\">\n\t\t\t\t<div class=\"elementor-widget-container\">\n\t\t\t<style>\r\n  table {\r\n    background-color: #0A0A0A;\r\n    color: #E0E0E0;\r\n    width: 100%;\r\n    font-size: 10px; \/* Default font size *\/\r\n  }\r\n\r\n  th, td {\r\n    text-align: left;\r\n    vertical-align: middle;\r\n    padding: 8px;\r\n    border: 1px solid #E0E0E0;\r\n  }\r\n\r\n  @media only screen and (min-width: 601px) {\r\n    table {\r\n      font-size: 20px; \/* Font size for larger screens *\/\r\n    }\r\n  }\r\n<\/style>\r\n\r\n<table style=\"background-color: #0A0A0A; color: #E0E0E0;\">\r\n    <colgroup>\r\n    <col style=\"width: 25%;\">\r\n    <col style=\"width: 25%;\">\r\n    <col style=\"width: 25%;\">\r\n    <col style=\"width: 25%;\">\r\n  <\/colgroup>\r\n  <thead>\r\n    <tr>\r\n      <td><\/td>\r\n<td style=\"text-align: center; vertical-align: middle; text-transform: uppercase;\">Elektron Kinetik<\/td>\r\n<td style=\"text-align: center; vertical-align: middle; text-transform: uppercase;\">Elektron Kinetik PRO<\/td>\r\n<td style=\"text-align: center; vertical-align: middle; text-transform: uppercase;\">Elektron Kinetik GTR<\/td>\r\n    <\/tr>\r\n  <\/thead>\r\n  <tbody>\r\n    <tr>\r\n      <td colspan=\"4\" style=\"background-color: #005BFF; color: #E0E0E0; text-align: center;\">MOOTTORI<\/td>\r\n    <\/tr>\r\n    <tr>\r\n      <td>Huippunopeus<\/td>\r\n      <td>60 km\/h (rajoitus 25 km\/h)<\/td>\r\n      <td>60 km\/h (rajoitus 25 km\/h)<\/td>\r\n      <td>75 km\/h (rajoitus 25 km\/h)<\/td>\r\n    <\/tr>\r\n    <tr>\r\n      <td>Moottorin teho (nimellisteho)<\/td>\r\n      <td>2000 W, 2x 1000 W<\/td>\r\n      <td>2000 W, 2x 1000 W<\/td>\r\n      <td>2800 W, 2x 1400 W<\/td>\r\n    <\/tr>\r\n    <tr>\r\n      <td>Moottorin maksimiteho (huippu)<\/td>\r\n      <td>3600 W, 2x 1800 W<\/td>\r\n      <td>3600 W, 2x 1800 W<\/td>\r\n      <td>5040 W, 2x 2520 W<\/td>\r\n    <\/tr>\r\n    <tr>\r\n      <td>Kaksoismoottori<\/td>\r\n      <td>Kyll\u00e4<\/td>\r\n      <td>Kyll\u00e4<\/td>\r\n      <td>Kyll\u00e4<\/td>\r\n    <\/tr>\r\n    <tr>\r\n      <td>Drive<\/td>\r\n      <td>Edess\u00e4 ja takana<\/td>\r\n      <td>Edess\u00e4 ja takana<\/td>\r\n      <td>Edess\u00e4 ja takana<\/td>\r\n    <\/tr>\r\n    <tr>\r\n      <td>Drive with single motor<\/td>\r\n      <td>Takana<\/td>\r\n      <td>Takana<\/td>\r\n      <td>Takana<\/td>\r\n    <\/tr>\r\n    <tr>\r\n      <td>Moottorin tyyppi<\/td>\r\n      <td>Harjaton<\/td>\r\n      <td>Harjaton<\/td>\r\n      <td>Harjaton<\/td>\r\n    <\/tr>\r\n    <tr>\r\n      <td>Suurin kaltevuus<\/td>\r\n      <td>25\u00b0 \/ 46,6 % %<\/td>\r\n      <td>25\u00b0 \/ 46,6 % %<\/td>\r\n      <td>30\u00b0 \/ 57,7 %<\/td>\r\n    <\/tr>\r\n    <tr>\r\n      <td colspan=\"4\" style=\"background-color: #005BFF; color: #E0E0E0; text-align: center;\">AKKU<\/td>\r\n    <\/tr>\r\n    <tr>\r\n      <td>Suurin kantama<\/td>\r\n      <td>75 km<\/td>\r\n      <td>75 km<\/td>\r\n      <td>90 km<\/td>\r\n    <\/tr>\r\n    <tr>\r\n      <td>Kapasiteetti<\/td>\r\n      <td>20,8 Ah<\/td>\r\n      <td>20,8 Ah<\/td>\r\n      <td>23.4 Ah<\/td>\r\n    <\/tr>\r\n    <tr>\r\n      <td>J\u00e4nnite<\/td>\r\n      <td>52 V<\/td>\r\n      <td>52 V<\/td>\r\n      <td>60 V<\/td>\r\n    <\/tr>\r\n    <tr>\r\n      <td>Akku<\/td>\r\n      <td>Li-Ion<\/td>\r\n      <td>Li-Ion<\/td>\r\n      <td>Li-Ion<\/td>\r\n    <\/tr>\r\n    <tr>\r\n      <td>Solut<\/td>\r\n      <td>18650<\/td>\r\n      <td>18650<\/td>\r\n      <td>18650<\/td>\r\n    <\/tr>\r\n    <tr>\r\n            <td>Odotettu akun kesto<\/td>\r\n            <td>720 sykli\u00e4, joiden kapasiteetti on yli 70 %<\/td>\r\n            <td>720 sykli\u00e4, joiden kapasiteetti on yli 70 %<\/td>\r\n            <td>720 sykli\u00e4, joiden kapasiteetti on yli 70 %<\/td>\r\n        <\/tr>\r\n    <tr>\r\n      <td>Akun paino<\/td>\r\n      <td>5,84 kg<\/td>\r\n      <td>5,84 kg<\/td>\r\n      <td>7,86 kg<\/td>\r\n    <\/tr>\r\n    <tr>\r\n      <td>Laturi<\/td>\r\n      <td>52V 2Ah<\/td>\r\n      <td>52V 2Ah<\/td>\r\n      <td>60V 2 Ah<\/td>\r\n    <\/tr>\r\n    <tr>\r\n      <td>Latausaika<\/td>\r\n      <td>8 - 10 tuntia<\/td>\r\n      <td>8 - 10 tuntia<\/td>\r\n      <td>10 - 12 tuntia<\/td>\r\n    <\/tr>\r\n    <tr>\r\n      <td>Kaksi latauspistoketta<\/td>\r\n      <td>Kyll\u00e4<\/td>\r\n      <td>Kyll\u00e4<\/td>\r\n      <td>Kyll\u00e4<\/td>\r\n    <\/tr>\r\n    <tr>\r\n      <td>Latausaika 2 laturilla<\/td>\r\n      <td>4 - 5 tuntia<\/td>\r\n      <td>4 - 5 tuntia<\/td>\r\n      <td>5 - 6 tuntia<\/td>\r\n    <\/tr>\r\n    <tr>\r\n      <td>Akun ja latauksen suojaus\t<\/td>\r\n      <td>Alij\u00e4nnitesuojaus, ylij\u00e4nnitesuojaus, ylilataussuojaus, ylipurkaussuojaus, ylikuumenemissuojaus.<\/td>\r\n      <td>Alij\u00e4nnitesuojaus, ylij\u00e4nnitesuojaus, ylilataussuojaus, ylipurkaussuojaus, ylikuumenemissuojaus.<\/td>\r\n      <td>Alij\u00e4nnitesuojaus, ylij\u00e4nnitesuojaus, ylilataussuojaus, ylipurkaussuojaus, ylikuumenemissuojaus.<\/td>\r\n    <\/tr>\r\n    <tr>\r\n      <td colspan=\"4\" style=\"background-color: #005BFF; color: #E0E0E0; text-align: center;\">SINE WAVE CONTROLLER\r\n    <tr>\r\n      <td>S\u00e4\u00e4timien lukum\u00e4\u00e4r\u00e4<\/td>\r\n      <td>2x 25 A<\/td>\r\n      <td>2 x 30 A<\/td>\r\n      <td>2x 30 A<\/td>\r\n    <\/tr>\r\n    <tr>\r\n      <td>Tyyppi<\/td>\r\n      <td>Neli\u00f6<\/td>\r\n      <td>Siniaalto<\/td>\r\n      <td>Siniaalto<\/td>\r\n    <\/tr>\r\n    <tr>\r\n      <td>Siniaaltoohjaimen edut<\/td>\r\n      <td>\/<\/td>\r\n      <td>- Melunvaimennus: Siniaaltoohjaimet toimivat hiljaisesti alhaisen harmonisen v\u00e4\u00e4ristym\u00e4n ansiosta, mik\u00e4 parantaa ajokokemusta.<br><br\/>\r\n- Nopeampi kiihtyvyys: Ne tarjoavat merkitt\u00e4v\u00e4n k\u00e4ynnistysmomentin, joka mahdollistaa skootterin nopeamman kiihtyvyyden.<br><br\/>\r\n- Tasainen nopeus: Siniaalto-ohjaimet yll\u00e4pit\u00e4v\u00e4t tasaista nopeutta (matkanopeus) tasaisempaa ajoa varten.<br><br\/>\r\n- Tehostettu tehokkuus: Ne tarjoavat korkeamman moottorin hy\u00f6tysuhteen yl\u00e4m\u00e4kiin ja raskaisiin kuormiin.<br><br\/>\r\n- Parannettu valvonta: Siniaaltoohjaimet takaavat tehokkaan ja ennustettavan skootterin toiminnan, mik\u00e4 v\u00e4hent\u00e4\u00e4 toimintah\u00e4iri\u00f6iden riski\u00e4.<br><br\/>\r\n- Energiatehokkuus: Ne kuluttavat s\u00e4hk\u00f6\u00e4 tehokkaammin, mik\u00e4 pident\u00e4\u00e4 skootterin kantamaa ja akun k\u00e4ytt\u00f6ik\u00e4\u00e4.<\/td>\r\n      <td>- Melunvaimennus: Siniaaltoohjaimet toimivat hiljaisesti alhaisen harmonisen v\u00e4\u00e4ristym\u00e4n ansiosta, mik\u00e4 parantaa ajokokemusta.<br><br\/>\r\n- Nopeampi kiihtyvyys: Ne tarjoavat merkitt\u00e4v\u00e4n k\u00e4ynnistysmomentin, joka mahdollistaa skootterin nopeamman kiihtyvyyden.<br><br\/>\r\n- Tasainen nopeus: Siniaalto-ohjaimet yll\u00e4pit\u00e4v\u00e4t tasaista nopeutta (matkanopeus) tasaisempaa ajoa varten.<br><br\/>\r\n- Tehostettu tehokkuus: Ne tarjoavat korkeamman moottorin hy\u00f6tysuhteen yl\u00e4m\u00e4kiin ja raskaisiin kuormiin.<br><br\/>\r\n- Parannettu valvonta: Siniaaltoohjaimet takaavat tehokkaan ja ennustettavan skootterin toiminnan, mik\u00e4 v\u00e4hent\u00e4\u00e4 toimintah\u00e4iri\u00f6iden riski\u00e4.<br><br\/>\r\n- Energiatehokkuus: Ne kuluttavat s\u00e4hk\u00f6\u00e4 tehokkaammin, mik\u00e4 pident\u00e4\u00e4 skootterin kantamaa ja akun k\u00e4ytt\u00f6ik\u00e4\u00e4.<\/td>\r\n    <\/tr>\r\n    <tr>\r\n      <td colspan=\"4\" style=\"background-color: #005BFF; color: #E0E0E0; text-align: center;\">BODY<\/td>\r\n    <\/tr>\r\n    <tr>\r\n      <td>Painokapasiteetti<\/td>\r\n      <td>130 kg<\/td>\r\n      <td>130 kg<\/td>\r\n      <td>130 kg<\/td>\r\n    <\/tr>\r\n    <tr>\r\n      <td>Materiaali<\/td>\r\n      <td>Alumiiniseos, 6061<\/td>\r\n      <td>Alumiiniseos, 6061<\/td>\r\n      <td>Alumiiniseos, 6061<\/td>\r\n    <\/tr>\r\n    <tr>\r\n      <td>P\u00f6lyn- ja vedenkest\u00e4v\u00e4<\/td>\r\n      <td>IPx4<\/td>\r\n      <td>IPx4<\/td>\r\n      <td>IPx4<\/td>\r\n    <\/tr>\r\n    <tr>\r\n      <td>V\u00e4ri<\/td>\r\n      <td>Musta \/ harmaa<\/td>\r\n      <td>Musta \/ harmaa<\/td>\r\n      <td>Musta \/ harmaa<\/td>\r\n    <\/tr>\r\n    <tr>\r\n      <td>Heijastavat elementit<\/td>\r\n      <td>Kyll\u00e4, ELEKTRON-heijastava tarra<\/td>\r\n      <td>Kyll\u00e4, ELEKTRON-heijastava tarra<\/td>\r\n      <td>Kyll\u00e4, ELEKTRON-heijastava tarra<\/td>\r\n    <\/tr>\r\n    <tr>\r\n      <td>Taitettava<\/td>\r\n      <td>Kyll\u00e4<\/td>\r\n      <td>Kyll\u00e4<\/td>\r\n      <td>Kyll\u00e4<\/td>\r\n    <\/tr>\r\n    <tr>\r\n      <td>Pikavapautus turvamekanismi<\/td>\r\n      <td>Kyll\u00e4<\/td>\r\n      <td>Kyll\u00e4<\/td>\r\n      <td>Kyll\u00e4<\/td>\r\n    <\/tr>\r\n    <tr>\r\n      <td>Pituus, leveys, korkeus (L*W*H)<\/td>\r\n      <td>123 x 69 x 123 cm<\/td>\r\n      <td>123 x 69 x 123 cm<\/td>\r\n      <td>132 x 69 x 131 cm<\/td>\r\n    <\/tr>\r\n    <tr>\r\n      <td>Pituus, leveys, korkeus (taitettuna)<\/td>\r\n      <td>123 x 69 x 55 cm<\/td>\r\n      <td>123 x 69 x 55 cm<\/td>\r\n      <td>132 x 69 x 54 cm<\/td>\r\n    <\/tr>\r\n    <tr>\r\n      <td>Maavara<\/td>\r\n      <td>17,5 cm<\/td>\r\n      <td>17,5 cm<\/td>\r\n      <td>17 cm<\/td>\r\n    <\/tr>\r\n    <tr>\r\n      <td>Paino<\/td>\r\n      <td>30.31 kg<\/td>\r\n      <td>30.31 kg<\/td>\r\n      <td>34.16 kg<\/td>\r\n    <\/tr>\r\n    <tr>\r\n      <td>Ohjaustangon tyyppi<\/td>\r\n      <td>Vahvistettu T-ohjaustanko<\/td>\r\n      <td>Vahvistettu T-ohjaustanko<\/td>\r\n      <td>Vahvistettu T-ohjaustanko<\/td>\r\n    <\/tr>\r\n    <tr>\r\n      <td>Kuminen ohjaustanko tyyppi<\/td>\r\n      <td>Ergonomisesti muotoiltu, pehme\u00e4st\u00e4 kumista valmistettu kahdenv\u00e4linen lukituskahva.<\/td>\r\n      <td>Ergonomisesti muotoiltu, pehme\u00e4st\u00e4 kumista valmistettu kahdenv\u00e4linen lukituskahva.<\/td>\r\n      <td>Ergonomisesti muotoiltu, pehme\u00e4st\u00e4 kumista valmistettu kahdenv\u00e4linen lukituskahva.<\/td>\r\n    <\/tr>\r\n    <tr>\r\n      <td>Seisova pinta<\/td>\r\n      <td>Silikageelist\u00e4 valmistettu liukumaton pinta<\/td>\r\n      <td>Silikageelist\u00e4 valmistettu liukumaton pinta<\/td>\r\n      <td>Silikageelist\u00e4 valmistettu liukumaton pinta<\/td>\r\n    <\/tr>\r\n    <tr>\r\n      <td>Pakkausmitta (L*S*K)<\/td>\r\n      <td>128,5 x 26 x 63 cm<\/td>\r\n      <td>128,5 x 26 x 63 cm<\/td>\r\n      <td>134 x 26 x 64 cm<\/td>\r\n    <\/tr>\r\n    <tr>\r\n      <td>Pakkauksen paino<\/td>\r\n      <td>36,06 kg<\/td>\r\n      <td>36,06 kg<\/td>\r\n      <td>39,64 kg<\/td>\r\n    <\/tr>\r\n    <tr>\r\n      <td colspan=\"4\" style=\"background-color: #005BFF; color: #E0E0E0; text-align: center;\">RENKAAT<\/td>\r\n    <\/tr>\r\n    <tr>\r\n      <td>Koko<\/td>\r\n      <td>10*3,0 tuumaa (80\/65-6, 255\u00d780)<\/td>\r\n      <td>10*3,0 tuumaa (80\/65-6, 255\u00d780)<\/td>\r\n      <td>10*3,0 tuumaa (80\/65-6, 255\u00d780)<\/td>\r\n    <\/tr>\r\n    <tr>\r\n      <td>Tyyppi<\/td>\r\n      <td>Ilmat\u00e4ytteiset letkuttomat renkaat<\/td>\r\n      <td>Ilmat\u00e4ytteiset letkuttomat renkaat<\/td>\r\n      <td>Ilmat\u00e4ytteiset letkuttomat renkaat<\/td>\r\n    <\/tr>\r\n    <tr>\r\n      <td>Tread<\/td>\r\n      <td>Tie<\/td>\r\n      <td>Tie<\/td>\r\n      <td>Hybridi, maantie- ja maastok\u00e4ytt\u00f6\u00f6n<\/td>\r\n    <\/tr>\r\n    <tr>\r\n      <td>Merkki<\/td>\r\n      <td>CST<\/td>\r\n      <td>CST<\/td>\r\n      <td>Wanda<\/td>\r\n    <\/tr>\r\n    <tr>\r\n      <td colspan=\"4\" style=\"background-color: #005BFF; color: #E0E0E0; text-align: center;\">JARRUT<\/td>\r\n    <\/tr>\r\n    <tr>\r\n      <td>Tyyppi<\/td>\r\n      <td>Levyjarrut edess\u00e4 ja takana (mekaaniset)<\/td>\r\n      <td>Levyjarrut edess\u00e4 ja takana (hydrauliset)<\/td>\r\n      <td>Levyjarrut edess\u00e4 ja takana (hydrauliset)<\/td>\r\n    <\/tr>\r\n    <tr>\r\n      <td>Levyn halkaisija<\/td>\r\n      <td>140 mm<\/td>\r\n      <td>140 mm<\/td>\r\n      <td>160 mm<\/td>\r\n    <\/tr>\r\n    <tr>\r\n      <td>Merkki<\/td>\r\n      <td>JAK<\/td>\r\n      <td>NUTT<\/td>\r\n      <td>NUTT<\/td>\r\n    <\/tr>\r\n    <tr>\r\n      <td>Elektroninen lis\u00e4jarru<\/td>\r\n      <td>Kyll\u00e4, tehokas elektroninen jarru, joka lis\u00e4\u00e4 turvallisuutta ja voi pident\u00e4\u00e4 jarrupalojen k\u00e4ytt\u00f6ik\u00e4\u00e4 merkitt\u00e4v\u00e4sti.<\/td>\r\n      <td>Kyll\u00e4, tehokas elektroninen jarru, joka lis\u00e4\u00e4 turvallisuutta ja voi pident\u00e4\u00e4 jarrupalojen k\u00e4ytt\u00f6ik\u00e4\u00e4 merkitt\u00e4v\u00e4sti.<\/td>\r\n      <td>Kyll\u00e4, tehokas elektroninen jarru, joka lis\u00e4\u00e4 turvallisuutta ja voi pident\u00e4\u00e4 jarrupalojen k\u00e4ytt\u00f6ik\u00e4\u00e4 merkitt\u00e4v\u00e4sti.<\/td>\r\n    <\/tr>\r\n    <tr>\r\n      <td>eABS<\/td>\r\n      <td>Kyll\u00e4<\/td>\r\n      <td>Kyll\u00e4<\/td>\r\n      <td>Kyll\u00e4<\/td>\r\n    <\/tr>\r\n    <tr>\r\n      <td colspan=\"4\" style=\"background-color: #005BFF; color: #E0E0E0; text-align: center;\">JOUSITUS<\/td>\r\n    <\/tr>\r\n    <tr>\r\n      <td>Tyyppi<\/td>\r\n      <td>Hydraulinen jousitus edess\u00e4 ja takana<\/td>\r\n      <td>Hydraulinen jousitus edess\u00e4 ja takana<\/td>\r\n      <td>Hydraulinen jousitus edess\u00e4 ja takana<\/td>\r\n    <\/tr>\r\n    <tr>\r\n      <td>S\u00e4\u00e4dett\u00e4v\u00e4<\/td>\r\n      <td>Kyll\u00e4 (ty\u00f6kalu sis\u00e4ltyy)<\/td>\r\n      <td>Kyll\u00e4 (ty\u00f6kalu sis\u00e4ltyy)<\/td>\r\n      <td>Kyll\u00e4 (ty\u00f6kalu sis\u00e4ltyy)<\/td>\r\n    <\/tr>\r\n    <tr>\r\n      <td>Keskeytystesti<\/td>\r\n      <td>200.000 puristusta<\/td>\r\n      <td>200.000 puristusta<\/td>\r\n      <td>200.000 puristusta<\/td>\r\n    <\/tr>\r\n    <tr>\r\n      <td colspan=\"4\" style=\"background-color: #005BFF; color: #E0E0E0; text-align: center;\">N\u00e4ytt\u00f6<\/td>\r\n    <\/tr>\r\n    <tr>\r\n      <td>Tyyppi<\/td>\r\n      <td>Lcd-n\u00e4ytt\u00f6, jossa on kiihdytyskaasu ja NFC-lukitus<\/td>\r\n      <td>PRO TFT v\u00e4rik\u00e4s matriisin\u00e4ytt\u00f6<\/td>\r\n      <td>PRO TFT v\u00e4rik\u00e4s matriisin\u00e4ytt\u00f6<\/td>\r\n    <\/tr>\r\n    <tr>\r\n      <td>Vakionopeudens\u00e4\u00e4din<\/td>\r\n      <td>Kyll\u00e4<\/td>\r\n      <td>Kyll\u00e4<\/td>\r\n      <td>Kyll\u00e4<\/td>\r\n    <\/tr>\r\n    <tr>\r\n      <td>Koko<\/td>\r\n      <td>12,5 x 6,1 x 2,8 cm.<\/td>\r\n      <td>\t3,5 tuumaa<\/td>\r\n      <td>\t3,5 tuumaa<\/td>\r\n    <\/tr>\r\n    <tr>\r\n      <td>V\u00e4rillinen LCD-n\u00e4ytt\u00f6<\/td>\r\n      <td>Ei<\/td>\r\n      <td>Kyll\u00e4<\/td>\r\n      <td>Kyll\u00e4<\/td>\r\n    <\/tr>\r\n    <tr>\r\n      <td>Asema<\/td>\r\n      <td>Oikea puoli<\/td>\r\n      <td>Keskus<\/td>\r\n      <td>Keskus<\/td>\r\n    <\/tr>\r\n    <tr>\r\n      <td>Kiihtyvyys<\/td>\r\n      <td>Sormivipu (etusormi)<\/td>\r\n      <td>Sormivipu (peukalosormi)<\/td>\r\n      <td>Sormivipu (peukalosormi)<\/td>\r\n    <\/tr>\r\n    <tr>\r\n      <td>N\u00e4yt\u00e4 tiedot<\/td>\r\n      <td>Nopeus, akun merkkivalo, vaihde (1, 2, 3), ajovalojen merkkivalo, aika, ODO (mittarilukema)<\/td>\r\n      <td>Nopeus (my\u00f6s maksimi- ja keskinopeus), mittarilukema (ODO, TRIP), vaihde, akun merkkivalo, j\u00e4nnite, virta, reaaliaikainen teho, valojen merkkivalo, yksi-\/ kaksoismoottori, kello (my\u00f6s matka-aika), s\u00e4\u00e4timen l\u00e4mp\u00f6tila, ymp\u00e4rist\u00f6n l\u00e4mp\u00f6tila.<\/td>\r\n      <td>Nopeus (my\u00f6s maksimi- ja keskinopeus), mittarilukema (ODO, TRIP), vaihde, akun merkkivalo, j\u00e4nnite, virta, reaaliaikainen teho, valojen merkkivalo, yksi-\/ kaksoismoottori, kello (my\u00f6s matka-aika), s\u00e4\u00e4timen l\u00e4mp\u00f6tila, ymp\u00e4rist\u00f6n l\u00e4mp\u00f6tila.<\/td>\r\n    <\/tr>\r\n    <tr>\r\n      <td>Yksik\u00f6t<\/td>\r\n      <td>Metrinen \/ englantilainen<\/td>\r\n      <td>Metrinen \/ englantilainen<\/td>\r\n      <td>Metrinen \/ englantilainen<\/td>\r\n    <\/tr>\r\n    <tr>\r\n      <td>Ajotilat<\/td>\r\n      <td>Yksi-\/kaksoismoottori ja Turbo\/Eco (Eco rajoittaa huippunopeuden 20 km\/h:iin)<\/td>\r\n      <td>Yksi \/ kaksi moottoria<\/td>\r\n      <td>Yksi \/ kaksi moottoria<\/td>\r\n    <\/tr>\r\n    <tr>\r\n      <td>Nopeusrajoitus<\/td>\r\n      <td>S\u00e4\u00e4dett\u00e4viss\u00e4 %, 5-100 %<\/td>\r\n      <td>S\u00e4\u00e4dett\u00e4viss\u00e4 %, 1 - 100 %, 1 - 100 %.<\/td>\r\n      <td>S\u00e4\u00e4dett\u00e4viss\u00e4 %, 1 - 100 %, 1 - 100 %.<\/td>\r\n    <\/tr>\r\n    <tr>\r\n      <td>Akun merkkivalo<\/td>\r\n      <td>Graafinen ilmaisin ja j\u00e4nnite (V)<\/td>\r\n      <td>Prosenttiosuudet (%) ja j\u00e4nnite (V)<\/td>\r\n      <td>Prosenttiosuudet (%) ja j\u00e4nnite (V)<\/td>\r\n    <\/tr>\r\n    <tr>\r\n      <td>Kirkkaus<\/td>\r\n      <td>Ei s\u00e4\u00e4dett\u00e4viss\u00e4<\/td>\r\n      <td>S\u00e4\u00e4dett\u00e4v\u00e4 1-5<\/td>\r\n      <td>S\u00e4\u00e4dett\u00e4v\u00e4 1-5<\/td>\r\n    <\/tr>\r\n    <tr>\r\n      <td>Kick Start<\/td>\r\n      <td>Kyll\u00e4<\/td>\r\n      <td>Kyll\u00e4<\/td>\r\n      <td>Kyll\u00e4<\/td>\r\n    <\/tr>\r\n    <tr>\r\n      <td>USB-portti<\/td>\r\n      <td>Ei<\/td>\r\n      <td>Kyll\u00e4<\/td>\r\n      <td>Kyll\u00e4 <\/td>\r\n    <\/tr>\r\n    <tr>\r\n      <td>Automaattinen sammutus<\/td>\r\n      <td>Ei<\/td>\r\n      <td>S\u00e4\u00e4dett\u00e4viss\u00e4 v\u00e4lill\u00e4 0 - 10 min<\/td>\r\n      <td>S\u00e4\u00e4dett\u00e4viss\u00e4 v\u00e4lill\u00e4 0 - 10 min<\/td>\r\n    <\/tr>\r\n    <tr>\r\n      <td colspan=\"4\" style=\"background-color: #005BFF; color: #E0E0E0; text-align: center;\">VALAISTUS<\/td>\r\n    <\/tr>\r\n    <tr>\r\n      <td>Valot<\/td>\r\n      <td>Etuvalo, jossa on integroitu torvi, takavalo, jarruvalo, sivuvalo.<\/td>\r\n      <td>Etuvalo, jossa on integroitu torvi, takavalo, jarruvalo, sivuvalo.<\/td>\r\n      <td>Etuvalo, jossa on integroitu torvi, takavalo, jarruvalo, sivuvalo.<\/td>\r\n    <\/tr>\r\n    <tr>\r\n      <td>K\u00e4\u00e4ntymisvalot<\/td>\r\n      <td>Kyll\u00e4, takana<\/td>\r\n      <td>Kyll\u00e4, takana<\/td>\r\n      <td>Kyll\u00e4, takana<\/td>\r\n    <\/tr>\r\n    <tr>\r\n      <td>Indicators<\/td>\r\n      <td>Kyll\u00e4, takana<\/td>\r\n      <td>Kyll\u00e4, takana<\/td>\r\n      <td>Kyll\u00e4, takana<\/td>\r\n    <\/tr>\r\n    <tr>\r\n      <td>Ambiental-valot<\/td>\r\n      <td>Kyll\u00e4, kannen puolella<\/td>\r\n      <td>Kyll\u00e4, kannen puolella<\/td>\r\n      <td>Kyll\u00e4, kannen puolella<\/td>\r\n    <\/tr>\r\n    <tr>\r\n      <td>Ymp\u00e4rist\u00f6valojen tyyppi<\/td>\r\n      <td>RGB<\/td>\r\n      <td>RGB<\/td>\r\n      <td>RGB<\/td>\r\n    <\/tr>\r\n    <tr>\r\n      <td>Ambiental-valojen ohjaus<\/td>\r\n      <td>Mobiilisovellus, Android ja iOS<\/td>\r\n      <td>Mobiilisovellus, Android ja iOS<\/td>\r\n      <td>Mobiilisovellus, Android ja iOS<\/td>\r\n    <\/tr>\r\n    <tr>\r\n      <td colspan=\"4\" style=\"background-color: #005BFF; color: #E0E0E0; text-align: center;\">LIS\u00c4OMINAISUUDET<\/td>\r\n    <\/tr>\r\n    <tr>\r\n      <td>Varkaudenestotoiminto<\/td>\r\n      <td>Kyll\u00e4, NFC-lukitus<\/td>\r\n      <td>Kyll\u00e4, NFC-lukko ja PIN-koodi<\/td>\r\n      <td>Kyll\u00e4, NFC-lukko ja PIN-koodi<\/td>\r\n    <\/tr>\r\n    <tr>\r\n      <td>NFC-n\u00e4pp\u00e4inten m\u00e4\u00e4r\u00e4<\/td>\r\n      <td>3 (1 yleisavain)<\/td>\r\n      <td>3 (1 yleisavain)<\/td>\r\n      <td>3 (1 yleisavain)<\/td>\r\n    <\/tr>\r\n    <tr>\r\n      <td>Illuminated swtiches indicator<\/td>\r\n      <td>Turbo\/eco, Valot p\u00e4\u00e4lle\/pois, vilkku vasemmalle\/oikealle<\/td>\r\n      <td>Valot p\u00e4\u00e4lle\/pois, suuntavilkku vasemmalle\/oikealle.<\/td>\r\n      <td>Valot p\u00e4\u00e4lle\/pois, suuntavilkku vasemmalle\/oikealle.<\/td>\r\n    <\/tr>\r\n    <tr>\r\n      <td>Sarvi<\/td>\r\n      <td>Kyll\u00e4<\/td>\r\n      <td>Kyll\u00e4<\/td>\r\n      <td>Kyll\u00e4<\/td>\r\n    <\/tr>\r\n    <tr>\r\n      <td>Kickstand<\/td>\r\n      <td>Kest\u00e4v\u00e4\u00e4 metallia ja 170 mm pitk\u00e4<\/td>\r\n      <td>Kest\u00e4v\u00e4\u00e4 metallia ja 170 mm pitk\u00e4<\/td>\r\n      <td>Kest\u00e4v\u00e4\u00e4 metallia ja 170 mm pitk\u00e4<\/td>\r\n    <\/tr>\r\n    <tr>\r\n      <td>Lokasuojat<\/td>\r\n      <td>Kyll\u00e4<\/td>\r\n      <td>Kyll\u00e4<\/td>\r\n      <td>Kyll\u00e4<\/td>\r\n    <\/tr>\r\n    <tr>\r\n      <td>Istuinvaihtoehto<\/td>\r\n      <td>Kyll\u00e4<\/td>\r\n      <td>Kyll\u00e4<\/td>\r\n      <td>Kyll\u00e4<\/td>\r\n    <\/tr>\r\n    <tr>\r\n      <td>RGB-salaman mobiilisovellus<\/td>\r\n      <td>Kyll\u00e4<\/td>\r\n      <td>Kyll\u00e4<\/td>\r\n      <td>Kyll\u00e4<\/td>\r\n    <\/tr>\r\n    <tr>\r\n      <td>Kaapelit piilotettu runkoon<\/td>\r\n      <td>Kyll\u00e4<\/td>\r\n      <td>Kyll\u00e4<\/td>\r\n      <td>Kyll\u00e4<\/td>\r\n    <\/tr>\r\n    <tr>\r\n      <td>Latauspistokkeiden korkit<\/td>\r\n      <td>Valmistettu kumista suojaamaan oikosululta<\/td>\r\n      <td>Valmistettu kumista suojaamaan oikosululta<\/td>\r\n      <td>Valmistettu kumista suojaamaan oikosululta<\/td>\r\n    <\/tr>\r\n    <tr>\r\n      <td>Todistukset<\/td>\r\n      <td>Ce, RoHS<\/td>\r\n      <td>Ce, RoHS<\/td>\r\n      <td>Ce, RoHS<\/td>\r\n    <\/tr>\r\n    <tr>\r\n      <td>Yksil\u00f6llinen sarjanumero<\/td>\r\n      <td>Kyll\u00e4<\/td>\r\n      <td>Kyll\u00e4<\/td>\r\n      <td>Kyll\u00e4<\/td>\r\n    <\/tr>\r\n    <tr>\r\n      <td>Takuu<\/td>\r\n      <td>1 vuosi (+ 1 vuosi valinnainen)<\/td>\r\n      <td>1 vuosi (+ 1 vuosi valinnainen)<\/td>\r\n      <td>1 vuosi (+ 1 vuosi valinnainen)<\/td>\r\n    <\/tr>\r\n    <tr>\r\n      <td>Paketti sis\u00e4lt\u00e4\u00e4<\/td>\r\n      <td>Skootteri, laturi, k\u00e4ytt\u00f6ohjeet, varamoottorisuojat, jousituksen s\u00e4\u00e4t\u00f6ty\u00f6kalu.<\/td>\r\n      <td>Skootteri, laturi, k\u00e4ytt\u00f6ohjeet, varamoottorisuojat, jousituksen s\u00e4\u00e4t\u00f6ty\u00f6kalu.<\/td>\r\n      <td>Skootteri, laturi, k\u00e4ytt\u00f6ohjeet, varamoottorisuojat, jousituksen s\u00e4\u00e4t\u00f6ty\u00f6kalu.<\/td>\r\n    <\/tr>\r\n  <\/tbody>\r\n<\/table>\r\n\t\t<\/div>\n\t\t\t\t<\/div>\n\t\t\t\t<\/div>\n\t\t\t\t<\/div>\n\t\t\t\t<\/div>","protected":false},"excerpt":{"rendered":"<p>Elektron Kinetik Elektron Kinetik PRO Elektron Kinetik GTR MOTOR Top speed 60 km\/h (limited to 25 km\/h) 60 km\/h (limited to 25 km\/h) 75 km\/h (limited to 25 km\/h) Motor power (rated) 2000 W, 2x 1000 W 2000 W, 2x 1000 W 2800 W, 2x 1400 W Maximum Motor Power (peak) 3600 W, 2x 1800 [&hellip;]<\/p>","protected":false},"author":1,"featured_media":0,"parent":0,"menu_order":0,"comment_status":"closed","ping_status":"closed","template":"elementor_header_footer","meta":{"footnotes":""},"_links":{"self":[{"href":"https:\/\/elektronscooters.com\/fi\/wp-json\/wp\/v2\/pages\/492"}],"collection":[{"href":"https:\/\/elektronscooters.com\/fi\/wp-json\/wp\/v2\/pages"}],"about":[{"href":"https:\/\/elektronscooters.com\/fi\/wp-json\/wp\/v2\/types\/page"}],"author":[{"embeddable":true,"href":"https:\/\/elektronscooters.com\/fi\/wp-json\/wp\/v2\/users\/1"}],"replies":[{"embeddable":true,"href":"https:\/\/elektronscooters.com\/fi\/wp-json\/wp\/v2\/comments?post=492"}],"version-history":[{"count":4,"href":"https:\/\/elektronscooters.com\/fi\/wp-json\/wp\/v2\/pages\/492\/revisions"}],"predecessor-version":[{"id":496,"href":"https:\/\/elektronscooters.com\/fi\/wp-json\/wp\/v2\/pages\/492\/revisions\/496"}],"wp:attachment":[{"href":"https:\/\/elektronscooters.com\/fi\/wp-json\/wp\/v2\/media?parent=492"}],"curies":[{"name":"wp","href":"https:\/\/api.w.org\/{rel}","templated":true}]}}