{"id":492,"date":"2024-02-08T07:59:19","date_gmt":"2024-02-08T07:59:19","guid":{"rendered":"https:\/\/elektronscooters.com\/?page_id=492"},"modified":"2024-02-08T07:59:51","modified_gmt":"2024-02-08T07:59:51","slug":"elektron-kinetik-pro-gtr-comparison-table","status":"publish","type":"page","link":"https:\/\/elektronscooters.com\/es\/elektron-kinetik-pro-gtr-comparison-table\/","title":{"rendered":"Elektron Kinetik \/ PRO \/ GTR Comparison Table"},"content":{"rendered":"<div data-elementor-type=\"wp-page\" data-elementor-id=\"492\" class=\"elementor elementor-492\" data-elementor-post-type=\"page\">\n\t\t\t\t<div class=\"elementor-element elementor-element-55a1370 e-con-full e-flex e-con e-parent\" data-id=\"55a1370\" data-element_type=\"container\" data-settings=\"{&quot;background_background&quot;:&quot;classic&quot;}\">\n\t\t<div class=\"elementor-element elementor-element-2a98612 e-con-full e-flex e-con e-child\" data-id=\"2a98612\" data-element_type=\"container\" data-settings=\"{&quot;background_background&quot;:&quot;classic&quot;}\">\n\t\t\t\t<div class=\"elementor-element elementor-element-831ce1f elementor-widget elementor-widget-html\" data-id=\"831ce1f\" data-element_type=\"widget\" data-widget_type=\"html.default\">\n\t\t\t\t<div class=\"elementor-widget-container\">\n\t\t\t<style>\r\n  table {\r\n    background-color: #0A0A0A;\r\n    color: #E0E0E0;\r\n    width: 100%;\r\n    font-size: 10px; \/* Default font size *\/\r\n  }\r\n\r\n  th, td {\r\n    text-align: left;\r\n    vertical-align: middle;\r\n    padding: 8px;\r\n    border: 1px solid #E0E0E0;\r\n  }\r\n\r\n  @media only screen and (min-width: 601px) {\r\n    table {\r\n      font-size: 20px; \/* Font size for larger screens *\/\r\n    }\r\n  }\r\n<\/style>\r\n\r\n<table style=\"background-color: #0A0A0A; color: #E0E0E0;\">\r\n    <colgroup>\r\n    <col style=\"width: 25%;\">\r\n    <col style=\"width: 25%;\">\r\n    <col style=\"width: 25%;\">\r\n    <col style=\"width: 25%;\">\r\n  <\/colgroup>\r\n  <thead>\r\n    <tr>\r\n      <td><\/td>\r\n<td style=\"text-align: center; vertical-align: middle; text-transform: uppercase;\">Elektron Kinetik<\/td>\r\n<td style=\"text-align: center; vertical-align: middle; text-transform: uppercase;\">Elektron Kinetik PRO<\/td>\r\n<td style=\"text-align: center; vertical-align: middle; text-transform: uppercase;\">Elektron Kinetik GTR<\/td>\r\n    <\/tr>\r\n  <\/thead>\r\n  <tbody>\r\n    <tr>\r\n      <td colspan=\"4\" style=\"background-color: #005BFF; color: #E0E0E0; text-align: center;\">MOTOR<\/td>\r\n    <\/tr>\r\n    <tr>\r\n      <td>Velocidad m\u00e1xima<\/td>\r\n      <td>60 km\/h (limitado a 25 km\/h)<\/td>\r\n      <td>60 km\/h (limitado a 25 km\/h)<\/td>\r\n      <td>75 km\/h (limitado a 25 km\/h)<\/td>\r\n    <\/tr>\r\n    <tr>\r\n      <td>Potencia del motor (nominal)<\/td>\r\n      <td>2000 W, 2x 1000 W<\/td>\r\n      <td>2000 W, 2x 1000 W<\/td>\r\n      <td>2800 W, 2x 1400 W<\/td>\r\n    <\/tr>\r\n    <tr>\r\n      <td>Potencia m\u00e1xima del motor (pico)<\/td>\r\n      <td>3600 W, 2x 1800 W<\/td>\r\n      <td>3600 W, 2x 1800 W<\/td>\r\n      <td>5040 W, 2x 2520 W<\/td>\r\n    <\/tr>\r\n    <tr>\r\n      <td>Doble motor<\/td>\r\n      <td>S\u00ed<\/td>\r\n      <td>S\u00ed<\/td>\r\n      <td>S\u00ed<\/td>\r\n    <\/tr>\r\n    <tr>\r\n      <td>Drive<\/td>\r\n      <td>Delante y detr\u00e1s<\/td>\r\n      <td>Delante y detr\u00e1s<\/td>\r\n      <td>Delante y detr\u00e1s<\/td>\r\n    <\/tr>\r\n    <tr>\r\n      <td>Drive with single motor<\/td>\r\n      <td>Trasera<\/td>\r\n      <td>Trasera<\/td>\r\n      <td>Trasera<\/td>\r\n    <\/tr>\r\n    <tr>\r\n      <td>Tipo de motor<\/td>\r\n      <td>Sin escobillas<\/td>\r\n      <td>Sin escobillas<\/td>\r\n      <td>Sin escobillas<\/td>\r\n    <\/tr>\r\n    <tr>\r\n      <td>Inclinaci\u00f3n m\u00e1xima<\/td>\r\n      <td>25\u00b0 \/ 46,6 %<\/td>\r\n      <td>25\u00b0 \/ 46,6 %<\/td>\r\n      <td>30\u00b0 \/ 57,7 %<\/td>\r\n    <\/tr>\r\n    <tr>\r\n      <td colspan=\"4\" style=\"background-color: #005BFF; color: #E0E0E0; text-align: center;\">BATER\u00cdA<\/td>\r\n    <\/tr>\r\n    <tr>\r\n      <td>Alcance m\u00e1ximo<\/td>\r\n      <td>75 km<\/td>\r\n      <td>75 km<\/td>\r\n      <td>90 km<\/td>\r\n    <\/tr>\r\n    <tr>\r\n      <td>Capacidad<\/td>\r\n      <td>20,8 Ah<\/td>\r\n      <td>20,8 Ah<\/td>\r\n      <td>23,4 Ah<\/td>\r\n    <\/tr>\r\n    <tr>\r\n      <td>Tensi\u00f3n<\/td>\r\n      <td>52 V<\/td>\r\n      <td>52 V<\/td>\r\n      <td>60 V<\/td>\r\n    <\/tr>\r\n    <tr>\r\n      <td>Bater\u00eda<\/td>\r\n      <td>Li-Ion<\/td>\r\n      <td>Li-Ion<\/td>\r\n      <td>Li-Ion<\/td>\r\n    <\/tr>\r\n    <tr>\r\n      <td>C\u00e9lulas<\/td>\r\n      <td>18650<\/td>\r\n      <td>18650<\/td>\r\n      <td>18650<\/td>\r\n    <\/tr>\r\n    <tr>\r\n            <td>Duraci\u00f3n prevista de la bater\u00eda<\/td>\r\n            <td>720 ciclos con capacidad superior a 70 %<\/td>\r\n            <td>720 ciclos con capacidad superior a 70 %<\/td>\r\n            <td>720 ciclos con capacidad superior a 70 %<\/td>\r\n        <\/tr>\r\n    <tr>\r\n      <td>Peso de la bater\u00eda<\/td>\r\n      <td>5,84 kg<\/td>\r\n      <td>5,84 kg<\/td>\r\n      <td>7,86 kg<\/td>\r\n    <\/tr>\r\n    <tr>\r\n      <td>Cargador<\/td>\r\n      <td>52V 2Ah<\/td>\r\n      <td>52V 2Ah<\/td>\r\n      <td>60V 2 Ah<\/td>\r\n    <\/tr>\r\n    <tr>\r\n      <td>Tiempo de carga<\/td>\r\n      <td>8 - 10 horas<\/td>\r\n      <td>8 - 10 horas<\/td>\r\n      <td>10 - 12 horas<\/td>\r\n    <\/tr>\r\n    <tr>\r\n      <td>Dos tomas de carga<\/td>\r\n      <td>S\u00ed<\/td>\r\n      <td>S\u00ed<\/td>\r\n      <td>S\u00ed<\/td>\r\n    <\/tr>\r\n    <tr>\r\n      <td>Tiempo de carga con 2 cargadores<\/td>\r\n      <td>4 - 5 horas<\/td>\r\n      <td>4 - 5 horas<\/td>\r\n      <td>5 - 6 horas<\/td>\r\n    <\/tr>\r\n    <tr>\r\n      <td>Protecci\u00f3n de la bater\u00eda y la carga\t<\/td>\r\n      <td>Protecci\u00f3n contra subtensi\u00f3n, protecci\u00f3n contra sobretensi\u00f3n, protecci\u00f3n contra sobrecarga, protecci\u00f3n contra sobredescarga, protecci\u00f3n contra sobrecalentamiento<\/td>\r\n      <td>Protecci\u00f3n contra subtensi\u00f3n, protecci\u00f3n contra sobretensi\u00f3n, protecci\u00f3n contra sobrecarga, protecci\u00f3n contra sobredescarga, protecci\u00f3n contra sobrecalentamiento<\/td>\r\n      <td>Protecci\u00f3n contra subtensi\u00f3n, protecci\u00f3n contra sobretensi\u00f3n, protecci\u00f3n contra sobrecarga, protecci\u00f3n contra sobredescarga, protecci\u00f3n contra sobrecalentamiento<\/td>\r\n    <\/tr>\r\n    <tr>\r\n      <td colspan=\"4\" style=\"background-color: #005BFF; color: #E0E0E0; text-align: center;\">SINE WAVE CONTROLLER\r\n    <tr>\r\n      <td>N\u00famero de controladores<\/td>\r\n      <td>2x 25 A<\/td>\r\n      <td>2 x 30 A<\/td>\r\n      <td>2x 30 A<\/td>\r\n    <\/tr>\r\n    <tr>\r\n      <td>Tipo<\/td>\r\n      <td>Cuadrado<\/td>\r\n      <td>Onda sinusoidal<\/td>\r\n      <td>Onda sinusoidal<\/td>\r\n    <\/tr>\r\n    <tr>\r\n      <td>Ventajas del regulador de onda sinusoidal<\/td>\r\n      <td>\/<\/td>\r\n      <td>- Reducci\u00f3n del ruido: Los controladores sinusoidales funcionan de forma silenciosa gracias a su baja distorsi\u00f3n arm\u00f3nica, lo que mejora la experiencia de conducci\u00f3n.<br><br\/>\r\n- Aceleraci\u00f3n m\u00e1s r\u00e1pida: Proporcionan un par de arranque significativo, lo que permite una aceleraci\u00f3n m\u00e1s r\u00e1pida del scooter.<br><br\/>\r\n- Velocidad constante: los controladores de onda sinusoidal mantienen una velocidad constante (velocidad de crucero) para una conducci\u00f3n m\u00e1s suave.<br><br\/>\r\n- Eficiencia mejorada: Ofrecen una mayor eficiencia del motor para subidas y cargas pesadas.<br><br\/>\r\n- Control mejorado: Los controladores sinusoidales garantizan un funcionamiento eficiente y predecible del scooter, reduciendo el riesgo de aver\u00edas.<br><br\/>\r\n- Eficiencia energ\u00e9tica: Consumen electricidad de forma m\u00e1s eficiente, ampliando la autonom\u00eda del scooter y la vida de la bater\u00eda.<\/td>\r\n      <td>- Reducci\u00f3n del ruido: Los controladores sinusoidales funcionan de forma silenciosa gracias a su baja distorsi\u00f3n arm\u00f3nica, lo que mejora la experiencia de conducci\u00f3n.<br><br\/>\r\n- Aceleraci\u00f3n m\u00e1s r\u00e1pida: Proporcionan un par de arranque significativo, lo que permite una aceleraci\u00f3n m\u00e1s r\u00e1pida del scooter.<br><br\/>\r\n- Velocidad constante: los controladores de onda sinusoidal mantienen una velocidad constante (velocidad de crucero) para una conducci\u00f3n m\u00e1s suave.<br><br\/>\r\n- Eficiencia mejorada: Ofrecen una mayor eficiencia del motor para subidas y cargas pesadas.<br><br\/>\r\n- Control mejorado: Los controladores sinusoidales garantizan un funcionamiento eficiente y predecible del scooter, reduciendo el riesgo de aver\u00edas.<br><br\/>\r\n- Eficiencia energ\u00e9tica: Consumen electricidad de forma m\u00e1s eficiente, ampliando la autonom\u00eda del scooter y la vida de la bater\u00eda.<\/td>\r\n    <\/tr>\r\n    <tr>\r\n      <td colspan=\"4\" style=\"background-color: #005BFF; color: #E0E0E0; text-align: center;\">CUERPO<\/td>\r\n    <\/tr>\r\n    <tr>\r\n      <td>Capacidad de peso<\/td>\r\n      <td>130 kg<\/td>\r\n      <td>130 kg<\/td>\r\n      <td>130 kg<\/td>\r\n    <\/tr>\r\n    <tr>\r\n      <td>Material<\/td>\r\n      <td>Aleaci\u00f3n de aluminio, 6061<\/td>\r\n      <td>Aleaci\u00f3n de aluminio, 6061<\/td>\r\n      <td>Aleaci\u00f3n de aluminio, 6061<\/td>\r\n    <\/tr>\r\n    <tr>\r\n      <td>Resistente al polvo y al agua<\/td>\r\n      <td>IPx4<\/td>\r\n      <td>IPx4<\/td>\r\n      <td>IPx4<\/td>\r\n    <\/tr>\r\n    <tr>\r\n      <td>Color<\/td>\r\n      <td>Negro \/ gris<\/td>\r\n      <td>Negro \/ gris<\/td>\r\n      <td>Negro \/ gris<\/td>\r\n    <\/tr>\r\n    <tr>\r\n      <td>Elementos reflectantes<\/td>\r\n      <td>S\u00ed, adhesivo reflectante ELEKTRON<\/td>\r\n      <td>S\u00ed, adhesivo reflectante ELEKTRON<\/td>\r\n      <td>S\u00ed, adhesivo reflectante ELEKTRON<\/td>\r\n    <\/tr>\r\n    <tr>\r\n      <td>Plegable<\/td>\r\n      <td>S\u00ed<\/td>\r\n      <td>S\u00ed<\/td>\r\n      <td>S\u00ed<\/td>\r\n    <\/tr>\r\n    <tr>\r\n      <td>Mecanismo de seguridad de liberaci\u00f3n r\u00e1pida<\/td>\r\n      <td>S\u00ed<\/td>\r\n      <td>S\u00ed<\/td>\r\n      <td>S\u00ed<\/td>\r\n    <\/tr>\r\n    <tr>\r\n      <td>Longitud, anchura, altura (L*W*H)<\/td>\r\n      <td>123 x 69 x 123 cm<\/td>\r\n      <td>123 x 69 x 123 cm<\/td>\r\n      <td>132 x 69 x 131 cm<\/td>\r\n    <\/tr>\r\n    <tr>\r\n      <td>Largo, ancho, alto (plegado)<\/td>\r\n      <td>123 x 69 x 55 cm<\/td>\r\n      <td>123 x 69 x 55 cm<\/td>\r\n      <td>132 x 69 x 54 cm<\/td>\r\n    <\/tr>\r\n    <tr>\r\n      <td>Distancia al suelo<\/td>\r\n      <td>17,5 cm<\/td>\r\n      <td>17,5 cm<\/td>\r\n      <td>17 cm<\/td>\r\n    <\/tr>\r\n    <tr>\r\n      <td>Peso<\/td>\r\n      <td>30,31 kg<\/td>\r\n      <td>30,31 kg<\/td>\r\n      <td>34,16 kg<\/td>\r\n    <\/tr>\r\n    <tr>\r\n      <td>Tipo de manillar<\/td>\r\n      <td>Manillar en T reforzado<\/td>\r\n      <td>Manillar en T reforzado<\/td>\r\n      <td>Manillar en T reforzado<\/td>\r\n    <\/tr>\r\n    <tr>\r\n      <td>Tipo de manillar de goma<\/td>\r\n      <td>Manillar con bloqueo bilateral de dise\u00f1o ergon\u00f3mico fabricado en goma blanda<\/td>\r\n      <td>Manillar con bloqueo bilateral de dise\u00f1o ergon\u00f3mico fabricado en goma blanda<\/td>\r\n      <td>Manillar con bloqueo bilateral de dise\u00f1o ergon\u00f3mico fabricado en goma blanda<\/td>\r\n    <\/tr>\r\n    <tr>\r\n      <td>Superficie de apoyo<\/td>\r\n      <td>Superficie antideslizante de gel de s\u00edlice<\/td>\r\n      <td>Superficie antideslizante de gel de s\u00edlice<\/td>\r\n      <td>Superficie antideslizante de gel de s\u00edlice<\/td>\r\n    <\/tr>\r\n    <tr>\r\n      <td>Dimensiones del embalaje (L*A*A)<\/td>\r\n      <td>128,5 x 26 x 63 cm<\/td>\r\n      <td>128,5 x 26 x 63 cm<\/td>\r\n      <td>134 x 26 x 64 cm<\/td>\r\n    <\/tr>\r\n    <tr>\r\n      <td>Peso del embalaje<\/td>\r\n      <td>36,06 Kg<\/td>\r\n      <td>36,06 Kg<\/td>\r\n      <td>39,64 kg<\/td>\r\n    <\/tr>\r\n    <tr>\r\n      <td colspan=\"4\" style=\"background-color: #005BFF; color: #E0E0E0; text-align: center;\">NEUM\u00c1TICOS<\/td>\r\n    <\/tr>\r\n    <tr>\r\n      <td>Talla<\/td>\r\n      <td>10*3,0 pulgadas (80\/65-6, 255\u00d780)<\/td>\r\n      <td>10*3,0 pulgadas (80\/65-6, 255\u00d780)<\/td>\r\n      <td>10*3,0 pulgadas (80\/65-6, 255\u00d780)<\/td>\r\n    <\/tr>\r\n    <tr>\r\n      <td>Tipo<\/td>\r\n      <td>Neum\u00e1ticos inflables sin c\u00e1mara<\/td>\r\n      <td>Neum\u00e1ticos inflables sin c\u00e1mara<\/td>\r\n      <td>Neum\u00e1ticos inflables sin c\u00e1mara<\/td>\r\n    <\/tr>\r\n    <tr>\r\n      <td>Pisa<\/td>\r\n      <td>Carretera<\/td>\r\n      <td>Carretera<\/td>\r\n      <td>H\u00edbrido, para carretera y todoterreno<\/td>\r\n    <\/tr>\r\n    <tr>\r\n      <td>Marca<\/td>\r\n      <td>CST<\/td>\r\n      <td>CST<\/td>\r\n      <td>Wanda<\/td>\r\n    <\/tr>\r\n    <tr>\r\n      <td colspan=\"4\" style=\"background-color: #005BFF; color: #E0E0E0; text-align: center;\">FRENOS<\/td>\r\n    <\/tr>\r\n    <tr>\r\n      <td>Tipo<\/td>\r\n      <td>Freno de disco delantero y trasero (mec\u00e1nico)<\/td>\r\n      <td>Freno de disco delantero y trasero (hidr\u00e1ulico)<\/td>\r\n      <td>Freno de disco delantero y trasero (hidr\u00e1ulico)<\/td>\r\n    <\/tr>\r\n    <tr>\r\n      <td>Di\u00e1metro del disco<\/td>\r\n      <td>140 mm<\/td>\r\n      <td>140 mm<\/td>\r\n      <td>160 mm<\/td>\r\n    <\/tr>\r\n    <tr>\r\n      <td>Marca<\/td>\r\n      <td>JAK<\/td>\r\n      <td>NUTT<\/td>\r\n      <td>NUTT<\/td>\r\n    <\/tr>\r\n    <tr>\r\n      <td>Freno electr\u00f3nico adicional<\/td>\r\n      <td>S\u00ed, potente freno electr\u00f3nico que contribuye a la seguridad y puede prolongar considerablemente la vida \u00fatil de las pastillas de freno.<\/td>\r\n      <td>S\u00ed, potente freno electr\u00f3nico que contribuye a la seguridad y puede prolongar considerablemente la vida \u00fatil de las pastillas de freno.<\/td>\r\n      <td>S\u00ed, potente freno electr\u00f3nico que contribuye a la seguridad y puede prolongar considerablemente la vida \u00fatil de las pastillas de freno.<\/td>\r\n    <\/tr>\r\n    <tr>\r\n      <td>eABS<\/td>\r\n      <td>S\u00ed<\/td>\r\n      <td>S\u00ed<\/td>\r\n      <td>S\u00ed<\/td>\r\n    <\/tr>\r\n    <tr>\r\n      <td colspan=\"4\" style=\"background-color: #005BFF; color: #E0E0E0; text-align: center;\">SUSPENSI\u00d3N<\/td>\r\n    <\/tr>\r\n    <tr>\r\n      <td>Tipo<\/td>\r\n      <td>Suspensi\u00f3n hidr\u00e1ulica delantera y trasera<\/td>\r\n      <td>Suspensi\u00f3n hidr\u00e1ulica delantera y trasera<\/td>\r\n      <td>Suspensi\u00f3n hidr\u00e1ulica delantera y trasera<\/td>\r\n    <\/tr>\r\n    <tr>\r\n      <td>Ajustable<\/td>\r\n      <td>S\u00ed (herramienta incluida)<\/td>\r\n      <td>S\u00ed (herramienta incluida)<\/td>\r\n      <td>S\u00ed (herramienta incluida)<\/td>\r\n    <\/tr>\r\n    <tr>\r\n      <td>Prueba de suspensi\u00f3n<\/td>\r\n      <td>200.000 compresiones<\/td>\r\n      <td>200.000 compresiones<\/td>\r\n      <td>200.000 compresiones<\/td>\r\n    <\/tr>\r\n    <tr>\r\n      <td colspan=\"4\" style=\"background-color: #005BFF; color: #E0E0E0; text-align: center;\">Display<\/td>\r\n    <\/tr>\r\n    <tr>\r\n      <td>Tipo<\/td>\r\n      <td>Pantalla LCD con acelerador y bloqueo NFC<\/td>\r\n      <td>Pantalla de matriz de colores PRO TFT<\/td>\r\n      <td>Pantalla de matriz de colores PRO TFT<\/td>\r\n    <\/tr>\r\n    <tr>\r\n      <td>Control de crucero<\/td>\r\n      <td>S\u00ed<\/td>\r\n      <td>S\u00ed<\/td>\r\n      <td>S\u00ed<\/td>\r\n    <\/tr>\r\n    <tr>\r\n      <td>Talla<\/td>\r\n      <td>12,5 x 6,1 x 2,8 cm<\/td>\r\n      <td>\t3,5 pulgadas<\/td>\r\n      <td>\t3,5 pulgadas<\/td>\r\n    <\/tr>\r\n    <tr>\r\n      <td>Pantalla LCD en color<\/td>\r\n      <td>No<\/td>\r\n      <td>S\u00ed<\/td>\r\n      <td>S\u00ed<\/td>\r\n    <\/tr>\r\n    <tr>\r\n      <td>Posici\u00f3n<\/td>\r\n      <td>Lado derecho<\/td>\r\n      <td>Central<\/td>\r\n      <td>Central<\/td>\r\n    <\/tr>\r\n    <tr>\r\n      <td>Aceleraci\u00f3n<\/td>\r\n      <td>Palanca de dedo (dedo \u00edndice)<\/td>\r\n      <td>Palanca de dedo (dedo pulgar)<\/td>\r\n      <td>Palanca de dedo (dedo pulgar)<\/td>\r\n    <\/tr>\r\n    <tr>\r\n      <td>Mostrar datos<\/td>\r\n      <td>Velocidad, indicador de bater\u00eda, marcha (1, 2, 3), indicador de faro, hora, ODO<\/td>\r\n      <td>Velocidad (tambi\u00e9n velocidad m\u00e1xima y media), kilometraje (ODO, TRIP), marcha engranada, indicador de bater\u00eda, voltaje, corriente, potencia en tiempo real, indicador de luces, motor \u00fanico\/dual, reloj (tambi\u00e9n tiempo de viaje), temperatura del controlador, temperatura ambiente.<\/td>\r\n      <td>Velocidad (tambi\u00e9n velocidad m\u00e1xima y media), kilometraje (ODO, TRIP), marcha engranada, indicador de bater\u00eda, voltaje, corriente, potencia en tiempo real, indicador de luces, motor \u00fanico\/dual, reloj (tambi\u00e9n tiempo de viaje), temperatura del controlador, temperatura ambiente.<\/td>\r\n    <\/tr>\r\n    <tr>\r\n      <td>Unidades<\/td>\r\n      <td>Sistema m\u00e9trico \/ imperial<\/td>\r\n      <td>Sistema m\u00e9trico \/ imperial<\/td>\r\n      <td>Sistema m\u00e9trico \/ imperial<\/td>\r\n    <\/tr>\r\n    <tr>\r\n      <td>Modos de conducci\u00f3n<\/td>\r\n      <td>Motor simple\/dual y Turbo\/Eco (Eco limita la velocidad m\u00e1xima a 20 km\/h)<\/td>\r\n      <td>Motor simple \/ doble<\/td>\r\n      <td>Motor simple \/ doble<\/td>\r\n    <\/tr>\r\n    <tr>\r\n      <td>L\u00edmite de velocidad<\/td>\r\n      <td>Ajustable en %, 5 - 100 %<\/td>\r\n      <td>Ajustable en %, 1 - 100 %<\/td>\r\n      <td>Ajustable en %, 1 - 100 %<\/td>\r\n    <\/tr>\r\n    <tr>\r\n      <td>Indicador de bater\u00eda<\/td>\r\n      <td>Indicador gr\u00e1fico y tensi\u00f3n (V)<\/td>\r\n      <td>Porcentajes (%) y tensi\u00f3n (V)<\/td>\r\n      <td>Porcentajes (%) y tensi\u00f3n (V)<\/td>\r\n    <\/tr>\r\n    <tr>\r\n      <td>Luminosidad<\/td>\r\n      <td>No ajustable<\/td>\r\n      <td>Ajustable 1-5<\/td>\r\n      <td>Ajustable 1-5<\/td>\r\n    <\/tr>\r\n    <tr>\r\n      <td>Pistoletazo de salida<\/td>\r\n      <td>S\u00ed<\/td>\r\n      <td>S\u00ed<\/td>\r\n      <td>S\u00ed<\/td>\r\n    <\/tr>\r\n    <tr>\r\n      <td>Puerto USB<\/td>\r\n      <td>No<\/td>\r\n      <td>S\u00ed<\/td>\r\n      <td>S\u00ed <\/td>\r\n    <\/tr>\r\n    <tr>\r\n      <td>Apagado autom\u00e1tico<\/td>\r\n      <td>No<\/td>\r\n      <td>Ajustable entre 0 - 10 min<\/td>\r\n      <td>Ajustable entre 0 - 10 min<\/td>\r\n    <\/tr>\r\n    <tr>\r\n      <td colspan=\"4\" style=\"background-color: #005BFF; color: #E0E0E0; text-align: center;\">ILUMINACI\u00d3N<\/td>\r\n    <\/tr>\r\n    <tr>\r\n      <td>Luces<\/td>\r\n      <td>Luz delantera con bocina integrada, trasera, freno, lateral<\/td>\r\n      <td>Luz delantera con bocina integrada, trasera, freno, lateral<\/td>\r\n      <td>Luz delantera con bocina integrada, trasera, freno, lateral<\/td>\r\n    <\/tr>\r\n    <tr>\r\n      <td>Intermitentes<\/td>\r\n      <td>S\u00ed, trasera<\/td>\r\n      <td>S\u00ed, trasera<\/td>\r\n      <td>S\u00ed, trasera<\/td>\r\n    <\/tr>\r\n    <tr>\r\n      <td>Indicators<\/td>\r\n      <td>S\u00ed, trasera<\/td>\r\n      <td>S\u00ed, trasera<\/td>\r\n      <td>S\u00ed, trasera<\/td>\r\n    <\/tr>\r\n    <tr>\r\n      <td>Luces ambientales<\/td>\r\n      <td>S\u00ed, lado de la cubierta<\/td>\r\n      <td>S\u00ed, lado de la cubierta<\/td>\r\n      <td>S\u00ed, lado de la cubierta<\/td>\r\n    <\/tr>\r\n    <tr>\r\n      <td>Tipo de luces ambientales<\/td>\r\n      <td>RGB<\/td>\r\n      <td>RGB<\/td>\r\n      <td>RGB<\/td>\r\n    <\/tr>\r\n    <tr>\r\n      <td>Control de las luces ambientales<\/td>\r\n      <td>Aplicaci\u00f3n m\u00f3vil, Android e iOS<\/td>\r\n      <td>Aplicaci\u00f3n m\u00f3vil, Android e iOS<\/td>\r\n      <td>Aplicaci\u00f3n m\u00f3vil, Android e iOS<\/td>\r\n    <\/tr>\r\n    <tr>\r\n      <td colspan=\"4\" style=\"background-color: #005BFF; color: #E0E0E0; text-align: center;\">CARACTER\u00cdSTICAS ADICIONALES<\/td>\r\n    <\/tr>\r\n    <tr>\r\n      <td>Funci\u00f3n antirrobo<\/td>\r\n      <td>S\u00ed, bloqueo NFC<\/td>\r\n      <td>S\u00ed, bloqueo NFC y c\u00f3digo PIN<\/td>\r\n      <td>S\u00ed, bloqueo NFC y c\u00f3digo PIN<\/td>\r\n    <\/tr>\r\n    <tr>\r\n      <td>N\u00famero de teclas NFC<\/td>\r\n      <td>3 (1 llave maestra)<\/td>\r\n      <td>3 (1 llave maestra)<\/td>\r\n      <td>3 (1 llave maestra)<\/td>\r\n    <\/tr>\r\n    <tr>\r\n      <td>Illuminated swtiches indicator<\/td>\r\n      <td>Turbo\/eco, encendido\/apagado de luces, intermitente izquierda\/derecha<\/td>\r\n      <td>Luces encendidas\/apagadas, intermitentes izquierda\/derecha<\/td>\r\n      <td>Luces encendidas\/apagadas, intermitentes izquierda\/derecha<\/td>\r\n    <\/tr>\r\n    <tr>\r\n      <td>Bocina<\/td>\r\n      <td>S\u00ed<\/td>\r\n      <td>S\u00ed<\/td>\r\n      <td>S\u00ed<\/td>\r\n    <\/tr>\r\n    <tr>\r\n      <td>Caballete<\/td>\r\n      <td>Metal resistente y 170 mm de longitud<\/td>\r\n      <td>Metal resistente y 170 mm de longitud<\/td>\r\n      <td>Metal resistente y 170 mm de longitud<\/td>\r\n    <\/tr>\r\n    <tr>\r\n      <td>Guardabarros<\/td>\r\n      <td>S\u00ed<\/td>\r\n      <td>S\u00ed<\/td>\r\n      <td>S\u00ed<\/td>\r\n    <\/tr>\r\n    <tr>\r\n      <td>Opci\u00f3n de asiento<\/td>\r\n      <td>S\u00ed<\/td>\r\n      <td>S\u00ed<\/td>\r\n      <td>S\u00ed<\/td>\r\n    <\/tr>\r\n    <tr>\r\n      <td>Aplicaci\u00f3n m\u00f3vil para iluminaci\u00f3n RGB<\/td>\r\n      <td>S\u00ed<\/td>\r\n      <td>S\u00ed<\/td>\r\n      <td>S\u00ed<\/td>\r\n    <\/tr>\r\n    <tr>\r\n      <td>Cables ocultos en el marco<\/td>\r\n      <td>S\u00ed<\/td>\r\n      <td>S\u00ed<\/td>\r\n      <td>S\u00ed<\/td>\r\n    <\/tr>\r\n    <tr>\r\n      <td>Tapas de las tomas de carga<\/td>\r\n      <td>Fabricado en caucho para proteger contra cortocircuitos<\/td>\r\n      <td>Fabricado en caucho para proteger contra cortocircuitos<\/td>\r\n      <td>Fabricado en caucho para proteger contra cortocircuitos<\/td>\r\n    <\/tr>\r\n    <tr>\r\n      <td>Certificados<\/td>\r\n      <td>Ce, RoHS<\/td>\r\n      <td>Ce, RoHS<\/td>\r\n      <td>Ce, RoHS<\/td>\r\n    <\/tr>\r\n    <tr>\r\n      <td>N\u00famero de serie \u00fanico<\/td>\r\n      <td>S\u00ed<\/td>\r\n      <td>S\u00ed<\/td>\r\n      <td>S\u00ed<\/td>\r\n    <\/tr>\r\n    <tr>\r\n      <td>Garant\u00eda<\/td>\r\n      <td>1 a\u00f1o (+ 1 a\u00f1o opcional)<\/td>\r\n      <td>1 a\u00f1o (+ 1 a\u00f1o opcional)<\/td>\r\n      <td>1 a\u00f1o (+ 1 a\u00f1o opcional)<\/td>\r\n    <\/tr>\r\n    <tr>\r\n      <td>Paquete que incluye<\/td>\r\n      <td>Scooter, cargador, manual de usuario, protectores de motor de repuesto, herramienta de ajuste de la suspensi\u00f3n<\/td>\r\n      <td>Scooter, cargador, manual de usuario, protectores de motor de repuesto, herramienta de ajuste de la suspensi\u00f3n<\/td>\r\n      <td>Scooter, cargador, manual de usuario, protectores de motor de repuesto, herramienta de ajuste de la suspensi\u00f3n<\/td>\r\n    <\/tr>\r\n  <\/tbody>\r\n<\/table>\r\n\t\t<\/div>\n\t\t\t\t<\/div>\n\t\t\t\t<\/div>\n\t\t\t\t<\/div>\n\t\t\t\t<\/div>","protected":false},"excerpt":{"rendered":"<p>Elektron Kinetik Elektron Kinetik PRO Elektron Kinetik GTR MOTOR Top speed 60 km\/h (limited to 25 km\/h) 60 km\/h (limited to 25 km\/h) 75 km\/h (limited to 25 km\/h) Motor power (rated) 2000 W, 2x 1000 W 2000 W, 2x 1000 W 2800 W, 2x 1400 W Maximum Motor Power (peak) 3600 W, 2x 1800 [&hellip;]<\/p>","protected":false},"author":1,"featured_media":0,"parent":0,"menu_order":0,"comment_status":"closed","ping_status":"closed","template":"elementor_header_footer","meta":{"footnotes":""},"_links":{"self":[{"href":"https:\/\/elektronscooters.com\/es\/wp-json\/wp\/v2\/pages\/492"}],"collection":[{"href":"https:\/\/elektronscooters.com\/es\/wp-json\/wp\/v2\/pages"}],"about":[{"href":"https:\/\/elektronscooters.com\/es\/wp-json\/wp\/v2\/types\/page"}],"author":[{"embeddable":true,"href":"https:\/\/elektronscooters.com\/es\/wp-json\/wp\/v2\/users\/1"}],"replies":[{"embeddable":true,"href":"https:\/\/elektronscooters.com\/es\/wp-json\/wp\/v2\/comments?post=492"}],"version-history":[{"count":4,"href":"https:\/\/elektronscooters.com\/es\/wp-json\/wp\/v2\/pages\/492\/revisions"}],"predecessor-version":[{"id":496,"href":"https:\/\/elektronscooters.com\/es\/wp-json\/wp\/v2\/pages\/492\/revisions\/496"}],"wp:attachment":[{"href":"https:\/\/elektronscooters.com\/es\/wp-json\/wp\/v2\/media?parent=492"}],"curies":[{"name":"wp","href":"https:\/\/api.w.org\/{rel}","templated":true}]}}