{"id":165,"date":"2024-01-30T11:16:37","date_gmt":"2024-01-30T11:16:37","guid":{"rendered":"https:\/\/elektronscooters.com\/?post_type=product&#038;p=165"},"modified":"2026-02-13T18:10:26","modified_gmt":"2026-02-13T18:10:26","slug":"elektron-kinetik-gtr-electric-scooter","status":"publish","type":"product","link":"https:\/\/elektronscooters.com\/de\/produkt\/elektron-kinetik-gtr-electric-scooter\/","title":{"rendered":"Elektron Kinetik GTR E-Scooter"},"content":{"rendered":"","protected":false},"excerpt":{"rendered":"<p><strong>Spitzenleistung:<\/strong> Liefert eine beeindruckende H\u00f6chstgeschwindigkeit von 75 km\/h (auf 25 km\/h begrenzt), wobei ein Dualmotor-Setup mit einer Nennleistung von 2800 W und einer Spitzenleistung von 3800 W f\u00fcr unerreichte Leistung und Beschleunigung sorgt.<\/p>\n<p><strong>\u00dcberragende Steigf\u00e4higkeit:<\/strong> Ausgestattet, um Steigungen bis zu 30\u00b0 zu bew\u00e4ltigen, was es zum leistungsf\u00e4higsten Modell macht, um steile Gel\u00e4nde zu bew\u00e4ltigen.<\/p>\n<p><strong>Gr\u00f6\u00dfte Reichweite und Batteriekapazit\u00e4t:<\/strong> F\u00fchrt mit einer Reichweite von bis zu 90 km, angetrieben von einem 23.4 Ah, 60V Akku, der f\u00fcr verl\u00e4ngerte Abenteuer mit weniger h\u00e4ufigem Aufladen sorgt. Erwartete Akkulebensdauer: 720 Ladezyklen mit einer Kapazit\u00e4t von \u00fcber 70%.<\/p>\n<p><strong>Verbesserter Sine Wave Controller:<\/strong>\u00a0Integriert Sine Wave Controller f\u00fcr leiseren Betrieb, schnellere Beschleunigung, gleichm\u00e4\u00dfige Reisegeschwindigkeiten, verbesserte Kontrolle und optimierte Energieeffizienz.<\/p>\n<p><strong>Hybridreifen:<\/strong> Ausgestattet mit 10*3,0 Zoll Wanda-Schlauchlosreifen, die f\u00fcr den Hybridgebrauch entwickelt wurden und ideal f\u00fcr sowohl Stra\u00dfen- als auch Offroad-Abenteuer geeignet sind. Sie bieten Vielseitigkeit und \u00fcberlegene Traktion auf verschiedenen Gel\u00e4nden.<\/p>\n<p><strong>Erweitertes TFT-Display:<\/strong> Das PRO TFT-Farbmatrix-Display bietet umfangreiche Fahrtinformationen, einschlie\u00dflich Geschwindigkeit, Batteriestand, Echtzeit-Leistung, Reglertemperatur, Spannung, Gang, Umgebungstemperatur und mehr, um das Fahrerlebnis mit detaillierten Einblicken zu verbessern.<\/p>\n<p><strong>Verbessertes Bremssystem:<\/strong> Verf\u00fcgt \u00fcber hydraulische Scheibenbremsen von NUTT mit elektronischer Bremsunterst\u00fctzung, um eine \u00fcberlegene Bremsleistung und eine l\u00e4ngere Lebensdauer der Bremsbel\u00e4ge zu gew\u00e4hrleisten.<\/p>\n<p><strong>Gewichtsspezifikationen und Abmessungen:<\/strong> Hat ein Gewicht von 34 kg und ist f\u00fcr Fahrer bis zu 130 kg ausgelegt, mit Abmessungen von 132 x 69 x 131 cm (LxBxH) im entfalteten Zustand.<\/p>\n<p><strong>Konnectivit\u00e4t und Anpassungsoptionen:<\/strong>\u00a0Bietet App-Unterst\u00fctzung f\u00fcr die Anpassung der RGB-Ambientebeleuchtung, f\u00fcr personalisierte \u00c4sthetik und Sicherheit.<\/p>\n<p><strong>Verbesserte Sicherheitsma\u00dfnahmen:<\/strong> Neben dem NFC-Schloss verf\u00fcgt das GTR-Modell \u00fcber eine zus\u00e4tzliche PIN-Code-Funktion f\u00fcr erh\u00f6hten Diebstahlschutz.<\/p>\n<p><strong>Ladezeit und Optionen:<\/strong> Standardm\u00e4\u00dfiges Aufladen innerhalb von 10 - 12 Stunden, mit der M\u00f6glichkeit, diese Zeit auf 5 - 6 Stunden mit einem zus\u00e4tzlichen Ladeger\u00e4t zu reduzieren.<\/p>\n<p><strong>Sicherheit bei Batterie und Ladung:<\/strong>\u00a0Enth\u00e4lt Unterspannungsschutz, \u00dcberspannungsschutz, \u00dcberladeschutz, Tiefentladeschutz und \u00dcberhitzungsschutz f\u00fcr erh\u00f6hte Sicherheit und Batterielebensdauer.<\/p>\n<p><strong>Design und Portabilit\u00e4t:<\/strong> Verf\u00fcgt \u00fcber ein klappbares Design f\u00fcr bequeme Lagerung und Transport, erg\u00e4nzt durch einen verst\u00e4rkten T-Lenker und ergonomisch gestaltete beidseitige Sperrgriffe aus weichem Gummi f\u00fcr Komfort und Kontrolle. Einfach zu faltender\/entfaltender Sicherheitsverriegelungsmechanismus.<\/p>\n<p><strong>Verstellbares Federungssystem:<\/strong>\u00a0Beinhaltet ein verstellbares hydraulisches Federungssystem, das rigoros auf 200.000 Kompressionen getestet wurde und somit eine sanfte Fahrt auf allen Oberfl\u00e4chen gew\u00e4hrleistet.<\/p>\n<p><strong>Einfache Wartung und fortschrittliches Design: <\/strong>Mit einem geteilten Felgensystem und wasserdichten Motoranschl\u00fcssen f\u00fcr eine einfache Wartung ausgestattet.<\/p>\n<p><strong>Beleuchtung, Sichtbarkeit und Sicherheitsfunktionen:<\/strong> Anpassbare RGB-Ambientebeleuchtung \u00fcber eine mobile App steuerbar, integrierte Blinker f\u00fcr verbesserte Sichtbarkeit und ELEKTRON-Reflexaufkleber f\u00fcr zus\u00e4tzliche Sicherheit auf der Stra\u00dfe. Rutschfeste Oberfl\u00e4che des Decks aus Silikagel.<\/p>\n<p><strong>Zus\u00e4tzliche Komfortoptionen:<\/strong>\u00a0Bietet die M\u00f6glichkeit, einen Sitz f\u00fcr verbesserten Fahrkomfort w\u00e4hrend l\u00e4ngerer Fahrten anzubringen.<\/p>\n<p class=\" translation-block\"><strong>Kostenloser und schneller Versand<\/strong> innerhalb der <strong>EU in 2-3 Arbeitstagen<\/strong>, eine einj\u00e4hrige Garantie auf E-Scooter, die um ein weiteres Jahr f\u00fcr 150 \u20ac verl\u00e4ngerbar ist, mit effizienten Reparaturservices und einer 14-t\u00e4gigen R\u00fcckgaberecht.<\/p>","protected":false},"featured_media":2086,"comment_status":"open","ping_status":"closed","template":"","meta":[],"product_cat":[25,26],"product_tag":[32],"_links":{"self":[{"href":"https:\/\/elektronscooters.com\/de\/wp-json\/wp\/v2\/product\/165"}],"collection":[{"href":"https:\/\/elektronscooters.com\/de\/wp-json\/wp\/v2\/product"}],"about":[{"href":"https:\/\/elektronscooters.com\/de\/wp-json\/wp\/v2\/types\/product"}],"replies":[{"embeddable":true,"href":"https:\/\/elektronscooters.com\/de\/wp-json\/wp\/v2\/comments?post=165"}],"wp:featuredmedia":[{"embeddable":true,"href":"https:\/\/elektronscooters.com\/de\/wp-json\/wp\/v2\/media\/2086"}],"wp:attachment":[{"href":"https:\/\/elektronscooters.com\/de\/wp-json\/wp\/v2\/media?parent=165"}],"wp:term":[{"taxonomy":"product_cat","embeddable":true,"href":"https:\/\/elektronscooters.com\/de\/wp-json\/wp\/v2\/product_cat?post=165"},{"taxonomy":"product_tag","embeddable":true,"href":"https:\/\/elektronscooters.com\/de\/wp-json\/wp\/v2\/product_tag?post=165"}],"curies":[{"name":"wp","href":"https:\/\/api.w.org\/{rel}","templated":true}]}}