{"id":165,"date":"2024-01-30T11:16:37","date_gmt":"2024-01-30T11:16:37","guid":{"rendered":"https:\/\/elektronscooters.com\/?post_type=product&#038;p=165"},"modified":"2026-02-13T18:10:26","modified_gmt":"2026-02-13T18:10:26","slug":"elektron-kinetik-gtr-electric-scooter","status":"publish","type":"product","link":"https:\/\/elektronscooters.com\/cs\/produkt\/elektron-kinetik-gtr-elektricky-skutr\/","title":{"rendered":"Elektrick\u00e1 kolob\u011b\u017eka Elektron Kinetik GTR"},"content":{"rendered":"","protected":false},"excerpt":{"rendered":"<p><strong>Specifikace \u0161pi\u010dkov\u00e9ho v\u00fdkonu:<\/strong> Dosahuje p\u016fsobiv\u00e9 maxim\u00e1ln\u00ed rychlosti 75 km\/h (s omezen\u00edm na 25 km\/h), p\u0159i\u010dem\u017e du\u00e1ln\u00ed motor nab\u00edz\u00ed jmenovit\u00fd v\u00fdkon 2800 W a \u0161pi\u010dkov\u00fd v\u00fdkon 3800 W pro bezkonkuren\u010dn\u00ed v\u00fdkon a zrychlen\u00ed.<\/p>\n<p><strong>Vynikaj\u00edc\u00ed manipulace se sklonem:<\/strong> Je vybaven pro stoup\u00e1n\u00ed a\u017e do \u00fahlu 30\u00b0, co\u017e z n\u011bj \u010din\u00ed nejschopn\u011bj\u0161\u00ed model pro zdol\u00e1v\u00e1n\u00ed strm\u00fdch ter\u00e9n\u016f.<\/p>\n<p><strong>Nejdel\u0161\u00ed dojezd a kapacita baterie:<\/strong> Vod\u00edtka s dojezdem a\u017e 90 km, nap\u00e1jen\u00e1 bateri\u00ed 23,4 Ah, 60 V, kter\u00e1 zaji\u0161\u0165uje del\u0161\u00ed dobrodru\u017estv\u00ed s m\u00e9n\u011b \u010dast\u00fdm nab\u00edjen\u00edm. P\u0159edpokl\u00e1dan\u00e1 \u017eivotnost baterie: 720 cykl\u016f s kapacitou vy\u0161\u0161\u00ed ne\u017e 70%.<\/p>\n<p><strong>Vylep\u0161en\u00fd regul\u00e1tor sinusov\u00e9ho pr\u016fb\u011bhu:<\/strong>\u00a0Integruje sinusov\u00fd regul\u00e1tor pro ti\u0161\u0161\u00ed provoz, rychlej\u0161\u00ed akceleraci, konzistentn\u00ed cestovn\u00ed rychlost, lep\u0161\u00ed ovl\u00e1d\u00e1n\u00ed a optimalizovanou energetickou \u00fa\u010dinnost.<\/p>\n<p><strong>Hybridn\u00ed pneumatiky:<\/strong> Dod\u00e1v\u00e1 se s nafukovac\u00edmi bezdu\u0161ov\u00fdmi pneumatikami Wanda o rozm\u011brech 10*3,0 palce, kter\u00e9 jsou ur\u010deny pro hybridn\u00ed pou\u017eit\u00ed, ide\u00e1ln\u00ed pro silni\u010dn\u00ed i ter\u00e9nn\u00ed dobrodru\u017estv\u00ed a nab\u00edzej\u00ed v\u0161estrannost a vynikaj\u00edc\u00ed trakci v r\u016fzn\u00fdch ter\u00e9nech.<\/p>\n<p><strong>Pokro\u010dil\u00fd TFT displej:<\/strong> Barevn\u00e1 maticov\u00e1 obrazovka PRO TFT poskytuje rozs\u00e1hl\u00e9 \u00fadaje o j\u00edzd\u011b, v\u010detn\u011b rychlosti, v\u00fdkonu v re\u00e1ln\u00e9m \u010dase, teploty \u0159\u00eddic\u00ed jednotky, \u00farovn\u011b baterie, nap\u011bt\u00ed, p\u0159evodu, teploty prost\u0159ed\u00ed a dal\u0161\u00edch \u00fadaj\u016f, a d\u00edky podrobn\u00fdm informac\u00edm tak zvy\u0161uje z\u00e1\u017eitek z j\u00edzdy.<\/p>\n<p><strong>Modernizovan\u00fd brzdov\u00fd syst\u00e9m:<\/strong> Je vybaven hydraulick\u00fdmi kotou\u010dov\u00fdmi brzdami NUTT s elektronick\u00fdm brzd\u011bn\u00edm, kter\u00e9 zaji\u0161\u0165uj\u00ed vynikaj\u00edc\u00ed brzdn\u00fd v\u00fdkon a del\u0161\u00ed \u017eivotnost brzdov\u00fdch desti\u010dek. Mechanick\u00e9 kotou\u010dov\u00e9 brzdy dopln\u011bn\u00e9 elektronick\u00fdm brzd\u011bn\u00edm zvy\u0161uj\u00ed bezpe\u010dnost a prodlu\u017euj\u00ed \u017eivotnost brzdov\u00fdch desti\u010dek.<\/p>\n<p><strong>Hmotnost Specifikace a rozm\u011bry:<\/strong> M\u00e1 hmotnost 34 kg, je ur\u010dena pro p\u0159epravu jezdc\u016f do 130 kg a jej\u00ed rozm\u011bry v rozlo\u017een\u00e9m stavu jsou 132 x 69 x 131 (d. v.).<\/p>\n<p><strong>P\u0159ipojen\u00ed a p\u0159izp\u016fsoben\u00ed:<\/strong>\u00a0Nab\u00edz\u00ed podporu aplikace pro p\u0159izp\u016fsoben\u00ed okoln\u00edho osv\u011btlen\u00ed RGB, v\u010detn\u011b sm\u011brov\u00fdch sv\u011btel, pro individu\u00e1ln\u00ed estetiku a bezpe\u010dnost.<\/p>\n<p><strong>Zv\u00fd\u0161en\u00e1 bezpe\u010dnostn\u00ed opat\u0159en\u00ed:<\/strong> Krom\u011b z\u00e1mku NFC obsahuje model GTR dal\u0161\u00ed funkci PIN k\u00f3du pro zv\u00fd\u0161enou ochranu proti kr\u00e1de\u017ei.<\/p>\n<p><strong>Doba nab\u00edjen\u00ed a mo\u017enosti:<\/strong> Standardn\u00ed nab\u00edjen\u00ed trv\u00e1 10 a\u017e 12 hodin, s mo\u017enost\u00ed zkr\u00e1tit tuto dobu na 5 a\u017e 6 hodin pomoc\u00ed p\u0159\u00eddavn\u00e9 nab\u00edje\u010dky.<\/p>\n<p><strong>Ochrann\u00e1 opat\u0159en\u00ed pro baterii a nab\u00edjen\u00ed:<\/strong>\u00a0Obsahuje ochranu proti podp\u011bt\u00ed, p\u0159ep\u011bt\u00ed, p\u0159eb\u00edjen\u00ed, nadm\u011brn\u00e9mu vyb\u00edjen\u00ed a p\u0159eh\u0159\u00e1t\u00ed pro zv\u00fd\u0161en\u00ed bezpe\u010dnosti a \u017eivotnosti baterie.<\/p>\n<p><strong>Design a p\u0159enositelnost:<\/strong> M\u00e1 skl\u00e1dac\u00ed konstrukci pro pohodln\u00e9 skladov\u00e1n\u00ed a p\u0159epravu, dopln\u011bnou zes\u00edlenou rukojet\u00ed ve tvaru T a ergonomicky navr\u017een\u00fdmi oboustrann\u011b uzamykateln\u00fdmi \u0159\u00edd\u00edtky z m\u011bkk\u00e9 gumy pro pohodl\u00ed a ovl\u00e1d\u00e1n\u00ed. Mechanismus bezpe\u010dnostn\u00edho z\u00e1mku pro snadn\u00e9 skl\u00e1d\u00e1n\u00ed\/rozkl\u00e1d\u00e1n\u00ed.<\/p>\n<p><strong>Nastaviteln\u00fd syst\u00e9m zav\u011b\u0161en\u00ed:<\/strong>\u00a0Obsahuje nastaviteln\u00fd hydraulick\u00fd syst\u00e9m odpru\u017een\u00ed, kter\u00fd byl d\u016fkladn\u011b testov\u00e1n a\u017e na 200 000 stla\u010den\u00ed a zaji\u0161\u0165uje plynulou j\u00edzdu na v\u0161ech povr\u0161\u00edch.<\/p>\n<p><strong>Snadn\u00e1 \u00fadr\u017eba a pokro\u010dil\u00fd design: <\/strong>Je vybaven syst\u00e9mem d\u011blen\u00fdch r\u00e1fk\u016f a vodot\u011bsn\u00fdmi konektory motoru pro snadnou \u00fadr\u017ebu.<\/p>\n<p><strong>Osv\u011btlen\u00ed, viditelnost a bezpe\u010dnostn\u00ed prvky:<\/strong> P\u0159izp\u016fsobiteln\u00e1 ambientn\u00ed sv\u011btla RGB ovladateln\u00e1 prost\u0159ednictv\u00edm mobiln\u00ed aplikace, integrovan\u00e9 sm\u011brovky pro lep\u0161\u00ed viditelnost a reflexn\u00ed n\u00e1lepky ELEKTRON pro v\u011bt\u0161\u00ed bezpe\u010dnost na silnici. Protiskluzov\u00fd povrch ze silikagelu.<\/p>\n<p><strong>Dal\u0161\u00ed mo\u017enosti pohodl\u00ed:<\/strong>\u00a0Nab\u00edz\u00ed mo\u017enost p\u0159ipevn\u011bn\u00ed sedadla pro v\u011bt\u0161\u00ed pohodl\u00ed p\u0159i del\u0161\u00edch cest\u00e1ch.<\/p>\n<p class=\" translation-block\"><strong>Bezplatn\u00e1 a rychl\u00e1 doprava<\/strong> po cel\u00e9 <strong>EU do 2-3 pracovn\u00edch dn\u016f<\/strong>, ro\u010dn\u00ed z\u00e1ruka na elektrick\u00e9 kolob\u011b\u017eky s mo\u017enost\u00ed prodlou\u017een\u00ed o dal\u0161\u00ed rok za 150 \u20ac, \u00fa\u010dinn\u00e9 oprav\u00e1rensk\u00e9 slu\u017eby a 14denn\u00ed lh\u016fta na vr\u00e1cen\u00ed zbo\u017e\u00ed.<\/p>","protected":false},"featured_media":2086,"comment_status":"open","ping_status":"closed","template":"","meta":[],"product_cat":[25,26],"product_tag":[32],"_links":{"self":[{"href":"https:\/\/elektronscooters.com\/cs\/wp-json\/wp\/v2\/product\/165"}],"collection":[{"href":"https:\/\/elektronscooters.com\/cs\/wp-json\/wp\/v2\/product"}],"about":[{"href":"https:\/\/elektronscooters.com\/cs\/wp-json\/wp\/v2\/types\/product"}],"replies":[{"embeddable":true,"href":"https:\/\/elektronscooters.com\/cs\/wp-json\/wp\/v2\/comments?post=165"}],"wp:featuredmedia":[{"embeddable":true,"href":"https:\/\/elektronscooters.com\/cs\/wp-json\/wp\/v2\/media\/2086"}],"wp:attachment":[{"href":"https:\/\/elektronscooters.com\/cs\/wp-json\/wp\/v2\/media?parent=165"}],"wp:term":[{"taxonomy":"product_cat","embeddable":true,"href":"https:\/\/elektronscooters.com\/cs\/wp-json\/wp\/v2\/product_cat?post=165"},{"taxonomy":"product_tag","embeddable":true,"href":"https:\/\/elektronscooters.com\/cs\/wp-json\/wp\/v2\/product_tag?post=165"}],"curies":[{"name":"wp","href":"https:\/\/api.w.org\/{rel}","templated":true}]}}