{"id":1172,"date":"2024-02-16T14:28:41","date_gmt":"2024-02-16T14:28:41","guid":{"rendered":"https:\/\/elektronscooters.com\/?post_type=product&#038;p=1172"},"modified":"2024-07-28T15:34:27","modified_gmt":"2024-07-28T15:34:27","slug":"elektron-kinetik-seat","status":"publish","type":"product","link":"https:\/\/elektronscooters.com\/cs\/produkt\/elektron-kinetik-seat\/","title":{"rendered":"Elektron Kinetik Seat"},"content":{"rendered":"","protected":false},"excerpt":{"rendered":"<p>Seda\u010dka Elektron Kinetik p\u0159edstavuje vrchol komfortu a pohodl\u00ed pro jezdce na elektrick\u00fdch kolob\u011b\u017ek\u00e1ch \u0159ady Elektron Kinetik. Toto sedadlo, vyroben\u00e9 s precizn\u00edm technick\u00fdm zpracov\u00e1n\u00edm, se m\u016f\u017ee pochlubit bezkonkuren\u010dn\u00edm komfortem a zaji\u0161\u0165uje v\u017edy hladkou a p\u0159\u00edjemnou j\u00edzdu. Jeho skl\u00e1dac\u00ed konstrukce p\u0159id\u00e1v\u00e1 vrstvu prakti\u010dnosti a umo\u017e\u0148uje snadn\u00e9 skladov\u00e1n\u00ed a p\u0159en\u00e1\u0161en\u00ed.<\/p>\n<p>Je speci\u00e1ln\u011b p\u0159izp\u016fsoben pro dopln\u011bn\u00ed model\u016f Elektron Kinetik, Elektron Kinetik PRO a Elektron Kinetik GTR, tak\u017ee se s t\u011bmito kolob\u011b\u017ekami hladce integruje a zvy\u0161uje jejich funk\u010dnost i pohodl\u00ed. A\u0165 u\u017e se pohybujete v m\u011bstsk\u00fdch ulic\u00edch nebo proj\u00ed\u017ed\u00edte parky, sedadlo Elektron Kinetik nab\u00edz\u00ed jezdc\u016fm luxusn\u00ed a ergonomick\u00e9 \u0159e\u0161en\u00ed sezen\u00ed a nastavuje nov\u00fd standard pro p\u0159\u00edslu\u0161enstv\u00ed elektrick\u00fdch kolob\u011b\u017eek.<\/p>","protected":false},"featured_media":1231,"comment_status":"open","ping_status":"closed","template":"","meta":[],"product_cat":[28],"product_tag":[],"_links":{"self":[{"href":"https:\/\/elektronscooters.com\/cs\/wp-json\/wp\/v2\/product\/1172"}],"collection":[{"href":"https:\/\/elektronscooters.com\/cs\/wp-json\/wp\/v2\/product"}],"about":[{"href":"https:\/\/elektronscooters.com\/cs\/wp-json\/wp\/v2\/types\/product"}],"replies":[{"embeddable":true,"href":"https:\/\/elektronscooters.com\/cs\/wp-json\/wp\/v2\/comments?post=1172"}],"wp:featuredmedia":[{"embeddable":true,"href":"https:\/\/elektronscooters.com\/cs\/wp-json\/wp\/v2\/media\/1231"}],"wp:attachment":[{"href":"https:\/\/elektronscooters.com\/cs\/wp-json\/wp\/v2\/media?parent=1172"}],"wp:term":[{"taxonomy":"product_cat","embeddable":true,"href":"https:\/\/elektronscooters.com\/cs\/wp-json\/wp\/v2\/product_cat?post=1172"},{"taxonomy":"product_tag","embeddable":true,"href":"https:\/\/elektronscooters.com\/cs\/wp-json\/wp\/v2\/product_tag?post=1172"}],"curies":[{"name":"wp","href":"https:\/\/api.w.org\/{rel}","templated":true}]}}