{"id":492,"date":"2024-02-08T07:59:19","date_gmt":"2024-02-08T07:59:19","guid":{"rendered":"https:\/\/elektronscooters.com\/?page_id=492"},"modified":"2024-02-08T07:59:51","modified_gmt":"2024-02-08T07:59:51","slug":"elektron-kinetik-pro-gtr-comparison-table","status":"publish","type":"page","link":"https:\/\/elektronscooters.com\/cs\/elektron-kinetik-pro-gtr-comparison-table\/","title":{"rendered":"Elektron Kinetik \/ PRO \/ GTR Comparison Table"},"content":{"rendered":"<div data-elementor-type=\"wp-page\" data-elementor-id=\"492\" class=\"elementor elementor-492\" data-elementor-post-type=\"page\">\n\t\t\t\t<div class=\"elementor-element elementor-element-55a1370 e-con-full e-flex e-con e-parent\" data-id=\"55a1370\" data-element_type=\"container\" data-settings=\"{&quot;background_background&quot;:&quot;classic&quot;}\">\n\t\t<div class=\"elementor-element elementor-element-2a98612 e-con-full e-flex e-con e-child\" data-id=\"2a98612\" data-element_type=\"container\" data-settings=\"{&quot;background_background&quot;:&quot;classic&quot;}\">\n\t\t\t\t<div class=\"elementor-element elementor-element-831ce1f elementor-widget elementor-widget-html\" data-id=\"831ce1f\" data-element_type=\"widget\" data-widget_type=\"html.default\">\n\t\t\t\t<div class=\"elementor-widget-container\">\n\t\t\t<style>\r\n  table {\r\n    background-color: #0A0A0A;\r\n    color: #E0E0E0;\r\n    width: 100%;\r\n    font-size: 10px; \/* Default font size *\/\r\n  }\r\n\r\n  th, td {\r\n    text-align: left;\r\n    vertical-align: middle;\r\n    padding: 8px;\r\n    border: 1px solid #E0E0E0;\r\n  }\r\n\r\n  @media only screen and (min-width: 601px) {\r\n    table {\r\n      font-size: 20px; \/* Font size for larger screens *\/\r\n    }\r\n  }\r\n<\/style>\r\n\r\n<table style=\"background-color: #0A0A0A; color: #E0E0E0;\">\r\n    <colgroup>\r\n    <col style=\"width: 25%;\">\r\n    <col style=\"width: 25%;\">\r\n    <col style=\"width: 25%;\">\r\n    <col style=\"width: 25%;\">\r\n  <\/colgroup>\r\n  <thead>\r\n    <tr>\r\n      <td><\/td>\r\n<td style=\"text-align: center; vertical-align: middle; text-transform: uppercase;\">Elektron Kinetik<\/td>\r\n<td style=\"text-align: center; vertical-align: middle; text-transform: uppercase;\">Elektron Kinetik PRO<\/td>\r\n<td style=\"text-align: center; vertical-align: middle; text-transform: uppercase;\">Elektron Kinetik GTR<\/td>\r\n    <\/tr>\r\n  <\/thead>\r\n  <tbody>\r\n    <tr>\r\n      <td colspan=\"4\" style=\"background-color: #005BFF; color: #E0E0E0; text-align: center;\">MOTOR<\/td>\r\n    <\/tr>\r\n    <tr>\r\n      <td>Maxim\u00e1ln\u00ed rychlost<\/td>\r\n      <td>60 km\/h (s omezen\u00edm na 25 km\/h)<\/td>\r\n      <td>60 km\/h (s omezen\u00edm na 25 km\/h)<\/td>\r\n      <td>75 km\/h (s omezen\u00edm na 25 km\/h)<\/td>\r\n    <\/tr>\r\n    <tr>\r\n      <td>V\u00fdkon motoru (jmenovit\u00fd)<\/td>\r\n      <td>2000 W, 2x 1000 W<\/td>\r\n      <td>2000 W, 2x 1000 W<\/td>\r\n      <td>2800 W, 2x 1400 W<\/td>\r\n    <\/tr>\r\n    <tr>\r\n      <td>Maxim\u00e1ln\u00ed v\u00fdkon motoru (\u0161pi\u010dkov\u00fd)<\/td>\r\n      <td>3600 W, 2x 1800 W<\/td>\r\n      <td>3600 W, 2x 1800 W<\/td>\r\n      <td>5040 W, 2x 2520 W<\/td>\r\n    <\/tr>\r\n    <tr>\r\n      <td>Du\u00e1ln\u00ed motor<\/td>\r\n      <td>Ano<\/td>\r\n      <td>Ano<\/td>\r\n      <td>Ano<\/td>\r\n    <\/tr>\r\n    <tr>\r\n      <td>Drive<\/td>\r\n      <td>P\u0159edn\u00ed a zadn\u00ed \u010d\u00e1st<\/td>\r\n      <td>P\u0159edn\u00ed a zadn\u00ed \u010d\u00e1st<\/td>\r\n      <td>P\u0159edn\u00ed a zadn\u00ed \u010d\u00e1st<\/td>\r\n    <\/tr>\r\n    <tr>\r\n      <td>Drive with single motor<\/td>\r\n      <td>Zadn\u00ed<\/td>\r\n      <td>Zadn\u00ed<\/td>\r\n      <td>Zadn\u00ed<\/td>\r\n    <\/tr>\r\n    <tr>\r\n      <td>Typ motoru<\/td>\r\n      <td>Bezkart\u00e1\u010dov\u00e9<\/td>\r\n      <td>Bezkart\u00e1\u010dov\u00e9<\/td>\r\n      <td>Bezkart\u00e1\u010dov\u00e9<\/td>\r\n    <\/tr>\r\n    <tr>\r\n      <td>Maxim\u00e1ln\u00ed sklon<\/td>\r\n      <td>25\u00b0 \/ 46,6 %<\/td>\r\n      <td>25\u00b0 \/ 46,6 %<\/td>\r\n      <td>30\u00b0 \/ 57,7 %<\/td>\r\n    <\/tr>\r\n    <tr>\r\n      <td colspan=\"4\" style=\"background-color: #005BFF; color: #E0E0E0; text-align: center;\">BATERIE<\/td>\r\n    <\/tr>\r\n    <tr>\r\n      <td>Maxim\u00e1ln\u00ed rozsah<\/td>\r\n      <td>75 km<\/td>\r\n      <td>75 km<\/td>\r\n      <td>90 km<\/td>\r\n    <\/tr>\r\n    <tr>\r\n      <td>Kapacita<\/td>\r\n      <td>20,8 Ah<\/td>\r\n      <td>20,8 Ah<\/td>\r\n      <td>23,4 Ah<\/td>\r\n    <\/tr>\r\n    <tr>\r\n      <td>Nap\u011bt\u00ed<\/td>\r\n      <td>52 V<\/td>\r\n      <td>52 V<\/td>\r\n      <td>60 V<\/td>\r\n    <\/tr>\r\n    <tr>\r\n      <td>Baterie<\/td>\r\n      <td>Li-Ion<\/td>\r\n      <td>Li-Ion<\/td>\r\n      <td>Li-Ion<\/td>\r\n    <\/tr>\r\n    <tr>\r\n      <td>Bu\u0148ky<\/td>\r\n      <td>18650<\/td>\r\n      <td>18650<\/td>\r\n      <td>18650<\/td>\r\n    <\/tr>\r\n    <tr>\r\n            <td>O\u010dek\u00e1van\u00e1 \u017eivotnost baterie<\/td>\r\n            <td>720 cykl\u016f s kapacitou nad 70 %<\/td>\r\n            <td>720 cykl\u016f s kapacitou nad 70 %<\/td>\r\n            <td>720 cykl\u016f s kapacitou nad 70 %<\/td>\r\n        <\/tr>\r\n    <tr>\r\n      <td>Hmotnost baterie<\/td>\r\n      <td>5,84 kg<\/td>\r\n      <td>5,84 kg<\/td>\r\n      <td>7,86 kg<\/td>\r\n    <\/tr>\r\n    <tr>\r\n      <td>Nab\u00edje\u010dka<\/td>\r\n      <td>52V 2Ah<\/td>\r\n      <td>52V 2Ah<\/td>\r\n      <td>60V 2 Ah<\/td>\r\n    <\/tr>\r\n    <tr>\r\n      <td>Doba nab\u00edjen\u00ed<\/td>\r\n      <td>8 - 10 hodin<\/td>\r\n      <td>8 - 10 hodin<\/td>\r\n      <td>10 - 12 hodin<\/td>\r\n    <\/tr>\r\n    <tr>\r\n      <td>Dv\u011b nab\u00edjec\u00ed z\u00e1suvky<\/td>\r\n      <td>Ano<\/td>\r\n      <td>Ano<\/td>\r\n      <td>Ano<\/td>\r\n    <\/tr>\r\n    <tr>\r\n      <td>Doba nab\u00edjen\u00ed se 2 nab\u00edje\u010dkami<\/td>\r\n      <td>4 - 5 hodin<\/td>\r\n      <td>4 - 5 hodin<\/td>\r\n      <td>5 - 6 hodin<\/td>\r\n    <\/tr>\r\n    <tr>\r\n      <td>Ochrana baterie a nab\u00edjen\u00ed\t<\/td>\r\n      <td>Ochrana proti podp\u011bt\u00ed, ochrana proti p\u0159ep\u011bt\u00ed, ochrana proti p\u0159eb\u00edjen\u00ed, ochrana proti nadm\u011brn\u00e9mu vybit\u00ed, ochrana proti p\u0159eh\u0159\u00e1t\u00ed<\/td>\r\n      <td>Ochrana proti podp\u011bt\u00ed, ochrana proti p\u0159ep\u011bt\u00ed, ochrana proti p\u0159eb\u00edjen\u00ed, ochrana proti nadm\u011brn\u00e9mu vybit\u00ed, ochrana proti p\u0159eh\u0159\u00e1t\u00ed<\/td>\r\n      <td>Ochrana proti podp\u011bt\u00ed, ochrana proti p\u0159ep\u011bt\u00ed, ochrana proti p\u0159eb\u00edjen\u00ed, ochrana proti nadm\u011brn\u00e9mu vybit\u00ed, ochrana proti p\u0159eh\u0159\u00e1t\u00ed<\/td>\r\n    <\/tr>\r\n    <tr>\r\n      <td colspan=\"4\" style=\"background-color: #005BFF; color: #E0E0E0; text-align: center;\">SINE WAVE CONTROLLER\r\n    <tr>\r\n      <td>Po\u010det ovlada\u010d\u016f<\/td>\r\n      <td>2x 25 A<\/td>\r\n      <td>2 x 30 A<\/td>\r\n      <td>2x 30 A<\/td>\r\n    <\/tr>\r\n    <tr>\r\n      <td>Typ<\/td>\r\n      <td>\u010ctverec<\/td>\r\n      <td>Sinusov\u00e1 vlna<\/td>\r\n      <td>Sinusov\u00e1 vlna<\/td>\r\n    <\/tr>\r\n    <tr>\r\n      <td>V\u00fdhody sinusov\u00e9ho regul\u00e1toru<\/td>\r\n      <td>\/<\/td>\r\n      <td>- Redukce hluku: D\u00edky n\u00edzk\u00e9mu harmonick\u00e9mu zkreslen\u00ed pracuj\u00ed regul\u00e1tory se sinusov\u00fdm pr\u016fb\u011bhem ti\u0161e, co\u017e zvy\u0161uje z\u00e1\u017eitek z j\u00edzdy.<br><br\/>\r\n- Rychlej\u0161\u00ed zrychlen\u00ed: Poskytuj\u00ed v\u00fdrazn\u00fd rozjezdov\u00fd to\u010div\u00fd moment, kter\u00fd umo\u017e\u0148uje rychlej\u0161\u00ed akceleraci sk\u00fatru.<br><br\/>\r\n- St\u00e1l\u00e1 rychlost: Sinusov\u00e9 regul\u00e1tory udr\u017euj\u00ed konstantn\u00ed rychlost (cestovn\u00ed rychlost) pro plynulej\u0161\u00ed j\u00edzdu.<br><br\/>\r\n- Zv\u00fd\u0161en\u00e1 efektivita: Nab\u00edzej\u00ed vy\u0161\u0161\u00ed \u00fa\u010dinnost motoru p\u0159i stoup\u00e1n\u00ed do kopce a p\u0159i velk\u00e9m zat\u00ed\u017een\u00ed.<br><br\/>\r\n- Vylep\u0161en\u00e9 ovl\u00e1d\u00e1n\u00ed: Sinusov\u00e9 regul\u00e1tory zaji\u0161\u0165uj\u00ed efektivn\u00ed a p\u0159edv\u00eddateln\u00fd provoz sk\u00fatru a sni\u017euj\u00ed riziko poruch.<br><br\/>\r\n- Energetick\u00e1 \u00fa\u010dinnost: Spot\u0159ebov\u00e1vaj\u00ed elekt\u0159inu efektivn\u011bji, \u010d\u00edm\u017e prodlu\u017euj\u00ed dojezd sk\u00fatru a \u017eivotnost baterie.<\/td>\r\n      <td>- Redukce hluku: D\u00edky n\u00edzk\u00e9mu harmonick\u00e9mu zkreslen\u00ed pracuj\u00ed regul\u00e1tory se sinusov\u00fdm pr\u016fb\u011bhem ti\u0161e, co\u017e zvy\u0161uje z\u00e1\u017eitek z j\u00edzdy.<br><br\/>\r\n- Rychlej\u0161\u00ed zrychlen\u00ed: Poskytuj\u00ed v\u00fdrazn\u00fd rozjezdov\u00fd to\u010div\u00fd moment, kter\u00fd umo\u017e\u0148uje rychlej\u0161\u00ed akceleraci sk\u00fatru.<br><br\/>\r\n- St\u00e1l\u00e1 rychlost: Sinusov\u00e9 regul\u00e1tory udr\u017euj\u00ed konstantn\u00ed rychlost (cestovn\u00ed rychlost) pro plynulej\u0161\u00ed j\u00edzdu.<br><br\/>\r\n- Zv\u00fd\u0161en\u00e1 efektivita: Nab\u00edzej\u00ed vy\u0161\u0161\u00ed \u00fa\u010dinnost motoru p\u0159i stoup\u00e1n\u00ed do kopce a p\u0159i velk\u00e9m zat\u00ed\u017een\u00ed.<br><br\/>\r\n- Vylep\u0161en\u00e9 ovl\u00e1d\u00e1n\u00ed: Sinusov\u00e9 regul\u00e1tory zaji\u0161\u0165uj\u00ed efektivn\u00ed a p\u0159edv\u00eddateln\u00fd provoz sk\u00fatru a sni\u017euj\u00ed riziko poruch.<br><br\/>\r\n- Energetick\u00e1 \u00fa\u010dinnost: Spot\u0159ebov\u00e1vaj\u00ed elekt\u0159inu efektivn\u011bji, \u010d\u00edm\u017e prodlu\u017euj\u00ed dojezd sk\u00fatru a \u017eivotnost baterie.<\/td>\r\n    <\/tr>\r\n    <tr>\r\n      <td colspan=\"4\" style=\"background-color: #005BFF; color: #E0E0E0; text-align: center;\">BODY<\/td>\r\n    <\/tr>\r\n    <tr>\r\n      <td>Hmotnostn\u00ed kapacita<\/td>\r\n      <td>130 kg<\/td>\r\n      <td>130 kg<\/td>\r\n      <td>130 kg<\/td>\r\n    <\/tr>\r\n    <tr>\r\n      <td>Materi\u00e1l<\/td>\r\n      <td>Slitina hlin\u00edku, 6061<\/td>\r\n      <td>Slitina hlin\u00edku, 6061<\/td>\r\n      <td>Slitina hlin\u00edku, 6061<\/td>\r\n    <\/tr>\r\n    <tr>\r\n      <td>Odolnost proti prachu a vod\u011b<\/td>\r\n      <td>IPx4<\/td>\r\n      <td>IPx4<\/td>\r\n      <td>IPx4<\/td>\r\n    <\/tr>\r\n    <tr>\r\n      <td>Barva<\/td>\r\n      <td>\u010cern\u00e1 \/ \u0161ed\u00e1<\/td>\r\n      <td>\u010cern\u00e1 \/ \u0161ed\u00e1<\/td>\r\n      <td>\u010cern\u00e1 \/ \u0161ed\u00e1<\/td>\r\n    <\/tr>\r\n    <tr>\r\n      <td>Reflexn\u00ed prvky<\/td>\r\n      <td>Ano, reflexn\u00ed n\u00e1lepka ELEKTRON<\/td>\r\n      <td>Ano, reflexn\u00ed n\u00e1lepka ELEKTRON<\/td>\r\n      <td>Ano, reflexn\u00ed n\u00e1lepka ELEKTRON<\/td>\r\n    <\/tr>\r\n    <tr>\r\n      <td>Skl\u00e1dac\u00ed<\/td>\r\n      <td>Ano<\/td>\r\n      <td>Ano<\/td>\r\n      <td>Ano<\/td>\r\n    <\/tr>\r\n    <tr>\r\n      <td>Rychloup\u00ednac\u00ed bezpe\u010dnostn\u00ed mechanismus<\/td>\r\n      <td>Ano<\/td>\r\n      <td>Ano<\/td>\r\n      <td>Ano<\/td>\r\n    <\/tr>\r\n    <tr>\r\n      <td>D\u00e9lka, \u0161\u00ed\u0159ka, v\u00fd\u0161ka (D*\u0160*V)<\/td>\r\n      <td>123 x 69 x 123 cm<\/td>\r\n      <td>123 x 69 x 123 cm<\/td>\r\n      <td>132 x 69 x 131 cm<\/td>\r\n    <\/tr>\r\n    <tr>\r\n      <td>D\u00e9lka, \u0161\u00ed\u0159ka, v\u00fd\u0161ka (ve slo\u017een\u00e9m stavu)<\/td>\r\n      <td>123 x 69 x 55 cm<\/td>\r\n      <td>123 x 69 x 55 cm<\/td>\r\n      <td>132 x 69 x 54 cm<\/td>\r\n    <\/tr>\r\n    <tr>\r\n      <td>Sv\u011btl\u00e1 v\u00fd\u0161ka<\/td>\r\n      <td>17,5 cm<\/td>\r\n      <td>17,5 cm<\/td>\r\n      <td>17 cm<\/td>\r\n    <\/tr>\r\n    <tr>\r\n      <td>Hmotnost<\/td>\r\n      <td>30,31 kg<\/td>\r\n      <td>30,31 kg<\/td>\r\n      <td>34,16 kg<\/td>\r\n    <\/tr>\r\n    <tr>\r\n      <td>Typ \u0159\u00edd\u00edtek<\/td>\r\n      <td>Zes\u00edlen\u00e1 \u0159\u00edd\u00edtka ve tvaru T<\/td>\r\n      <td>Zes\u00edlen\u00e1 \u0159\u00edd\u00edtka ve tvaru T<\/td>\r\n      <td>Zes\u00edlen\u00e1 \u0159\u00edd\u00edtka ve tvaru T<\/td>\r\n    <\/tr>\r\n    <tr>\r\n      <td>Typ gumov\u00fdch \u0159\u00edd\u00edtek<\/td>\r\n      <td>Ergonomicky navr\u017een\u00e1 oboustrann\u011b uzamykateln\u00e1 \u0159\u00edd\u00edtka z m\u011bkk\u00e9 pry\u017ee<\/td>\r\n      <td>Ergonomicky navr\u017een\u00e1 oboustrann\u011b uzamykateln\u00e1 \u0159\u00edd\u00edtka z m\u011bkk\u00e9 pry\u017ee<\/td>\r\n      <td>Ergonomicky navr\u017een\u00e1 oboustrann\u011b uzamykateln\u00e1 \u0159\u00edd\u00edtka z m\u011bkk\u00e9 pry\u017ee<\/td>\r\n    <\/tr>\r\n    <tr>\r\n      <td>Stoj\u00edc\u00ed plocha<\/td>\r\n      <td>Protiskluzov\u00fd povrch ze silikagelu<\/td>\r\n      <td>Protiskluzov\u00fd povrch ze silikagelu<\/td>\r\n      <td>Protiskluzov\u00fd povrch ze silikagelu<\/td>\r\n    <\/tr>\r\n    <tr>\r\n      <td>Rozm\u011br balen\u00ed (D*\u0160*V)<\/td>\r\n      <td>128,5 x 26 x 63 cm<\/td>\r\n      <td>128,5 x 26 x 63 cm<\/td>\r\n      <td>134 x 26 x 64 cm<\/td>\r\n    <\/tr>\r\n    <tr>\r\n      <td>Hmotnost balen\u00ed<\/td>\r\n      <td>36,06 kg<\/td>\r\n      <td>36,06 kg<\/td>\r\n      <td>39,64 kg<\/td>\r\n    <\/tr>\r\n    <tr>\r\n      <td colspan=\"4\" style=\"background-color: #005BFF; color: #E0E0E0; text-align: center;\">PNEUMATIKY<\/td>\r\n    <\/tr>\r\n    <tr>\r\n      <td>Velikost<\/td>\r\n      <td>10*3,0 palce (80\/65-6, 255\u00d780)<\/td>\r\n      <td>10*3,0 palce (80\/65-6, 255\u00d780)<\/td>\r\n      <td>10*3,0 palce (80\/65-6, 255\u00d780)<\/td>\r\n    <\/tr>\r\n    <tr>\r\n      <td>Typ<\/td>\r\n      <td>Nafukovac\u00ed bezdu\u0161ov\u00e9 pneumatiky<\/td>\r\n      <td>Nafukovac\u00ed bezdu\u0161ov\u00e9 pneumatiky<\/td>\r\n      <td>Nafukovac\u00ed bezdu\u0161ov\u00e9 pneumatiky<\/td>\r\n    <\/tr>\r\n    <tr>\r\n      <td>Tread<\/td>\r\n      <td>Silnice<\/td>\r\n      <td>Silnice<\/td>\r\n      <td>Hybridn\u00ed, pro silni\u010dn\u00ed i ter\u00e9nn\u00ed pou\u017eit\u00ed<\/td>\r\n    <\/tr>\r\n    <tr>\r\n      <td>Zna\u010dka<\/td>\r\n      <td>CST<\/td>\r\n      <td>CST<\/td>\r\n      <td>Wanda<\/td>\r\n    <\/tr>\r\n    <tr>\r\n      <td colspan=\"4\" style=\"background-color: #005BFF; color: #E0E0E0; text-align: center;\">BRZDY<\/td>\r\n    <\/tr>\r\n    <tr>\r\n      <td>Typ<\/td>\r\n      <td>Kotou\u010dov\u00e9 brzdy vp\u0159edu i vzadu (mechanick\u00e9)<\/td>\r\n      <td>Kotou\u010dov\u00e9 brzdy vp\u0159edu i vzadu (hydraulick\u00e9)<\/td>\r\n      <td>Kotou\u010dov\u00e9 brzdy vp\u0159edu i vzadu (hydraulick\u00e9)<\/td>\r\n    <\/tr>\r\n    <tr>\r\n      <td>Pr\u016fm\u011br disku<\/td>\r\n      <td>140 mm<\/td>\r\n      <td>140 mm<\/td>\r\n      <td>160 mm<\/td>\r\n    <\/tr>\r\n    <tr>\r\n      <td>Zna\u010dka<\/td>\r\n      <td>JAK<\/td>\r\n      <td>NUTT<\/td>\r\n      <td>NUTT<\/td>\r\n    <\/tr>\r\n    <tr>\r\n      <td>P\u0159\u00eddavn\u00e1 elektronick\u00e1 brzda<\/td>\r\n      <td>Ano, v\u00fdkonn\u00e1 elektronick\u00e1 brzda, kter\u00e1 p\u0159isp\u00edv\u00e1 k bezpe\u010dnosti a m\u016f\u017ee v\u00fdrazn\u011b prodlou\u017eit \u017eivotnost brzdov\u00fdch desti\u010dek.<\/td>\r\n      <td>Ano, v\u00fdkonn\u00e1 elektronick\u00e1 brzda, kter\u00e1 p\u0159isp\u00edv\u00e1 k bezpe\u010dnosti a m\u016f\u017ee v\u00fdrazn\u011b prodlou\u017eit \u017eivotnost brzdov\u00fdch desti\u010dek.<\/td>\r\n      <td>Ano, v\u00fdkonn\u00e1 elektronick\u00e1 brzda, kter\u00e1 p\u0159isp\u00edv\u00e1 k bezpe\u010dnosti a m\u016f\u017ee v\u00fdrazn\u011b prodlou\u017eit \u017eivotnost brzdov\u00fdch desti\u010dek.<\/td>\r\n    <\/tr>\r\n    <tr>\r\n      <td>eABS<\/td>\r\n      <td>Ano<\/td>\r\n      <td>Ano<\/td>\r\n      <td>Ano<\/td>\r\n    <\/tr>\r\n    <tr>\r\n      <td colspan=\"4\" style=\"background-color: #005BFF; color: #E0E0E0; text-align: center;\">SUSPENSION<\/td>\r\n    <\/tr>\r\n    <tr>\r\n      <td>Typ<\/td>\r\n      <td>Hydraulick\u00e9 odpru\u017een\u00ed vp\u0159edu i vzadu<\/td>\r\n      <td>Hydraulick\u00e9 odpru\u017een\u00ed vp\u0159edu i vzadu<\/td>\r\n      <td>Hydraulick\u00e9 odpru\u017een\u00ed vp\u0159edu i vzadu<\/td>\r\n    <\/tr>\r\n    <tr>\r\n      <td>Nastaviteln\u00e9<\/td>\r\n      <td>Ano (n\u00e1stroj je sou\u010d\u00e1st\u00ed dod\u00e1vky)<\/td>\r\n      <td>Ano (n\u00e1stroj je sou\u010d\u00e1st\u00ed dod\u00e1vky)<\/td>\r\n      <td>Ano (n\u00e1stroj je sou\u010d\u00e1st\u00ed dod\u00e1vky)<\/td>\r\n    <\/tr>\r\n    <tr>\r\n      <td>Zkou\u0161ka zav\u011b\u0161en\u00ed<\/td>\r\n      <td>200 000 stla\u010den\u00ed<\/td>\r\n      <td>200 000 stla\u010den\u00ed<\/td>\r\n      <td>200 000 stla\u010den\u00ed<\/td>\r\n    <\/tr>\r\n    <tr>\r\n      <td colspan=\"4\" style=\"background-color: #005BFF; color: #E0E0E0; text-align: center;\">Zobrazit<\/td>\r\n    <\/tr>\r\n    <tr>\r\n      <td>Typ<\/td>\r\n      <td>LCD displej se zrychlovac\u00edm plynem a z\u00e1mkem NFC<\/td>\r\n      <td>Barevn\u00e1 maticov\u00e1 obrazovka PRO TFT<\/td>\r\n      <td>Barevn\u00e1 maticov\u00e1 obrazovka PRO TFT<\/td>\r\n    <\/tr>\r\n    <tr>\r\n      <td>Tempomat<\/td>\r\n      <td>Ano<\/td>\r\n      <td>Ano<\/td>\r\n      <td>Ano<\/td>\r\n    <\/tr>\r\n    <tr>\r\n      <td>Velikost<\/td>\r\n      <td>12,5 x 6,1 x 2,8 cm<\/td>\r\n      <td>\t3,5 palce<\/td>\r\n      <td>\t3,5 palce<\/td>\r\n    <\/tr>\r\n    <tr>\r\n      <td>Barevn\u00fd displej LCD<\/td>\r\n      <td>Ne<\/td>\r\n      <td>Ano<\/td>\r\n      <td>Ano<\/td>\r\n    <\/tr>\r\n    <tr>\r\n      <td>Pozice<\/td>\r\n      <td>Prav\u00e1 strana<\/td>\r\n      <td>Centr\u00e1ln\u00ed<\/td>\r\n      <td>Centr\u00e1ln\u00ed<\/td>\r\n    <\/tr>\r\n    <tr>\r\n      <td>Zrychlen\u00ed<\/td>\r\n      <td>Prstov\u00e1 p\u00e1ka (ukazov\u00e1\u010dek)<\/td>\r\n      <td>Prstov\u00e1 p\u00e1ka (palec)<\/td>\r\n      <td>Prstov\u00e1 p\u00e1ka (palec)<\/td>\r\n    <\/tr>\r\n    <tr>\r\n      <td>Zobrazen\u00ed dat<\/td>\r\n      <td>Rychlost, ukazatel stavu baterie, rychlostn\u00ed stupe\u0148 (1, 2, 3), ukazatel sv\u011btel, \u010das, p\u0159edstihov\u00fd ukazatel.<\/td>\r\n      <td>Rychlost (tak\u00e9 maxim\u00e1ln\u00ed a pr\u016fm\u011brn\u00e1 rychlost), po\u010det ujet\u00fdch kilometr\u016f (ODO, TRIP), p\u0159evodov\u00fd stupe\u0148, indik\u00e1tor baterie, nap\u011bt\u00ed, proud, v\u00fdkon v re\u00e1ln\u00e9m \u010dase, indik\u00e1tor sv\u011btel, jednoduch\u00fd\/du\u00e1ln\u00ed motor, hodiny (tak\u00e9 \u010das j\u00edzdy), teplota regul\u00e1toru, teplota prost\u0159ed\u00ed.<\/td>\r\n      <td>Rychlost (tak\u00e9 maxim\u00e1ln\u00ed a pr\u016fm\u011brn\u00e1 rychlost), po\u010det ujet\u00fdch kilometr\u016f (ODO, TRIP), p\u0159evodov\u00fd stupe\u0148, indik\u00e1tor baterie, nap\u011bt\u00ed, proud, v\u00fdkon v re\u00e1ln\u00e9m \u010dase, indik\u00e1tor sv\u011btel, jednoduch\u00fd\/du\u00e1ln\u00ed motor, hodiny (tak\u00e9 \u010das j\u00edzdy), teplota regul\u00e1toru, teplota prost\u0159ed\u00ed.<\/td>\r\n    <\/tr>\r\n    <tr>\r\n      <td>Jednotky<\/td>\r\n      <td>Metrick\u00e9 \/ imperi\u00e1ln\u00ed<\/td>\r\n      <td>Metrick\u00e9 \/ imperi\u00e1ln\u00ed<\/td>\r\n      <td>Metrick\u00e9 \/ imperi\u00e1ln\u00ed<\/td>\r\n    <\/tr>\r\n    <tr>\r\n      <td>J\u00edzdn\u00ed re\u017eimy<\/td>\r\n      <td>Jednomotorov\u00fd\/du\u00e1ln\u00ed motor a Turbo\/Eco (Eco omezuje maxim\u00e1ln\u00ed rychlost na 20 km\/h)<\/td>\r\n      <td>Jednoduch\u00fd \/ dvojit\u00fd motor<\/td>\r\n      <td>Jednoduch\u00fd \/ dvojit\u00fd motor<\/td>\r\n    <\/tr>\r\n    <tr>\r\n      <td>Omezen\u00ed rychlosti<\/td>\r\n      <td>Nastaviteln\u00e9 v %, 5 - 100 %<\/td>\r\n      <td>Nastaviteln\u00e9 v %, 1 - 100 %<\/td>\r\n      <td>Nastaviteln\u00e9 v %, 1 - 100 %<\/td>\r\n    <\/tr>\r\n    <tr>\r\n      <td>Indik\u00e1tor baterie<\/td>\r\n      <td>Grafick\u00fd indik\u00e1tor a nap\u011bt\u00ed (V)<\/td>\r\n      <td>Procenta (%) a nap\u011bt\u00ed (V)<\/td>\r\n      <td>Procenta (%) a nap\u011bt\u00ed (V)<\/td>\r\n    <\/tr>\r\n    <tr>\r\n      <td>Jas<\/td>\r\n      <td>Nelze nastavit<\/td>\r\n      <td>Nastaviteln\u00e9 1-5<\/td>\r\n      <td>Nastaviteln\u00e9 1-5<\/td>\r\n    <\/tr>\r\n    <tr>\r\n      <td>Zah\u00e1jen\u00ed provozu<\/td>\r\n      <td>Ano<\/td>\r\n      <td>Ano<\/td>\r\n      <td>Ano<\/td>\r\n    <\/tr>\r\n    <tr>\r\n      <td>Port USB<\/td>\r\n      <td>Ne<\/td>\r\n      <td>Ano<\/td>\r\n      <td>Ano <\/td>\r\n    <\/tr>\r\n    <tr>\r\n      <td>Automatick\u00e9 vypnut\u00ed<\/td>\r\n      <td>Ne<\/td>\r\n      <td>Nastaviteln\u00e9 v rozmez\u00ed 0 - 10 min<\/td>\r\n      <td>Nastaviteln\u00e9 v rozmez\u00ed 0 - 10 min<\/td>\r\n    <\/tr>\r\n    <tr>\r\n      <td colspan=\"4\" style=\"background-color: #005BFF; color: #E0E0E0; text-align: center;\">OSV\u011aTLEN\u00cd<\/td>\r\n    <\/tr>\r\n    <tr>\r\n      <td>Sv\u011btla<\/td>\r\n      <td>P\u0159edn\u00ed sv\u011btlo s integrovanou houka\u010dkou, zadn\u00ed, brzdov\u00e9, bo\u010dn\u00ed sv\u011btlo<\/td>\r\n      <td>P\u0159edn\u00ed sv\u011btlo s integrovanou houka\u010dkou, zadn\u00ed, brzdov\u00e9, bo\u010dn\u00ed sv\u011btlo<\/td>\r\n      <td>P\u0159edn\u00ed sv\u011btlo s integrovanou houka\u010dkou, zadn\u00ed, brzdov\u00e9, bo\u010dn\u00ed sv\u011btlo<\/td>\r\n    <\/tr>\r\n    <tr>\r\n      <td>Sm\u011brov\u00e1 sv\u011btla<\/td>\r\n      <td>Ano, zadn\u00ed<\/td>\r\n      <td>Ano, zadn\u00ed<\/td>\r\n      <td>Ano, zadn\u00ed<\/td>\r\n    <\/tr>\r\n    <tr>\r\n      <td>Indicators<\/td>\r\n      <td>Ano, zadn\u00ed<\/td>\r\n      <td>Ano, zadn\u00ed<\/td>\r\n      <td>Ano, zadn\u00ed<\/td>\r\n    <\/tr>\r\n    <tr>\r\n      <td>Ambientn\u00ed sv\u011btla<\/td>\r\n      <td>Ano, na stran\u011b paluby<\/td>\r\n      <td>Ano, na stran\u011b paluby<\/td>\r\n      <td>Ano, na stran\u011b paluby<\/td>\r\n    <\/tr>\r\n    <tr>\r\n      <td>Typ okoln\u00edch sv\u011btel<\/td>\r\n      <td>RGB<\/td>\r\n      <td>RGB<\/td>\r\n      <td>RGB<\/td>\r\n    <\/tr>\r\n    <tr>\r\n      <td>Ovl\u00e1d\u00e1n\u00ed okoln\u00edch sv\u011btel<\/td>\r\n      <td>Mobiln\u00ed aplikace, Android a iOS<\/td>\r\n      <td>Mobiln\u00ed aplikace, Android a iOS<\/td>\r\n      <td>Mobiln\u00ed aplikace, Android a iOS<\/td>\r\n    <\/tr>\r\n    <tr>\r\n      <td colspan=\"4\" style=\"background-color: #005BFF; color: #E0E0E0; text-align: center;\">DAL\u0160\u00cd FUNKCE<\/td>\r\n    <\/tr>\r\n    <tr>\r\n      <td>Funkce proti kr\u00e1de\u017ei<\/td>\r\n      <td>Ano, z\u00e1mek NFC<\/td>\r\n      <td>Ano, z\u00e1mek NFC a k\u00f3d PIN<\/td>\r\n      <td>Ano, z\u00e1mek NFC a k\u00f3d PIN<\/td>\r\n    <\/tr>\r\n    <tr>\r\n      <td>Po\u010det tla\u010d\u00edtek NFC<\/td>\r\n      <td>3 (1 hlavn\u00ed kl\u00ed\u010d)<\/td>\r\n      <td>3 (1 hlavn\u00ed kl\u00ed\u010d)<\/td>\r\n      <td>3 (1 hlavn\u00ed kl\u00ed\u010d)<\/td>\r\n    <\/tr>\r\n    <tr>\r\n      <td>Illuminated swtiches indicator<\/td>\r\n      <td>Turbo\/eco, Zapnut\u00ed\/vypnut\u00ed sv\u011btel, Sm\u011brovka vlevo\/vpravo<\/td>\r\n      <td>Zapnut\u00ed\/vypnut\u00ed sv\u011btel, sm\u011brovka vlevo\/vpravo<\/td>\r\n      <td>Zapnut\u00ed\/vypnut\u00ed sv\u011btel, sm\u011brovka vlevo\/vpravo<\/td>\r\n    <\/tr>\r\n    <tr>\r\n      <td>Horn<\/td>\r\n      <td>Ano<\/td>\r\n      <td>Ano<\/td>\r\n      <td>Ano<\/td>\r\n    <\/tr>\r\n    <tr>\r\n      <td>Stojan na kopa\u010dky<\/td>\r\n      <td>Odoln\u00fd kov a d\u00e9lka 170 mm<\/td>\r\n      <td>Odoln\u00fd kov a d\u00e9lka 170 mm<\/td>\r\n      <td>Odoln\u00fd kov a d\u00e9lka 170 mm<\/td>\r\n    <\/tr>\r\n    <tr>\r\n      <td>Blatn\u00edky<\/td>\r\n      <td>Ano<\/td>\r\n      <td>Ano<\/td>\r\n      <td>Ano<\/td>\r\n    <\/tr>\r\n    <tr>\r\n      <td>Mo\u017enost sedadla<\/td>\r\n      <td>Ano<\/td>\r\n      <td>Ano<\/td>\r\n      <td>Ano<\/td>\r\n    <\/tr>\r\n    <tr>\r\n      <td>Mobiln\u00ed aplikace pro blesky RGB<\/td>\r\n      <td>Ano<\/td>\r\n      <td>Ano<\/td>\r\n      <td>Ano<\/td>\r\n    <\/tr>\r\n    <tr>\r\n      <td>Kabely skryt\u00e9 v r\u00e1mu<\/td>\r\n      <td>Ano<\/td>\r\n      <td>Ano<\/td>\r\n      <td>Ano<\/td>\r\n    <\/tr>\r\n    <tr>\r\n      <td>Krytky nab\u00edjec\u00edch z\u00e1suvek<\/td>\r\n      <td>Vyrobeno z pry\u017ee na ochranu proti zkratu<\/td>\r\n      <td>Vyrobeno z pry\u017ee na ochranu proti zkratu<\/td>\r\n      <td>Vyrobeno z pry\u017ee na ochranu proti zkratu<\/td>\r\n    <\/tr>\r\n    <tr>\r\n      <td>Certifik\u00e1ty<\/td>\r\n      <td>Ce, RoHS<\/td>\r\n      <td>Ce, RoHS<\/td>\r\n      <td>Ce, RoHS<\/td>\r\n    <\/tr>\r\n    <tr>\r\n      <td>Jedine\u010dn\u00e9 s\u00e9riov\u00e9 \u010d\u00edslo<\/td>\r\n      <td>Ano<\/td>\r\n      <td>Ano<\/td>\r\n      <td>Ano<\/td>\r\n    <\/tr>\r\n    <tr>\r\n      <td>Z\u00e1ruka<\/td>\r\n      <td>1 rok (+ 1 rok voliteln\u011b)<\/td>\r\n      <td>1 rok (+ 1 rok voliteln\u011b)<\/td>\r\n      <td>1 rok (+ 1 rok voliteln\u011b)<\/td>\r\n    <\/tr>\r\n    <tr>\r\n      <td>Bal\u00ed\u010dek obsahuje<\/td>\r\n      <td>Kolob\u011b\u017eka, nab\u00edje\u010dka, u\u017eivatelsk\u00e1 p\u0159\u00edru\u010dka, n\u00e1hradn\u00ed chr\u00e1ni\u010de motoru, n\u00e1stroj pro nastaven\u00ed odpru\u017een\u00ed<\/td>\r\n      <td>Kolob\u011b\u017eka, nab\u00edje\u010dka, u\u017eivatelsk\u00e1 p\u0159\u00edru\u010dka, n\u00e1hradn\u00ed chr\u00e1ni\u010de motoru, n\u00e1stroj pro nastaven\u00ed odpru\u017een\u00ed<\/td>\r\n      <td>Kolob\u011b\u017eka, nab\u00edje\u010dka, u\u017eivatelsk\u00e1 p\u0159\u00edru\u010dka, n\u00e1hradn\u00ed chr\u00e1ni\u010de motoru, n\u00e1stroj pro nastaven\u00ed odpru\u017een\u00ed<\/td>\r\n    <\/tr>\r\n  <\/tbody>\r\n<\/table>\r\n\t\t<\/div>\n\t\t\t\t<\/div>\n\t\t\t\t<\/div>\n\t\t\t\t<\/div>\n\t\t\t\t<\/div>","protected":false},"excerpt":{"rendered":"<p>Elektron Kinetik Elektron Kinetik PRO Elektron Kinetik GTR MOTOR Top speed 60 km\/h (limited to 25 km\/h) 60 km\/h (limited to 25 km\/h) 75 km\/h (limited to 25 km\/h) Motor power (rated) 2000 W, 2x 1000 W 2000 W, 2x 1000 W 2800 W, 2x 1400 W Maximum Motor Power (peak) 3600 W, 2x 1800 [&hellip;]<\/p>","protected":false},"author":1,"featured_media":0,"parent":0,"menu_order":0,"comment_status":"closed","ping_status":"closed","template":"elementor_header_footer","meta":{"footnotes":""},"_links":{"self":[{"href":"https:\/\/elektronscooters.com\/cs\/wp-json\/wp\/v2\/pages\/492"}],"collection":[{"href":"https:\/\/elektronscooters.com\/cs\/wp-json\/wp\/v2\/pages"}],"about":[{"href":"https:\/\/elektronscooters.com\/cs\/wp-json\/wp\/v2\/types\/page"}],"author":[{"embeddable":true,"href":"https:\/\/elektronscooters.com\/cs\/wp-json\/wp\/v2\/users\/1"}],"replies":[{"embeddable":true,"href":"https:\/\/elektronscooters.com\/cs\/wp-json\/wp\/v2\/comments?post=492"}],"version-history":[{"count":4,"href":"https:\/\/elektronscooters.com\/cs\/wp-json\/wp\/v2\/pages\/492\/revisions"}],"predecessor-version":[{"id":496,"href":"https:\/\/elektronscooters.com\/cs\/wp-json\/wp\/v2\/pages\/492\/revisions\/496"}],"wp:attachment":[{"href":"https:\/\/elektronscooters.com\/cs\/wp-json\/wp\/v2\/media?parent=492"}],"curies":[{"name":"wp","href":"https:\/\/api.w.org\/{rel}","templated":true}]}}